{"id":347,"date":"2023-10-03T15:18:00","date_gmt":"2023-10-03T12:18:00","guid":{"rendered":"https:\/\/ebikespareparts.fi\/?post_type=product&#038;p=347"},"modified":"2026-04-20T03:00:13","modified_gmt":"2026-04-20T00:00:13","slug":"sprag-kytkimen-laakerirasva-brose-moottoreille-osa-no-plb20150","status":"publish","type":"product","link":"https:\/\/ebikespareparts.fi\/sv\/produkt\/sprag-kytkimen-laakerirasva-brose-moottoreille-osa-no-plb20150\/","title":{"rendered":"PLB20150 Sprag kopplingslagersfett f\u00f6r Brose-motorer."},"content":{"rendered":"<h4>K\u00f6p denna artikel varje g\u00e5ng du byter delar NR: PLB 20127 ELLER PLB20126 KOPPLINGSLAGER<\/h4>\n<p>Varje Brose-motor anv\u00e4nder 2 st sprag-kopplingslager. Sprag-kopplingslager till\u00e5ter axeln att rotera i en riktning men inte i den andra. Dessa lager kr\u00e4ver sm\u00f6rjning f\u00f6r att fungera tillf\u00f6rlitligt, men de f\u00f6rlitar sig ocks\u00e5 p\u00e5 friktion n\u00e4r det beh\u00f6vs f\u00f6r att stoppa rotationen. Kom ih\u00e5g att installera lagret i r\u00e4tt riktning (kontrollera innan du tar bort det gamla lagret).<\/p>\n<p>Specialfett M\u00c5STE anv\u00e4ndas. Om fetter med h\u00f6gt tryck eller l\u00e5g friktion, s\u00e5som vanligt lagerfett, teflon- eller kerambaserade fetter, etc., kommer kopplingens lagerytor att glida under extrem belastning, vilket orsakar ett h\u00f6gt slitage. Detta kan ocks\u00e5 g\u00f6ra att lagret glider och greppar v\u00e5ldsamt, vilket orsakar f\u00f6r tidigt fel<\/p>\n<p>Detta \u00e4r ett avsiktligt litet m\u00e4ngd med lagerfett, men \u00e4nd\u00e5 mer \u00e4n tillr\u00e4ckligt f\u00f6r b\u00e5da lagren. Detta fett b\u00f6r appliceras som en tunn film p\u00e5 utsidan av lagret, och f\u00f6r att sm\u00f6rja den inre lageromkretsen b\u00f6r en tunn film av fett (ca 1 mm tjock) appliceras p\u00e5 axeln p\u00e5 vilken lagret \u00e4r installerat.<\/p>","protected":false},"excerpt":{"rendered":"<p>Osta t\u00e4m\u00e4 tuote aina kun vaihdat osat NO: PLB 20127 TAI PLB20126 KYTKINLAAKERIT Jokaisessa Brose-moottorissa k\u00e4ytet\u00e4\u00e4n 2 sprag-kytkimen laakeria. Sprag-kytkimen laakerit mahdollistavat akselin py\u00f6rimisen yhteen suuntaan, mutta eiv\u00e4t toiseen. N\u00e4m\u00e4 laakerit vaativat voitelun toimiakseen luotettavasti, mutta ne ovat my\u00f6s riippuvaisia \u200b\u200bkitkasta, kun niit\u00e4 tarvitaan pys\u00e4ytt\u00e4m\u00e4\u00e4n py\u00f6riminen. Muista asentaa laakeri oikein p\u00e4in (tarkista ennen vanhan laakerin <a href=\"https:\/\/ebikespareparts.fi\/sv\/produkt\/sprag-kytkimen-laakerirasva-brose-moottoreille-osa-no-plb20150\/\" class=\"more-link\">\u2026 <span class=\"screen-reader-text\">  PLB20150 Sprag kopplingslagersfett f\u00f6r Brose-motorer.<\/span><\/a><\/p>","protected":false},"featured_media":47531,"comment_status":"open","ping_status":"closed","template":"","meta":{"_acf_changed":false},"product_brand":[],"product_cat":[37],"product_tag":[],"class_list":{"0":"post-347","1":"product","2":"type-product","3":"status-publish","4":"has-post-thumbnail","6":"product_cat-brose-laakerit","8":"first","9":"outofstock","10":"taxable","11":"shipping-taxable","12":"purchasable","13":"product-type-simple"},"acf":[],"yoast_head":"<!-- This site is optimized with the Yoast SEO plugin v27.5 - https:\/\/yoast.com\/product\/yoast-seo-wordpress\/ -->\n<title>PLB20150 Sprag-kytkimen laakerirasva Brose-moottoreille. - Ebikespareparts.fi<\/title>\n<meta name=\"robots\" content=\"index, follow, max-snippet:-1, max-image-preview:large, max-video-preview:-1\" \/>\n<link rel=\"canonical\" href=\"https:\/\/ebikespareparts.fi\/sv\/produkt\/sprag-kytkimen-laakerirasva-brose-moottoreille-osa-no-plb20150\/\" \/>\n<meta property=\"og:locale\" content=\"sv_SE\" \/>\n<meta property=\"og:type\" content=\"article\" \/>\n<meta property=\"og:title\" content=\"PLB20150 Sprag-kytkimen laakerirasva Brose-moottoreille. - Ebikespareparts.fi\" \/>\n<meta property=\"og:description\" content=\"Osta t\u00e4m\u00e4 tuote aina kun vaihdat osat NO: PLB 20127 TAI PLB20126 KYTKINLAAKERIT Jokaisessa Brose-moottorissa k\u00e4ytet\u00e4\u00e4n 2 sprag-kytkimen laakeria. Sprag-kytkimen laakerit mahdollistavat akselin py\u00f6rimisen yhteen suuntaan, mutta eiv\u00e4t toiseen. N\u00e4m\u00e4 laakerit vaativat voitelun toimiakseen luotettavasti, mutta ne ovat my\u00f6s riippuvaisia \u200b\u200bkitkasta, kun niit\u00e4 tarvitaan pys\u00e4ytt\u00e4m\u00e4\u00e4n py\u00f6riminen. Muista asentaa laakeri oikein p\u00e4in (tarkista ennen vanhan laakerin \u2026  PLB20150 Sprag-kytkimen laakerirasva Brose-moottoreille.\" \/>\n<meta property=\"og:url\" content=\"https:\/\/ebikespareparts.fi\/sv\/produkt\/sprag-kytkimen-laakerirasva-brose-moottoreille-osa-no-plb20150\/\" \/>\n<meta property=\"og:site_name\" content=\"Ebikespareparts.fi\" \/>\n<meta property=\"article:publisher\" content=\"https:\/\/www.facebook.com\/smhj.fi\" \/>\n<meta property=\"article:modified_time\" content=\"2026-04-20T00:00:13+00:00\" \/>\n<meta property=\"og:image\" content=\"https:\/\/ebikespareparts.fi\/wp-content\/uploads\/2023\/10\/plb20150.jpg\" \/>\n\t<meta property=\"og:image:width\" content=\"1590\" \/>\n\t<meta property=\"og:image:height\" content=\"1509\" \/>\n\t<meta property=\"og:image:type\" content=\"image\/jpeg\" \/>\n<meta name=\"twitter:card\" content=\"summary_large_image\" \/>\n<meta name=\"twitter:label1\" content=\"Ber\u00e4knad l\u00e4stid\" \/>\n\t<meta name=\"twitter:data1\" content=\"2 minuter\" \/>\n<script type=\"application\/ld+json\" class=\"yoast-schema-graph\">{\"@context\":\"https:\\\/\\\/schema.org\",\"@graph\":[{\"@type\":\"WebPage\",\"@id\":\"https:\\\/\\\/ebikespareparts.fi\\\/tuote\\\/sprag-kytkimen-laakerirasva-brose-moottoreille-osa-no-plb20150\\\/\",\"url\":\"https:\\\/\\\/ebikespareparts.fi\\\/tuote\\\/sprag-kytkimen-laakerirasva-brose-moottoreille-osa-no-plb20150\\\/\",\"name\":\"PLB20150 Sprag-kytkimen laakerirasva Brose-moottoreille. - Ebikespareparts.fi\",\"isPartOf\":{\"@id\":\"https:\\\/\\\/ebikespareparts.fi\\\/#website\"},\"primaryImageOfPage\":{\"@id\":\"https:\\\/\\\/ebikespareparts.fi\\\/tuote\\\/sprag-kytkimen-laakerirasva-brose-moottoreille-osa-no-plb20150\\\/#primaryimage\"},\"image\":{\"@id\":\"https:\\\/\\\/ebikespareparts.fi\\\/tuote\\\/sprag-kytkimen-laakerirasva-brose-moottoreille-osa-no-plb20150\\\/#primaryimage\"},\"thumbnailUrl\":\"https:\\\/\\\/ebikespareparts.fi\\\/wp-content\\\/uploads\\\/2025\\\/03\\\/Jikbx7YveaRU2uRofl8S1SCa6IK8eogEydy0fF6pQiBfDNt46A.jpg\",\"datePublished\":\"2023-10-03T12:18:00+00:00\",\"dateModified\":\"2026-04-20T00:00:13+00:00\",\"breadcrumb\":{\"@id\":\"https:\\\/\\\/ebikespareparts.fi\\\/tuote\\\/sprag-kytkimen-laakerirasva-brose-moottoreille-osa-no-plb20150\\\/#breadcrumb\"},\"inLanguage\":\"sv-SE\",\"potentialAction\":[{\"@type\":\"ReadAction\",\"target\":[\"https:\\\/\\\/ebikespareparts.fi\\\/tuote\\\/sprag-kytkimen-laakerirasva-brose-moottoreille-osa-no-plb20150\\\/\"]}]},{\"@type\":\"ImageObject\",\"inLanguage\":\"sv-SE\",\"@id\":\"https:\\\/\\\/ebikespareparts.fi\\\/tuote\\\/sprag-kytkimen-laakerirasva-brose-moottoreille-osa-no-plb20150\\\/#primaryimage\",\"url\":\"https:\\\/\\\/ebikespareparts.fi\\\/wp-content\\\/uploads\\\/2025\\\/03\\\/Jikbx7YveaRU2uRofl8S1SCa6IK8eogEydy0fF6pQiBfDNt46A.jpg\",\"contentUrl\":\"https:\\\/\\\/ebikespareparts.fi\\\/wp-content\\\/uploads\\\/2025\\\/03\\\/Jikbx7YveaRU2uRofl8S1SCa6IK8eogEydy0fF6pQiBfDNt46A.jpg\",\"width\":1000,\"height\":949,\"caption\":\"Jikbx7YveaRU2uRofl8S1SCa6IK8eogEydy0fF6pQiBfDNt46A\"},{\"@type\":\"BreadcrumbList\",\"@id\":\"https:\\\/\\\/ebikespareparts.fi\\\/tuote\\\/sprag-kytkimen-laakerirasva-brose-moottoreille-osa-no-plb20150\\\/#breadcrumb\",\"itemListElement\":[{\"@type\":\"ListItem\",\"position\":1,\"name\":\"Etusivu\",\"item\":\"https:\\\/\\\/ebikespareparts.fi\\\/\"},{\"@type\":\"ListItem\",\"position\":2,\"name\":\"Kauppa\",\"item\":\"https:\\\/\\\/ebikespareparts.fi\\\/kauppa\\\/\"},{\"@type\":\"ListItem\",\"position\":3,\"name\":\"PLB20150 Sprag-kytkimen laakerirasva Brose-moottoreille.\"}]},{\"@type\":\"WebSite\",\"@id\":\"https:\\\/\\\/ebikespareparts.fi\\\/#website\",\"url\":\"https:\\\/\\\/ebikespareparts.fi\\\/\",\"name\":\"Ebikespareparts.fi\",\"description\":\"S\u00e4hk\u00f6py\u00f6r\u00e4n osat - E-bike osat - Huolto\",\"publisher\":{\"@id\":\"https:\\\/\\\/ebikespareparts.fi\\\/#organization\"},\"potentialAction\":[{\"@type\":\"SearchAction\",\"target\":{\"@type\":\"EntryPoint\",\"urlTemplate\":\"https:\\\/\\\/ebikespareparts.fi\\\/?s={search_term_string}\"},\"query-input\":{\"@type\":\"PropertyValueSpecification\",\"valueRequired\":true,\"valueName\":\"search_term_string\"}}],\"inLanguage\":\"sv-SE\"},{\"@type\":\"Organization\",\"@id\":\"https:\\\/\\\/ebikespareparts.fi\\\/#organization\",\"name\":\"Ebikespareparts.fi\",\"url\":\"https:\\\/\\\/ebikespareparts.fi\\\/\",\"logo\":{\"@type\":\"ImageObject\",\"inLanguage\":\"sv-SE\",\"@id\":\"https:\\\/\\\/ebikespareparts.fi\\\/#\\\/schema\\\/logo\\\/image\\\/\",\"url\":\"https:\\\/\\\/ebikespareparts.fi\\\/wp-content\\\/uploads\\\/2024\\\/05\\\/logo-musta-tausta.jpg\",\"contentUrl\":\"https:\\\/\\\/ebikespareparts.fi\\\/wp-content\\\/uploads\\\/2024\\\/05\\\/logo-musta-tausta.jpg\",\"width\":1013,\"height\":950,\"caption\":\"Ebikespareparts.fi\"},\"image\":{\"@id\":\"https:\\\/\\\/ebikespareparts.fi\\\/#\\\/schema\\\/logo\\\/image\\\/\"},\"sameAs\":[\"https:\\\/\\\/www.facebook.com\\\/smhj.fi\"]}]}<\/script>\n<!-- \/ Yoast SEO plugin. -->","yoast_head_json":{"title":"PLB20150 Sprag-kytkimen laakerirasva Brose-moottoreille. - Ebikespareparts.fi","robots":{"index":"index","follow":"follow","max-snippet":"max-snippet:-1","max-image-preview":"max-image-preview:large","max-video-preview":"max-video-preview:-1"},"canonical":"https:\/\/ebikespareparts.fi\/sv\/produkt\/sprag-kytkimen-laakerirasva-brose-moottoreille-osa-no-plb20150\/","og_locale":"sv_SE","og_type":"article","og_title":"PLB20150 Sprag-kytkimen laakerirasva Brose-moottoreille. - Ebikespareparts.fi","og_description":"Osta t\u00e4m\u00e4 tuote aina kun vaihdat osat NO: PLB 20127 TAI PLB20126 KYTKINLAAKERIT Jokaisessa Brose-moottorissa k\u00e4ytet\u00e4\u00e4n 2 sprag-kytkimen laakeria. Sprag-kytkimen laakerit mahdollistavat akselin py\u00f6rimisen yhteen suuntaan, mutta eiv\u00e4t toiseen. N\u00e4m\u00e4 laakerit vaativat voitelun toimiakseen luotettavasti, mutta ne ovat my\u00f6s riippuvaisia \u200b\u200bkitkasta, kun niit\u00e4 tarvitaan pys\u00e4ytt\u00e4m\u00e4\u00e4n py\u00f6riminen. Muista asentaa laakeri oikein p\u00e4in (tarkista ennen vanhan laakerin \u2026  PLB20150 Sprag-kytkimen laakerirasva Brose-moottoreille.","og_url":"https:\/\/ebikespareparts.fi\/sv\/produkt\/sprag-kytkimen-laakerirasva-brose-moottoreille-osa-no-plb20150\/","og_site_name":"Ebikespareparts.fi","article_publisher":"https:\/\/www.facebook.com\/smhj.fi","article_modified_time":"2026-04-20T00:00:13+00:00","og_image":[{"width":1590,"height":1509,"url":"https:\/\/ebikespareparts.fi\/wp-content\/uploads\/2023\/10\/plb20150.jpg","type":"image\/jpeg"}],"twitter_card":"summary_large_image","twitter_misc":{"Ber\u00e4knad l\u00e4stid":"2 minuter"},"schema":{"@context":"https:\/\/schema.org","@graph":[{"@type":"WebPage","@id":"https:\/\/ebikespareparts.fi\/tuote\/sprag-kytkimen-laakerirasva-brose-moottoreille-osa-no-plb20150\/","url":"https:\/\/ebikespareparts.fi\/tuote\/sprag-kytkimen-laakerirasva-brose-moottoreille-osa-no-plb20150\/","name":"PLB20150 Sprag-kytkimen laakerirasva Brose-moottoreille. - Ebikespareparts.fi","isPartOf":{"@id":"https:\/\/ebikespareparts.fi\/#website"},"primaryImageOfPage":{"@id":"https:\/\/ebikespareparts.fi\/tuote\/sprag-kytkimen-laakerirasva-brose-moottoreille-osa-no-plb20150\/#primaryimage"},"image":{"@id":"https:\/\/ebikespareparts.fi\/tuote\/sprag-kytkimen-laakerirasva-brose-moottoreille-osa-no-plb20150\/#primaryimage"},"thumbnailUrl":"https:\/\/ebikespareparts.fi\/wp-content\/uploads\/2025\/03\/Jikbx7YveaRU2uRofl8S1SCa6IK8eogEydy0fF6pQiBfDNt46A.jpg","datePublished":"2023-10-03T12:18:00+00:00","dateModified":"2026-04-20T00:00:13+00:00","breadcrumb":{"@id":"https:\/\/ebikespareparts.fi\/tuote\/sprag-kytkimen-laakerirasva-brose-moottoreille-osa-no-plb20150\/#breadcrumb"},"inLanguage":"sv-SE","potentialAction":[{"@type":"ReadAction","target":["https:\/\/ebikespareparts.fi\/tuote\/sprag-kytkimen-laakerirasva-brose-moottoreille-osa-no-plb20150\/"]}]},{"@type":"ImageObject","inLanguage":"sv-SE","@id":"https:\/\/ebikespareparts.fi\/tuote\/sprag-kytkimen-laakerirasva-brose-moottoreille-osa-no-plb20150\/#primaryimage","url":"https:\/\/ebikespareparts.fi\/wp-content\/uploads\/2025\/03\/Jikbx7YveaRU2uRofl8S1SCa6IK8eogEydy0fF6pQiBfDNt46A.jpg","contentUrl":"https:\/\/ebikespareparts.fi\/wp-content\/uploads\/2025\/03\/Jikbx7YveaRU2uRofl8S1SCa6IK8eogEydy0fF6pQiBfDNt46A.jpg","width":1000,"height":949,"caption":"Jikbx7YveaRU2uRofl8S1SCa6IK8eogEydy0fF6pQiBfDNt46A"},{"@type":"BreadcrumbList","@id":"https:\/\/ebikespareparts.fi\/tuote\/sprag-kytkimen-laakerirasva-brose-moottoreille-osa-no-plb20150\/#breadcrumb","itemListElement":[{"@type":"ListItem","position":1,"name":"Etusivu","item":"https:\/\/ebikespareparts.fi\/"},{"@type":"ListItem","position":2,"name":"Kauppa","item":"https:\/\/ebikespareparts.fi\/kauppa\/"},{"@type":"ListItem","position":3,"name":"PLB20150 Sprag-kytkimen laakerirasva Brose-moottoreille."}]},{"@type":"WebSite","@id":"https:\/\/ebikespareparts.fi\/#website","url":"https:\/\/ebikespareparts.fi\/","name":"Ebikespareparts.fi","description":"S\u00e4hk\u00f6py\u00f6r\u00e4n osat - E-bike osat - Huolto","publisher":{"@id":"https:\/\/ebikespareparts.fi\/#organization"},"potentialAction":[{"@type":"SearchAction","target":{"@type":"EntryPoint","urlTemplate":"https:\/\/ebikespareparts.fi\/?s={search_term_string}"},"query-input":{"@type":"PropertyValueSpecification","valueRequired":true,"valueName":"search_term_string"}}],"inLanguage":"sv-SE"},{"@type":"Organization","@id":"https:\/\/ebikespareparts.fi\/#organization","name":"Ebikespareparts.fi","url":"https:\/\/ebikespareparts.fi\/","logo":{"@type":"ImageObject","inLanguage":"sv-SE","@id":"https:\/\/ebikespareparts.fi\/#\/schema\/logo\/image\/","url":"https:\/\/ebikespareparts.fi\/wp-content\/uploads\/2024\/05\/logo-musta-tausta.jpg","contentUrl":"https:\/\/ebikespareparts.fi\/wp-content\/uploads\/2024\/05\/logo-musta-tausta.jpg","width":1013,"height":950,"caption":"Ebikespareparts.fi"},"image":{"@id":"https:\/\/ebikespareparts.fi\/#\/schema\/logo\/image\/"},"sameAs":["https:\/\/www.facebook.com\/smhj.fi"]}]}},"_links":{"self":[{"href":"https:\/\/ebikespareparts.fi\/sv\/wp-json\/wp\/v2\/product\/347","targetHints":{"allow":["GET"]}}],"collection":[{"href":"https:\/\/ebikespareparts.fi\/sv\/wp-json\/wp\/v2\/product"}],"about":[{"href":"https:\/\/ebikespareparts.fi\/sv\/wp-json\/wp\/v2\/types\/product"}],"replies":[{"embeddable":true,"href":"https:\/\/ebikespareparts.fi\/sv\/wp-json\/wp\/v2\/comments?post=347"}],"version-history":[{"count":0,"href":"https:\/\/ebikespareparts.fi\/sv\/wp-json\/wp\/v2\/product\/347\/revisions"}],"wp:featuredmedia":[{"embeddable":true,"href":"https:\/\/ebikespareparts.fi\/sv\/wp-json\/wp\/v2\/media\/47531"}],"wp:attachment":[{"href":"https:\/\/ebikespareparts.fi\/sv\/wp-json\/wp\/v2\/media?parent=347"}],"wp:term":[{"taxonomy":"product_brand","embeddable":true,"href":"https:\/\/ebikespareparts.fi\/sv\/wp-json\/wp\/v2\/product_brand?post=347"},{"taxonomy":"product_cat","embeddable":true,"href":"https:\/\/ebikespareparts.fi\/sv\/wp-json\/wp\/v2\/product_cat?post=347"},{"taxonomy":"product_tag","embeddable":true,"href":"https:\/\/ebikespareparts.fi\/sv\/wp-json\/wp\/v2\/product_tag?post=347"}],"curies":[{"name":"wp","href":"https:\/\/api.w.org\/{rel}","templated":true}]}}