{"id":348,"date":"2023-10-03T15:18:00","date_gmt":"2023-10-03T12:18:00","guid":{"rendered":"https:\/\/ebikespareparts.fi\/?post_type=product&#038;p=348"},"modified":"2026-04-13T03:00:10","modified_gmt":"2026-04-13T00:00:10","slug":"tekninen-vaseliini-brose-kayttohihnan-voiteluun-osa-no-plb20151","status":"publish","type":"product","link":"https:\/\/ebikespareparts.fi\/sv\/produkt\/tekninen-vaseliini-brose-kayttohihnan-voiteluun-osa-no-plb20151\/","title":{"rendered":"PLB20151 Teknisk Vaseline Brose f\u00f6r sm\u00f6rjning av drivrem"},"content":{"rendered":"<p>B\u00e5da sidorna av Brose kolfiberb\u00e4ltet m\u00e5ste sm\u00f6rjas rikligt med \"teknisk\" vaselin. Underl\u00e5tenhet att g\u00f6ra det kommer att resultera i h\u00f6gt b\u00e4ltesslitage och temperatur och kan orsaka \u00f6verdrivet ljud.<\/p>\n<p>Teknisk petrolatum \u00e4r en icke-korrosiv blandning av oljor och l\u00e5ngkedjiga opol\u00e4ra kolv\u00e4ten, men vanligtvis tjockare \u00e4n farmaceutiskt petrolatum. Den l\u00e5ga sm\u00e4ltpunkten f\u00f6r denna produkt s\u00e4kerst\u00e4ller eftersm\u00f6rjning om bandet torkar ut och b\u00f6rjar v\u00e4rmas upp.<\/p>\n<p>Appliceras b\u00e4st med en liten borste (en gammal tandborste \u00e4r idealisk).<\/p>\n<p>OBS: Kan inte anv\u00e4ndas p\u00e5 Brose Polymer-drivremmen monterad p\u00e5 vissa modeller fr\u00e5n 2021 och fram\u00e5t. Polymerbandet m\u00e5ste installeras torrt. Polymerdrivremmen ser blank, brunaktig ut p\u00e5 baksidan och k\u00e4nns halt.<\/p>\n<p>Tips: B\u00f6j inte polymerremmen f\u00f6r mycket.<\/p>","protected":false},"excerpt":{"rendered":"<p>Brose-hiilikuituhihnan molemmat puolet on voideltava runsaasti &#8221;teknisell\u00e4&#8221; vaseliinilla. T\u00e4m\u00e4n laiminly\u00f6nti johtaa hihnan korkeaan kulumiseen ja l\u00e4mp\u00f6tilaan ja voi aiheuttaa liiallista melua. Tekninen vaseliini on sy\u00f6vytt\u00e4m\u00e4t\u00f6n \u00f6ljyjen ja pitk\u00e4ketjuisten ei-polaaristen hiilivetyjen seos, mutta yleens\u00e4 paksumpi kuin farmaseuttinen vaseliini. T\u00e4m\u00e4n tuotteen alhainen sulamispiste varmistaa uudelleenvoitelun, jos hihna kuivuu ja alkaa l\u00e4mmet\u00e4. Levitet\u00e4\u00e4n parhaiten pienell\u00e4 harjalla (vanha hammasharja <a href=\"https:\/\/ebikespareparts.fi\/sv\/produkt\/tekninen-vaseliini-brose-kayttohihnan-voiteluun-osa-no-plb20151\/\" class=\"more-link\">\u2026 <span class=\"screen-reader-text\">  PLB20151 Teknisk Vaseline Brose f\u00f6r sm\u00f6rjning av drivrem<\/span><\/a><\/p>","protected":false},"featured_media":47369,"comment_status":"open","ping_status":"closed","template":"","meta":{"_acf_changed":false},"product_brand":[],"product_cat":[131],"product_tag":[],"class_list":{"0":"post-348","1":"product","2":"type-product","3":"status-publish","4":"has-post-thumbnail","6":"product_cat-brose-moottorit-ja-varaosat","8":"first","9":"instock","10":"taxable","11":"shipping-taxable","12":"purchasable","13":"product-type-simple"},"acf":[],"yoast_head":"<!-- This site is optimized with the Yoast SEO plugin v27.4 - https:\/\/yoast.com\/product\/yoast-seo-wordpress\/ -->\n<title>PLB20151 Tekninen vaseliini Brose k\u00e4ytt\u00f6hihnan voiteluun - Ebikespareparts.fi<\/title>\n<meta name=\"robots\" content=\"index, follow, max-snippet:-1, max-image-preview:large, max-video-preview:-1\" \/>\n<link rel=\"canonical\" href=\"https:\/\/ebikespareparts.fi\/sv\/produkt\/tekninen-vaseliini-brose-kayttohihnan-voiteluun-osa-no-plb20151\/\" \/>\n<meta property=\"og:locale\" content=\"sv_SE\" \/>\n<meta property=\"og:type\" content=\"article\" \/>\n<meta property=\"og:title\" content=\"PLB20151 Tekninen vaseliini Brose k\u00e4ytt\u00f6hihnan voiteluun - Ebikespareparts.fi\" \/>\n<meta property=\"og:description\" content=\"Brose-hiilikuituhihnan molemmat puolet on voideltava runsaasti &#8221;teknisell\u00e4&#8221; vaseliinilla. T\u00e4m\u00e4n laiminly\u00f6nti johtaa hihnan korkeaan kulumiseen ja l\u00e4mp\u00f6tilaan ja voi aiheuttaa liiallista melua. Tekninen vaseliini on sy\u00f6vytt\u00e4m\u00e4t\u00f6n \u00f6ljyjen ja pitk\u00e4ketjuisten ei-polaaristen hiilivetyjen seos, mutta yleens\u00e4 paksumpi kuin farmaseuttinen vaseliini. T\u00e4m\u00e4n tuotteen alhainen sulamispiste varmistaa uudelleenvoitelun, jos hihna kuivuu ja alkaa l\u00e4mmet\u00e4. Levitet\u00e4\u00e4n parhaiten pienell\u00e4 harjalla (vanha hammasharja \u2026  PLB20151 Tekninen vaseliini Brose k\u00e4ytt\u00f6hihnan voiteluun\" \/>\n<meta property=\"og:url\" content=\"https:\/\/ebikespareparts.fi\/sv\/produkt\/tekninen-vaseliini-brose-kayttohihnan-voiteluun-osa-no-plb20151\/\" \/>\n<meta property=\"og:site_name\" content=\"Ebikespareparts.fi\" \/>\n<meta property=\"article:publisher\" content=\"https:\/\/www.facebook.com\/smhj.fi\" \/>\n<meta property=\"article:modified_time\" content=\"2026-04-13T00:00:10+00:00\" \/>\n<meta property=\"og:image\" content=\"https:\/\/ebikespareparts.fi\/wp-content\/uploads\/2025\/03\/aTNJMNIbfTtBUDkW0WdkvLRMK8Pz4aiG5Q3HE0rbHZe9b8fQqS.jpg\" \/>\n\t<meta property=\"og:image:width\" content=\"1000\" \/>\n\t<meta property=\"og:image:height\" content=\"832\" \/>\n\t<meta property=\"og:image:type\" content=\"image\/jpeg\" \/>\n<meta name=\"twitter:card\" content=\"summary_large_image\" \/>\n<meta name=\"twitter:label1\" content=\"Ber\u00e4knad l\u00e4stid\" \/>\n\t<meta name=\"twitter:data1\" content=\"1 minut\" \/>\n<script type=\"application\/ld+json\" class=\"yoast-schema-graph\">{\"@context\":\"https:\\\/\\\/schema.org\",\"@graph\":[{\"@type\":\"WebPage\",\"@id\":\"https:\\\/\\\/ebikespareparts.fi\\\/tuote\\\/tekninen-vaseliini-brose-kayttohihnan-voiteluun-osa-no-plb20151\\\/\",\"url\":\"https:\\\/\\\/ebikespareparts.fi\\\/tuote\\\/tekninen-vaseliini-brose-kayttohihnan-voiteluun-osa-no-plb20151\\\/\",\"name\":\"PLB20151 Tekninen vaseliini Brose k\u00e4ytt\u00f6hihnan voiteluun - Ebikespareparts.fi\",\"isPartOf\":{\"@id\":\"https:\\\/\\\/ebikespareparts.fi\\\/#website\"},\"primaryImageOfPage\":{\"@id\":\"https:\\\/\\\/ebikespareparts.fi\\\/tuote\\\/tekninen-vaseliini-brose-kayttohihnan-voiteluun-osa-no-plb20151\\\/#primaryimage\"},\"image\":{\"@id\":\"https:\\\/\\\/ebikespareparts.fi\\\/tuote\\\/tekninen-vaseliini-brose-kayttohihnan-voiteluun-osa-no-plb20151\\\/#primaryimage\"},\"thumbnailUrl\":\"https:\\\/\\\/ebikespareparts.fi\\\/wp-content\\\/uploads\\\/2025\\\/03\\\/aTNJMNIbfTtBUDkW0WdkvLRMK8Pz4aiG5Q3HE0rbHZe9b8fQqS.jpg\",\"datePublished\":\"2023-10-03T12:18:00+00:00\",\"dateModified\":\"2026-04-13T00:00:10+00:00\",\"breadcrumb\":{\"@id\":\"https:\\\/\\\/ebikespareparts.fi\\\/tuote\\\/tekninen-vaseliini-brose-kayttohihnan-voiteluun-osa-no-plb20151\\\/#breadcrumb\"},\"inLanguage\":\"sv-SE\",\"potentialAction\":[{\"@type\":\"ReadAction\",\"target\":[\"https:\\\/\\\/ebikespareparts.fi\\\/tuote\\\/tekninen-vaseliini-brose-kayttohihnan-voiteluun-osa-no-plb20151\\\/\"]}]},{\"@type\":\"ImageObject\",\"inLanguage\":\"sv-SE\",\"@id\":\"https:\\\/\\\/ebikespareparts.fi\\\/tuote\\\/tekninen-vaseliini-brose-kayttohihnan-voiteluun-osa-no-plb20151\\\/#primaryimage\",\"url\":\"https:\\\/\\\/ebikespareparts.fi\\\/wp-content\\\/uploads\\\/2025\\\/03\\\/aTNJMNIbfTtBUDkW0WdkvLRMK8Pz4aiG5Q3HE0rbHZe9b8fQqS.jpg\",\"contentUrl\":\"https:\\\/\\\/ebikespareparts.fi\\\/wp-content\\\/uploads\\\/2025\\\/03\\\/aTNJMNIbfTtBUDkW0WdkvLRMK8Pz4aiG5Q3HE0rbHZe9b8fQqS.jpg\",\"width\":1000,\"height\":832,\"caption\":\"aTNJMNIbfTtBUDkW0WdkvLRMK8Pz4aiG5Q3HE0rbHZe9b8fQqS\"},{\"@type\":\"BreadcrumbList\",\"@id\":\"https:\\\/\\\/ebikespareparts.fi\\\/tuote\\\/tekninen-vaseliini-brose-kayttohihnan-voiteluun-osa-no-plb20151\\\/#breadcrumb\",\"itemListElement\":[{\"@type\":\"ListItem\",\"position\":1,\"name\":\"Etusivu\",\"item\":\"https:\\\/\\\/ebikespareparts.fi\\\/\"},{\"@type\":\"ListItem\",\"position\":2,\"name\":\"Kauppa\",\"item\":\"https:\\\/\\\/ebikespareparts.fi\\\/kauppa\\\/\"},{\"@type\":\"ListItem\",\"position\":3,\"name\":\"PLB20151 Tekninen vaseliini Brose k\u00e4ytt\u00f6hihnan voiteluun\"}]},{\"@type\":\"WebSite\",\"@id\":\"https:\\\/\\\/ebikespareparts.fi\\\/#website\",\"url\":\"https:\\\/\\\/ebikespareparts.fi\\\/\",\"name\":\"Ebikespareparts.fi\",\"description\":\"S\u00e4hk\u00f6py\u00f6r\u00e4n osat - E-bike osat - Huolto\",\"publisher\":{\"@id\":\"https:\\\/\\\/ebikespareparts.fi\\\/#organization\"},\"potentialAction\":[{\"@type\":\"SearchAction\",\"target\":{\"@type\":\"EntryPoint\",\"urlTemplate\":\"https:\\\/\\\/ebikespareparts.fi\\\/?s={search_term_string}\"},\"query-input\":{\"@type\":\"PropertyValueSpecification\",\"valueRequired\":true,\"valueName\":\"search_term_string\"}}],\"inLanguage\":\"sv-SE\"},{\"@type\":\"Organization\",\"@id\":\"https:\\\/\\\/ebikespareparts.fi\\\/#organization\",\"name\":\"Ebikespareparts.fi\",\"url\":\"https:\\\/\\\/ebikespareparts.fi\\\/\",\"logo\":{\"@type\":\"ImageObject\",\"inLanguage\":\"sv-SE\",\"@id\":\"https:\\\/\\\/ebikespareparts.fi\\\/#\\\/schema\\\/logo\\\/image\\\/\",\"url\":\"https:\\\/\\\/ebikespareparts.fi\\\/wp-content\\\/uploads\\\/2024\\\/05\\\/logo-musta-tausta.jpg\",\"contentUrl\":\"https:\\\/\\\/ebikespareparts.fi\\\/wp-content\\\/uploads\\\/2024\\\/05\\\/logo-musta-tausta.jpg\",\"width\":1013,\"height\":950,\"caption\":\"Ebikespareparts.fi\"},\"image\":{\"@id\":\"https:\\\/\\\/ebikespareparts.fi\\\/#\\\/schema\\\/logo\\\/image\\\/\"},\"sameAs\":[\"https:\\\/\\\/www.facebook.com\\\/smhj.fi\"]}]}<\/script>\n<!-- \/ Yoast SEO plugin. -->","yoast_head_json":{"title":"PLB20151 Tekninen vaseliini Brose k\u00e4ytt\u00f6hihnan voiteluun - Ebikespareparts.fi","robots":{"index":"index","follow":"follow","max-snippet":"max-snippet:-1","max-image-preview":"max-image-preview:large","max-video-preview":"max-video-preview:-1"},"canonical":"https:\/\/ebikespareparts.fi\/sv\/produkt\/tekninen-vaseliini-brose-kayttohihnan-voiteluun-osa-no-plb20151\/","og_locale":"sv_SE","og_type":"article","og_title":"PLB20151 Tekninen vaseliini Brose k\u00e4ytt\u00f6hihnan voiteluun - Ebikespareparts.fi","og_description":"Brose-hiilikuituhihnan molemmat puolet on voideltava runsaasti &#8221;teknisell\u00e4&#8221; vaseliinilla. T\u00e4m\u00e4n laiminly\u00f6nti johtaa hihnan korkeaan kulumiseen ja l\u00e4mp\u00f6tilaan ja voi aiheuttaa liiallista melua. Tekninen vaseliini on sy\u00f6vytt\u00e4m\u00e4t\u00f6n \u00f6ljyjen ja pitk\u00e4ketjuisten ei-polaaristen hiilivetyjen seos, mutta yleens\u00e4 paksumpi kuin farmaseuttinen vaseliini. T\u00e4m\u00e4n tuotteen alhainen sulamispiste varmistaa uudelleenvoitelun, jos hihna kuivuu ja alkaa l\u00e4mmet\u00e4. Levitet\u00e4\u00e4n parhaiten pienell\u00e4 harjalla (vanha hammasharja \u2026  PLB20151 Tekninen vaseliini Brose k\u00e4ytt\u00f6hihnan voiteluun","og_url":"https:\/\/ebikespareparts.fi\/sv\/produkt\/tekninen-vaseliini-brose-kayttohihnan-voiteluun-osa-no-plb20151\/","og_site_name":"Ebikespareparts.fi","article_publisher":"https:\/\/www.facebook.com\/smhj.fi","article_modified_time":"2026-04-13T00:00:10+00:00","og_image":[{"width":1000,"height":832,"url":"https:\/\/ebikespareparts.fi\/wp-content\/uploads\/2025\/03\/aTNJMNIbfTtBUDkW0WdkvLRMK8Pz4aiG5Q3HE0rbHZe9b8fQqS.jpg","type":"image\/jpeg"}],"twitter_card":"summary_large_image","twitter_misc":{"Ber\u00e4knad l\u00e4stid":"1 minut"},"schema":{"@context":"https:\/\/schema.org","@graph":[{"@type":"WebPage","@id":"https:\/\/ebikespareparts.fi\/tuote\/tekninen-vaseliini-brose-kayttohihnan-voiteluun-osa-no-plb20151\/","url":"https:\/\/ebikespareparts.fi\/tuote\/tekninen-vaseliini-brose-kayttohihnan-voiteluun-osa-no-plb20151\/","name":"PLB20151 Tekninen vaseliini Brose k\u00e4ytt\u00f6hihnan voiteluun - Ebikespareparts.fi","isPartOf":{"@id":"https:\/\/ebikespareparts.fi\/#website"},"primaryImageOfPage":{"@id":"https:\/\/ebikespareparts.fi\/tuote\/tekninen-vaseliini-brose-kayttohihnan-voiteluun-osa-no-plb20151\/#primaryimage"},"image":{"@id":"https:\/\/ebikespareparts.fi\/tuote\/tekninen-vaseliini-brose-kayttohihnan-voiteluun-osa-no-plb20151\/#primaryimage"},"thumbnailUrl":"https:\/\/ebikespareparts.fi\/wp-content\/uploads\/2025\/03\/aTNJMNIbfTtBUDkW0WdkvLRMK8Pz4aiG5Q3HE0rbHZe9b8fQqS.jpg","datePublished":"2023-10-03T12:18:00+00:00","dateModified":"2026-04-13T00:00:10+00:00","breadcrumb":{"@id":"https:\/\/ebikespareparts.fi\/tuote\/tekninen-vaseliini-brose-kayttohihnan-voiteluun-osa-no-plb20151\/#breadcrumb"},"inLanguage":"sv-SE","potentialAction":[{"@type":"ReadAction","target":["https:\/\/ebikespareparts.fi\/tuote\/tekninen-vaseliini-brose-kayttohihnan-voiteluun-osa-no-plb20151\/"]}]},{"@type":"ImageObject","inLanguage":"sv-SE","@id":"https:\/\/ebikespareparts.fi\/tuote\/tekninen-vaseliini-brose-kayttohihnan-voiteluun-osa-no-plb20151\/#primaryimage","url":"https:\/\/ebikespareparts.fi\/wp-content\/uploads\/2025\/03\/aTNJMNIbfTtBUDkW0WdkvLRMK8Pz4aiG5Q3HE0rbHZe9b8fQqS.jpg","contentUrl":"https:\/\/ebikespareparts.fi\/wp-content\/uploads\/2025\/03\/aTNJMNIbfTtBUDkW0WdkvLRMK8Pz4aiG5Q3HE0rbHZe9b8fQqS.jpg","width":1000,"height":832,"caption":"aTNJMNIbfTtBUDkW0WdkvLRMK8Pz4aiG5Q3HE0rbHZe9b8fQqS"},{"@type":"BreadcrumbList","@id":"https:\/\/ebikespareparts.fi\/tuote\/tekninen-vaseliini-brose-kayttohihnan-voiteluun-osa-no-plb20151\/#breadcrumb","itemListElement":[{"@type":"ListItem","position":1,"name":"Etusivu","item":"https:\/\/ebikespareparts.fi\/"},{"@type":"ListItem","position":2,"name":"Kauppa","item":"https:\/\/ebikespareparts.fi\/kauppa\/"},{"@type":"ListItem","position":3,"name":"PLB20151 Tekninen vaseliini Brose k\u00e4ytt\u00f6hihnan voiteluun"}]},{"@type":"WebSite","@id":"https:\/\/ebikespareparts.fi\/#website","url":"https:\/\/ebikespareparts.fi\/","name":"Ebikespareparts.fi","description":"S\u00e4hk\u00f6py\u00f6r\u00e4n osat - E-bike osat - Huolto","publisher":{"@id":"https:\/\/ebikespareparts.fi\/#organization"},"potentialAction":[{"@type":"SearchAction","target":{"@type":"EntryPoint","urlTemplate":"https:\/\/ebikespareparts.fi\/?s={search_term_string}"},"query-input":{"@type":"PropertyValueSpecification","valueRequired":true,"valueName":"search_term_string"}}],"inLanguage":"sv-SE"},{"@type":"Organization","@id":"https:\/\/ebikespareparts.fi\/#organization","name":"Ebikespareparts.fi","url":"https:\/\/ebikespareparts.fi\/","logo":{"@type":"ImageObject","inLanguage":"sv-SE","@id":"https:\/\/ebikespareparts.fi\/#\/schema\/logo\/image\/","url":"https:\/\/ebikespareparts.fi\/wp-content\/uploads\/2024\/05\/logo-musta-tausta.jpg","contentUrl":"https:\/\/ebikespareparts.fi\/wp-content\/uploads\/2024\/05\/logo-musta-tausta.jpg","width":1013,"height":950,"caption":"Ebikespareparts.fi"},"image":{"@id":"https:\/\/ebikespareparts.fi\/#\/schema\/logo\/image\/"},"sameAs":["https:\/\/www.facebook.com\/smhj.fi"]}]}},"_links":{"self":[{"href":"https:\/\/ebikespareparts.fi\/sv\/wp-json\/wp\/v2\/product\/348","targetHints":{"allow":["GET"]}}],"collection":[{"href":"https:\/\/ebikespareparts.fi\/sv\/wp-json\/wp\/v2\/product"}],"about":[{"href":"https:\/\/ebikespareparts.fi\/sv\/wp-json\/wp\/v2\/types\/product"}],"replies":[{"embeddable":true,"href":"https:\/\/ebikespareparts.fi\/sv\/wp-json\/wp\/v2\/comments?post=348"}],"version-history":[{"count":1,"href":"https:\/\/ebikespareparts.fi\/sv\/wp-json\/wp\/v2\/product\/348\/revisions"}],"predecessor-version":[{"id":49227,"href":"https:\/\/ebikespareparts.fi\/sv\/wp-json\/wp\/v2\/product\/348\/revisions\/49227"}],"wp:featuredmedia":[{"embeddable":true,"href":"https:\/\/ebikespareparts.fi\/sv\/wp-json\/wp\/v2\/media\/47369"}],"wp:attachment":[{"href":"https:\/\/ebikespareparts.fi\/sv\/wp-json\/wp\/v2\/media?parent=348"}],"wp:term":[{"taxonomy":"product_brand","embeddable":true,"href":"https:\/\/ebikespareparts.fi\/sv\/wp-json\/wp\/v2\/product_brand?post=348"},{"taxonomy":"product_cat","embeddable":true,"href":"https:\/\/ebikespareparts.fi\/sv\/wp-json\/wp\/v2\/product_cat?post=348"},{"taxonomy":"product_tag","embeddable":true,"href":"https:\/\/ebikespareparts.fi\/sv\/wp-json\/wp\/v2\/product_tag?post=348"}],"curies":[{"name":"wp","href":"https:\/\/api.w.org\/{rel}","templated":true}]}}