{"id":349,"date":"2023-10-03T15:18:00","date_gmt":"2023-10-03T12:18:00","guid":{"rendered":"https:\/\/ebikespareparts.fi\/?post_type=product&#038;p=349"},"modified":"2026-03-10T15:27:27","modified_gmt":"2026-03-10T13:27:27","slug":"plb20141-brose-s-mag-moottorin-kayttohihnasarja","status":"publish","type":"product","link":"https:\/\/ebikespareparts.fi\/sv\/produkt\/plb20141-brose-s-mag-moottorin-kayttohihnasarja\/","title":{"rendered":"PLB20141 Brose S Mag Motordrivremssats"},"content":{"rendered":"<p>Brose S Mag <strong>svart magnesium<\/strong> drivremssats f\u00f6r motor (motor i svart magnesium) <span class=\"Y2IQFc\" lang=\"fi\">Originalremssats med titanskruvar, t\u00e4tningsring och ny justerskruv f\u00f6r remsp\u00e4nning samt t\u00e4tningsring och klisterm\u00e4rke f\u00f6r att skydda justerskruven.<\/span><\/p>\n<p>B\u00e5da sidorna av Brose kolfiberrem ska sm\u00f6rjas rikligt med \u201dteknisk\u201d vaselin. Om detta inte g\u00f6rs leder det till h\u00f6gt remslitage och h\u00f6g temperatur samt kan orsaka \u00f6verdrivet buller. Teknisk vaselin \u00e4r en icke-korrosiv blandning av oljor och l\u00e5ngkedjiga icke-pol\u00e4ra kolv\u00e4ten, men \u00e4r i allm\u00e4nhet tjockare \u00e4n vaselin av farmaceutisk kvalitet. Produkten har en l\u00e5g sm\u00e4ltpunkt, vilket \u00e4r viktigt om remmen torkar ut och b\u00f6rjar v\u00e4rmas upp.<\/p>\n<p><strong>PLB20151 Teknisk vaselin f\u00f6r sm\u00f6rjning av drivremmen appliceras b\u00e4st med till exempel en gammal tandborste, vilket \u00e4r bra f\u00f6r det.<\/strong> Teknisk vaselin f\u00f6r sm\u00f6rjning av drivremmen appliceras b\u00e4st med en gammal tandborste, till exempel, vilket \u00e4r bra f\u00f6r det.<\/p>\n<p><strong>OBS! n\u00e5gra tips. Kom ih\u00e5g att ta bort justeringsskruven f\u00f6r remskivan innan du tar bort sidok\u00e5pan. Anv\u00e4nd ett 6 mm g\u00e4ngstift f\u00f6r att reng\u00f6ra g\u00e4ngan. Installera spindeln f\u00f6rst efter att du har installerat sidohuvudet f\u00f6r att g\u00f6ra jobbet enklare Sm\u00f6rj remmen p\u00e5 b\u00e5da sidor Kom ih\u00e5g att remsp\u00e4nningen bara \u00e4r 0,2 nm om den blir f\u00f6r stram kan remskivan och elmotorns lager samt remmen g\u00e5 s\u00f6nder. Momentnyckel 0,2nm produktnummer PLA00925 finns i Brose verktygsavdelning.<\/strong><\/p>","protected":false},"excerpt":{"rendered":"<p>Brose S Mag musta magnesium moottorin k\u00e4ytt\u00f6hihnasarja (musta magnesium moottori) Alkuper\u00e4inen hihnasarja titaani ruuvit tiiviste o rengas ja uusi hihnankireyden s\u00e4\u00e4t\u00f6ruuvi sek\u00e4 o-rengas ja tarra s\u00e4\u00e4t\u00f6ruuvin suojaksi. Brose-hiilikuituhihnan molemmat puolet on voideltava runsaasti \u201dteknisell\u00e4\u201d vaseliinilla. T\u00e4m\u00e4n laiminly\u00f6nti johtaa hihnan korkeaan kulumiseen ja l\u00e4mp\u00f6tilaan ja voi aiheuttaa liiallista melua. Tekninen vaseliini on sy\u00f6vytt\u00e4m\u00e4t\u00f6n \u00f6ljyjen ja pitk\u00e4ketjuisten <a href=\"https:\/\/ebikespareparts.fi\/sv\/produkt\/plb20141-brose-s-mag-moottorin-kayttohihnasarja\/\" class=\"more-link\">\u2026 <span class=\"screen-reader-text\">  PLB20141 Brose S Mag Motordrivremssats<\/span><\/a><\/p>","protected":false},"featured_media":47289,"comment_status":"open","ping_status":"closed","template":"","meta":{"_acf_changed":false},"product_brand":[],"product_cat":[131],"product_tag":[],"class_list":{"0":"post-349","1":"product","2":"type-product","3":"status-publish","4":"has-post-thumbnail","6":"product_cat-brose-moottorit-ja-varaosat","8":"first","9":"outofstock","10":"taxable","11":"shipping-taxable","12":"purchasable","13":"product-type-simple"},"acf":[],"yoast_head":"<!-- This site is optimized with the Yoast SEO plugin v27.4 - https:\/\/yoast.com\/product\/yoast-seo-wordpress\/ -->\n<title>PLB20141 Brose S Mag moottorin k\u00e4ytt\u00f6hihnasarja - Ebikespareparts.fi<\/title>\n<meta name=\"robots\" content=\"index, follow, max-snippet:-1, max-image-preview:large, max-video-preview:-1\" \/>\n<link rel=\"canonical\" href=\"https:\/\/ebikespareparts.fi\/sv\/produkt\/plb20141-brose-s-mag-moottorin-kayttohihnasarja\/\" \/>\n<meta property=\"og:locale\" content=\"sv_SE\" \/>\n<meta property=\"og:type\" content=\"article\" \/>\n<meta property=\"og:title\" content=\"PLB20141 Brose S Mag moottorin k\u00e4ytt\u00f6hihnasarja - Ebikespareparts.fi\" \/>\n<meta property=\"og:description\" content=\"Brose S Mag musta magnesium moottorin k\u00e4ytt\u00f6hihnasarja (musta magnesium moottori) Alkuper\u00e4inen hihnasarja titaani ruuvit tiiviste o rengas ja uusi hihnankireyden s\u00e4\u00e4t\u00f6ruuvi sek\u00e4 o-rengas ja tarra s\u00e4\u00e4t\u00f6ruuvin suojaksi. Brose-hiilikuituhihnan molemmat puolet on voideltava runsaasti \u201dteknisell\u00e4\u201d vaseliinilla. T\u00e4m\u00e4n laiminly\u00f6nti johtaa hihnan korkeaan kulumiseen ja l\u00e4mp\u00f6tilaan ja voi aiheuttaa liiallista melua. Tekninen vaseliini on sy\u00f6vytt\u00e4m\u00e4t\u00f6n \u00f6ljyjen ja pitk\u00e4ketjuisten \u2026  PLB20141 Brose S Mag moottorin k\u00e4ytt\u00f6hihnasarja\" \/>\n<meta property=\"og:url\" content=\"https:\/\/ebikespareparts.fi\/sv\/produkt\/plb20141-brose-s-mag-moottorin-kayttohihnasarja\/\" \/>\n<meta property=\"og:site_name\" content=\"Ebikespareparts.fi\" \/>\n<meta property=\"article:publisher\" content=\"https:\/\/www.facebook.com\/smhj.fi\" \/>\n<meta property=\"article:modified_time\" content=\"2026-03-10T13:27:27+00:00\" \/>\n<meta property=\"og:image\" content=\"https:\/\/ebikespareparts.fi\/wp-content\/uploads\/2025\/03\/3fAk6X4pv6qXOrOv39ofsKQt7mFecNXZ8sB4IPEDXbg6Pxh757.jpg\" \/>\n\t<meta property=\"og:image:width\" content=\"1000\" \/>\n\t<meta property=\"og:image:height\" content=\"681\" \/>\n\t<meta property=\"og:image:type\" content=\"image\/jpeg\" \/>\n<meta name=\"twitter:card\" content=\"summary_large_image\" \/>\n<meta name=\"twitter:label1\" content=\"Ber\u00e4knad l\u00e4stid\" \/>\n\t<meta name=\"twitter:data1\" content=\"2 minuter\" \/>\n<script type=\"application\/ld+json\" class=\"yoast-schema-graph\">{\"@context\":\"https:\\\/\\\/schema.org\",\"@graph\":[{\"@type\":\"WebPage\",\"@id\":\"https:\\\/\\\/ebikespareparts.fi\\\/tuote\\\/plb20141-brose-s-mag-moottorin-kayttohihnasarja\\\/\",\"url\":\"https:\\\/\\\/ebikespareparts.fi\\\/tuote\\\/plb20141-brose-s-mag-moottorin-kayttohihnasarja\\\/\",\"name\":\"PLB20141 Brose S Mag moottorin k\u00e4ytt\u00f6hihnasarja - Ebikespareparts.fi\",\"isPartOf\":{\"@id\":\"https:\\\/\\\/ebikespareparts.fi\\\/#website\"},\"primaryImageOfPage\":{\"@id\":\"https:\\\/\\\/ebikespareparts.fi\\\/tuote\\\/plb20141-brose-s-mag-moottorin-kayttohihnasarja\\\/#primaryimage\"},\"image\":{\"@id\":\"https:\\\/\\\/ebikespareparts.fi\\\/tuote\\\/plb20141-brose-s-mag-moottorin-kayttohihnasarja\\\/#primaryimage\"},\"thumbnailUrl\":\"https:\\\/\\\/ebikespareparts.fi\\\/wp-content\\\/uploads\\\/2025\\\/03\\\/3fAk6X4pv6qXOrOv39ofsKQt7mFecNXZ8sB4IPEDXbg6Pxh757.jpg\",\"datePublished\":\"2023-10-03T12:18:00+00:00\",\"dateModified\":\"2026-03-10T13:27:27+00:00\",\"breadcrumb\":{\"@id\":\"https:\\\/\\\/ebikespareparts.fi\\\/tuote\\\/plb20141-brose-s-mag-moottorin-kayttohihnasarja\\\/#breadcrumb\"},\"inLanguage\":\"sv-SE\",\"potentialAction\":[{\"@type\":\"ReadAction\",\"target\":[\"https:\\\/\\\/ebikespareparts.fi\\\/tuote\\\/plb20141-brose-s-mag-moottorin-kayttohihnasarja\\\/\"]}]},{\"@type\":\"ImageObject\",\"inLanguage\":\"sv-SE\",\"@id\":\"https:\\\/\\\/ebikespareparts.fi\\\/tuote\\\/plb20141-brose-s-mag-moottorin-kayttohihnasarja\\\/#primaryimage\",\"url\":\"https:\\\/\\\/ebikespareparts.fi\\\/wp-content\\\/uploads\\\/2025\\\/03\\\/3fAk6X4pv6qXOrOv39ofsKQt7mFecNXZ8sB4IPEDXbg6Pxh757.jpg\",\"contentUrl\":\"https:\\\/\\\/ebikespareparts.fi\\\/wp-content\\\/uploads\\\/2025\\\/03\\\/3fAk6X4pv6qXOrOv39ofsKQt7mFecNXZ8sB4IPEDXbg6Pxh757.jpg\",\"width\":1000,\"height\":681,\"caption\":\"3fAk6X4pv6qXOrOv39ofsKQt7mFecNXZ8sB4IPEDXbg6Pxh757\"},{\"@type\":\"BreadcrumbList\",\"@id\":\"https:\\\/\\\/ebikespareparts.fi\\\/tuote\\\/plb20141-brose-s-mag-moottorin-kayttohihnasarja\\\/#breadcrumb\",\"itemListElement\":[{\"@type\":\"ListItem\",\"position\":1,\"name\":\"Etusivu\",\"item\":\"https:\\\/\\\/ebikespareparts.fi\\\/\"},{\"@type\":\"ListItem\",\"position\":2,\"name\":\"Kauppa\",\"item\":\"https:\\\/\\\/ebikespareparts.fi\\\/kauppa\\\/\"},{\"@type\":\"ListItem\",\"position\":3,\"name\":\"PLB20141 Brose S Mag moottorin k\u00e4ytt\u00f6hihnasarja\"}]},{\"@type\":\"WebSite\",\"@id\":\"https:\\\/\\\/ebikespareparts.fi\\\/#website\",\"url\":\"https:\\\/\\\/ebikespareparts.fi\\\/\",\"name\":\"Ebikespareparts.fi\",\"description\":\"S\u00e4hk\u00f6py\u00f6r\u00e4n osat - E-bike osat - Huolto\",\"publisher\":{\"@id\":\"https:\\\/\\\/ebikespareparts.fi\\\/#organization\"},\"potentialAction\":[{\"@type\":\"SearchAction\",\"target\":{\"@type\":\"EntryPoint\",\"urlTemplate\":\"https:\\\/\\\/ebikespareparts.fi\\\/?s={search_term_string}\"},\"query-input\":{\"@type\":\"PropertyValueSpecification\",\"valueRequired\":true,\"valueName\":\"search_term_string\"}}],\"inLanguage\":\"sv-SE\"},{\"@type\":\"Organization\",\"@id\":\"https:\\\/\\\/ebikespareparts.fi\\\/#organization\",\"name\":\"Ebikespareparts.fi\",\"url\":\"https:\\\/\\\/ebikespareparts.fi\\\/\",\"logo\":{\"@type\":\"ImageObject\",\"inLanguage\":\"sv-SE\",\"@id\":\"https:\\\/\\\/ebikespareparts.fi\\\/#\\\/schema\\\/logo\\\/image\\\/\",\"url\":\"https:\\\/\\\/ebikespareparts.fi\\\/wp-content\\\/uploads\\\/2024\\\/05\\\/logo-musta-tausta.jpg\",\"contentUrl\":\"https:\\\/\\\/ebikespareparts.fi\\\/wp-content\\\/uploads\\\/2024\\\/05\\\/logo-musta-tausta.jpg\",\"width\":1013,\"height\":950,\"caption\":\"Ebikespareparts.fi\"},\"image\":{\"@id\":\"https:\\\/\\\/ebikespareparts.fi\\\/#\\\/schema\\\/logo\\\/image\\\/\"},\"sameAs\":[\"https:\\\/\\\/www.facebook.com\\\/smhj.fi\"]}]}<\/script>\n<!-- \/ Yoast SEO plugin. -->","yoast_head_json":{"title":"PLB20141 Brose S Mag moottorin k\u00e4ytt\u00f6hihnasarja - Ebikespareparts.fi","robots":{"index":"index","follow":"follow","max-snippet":"max-snippet:-1","max-image-preview":"max-image-preview:large","max-video-preview":"max-video-preview:-1"},"canonical":"https:\/\/ebikespareparts.fi\/sv\/produkt\/plb20141-brose-s-mag-moottorin-kayttohihnasarja\/","og_locale":"sv_SE","og_type":"article","og_title":"PLB20141 Brose S Mag moottorin k\u00e4ytt\u00f6hihnasarja - Ebikespareparts.fi","og_description":"Brose S Mag musta magnesium moottorin k\u00e4ytt\u00f6hihnasarja (musta magnesium moottori) Alkuper\u00e4inen hihnasarja titaani ruuvit tiiviste o rengas ja uusi hihnankireyden s\u00e4\u00e4t\u00f6ruuvi sek\u00e4 o-rengas ja tarra s\u00e4\u00e4t\u00f6ruuvin suojaksi. Brose-hiilikuituhihnan molemmat puolet on voideltava runsaasti \u201dteknisell\u00e4\u201d vaseliinilla. T\u00e4m\u00e4n laiminly\u00f6nti johtaa hihnan korkeaan kulumiseen ja l\u00e4mp\u00f6tilaan ja voi aiheuttaa liiallista melua. Tekninen vaseliini on sy\u00f6vytt\u00e4m\u00e4t\u00f6n \u00f6ljyjen ja pitk\u00e4ketjuisten \u2026  PLB20141 Brose S Mag moottorin k\u00e4ytt\u00f6hihnasarja","og_url":"https:\/\/ebikespareparts.fi\/sv\/produkt\/plb20141-brose-s-mag-moottorin-kayttohihnasarja\/","og_site_name":"Ebikespareparts.fi","article_publisher":"https:\/\/www.facebook.com\/smhj.fi","article_modified_time":"2026-03-10T13:27:27+00:00","og_image":[{"width":1000,"height":681,"url":"https:\/\/ebikespareparts.fi\/wp-content\/uploads\/2025\/03\/3fAk6X4pv6qXOrOv39ofsKQt7mFecNXZ8sB4IPEDXbg6Pxh757.jpg","type":"image\/jpeg"}],"twitter_card":"summary_large_image","twitter_misc":{"Ber\u00e4knad l\u00e4stid":"2 minuter"},"schema":{"@context":"https:\/\/schema.org","@graph":[{"@type":"WebPage","@id":"https:\/\/ebikespareparts.fi\/tuote\/plb20141-brose-s-mag-moottorin-kayttohihnasarja\/","url":"https:\/\/ebikespareparts.fi\/tuote\/plb20141-brose-s-mag-moottorin-kayttohihnasarja\/","name":"PLB20141 Brose S Mag moottorin k\u00e4ytt\u00f6hihnasarja - Ebikespareparts.fi","isPartOf":{"@id":"https:\/\/ebikespareparts.fi\/#website"},"primaryImageOfPage":{"@id":"https:\/\/ebikespareparts.fi\/tuote\/plb20141-brose-s-mag-moottorin-kayttohihnasarja\/#primaryimage"},"image":{"@id":"https:\/\/ebikespareparts.fi\/tuote\/plb20141-brose-s-mag-moottorin-kayttohihnasarja\/#primaryimage"},"thumbnailUrl":"https:\/\/ebikespareparts.fi\/wp-content\/uploads\/2025\/03\/3fAk6X4pv6qXOrOv39ofsKQt7mFecNXZ8sB4IPEDXbg6Pxh757.jpg","datePublished":"2023-10-03T12:18:00+00:00","dateModified":"2026-03-10T13:27:27+00:00","breadcrumb":{"@id":"https:\/\/ebikespareparts.fi\/tuote\/plb20141-brose-s-mag-moottorin-kayttohihnasarja\/#breadcrumb"},"inLanguage":"sv-SE","potentialAction":[{"@type":"ReadAction","target":["https:\/\/ebikespareparts.fi\/tuote\/plb20141-brose-s-mag-moottorin-kayttohihnasarja\/"]}]},{"@type":"ImageObject","inLanguage":"sv-SE","@id":"https:\/\/ebikespareparts.fi\/tuote\/plb20141-brose-s-mag-moottorin-kayttohihnasarja\/#primaryimage","url":"https:\/\/ebikespareparts.fi\/wp-content\/uploads\/2025\/03\/3fAk6X4pv6qXOrOv39ofsKQt7mFecNXZ8sB4IPEDXbg6Pxh757.jpg","contentUrl":"https:\/\/ebikespareparts.fi\/wp-content\/uploads\/2025\/03\/3fAk6X4pv6qXOrOv39ofsKQt7mFecNXZ8sB4IPEDXbg6Pxh757.jpg","width":1000,"height":681,"caption":"3fAk6X4pv6qXOrOv39ofsKQt7mFecNXZ8sB4IPEDXbg6Pxh757"},{"@type":"BreadcrumbList","@id":"https:\/\/ebikespareparts.fi\/tuote\/plb20141-brose-s-mag-moottorin-kayttohihnasarja\/#breadcrumb","itemListElement":[{"@type":"ListItem","position":1,"name":"Etusivu","item":"https:\/\/ebikespareparts.fi\/"},{"@type":"ListItem","position":2,"name":"Kauppa","item":"https:\/\/ebikespareparts.fi\/kauppa\/"},{"@type":"ListItem","position":3,"name":"PLB20141 Brose S Mag moottorin k\u00e4ytt\u00f6hihnasarja"}]},{"@type":"WebSite","@id":"https:\/\/ebikespareparts.fi\/#website","url":"https:\/\/ebikespareparts.fi\/","name":"Ebikespareparts.fi","description":"S\u00e4hk\u00f6py\u00f6r\u00e4n osat - E-bike osat - Huolto","publisher":{"@id":"https:\/\/ebikespareparts.fi\/#organization"},"potentialAction":[{"@type":"SearchAction","target":{"@type":"EntryPoint","urlTemplate":"https:\/\/ebikespareparts.fi\/?s={search_term_string}"},"query-input":{"@type":"PropertyValueSpecification","valueRequired":true,"valueName":"search_term_string"}}],"inLanguage":"sv-SE"},{"@type":"Organization","@id":"https:\/\/ebikespareparts.fi\/#organization","name":"Ebikespareparts.fi","url":"https:\/\/ebikespareparts.fi\/","logo":{"@type":"ImageObject","inLanguage":"sv-SE","@id":"https:\/\/ebikespareparts.fi\/#\/schema\/logo\/image\/","url":"https:\/\/ebikespareparts.fi\/wp-content\/uploads\/2024\/05\/logo-musta-tausta.jpg","contentUrl":"https:\/\/ebikespareparts.fi\/wp-content\/uploads\/2024\/05\/logo-musta-tausta.jpg","width":1013,"height":950,"caption":"Ebikespareparts.fi"},"image":{"@id":"https:\/\/ebikespareparts.fi\/#\/schema\/logo\/image\/"},"sameAs":["https:\/\/www.facebook.com\/smhj.fi"]}]}},"_links":{"self":[{"href":"https:\/\/ebikespareparts.fi\/sv\/wp-json\/wp\/v2\/product\/349","targetHints":{"allow":["GET"]}}],"collection":[{"href":"https:\/\/ebikespareparts.fi\/sv\/wp-json\/wp\/v2\/product"}],"about":[{"href":"https:\/\/ebikespareparts.fi\/sv\/wp-json\/wp\/v2\/types\/product"}],"replies":[{"embeddable":true,"href":"https:\/\/ebikespareparts.fi\/sv\/wp-json\/wp\/v2\/comments?post=349"}],"version-history":[{"count":1,"href":"https:\/\/ebikespareparts.fi\/sv\/wp-json\/wp\/v2\/product\/349\/revisions"}],"predecessor-version":[{"id":49174,"href":"https:\/\/ebikespareparts.fi\/sv\/wp-json\/wp\/v2\/product\/349\/revisions\/49174"}],"wp:featuredmedia":[{"embeddable":true,"href":"https:\/\/ebikespareparts.fi\/sv\/wp-json\/wp\/v2\/media\/47289"}],"wp:attachment":[{"href":"https:\/\/ebikespareparts.fi\/sv\/wp-json\/wp\/v2\/media?parent=349"}],"wp:term":[{"taxonomy":"product_brand","embeddable":true,"href":"https:\/\/ebikespareparts.fi\/sv\/wp-json\/wp\/v2\/product_brand?post=349"},{"taxonomy":"product_cat","embeddable":true,"href":"https:\/\/ebikespareparts.fi\/sv\/wp-json\/wp\/v2\/product_cat?post=349"},{"taxonomy":"product_tag","embeddable":true,"href":"https:\/\/ebikespareparts.fi\/sv\/wp-json\/wp\/v2\/product_tag?post=349"}],"curies":[{"name":"wp","href":"https:\/\/api.w.org\/{rel}","templated":true}]}}