{"id":350,"date":"2023-10-03T15:18:00","date_gmt":"2023-10-03T12:18:00","guid":{"rendered":"https:\/\/ebikespareparts.fi\/?post_type=product&#038;p=350"},"modified":"2026-03-10T15:27:24","modified_gmt":"2026-03-10T13:27:24","slug":"plb20140-brose-s-t-moottorin-hiilikuitu-vahvistettu-kayttohihnasarja-osa-no-plb20140","status":"publish","type":"product","link":"https:\/\/ebikespareparts.fi\/sv\/produkt\/plb20140-brose-s-t-moottorin-hiilikuitu-vahvistettu-kayttohihnasarja-osa-no-plb20140\/","title":{"rendered":"PLB20140 Kolfiberf\u00f6rst\u00e4rkt drivremssats f\u00f6r Brose S&amp;T-motor"},"content":{"rendered":"<p>PLB20140 Brose S&amp;T aluminium kappa. B\u00e5da sidorna av motorns Brose kolfiberrem m\u00e5ste sm\u00f6rjas rikligt med \u201dteknisk\u201d vaselin. Om detta inte g\u00f6rs kommer det att leda till h\u00f6gt remslitage och h\u00f6g temperatur och kan orsaka \u00f6verdrivet buller. Teknisk vaselin \u00e4r en icke-korrosiv blandning av oljor och l\u00e5ngkedjiga icke-pol\u00e4ra kolv\u00e4ten, men \u00e4r i allm\u00e4nhet tjockare \u00e4n vaselin av farmaceutisk kvalitet. Produkten har en l\u00e5g sm\u00e4ltpunkt, vilket \u00e4r viktigt om remmen torkar ut och b\u00f6rjar v\u00e4rmas upp.<\/p>\n<p>PLB20151 Teknisk vaselin f\u00f6r sm\u00f6rjning av drivremmen appliceras b\u00e4st med till exempel en gammal tandborste, vilket \u00e4r bra f\u00f6r det.<\/p>\n<p><strong>OBS! n\u00e5gra tips. Kom ih\u00e5g att ta bort justeringsskruven f\u00f6r remskivan innan du tar bort sidok\u00e5pan. Anv\u00e4nd ett 6 mm g\u00e4ngstift f\u00f6r att reng\u00f6ra g\u00e4ngan. Installera spindeln f\u00f6rst efter att du har installerat sidohuvudet f\u00f6r att g\u00f6ra jobbet enklare Sm\u00f6rj remmen p\u00e5 b\u00e5da sidor Kom ih\u00e5g att remsp\u00e4nningen bara \u00e4r 0,2 nm om den blir f\u00f6r stram kan remskivan och elmotorns lager samt remmen g\u00e5 s\u00f6nder. Momentnyckel 0,2nm produktnummer PLA00925 finns i Brose verktygsavdelning...<\/strong><\/p>","protected":false},"excerpt":{"rendered":"<p>PLB20140 Brose S &amp; T alumiini koppainen. Moottorin Brose-hiilikuituhihnan molemmat puolet on voideltava runsaasti &#8221;teknisell\u00e4&#8221; vaseliinilla. T\u00e4m\u00e4n laiminly\u00f6nti johtaa hihnan korkeaan kulumiseen ja l\u00e4mp\u00f6tilaan ja voi aiheuttaa liiallista melua. Tekninen vaseliini on sy\u00f6vytt\u00e4m\u00e4t\u00f6n \u00f6ljyjen ja pitk\u00e4ketjuisten ei-polaaristen hiilivetyjen seos, mutta yleens\u00e4 paksumpi kuin farmaseuttinen vaseliini. Tuotteella on alhainen sulamispiste joka on t\u00e4rke\u00e4\u00e4, jos hihna kuivuu <a href=\"https:\/\/ebikespareparts.fi\/sv\/produkt\/plb20140-brose-s-t-moottorin-hiilikuitu-vahvistettu-kayttohihnasarja-osa-no-plb20140\/\" class=\"more-link\">\u2026 <span class=\"screen-reader-text\">  PLB20140 Kolfiberf\u00f6rst\u00e4rkt drivremssats f\u00f6r Brose S&amp;T-motor<\/span><\/a><\/p>","protected":false},"featured_media":47524,"comment_status":"open","ping_status":"closed","template":"","meta":{"_acf_changed":false},"product_brand":[],"product_cat":[66,131],"product_tag":[],"class_list":{"0":"post-350","1":"product","2":"type-product","3":"status-publish","4":"has-post-thumbnail","6":"product_cat-brose","7":"product_cat-brose-moottorit-ja-varaosat","9":"first","10":"outofstock","11":"taxable","12":"shipping-taxable","13":"purchasable","14":"product-type-simple"},"acf":[],"yoast_head":"<!-- This site is optimized with the Yoast SEO plugin v27.5 - https:\/\/yoast.com\/product\/yoast-seo-wordpress\/ -->\n<title>PLB20140 Brose S &amp; T -moottorin hiilikuitu vahvistettu k\u00e4ytt\u00f6hihnasarja - Ebikespareparts.fi<\/title>\n<meta name=\"robots\" content=\"index, follow, max-snippet:-1, max-image-preview:large, max-video-preview:-1\" \/>\n<link rel=\"canonical\" href=\"https:\/\/ebikespareparts.fi\/sv\/produkt\/plb20140-brose-s-t-moottorin-hiilikuitu-vahvistettu-kayttohihnasarja-osa-no-plb20140\/\" \/>\n<meta property=\"og:locale\" content=\"sv_SE\" \/>\n<meta property=\"og:type\" content=\"article\" \/>\n<meta property=\"og:title\" content=\"PLB20140 Brose S &amp; T -moottorin hiilikuitu vahvistettu k\u00e4ytt\u00f6hihnasarja - Ebikespareparts.fi\" \/>\n<meta property=\"og:description\" content=\"PLB20140 Brose S &amp; T alumiini koppainen. Moottorin Brose-hiilikuituhihnan molemmat puolet on voideltava runsaasti &#8221;teknisell\u00e4&#8221; vaseliinilla. T\u00e4m\u00e4n laiminly\u00f6nti johtaa hihnan korkeaan kulumiseen ja l\u00e4mp\u00f6tilaan ja voi aiheuttaa liiallista melua. Tekninen vaseliini on sy\u00f6vytt\u00e4m\u00e4t\u00f6n \u00f6ljyjen ja pitk\u00e4ketjuisten ei-polaaristen hiilivetyjen seos, mutta yleens\u00e4 paksumpi kuin farmaseuttinen vaseliini. Tuotteella on alhainen sulamispiste joka on t\u00e4rke\u00e4\u00e4, jos hihna kuivuu \u2026  PLB20140 Brose S &amp; T -moottorin hiilikuitu vahvistettu k\u00e4ytt\u00f6hihnasarja\" \/>\n<meta property=\"og:url\" content=\"https:\/\/ebikespareparts.fi\/sv\/produkt\/plb20140-brose-s-t-moottorin-hiilikuitu-vahvistettu-kayttohihnasarja-osa-no-plb20140\/\" \/>\n<meta property=\"og:site_name\" content=\"Ebikespareparts.fi\" \/>\n<meta property=\"article:publisher\" content=\"https:\/\/www.facebook.com\/smhj.fi\" \/>\n<meta property=\"article:modified_time\" content=\"2026-03-10T13:27:24+00:00\" \/>\n<meta property=\"og:image\" content=\"https:\/\/ebikespareparts.fi\/wp-content\/uploads\/2025\/03\/q8a54ObfkZtpmwODSUCuLi9UOa77H87MUEIV2WjRGcfLiQjsJb.jpg\" \/>\n\t<meta property=\"og:image:width\" content=\"1000\" \/>\n\t<meta property=\"og:image:height\" content=\"628\" \/>\n\t<meta property=\"og:image:type\" content=\"image\/jpeg\" \/>\n<meta name=\"twitter:card\" content=\"summary_large_image\" \/>\n<meta name=\"twitter:label1\" content=\"Ber\u00e4knad l\u00e4stid\" \/>\n\t<meta name=\"twitter:data1\" content=\"2 minuter\" \/>\n<script type=\"application\/ld+json\" class=\"yoast-schema-graph\">{\"@context\":\"https:\\\/\\\/schema.org\",\"@graph\":[{\"@type\":\"WebPage\",\"@id\":\"https:\\\/\\\/ebikespareparts.fi\\\/tuote\\\/plb20140-brose-s-t-moottorin-hiilikuitu-vahvistettu-kayttohihnasarja-osa-no-plb20140\\\/\",\"url\":\"https:\\\/\\\/ebikespareparts.fi\\\/tuote\\\/plb20140-brose-s-t-moottorin-hiilikuitu-vahvistettu-kayttohihnasarja-osa-no-plb20140\\\/\",\"name\":\"PLB20140 Brose S &amp; T -moottorin hiilikuitu vahvistettu k\u00e4ytt\u00f6hihnasarja - Ebikespareparts.fi\",\"isPartOf\":{\"@id\":\"https:\\\/\\\/ebikespareparts.fi\\\/#website\"},\"primaryImageOfPage\":{\"@id\":\"https:\\\/\\\/ebikespareparts.fi\\\/tuote\\\/plb20140-brose-s-t-moottorin-hiilikuitu-vahvistettu-kayttohihnasarja-osa-no-plb20140\\\/#primaryimage\"},\"image\":{\"@id\":\"https:\\\/\\\/ebikespareparts.fi\\\/tuote\\\/plb20140-brose-s-t-moottorin-hiilikuitu-vahvistettu-kayttohihnasarja-osa-no-plb20140\\\/#primaryimage\"},\"thumbnailUrl\":\"https:\\\/\\\/ebikespareparts.fi\\\/wp-content\\\/uploads\\\/2025\\\/03\\\/q8a54ObfkZtpmwODSUCuLi9UOa77H87MUEIV2WjRGcfLiQjsJb.jpg\",\"datePublished\":\"2023-10-03T12:18:00+00:00\",\"dateModified\":\"2026-03-10T13:27:24+00:00\",\"breadcrumb\":{\"@id\":\"https:\\\/\\\/ebikespareparts.fi\\\/tuote\\\/plb20140-brose-s-t-moottorin-hiilikuitu-vahvistettu-kayttohihnasarja-osa-no-plb20140\\\/#breadcrumb\"},\"inLanguage\":\"sv-SE\",\"potentialAction\":[{\"@type\":\"ReadAction\",\"target\":[\"https:\\\/\\\/ebikespareparts.fi\\\/tuote\\\/plb20140-brose-s-t-moottorin-hiilikuitu-vahvistettu-kayttohihnasarja-osa-no-plb20140\\\/\"]}]},{\"@type\":\"ImageObject\",\"inLanguage\":\"sv-SE\",\"@id\":\"https:\\\/\\\/ebikespareparts.fi\\\/tuote\\\/plb20140-brose-s-t-moottorin-hiilikuitu-vahvistettu-kayttohihnasarja-osa-no-plb20140\\\/#primaryimage\",\"url\":\"https:\\\/\\\/ebikespareparts.fi\\\/wp-content\\\/uploads\\\/2025\\\/03\\\/q8a54ObfkZtpmwODSUCuLi9UOa77H87MUEIV2WjRGcfLiQjsJb.jpg\",\"contentUrl\":\"https:\\\/\\\/ebikespareparts.fi\\\/wp-content\\\/uploads\\\/2025\\\/03\\\/q8a54ObfkZtpmwODSUCuLi9UOa77H87MUEIV2WjRGcfLiQjsJb.jpg\",\"width\":1000,\"height\":628,\"caption\":\"q8a54ObfkZtpmwODSUCuLi9UOa77H87MUEIV2WjRGcfLiQjsJb\"},{\"@type\":\"BreadcrumbList\",\"@id\":\"https:\\\/\\\/ebikespareparts.fi\\\/tuote\\\/plb20140-brose-s-t-moottorin-hiilikuitu-vahvistettu-kayttohihnasarja-osa-no-plb20140\\\/#breadcrumb\",\"itemListElement\":[{\"@type\":\"ListItem\",\"position\":1,\"name\":\"Etusivu\",\"item\":\"https:\\\/\\\/ebikespareparts.fi\\\/\"},{\"@type\":\"ListItem\",\"position\":2,\"name\":\"Kauppa\",\"item\":\"https:\\\/\\\/ebikespareparts.fi\\\/kauppa\\\/\"},{\"@type\":\"ListItem\",\"position\":3,\"name\":\"PLB20140 Brose S &amp; T -moottorin hiilikuitu vahvistettu k\u00e4ytt\u00f6hihnasarja\"}]},{\"@type\":\"WebSite\",\"@id\":\"https:\\\/\\\/ebikespareparts.fi\\\/#website\",\"url\":\"https:\\\/\\\/ebikespareparts.fi\\\/\",\"name\":\"Ebikespareparts.fi\",\"description\":\"S\u00e4hk\u00f6py\u00f6r\u00e4n osat - E-bike osat - Huolto\",\"publisher\":{\"@id\":\"https:\\\/\\\/ebikespareparts.fi\\\/#organization\"},\"potentialAction\":[{\"@type\":\"SearchAction\",\"target\":{\"@type\":\"EntryPoint\",\"urlTemplate\":\"https:\\\/\\\/ebikespareparts.fi\\\/?s={search_term_string}\"},\"query-input\":{\"@type\":\"PropertyValueSpecification\",\"valueRequired\":true,\"valueName\":\"search_term_string\"}}],\"inLanguage\":\"sv-SE\"},{\"@type\":\"Organization\",\"@id\":\"https:\\\/\\\/ebikespareparts.fi\\\/#organization\",\"name\":\"Ebikespareparts.fi\",\"url\":\"https:\\\/\\\/ebikespareparts.fi\\\/\",\"logo\":{\"@type\":\"ImageObject\",\"inLanguage\":\"sv-SE\",\"@id\":\"https:\\\/\\\/ebikespareparts.fi\\\/#\\\/schema\\\/logo\\\/image\\\/\",\"url\":\"https:\\\/\\\/ebikespareparts.fi\\\/wp-content\\\/uploads\\\/2024\\\/05\\\/logo-musta-tausta.jpg\",\"contentUrl\":\"https:\\\/\\\/ebikespareparts.fi\\\/wp-content\\\/uploads\\\/2024\\\/05\\\/logo-musta-tausta.jpg\",\"width\":1013,\"height\":950,\"caption\":\"Ebikespareparts.fi\"},\"image\":{\"@id\":\"https:\\\/\\\/ebikespareparts.fi\\\/#\\\/schema\\\/logo\\\/image\\\/\"},\"sameAs\":[\"https:\\\/\\\/www.facebook.com\\\/smhj.fi\"]}]}<\/script>\n<!-- \/ Yoast SEO plugin. -->","yoast_head_json":{"title":"PLB20140 Brose S &amp; T -moottorin hiilikuitu vahvistettu k\u00e4ytt\u00f6hihnasarja - Ebikespareparts.fi","robots":{"index":"index","follow":"follow","max-snippet":"max-snippet:-1","max-image-preview":"max-image-preview:large","max-video-preview":"max-video-preview:-1"},"canonical":"https:\/\/ebikespareparts.fi\/sv\/produkt\/plb20140-brose-s-t-moottorin-hiilikuitu-vahvistettu-kayttohihnasarja-osa-no-plb20140\/","og_locale":"sv_SE","og_type":"article","og_title":"PLB20140 Brose S &amp; T -moottorin hiilikuitu vahvistettu k\u00e4ytt\u00f6hihnasarja - Ebikespareparts.fi","og_description":"PLB20140 Brose S &amp; T alumiini koppainen. Moottorin Brose-hiilikuituhihnan molemmat puolet on voideltava runsaasti &#8221;teknisell\u00e4&#8221; vaseliinilla. T\u00e4m\u00e4n laiminly\u00f6nti johtaa hihnan korkeaan kulumiseen ja l\u00e4mp\u00f6tilaan ja voi aiheuttaa liiallista melua. Tekninen vaseliini on sy\u00f6vytt\u00e4m\u00e4t\u00f6n \u00f6ljyjen ja pitk\u00e4ketjuisten ei-polaaristen hiilivetyjen seos, mutta yleens\u00e4 paksumpi kuin farmaseuttinen vaseliini. Tuotteella on alhainen sulamispiste joka on t\u00e4rke\u00e4\u00e4, jos hihna kuivuu \u2026  PLB20140 Brose S &amp; T -moottorin hiilikuitu vahvistettu k\u00e4ytt\u00f6hihnasarja","og_url":"https:\/\/ebikespareparts.fi\/sv\/produkt\/plb20140-brose-s-t-moottorin-hiilikuitu-vahvistettu-kayttohihnasarja-osa-no-plb20140\/","og_site_name":"Ebikespareparts.fi","article_publisher":"https:\/\/www.facebook.com\/smhj.fi","article_modified_time":"2026-03-10T13:27:24+00:00","og_image":[{"width":1000,"height":628,"url":"https:\/\/ebikespareparts.fi\/wp-content\/uploads\/2025\/03\/q8a54ObfkZtpmwODSUCuLi9UOa77H87MUEIV2WjRGcfLiQjsJb.jpg","type":"image\/jpeg"}],"twitter_card":"summary_large_image","twitter_misc":{"Ber\u00e4knad l\u00e4stid":"2 minuter"},"schema":{"@context":"https:\/\/schema.org","@graph":[{"@type":"WebPage","@id":"https:\/\/ebikespareparts.fi\/tuote\/plb20140-brose-s-t-moottorin-hiilikuitu-vahvistettu-kayttohihnasarja-osa-no-plb20140\/","url":"https:\/\/ebikespareparts.fi\/tuote\/plb20140-brose-s-t-moottorin-hiilikuitu-vahvistettu-kayttohihnasarja-osa-no-plb20140\/","name":"PLB20140 Brose S &amp; T -moottorin hiilikuitu vahvistettu k\u00e4ytt\u00f6hihnasarja - Ebikespareparts.fi","isPartOf":{"@id":"https:\/\/ebikespareparts.fi\/#website"},"primaryImageOfPage":{"@id":"https:\/\/ebikespareparts.fi\/tuote\/plb20140-brose-s-t-moottorin-hiilikuitu-vahvistettu-kayttohihnasarja-osa-no-plb20140\/#primaryimage"},"image":{"@id":"https:\/\/ebikespareparts.fi\/tuote\/plb20140-brose-s-t-moottorin-hiilikuitu-vahvistettu-kayttohihnasarja-osa-no-plb20140\/#primaryimage"},"thumbnailUrl":"https:\/\/ebikespareparts.fi\/wp-content\/uploads\/2025\/03\/q8a54ObfkZtpmwODSUCuLi9UOa77H87MUEIV2WjRGcfLiQjsJb.jpg","datePublished":"2023-10-03T12:18:00+00:00","dateModified":"2026-03-10T13:27:24+00:00","breadcrumb":{"@id":"https:\/\/ebikespareparts.fi\/tuote\/plb20140-brose-s-t-moottorin-hiilikuitu-vahvistettu-kayttohihnasarja-osa-no-plb20140\/#breadcrumb"},"inLanguage":"sv-SE","potentialAction":[{"@type":"ReadAction","target":["https:\/\/ebikespareparts.fi\/tuote\/plb20140-brose-s-t-moottorin-hiilikuitu-vahvistettu-kayttohihnasarja-osa-no-plb20140\/"]}]},{"@type":"ImageObject","inLanguage":"sv-SE","@id":"https:\/\/ebikespareparts.fi\/tuote\/plb20140-brose-s-t-moottorin-hiilikuitu-vahvistettu-kayttohihnasarja-osa-no-plb20140\/#primaryimage","url":"https:\/\/ebikespareparts.fi\/wp-content\/uploads\/2025\/03\/q8a54ObfkZtpmwODSUCuLi9UOa77H87MUEIV2WjRGcfLiQjsJb.jpg","contentUrl":"https:\/\/ebikespareparts.fi\/wp-content\/uploads\/2025\/03\/q8a54ObfkZtpmwODSUCuLi9UOa77H87MUEIV2WjRGcfLiQjsJb.jpg","width":1000,"height":628,"caption":"q8a54ObfkZtpmwODSUCuLi9UOa77H87MUEIV2WjRGcfLiQjsJb"},{"@type":"BreadcrumbList","@id":"https:\/\/ebikespareparts.fi\/tuote\/plb20140-brose-s-t-moottorin-hiilikuitu-vahvistettu-kayttohihnasarja-osa-no-plb20140\/#breadcrumb","itemListElement":[{"@type":"ListItem","position":1,"name":"Etusivu","item":"https:\/\/ebikespareparts.fi\/"},{"@type":"ListItem","position":2,"name":"Kauppa","item":"https:\/\/ebikespareparts.fi\/kauppa\/"},{"@type":"ListItem","position":3,"name":"PLB20140 Brose S &amp; T -moottorin hiilikuitu vahvistettu k\u00e4ytt\u00f6hihnasarja"}]},{"@type":"WebSite","@id":"https:\/\/ebikespareparts.fi\/#website","url":"https:\/\/ebikespareparts.fi\/","name":"Ebikespareparts.fi","description":"S\u00e4hk\u00f6py\u00f6r\u00e4n osat - E-bike osat - Huolto","publisher":{"@id":"https:\/\/ebikespareparts.fi\/#organization"},"potentialAction":[{"@type":"SearchAction","target":{"@type":"EntryPoint","urlTemplate":"https:\/\/ebikespareparts.fi\/?s={search_term_string}"},"query-input":{"@type":"PropertyValueSpecification","valueRequired":true,"valueName":"search_term_string"}}],"inLanguage":"sv-SE"},{"@type":"Organization","@id":"https:\/\/ebikespareparts.fi\/#organization","name":"Ebikespareparts.fi","url":"https:\/\/ebikespareparts.fi\/","logo":{"@type":"ImageObject","inLanguage":"sv-SE","@id":"https:\/\/ebikespareparts.fi\/#\/schema\/logo\/image\/","url":"https:\/\/ebikespareparts.fi\/wp-content\/uploads\/2024\/05\/logo-musta-tausta.jpg","contentUrl":"https:\/\/ebikespareparts.fi\/wp-content\/uploads\/2024\/05\/logo-musta-tausta.jpg","width":1013,"height":950,"caption":"Ebikespareparts.fi"},"image":{"@id":"https:\/\/ebikespareparts.fi\/#\/schema\/logo\/image\/"},"sameAs":["https:\/\/www.facebook.com\/smhj.fi"]}]}},"_links":{"self":[{"href":"https:\/\/ebikespareparts.fi\/sv\/wp-json\/wp\/v2\/product\/350","targetHints":{"allow":["GET"]}}],"collection":[{"href":"https:\/\/ebikespareparts.fi\/sv\/wp-json\/wp\/v2\/product"}],"about":[{"href":"https:\/\/ebikespareparts.fi\/sv\/wp-json\/wp\/v2\/types\/product"}],"replies":[{"embeddable":true,"href":"https:\/\/ebikespareparts.fi\/sv\/wp-json\/wp\/v2\/comments?post=350"}],"version-history":[{"count":1,"href":"https:\/\/ebikespareparts.fi\/sv\/wp-json\/wp\/v2\/product\/350\/revisions"}],"predecessor-version":[{"id":49158,"href":"https:\/\/ebikespareparts.fi\/sv\/wp-json\/wp\/v2\/product\/350\/revisions\/49158"}],"wp:featuredmedia":[{"embeddable":true,"href":"https:\/\/ebikespareparts.fi\/sv\/wp-json\/wp\/v2\/media\/47524"}],"wp:attachment":[{"href":"https:\/\/ebikespareparts.fi\/sv\/wp-json\/wp\/v2\/media?parent=350"}],"wp:term":[{"taxonomy":"product_brand","embeddable":true,"href":"https:\/\/ebikespareparts.fi\/sv\/wp-json\/wp\/v2\/product_brand?post=350"},{"taxonomy":"product_cat","embeddable":true,"href":"https:\/\/ebikespareparts.fi\/sv\/wp-json\/wp\/v2\/product_cat?post=350"},{"taxonomy":"product_tag","embeddable":true,"href":"https:\/\/ebikespareparts.fi\/sv\/wp-json\/wp\/v2\/product_tag?post=350"}],"curies":[{"name":"wp","href":"https:\/\/api.w.org\/{rel}","templated":true}]}}