{"id":381,"date":"2023-10-03T15:18:23","date_gmt":"2023-10-03T12:18:23","guid":{"rendered":"https:\/\/ebikespareparts.fi\/?post_type=product&#038;p=381"},"modified":"2026-03-10T15:27:42","modified_gmt":"2026-03-10T13:27:42","slug":"loctite-641-keskiluja-kiinnike","status":"publish","type":"product","link":"https:\/\/ebikespareparts.fi\/sv\/produkt\/loctite-641-keskiluja-kiinnike\/","title":{"rendered":"Loctite 641 Centrallinjef\u00e4stelement"},"content":{"rendered":"<h3>Loctite 641 Centrallinjef\u00e4stelement<\/h3>\n<p>Loctite 641 \u00e4r avsedd f\u00f6r limning av cylindriska delar, s\u00e4rskilt n\u00e4r demontering kr\u00e4vs f\u00f6r underh\u00e5ll. Produkten h\u00e4rdar n\u00e4r den \u00e4r avskild fr\u00e5n luft och inkl\u00e4md mellan tv\u00e5 metaller, vilket f\u00f6rhindrar lossning och l\u00e4ckage p\u00e5 grund av st\u00f6tar och vibrationer. F\u00f6r delar som ska tas bort senare, t.ex. f\u00f6r att f\u00e4sta lager p\u00e5 axlar och hus.<\/p>","protected":false},"excerpt":{"rendered":"<p>Loctite 641 Keskiluja kiinnike Loctite 641 on suunniteltu sylinterim\u00e4isten osien liimaamiseen, erityisesti kun purkamista tarvitaan huollon takia. Tuote kovettuu, kun se erotetaan ilmasta ja on kahden metallin v\u00e4liss\u00e4 ja est\u00e4\u00e4 iskuista ja t\u00e4rin\u00e4st\u00e4 johtuvan l\u00f6ystymisen ja vuodon. Osille jotka irroitetaan my\u00f6hemmin, esim. laakereiden kiinnitys akseleille ja pesiin.<\/p>","protected":false},"featured_media":47301,"comment_status":"open","ping_status":"closed","template":"","meta":{"_acf_changed":false},"product_brand":[],"product_cat":[39],"product_tag":[],"class_list":{"0":"post-381","1":"product","2":"type-product","3":"status-publish","4":"has-post-thumbnail","6":"product_cat-tyokalut","8":"first","9":"outofstock","10":"taxable","11":"shipping-taxable","12":"purchasable","13":"product-type-simple"},"acf":[],"yoast_head":"<!-- This site is optimized with the Yoast SEO plugin v27.3 - https:\/\/yoast.com\/product\/yoast-seo-wordpress\/ -->\n<title>Loctite 641 Keskiluja kiinnike - Ebikespareparts.fi<\/title>\n<meta name=\"robots\" content=\"index, follow, max-snippet:-1, max-image-preview:large, max-video-preview:-1\" \/>\n<link rel=\"canonical\" href=\"https:\/\/ebikespareparts.fi\/sv\/produkt\/loctite-641-keskiluja-kiinnike\/\" \/>\n<meta property=\"og:locale\" content=\"sv_SE\" \/>\n<meta property=\"og:type\" content=\"article\" \/>\n<meta property=\"og:title\" content=\"Loctite 641 Keskiluja kiinnike - Ebikespareparts.fi\" \/>\n<meta property=\"og:description\" content=\"Loctite 641 Keskiluja kiinnike Loctite 641 on suunniteltu sylinterim\u00e4isten osien liimaamiseen, erityisesti kun purkamista tarvitaan huollon takia. Tuote kovettuu, kun se erotetaan ilmasta ja on kahden metallin v\u00e4liss\u00e4 ja est\u00e4\u00e4 iskuista ja t\u00e4rin\u00e4st\u00e4 johtuvan l\u00f6ystymisen ja vuodon. Osille jotka irroitetaan my\u00f6hemmin, esim. laakereiden kiinnitys akseleille ja pesiin.\" \/>\n<meta property=\"og:url\" content=\"https:\/\/ebikespareparts.fi\/sv\/produkt\/loctite-641-keskiluja-kiinnike\/\" \/>\n<meta property=\"og:site_name\" content=\"Ebikespareparts.fi\" \/>\n<meta property=\"article:publisher\" content=\"https:\/\/www.facebook.com\/smhj.fi\" \/>\n<meta property=\"article:modified_time\" content=\"2026-03-10T13:27:42+00:00\" \/>\n<meta property=\"og:image\" content=\"https:\/\/ebikespareparts.fi\/wp-content\/uploads\/2025\/03\/vieznHQjD8u5VJESa33vlLregF7SaMov9f4HJNZ9ZKoHWdx7oa.jpg\" \/>\n\t<meta property=\"og:image:width\" content=\"282\" \/>\n\t<meta property=\"og:image:height\" content=\"700\" \/>\n\t<meta property=\"og:image:type\" content=\"image\/jpeg\" \/>\n<meta name=\"twitter:card\" content=\"summary_large_image\" \/>\n<script type=\"application\/ld+json\" class=\"yoast-schema-graph\">{\"@context\":\"https:\\\/\\\/schema.org\",\"@graph\":[{\"@type\":\"WebPage\",\"@id\":\"https:\\\/\\\/ebikespareparts.fi\\\/tuote\\\/loctite-641-keskiluja-kiinnike\\\/\",\"url\":\"https:\\\/\\\/ebikespareparts.fi\\\/tuote\\\/loctite-641-keskiluja-kiinnike\\\/\",\"name\":\"Loctite 641 Keskiluja kiinnike - Ebikespareparts.fi\",\"isPartOf\":{\"@id\":\"https:\\\/\\\/ebikespareparts.fi\\\/#website\"},\"primaryImageOfPage\":{\"@id\":\"https:\\\/\\\/ebikespareparts.fi\\\/tuote\\\/loctite-641-keskiluja-kiinnike\\\/#primaryimage\"},\"image\":{\"@id\":\"https:\\\/\\\/ebikespareparts.fi\\\/tuote\\\/loctite-641-keskiluja-kiinnike\\\/#primaryimage\"},\"thumbnailUrl\":\"https:\\\/\\\/ebikespareparts.fi\\\/wp-content\\\/uploads\\\/2025\\\/03\\\/vieznHQjD8u5VJESa33vlLregF7SaMov9f4HJNZ9ZKoHWdx7oa.jpg\",\"datePublished\":\"2023-10-03T12:18:23+00:00\",\"dateModified\":\"2026-03-10T13:27:42+00:00\",\"breadcrumb\":{\"@id\":\"https:\\\/\\\/ebikespareparts.fi\\\/tuote\\\/loctite-641-keskiluja-kiinnike\\\/#breadcrumb\"},\"inLanguage\":\"sv-SE\",\"potentialAction\":[{\"@type\":\"ReadAction\",\"target\":[\"https:\\\/\\\/ebikespareparts.fi\\\/tuote\\\/loctite-641-keskiluja-kiinnike\\\/\"]}]},{\"@type\":\"ImageObject\",\"inLanguage\":\"sv-SE\",\"@id\":\"https:\\\/\\\/ebikespareparts.fi\\\/tuote\\\/loctite-641-keskiluja-kiinnike\\\/#primaryimage\",\"url\":\"https:\\\/\\\/ebikespareparts.fi\\\/wp-content\\\/uploads\\\/2025\\\/03\\\/vieznHQjD8u5VJESa33vlLregF7SaMov9f4HJNZ9ZKoHWdx7oa.jpg\",\"contentUrl\":\"https:\\\/\\\/ebikespareparts.fi\\\/wp-content\\\/uploads\\\/2025\\\/03\\\/vieznHQjD8u5VJESa33vlLregF7SaMov9f4HJNZ9ZKoHWdx7oa.jpg\",\"width\":282,\"height\":700,\"caption\":\"vieznHQjD8u5VJESa33vlLregF7SaMov9f4HJNZ9ZKoHWdx7oa\"},{\"@type\":\"BreadcrumbList\",\"@id\":\"https:\\\/\\\/ebikespareparts.fi\\\/tuote\\\/loctite-641-keskiluja-kiinnike\\\/#breadcrumb\",\"itemListElement\":[{\"@type\":\"ListItem\",\"position\":1,\"name\":\"Etusivu\",\"item\":\"https:\\\/\\\/ebikespareparts.fi\\\/\"},{\"@type\":\"ListItem\",\"position\":2,\"name\":\"Kauppa\",\"item\":\"https:\\\/\\\/ebikespareparts.fi\\\/kauppa\\\/\"},{\"@type\":\"ListItem\",\"position\":3,\"name\":\"Loctite 641 Keskiluja kiinnike\"}]},{\"@type\":\"WebSite\",\"@id\":\"https:\\\/\\\/ebikespareparts.fi\\\/#website\",\"url\":\"https:\\\/\\\/ebikespareparts.fi\\\/\",\"name\":\"Ebikespareparts.fi\",\"description\":\"S\u00e4hk\u00f6py\u00f6r\u00e4n osat - E-bike osat - Huolto\",\"publisher\":{\"@id\":\"https:\\\/\\\/ebikespareparts.fi\\\/#organization\"},\"potentialAction\":[{\"@type\":\"SearchAction\",\"target\":{\"@type\":\"EntryPoint\",\"urlTemplate\":\"https:\\\/\\\/ebikespareparts.fi\\\/?s={search_term_string}\"},\"query-input\":{\"@type\":\"PropertyValueSpecification\",\"valueRequired\":true,\"valueName\":\"search_term_string\"}}],\"inLanguage\":\"sv-SE\"},{\"@type\":\"Organization\",\"@id\":\"https:\\\/\\\/ebikespareparts.fi\\\/#organization\",\"name\":\"Ebikespareparts.fi\",\"url\":\"https:\\\/\\\/ebikespareparts.fi\\\/\",\"logo\":{\"@type\":\"ImageObject\",\"inLanguage\":\"sv-SE\",\"@id\":\"https:\\\/\\\/ebikespareparts.fi\\\/#\\\/schema\\\/logo\\\/image\\\/\",\"url\":\"https:\\\/\\\/ebikespareparts.fi\\\/wp-content\\\/uploads\\\/2024\\\/05\\\/logo-musta-tausta.jpg\",\"contentUrl\":\"https:\\\/\\\/ebikespareparts.fi\\\/wp-content\\\/uploads\\\/2024\\\/05\\\/logo-musta-tausta.jpg\",\"width\":1013,\"height\":950,\"caption\":\"Ebikespareparts.fi\"},\"image\":{\"@id\":\"https:\\\/\\\/ebikespareparts.fi\\\/#\\\/schema\\\/logo\\\/image\\\/\"},\"sameAs\":[\"https:\\\/\\\/www.facebook.com\\\/smhj.fi\"]}]}<\/script>\n<!-- \/ Yoast SEO plugin. -->","yoast_head_json":{"title":"Loctite 641 Keskiluja kiinnike - Ebikespareparts.fi","robots":{"index":"index","follow":"follow","max-snippet":"max-snippet:-1","max-image-preview":"max-image-preview:large","max-video-preview":"max-video-preview:-1"},"canonical":"https:\/\/ebikespareparts.fi\/sv\/produkt\/loctite-641-keskiluja-kiinnike\/","og_locale":"sv_SE","og_type":"article","og_title":"Loctite 641 Keskiluja kiinnike - Ebikespareparts.fi","og_description":"Loctite 641 Keskiluja kiinnike Loctite 641 on suunniteltu sylinterim\u00e4isten osien liimaamiseen, erityisesti kun purkamista tarvitaan huollon takia. Tuote kovettuu, kun se erotetaan ilmasta ja on kahden metallin v\u00e4liss\u00e4 ja est\u00e4\u00e4 iskuista ja t\u00e4rin\u00e4st\u00e4 johtuvan l\u00f6ystymisen ja vuodon. Osille jotka irroitetaan my\u00f6hemmin, esim. laakereiden kiinnitys akseleille ja pesiin.","og_url":"https:\/\/ebikespareparts.fi\/sv\/produkt\/loctite-641-keskiluja-kiinnike\/","og_site_name":"Ebikespareparts.fi","article_publisher":"https:\/\/www.facebook.com\/smhj.fi","article_modified_time":"2026-03-10T13:27:42+00:00","og_image":[{"width":282,"height":700,"url":"https:\/\/ebikespareparts.fi\/wp-content\/uploads\/2025\/03\/vieznHQjD8u5VJESa33vlLregF7SaMov9f4HJNZ9ZKoHWdx7oa.jpg","type":"image\/jpeg"}],"twitter_card":"summary_large_image","schema":{"@context":"https:\/\/schema.org","@graph":[{"@type":"WebPage","@id":"https:\/\/ebikespareparts.fi\/tuote\/loctite-641-keskiluja-kiinnike\/","url":"https:\/\/ebikespareparts.fi\/tuote\/loctite-641-keskiluja-kiinnike\/","name":"Loctite 641 Keskiluja kiinnike - Ebikespareparts.fi","isPartOf":{"@id":"https:\/\/ebikespareparts.fi\/#website"},"primaryImageOfPage":{"@id":"https:\/\/ebikespareparts.fi\/tuote\/loctite-641-keskiluja-kiinnike\/#primaryimage"},"image":{"@id":"https:\/\/ebikespareparts.fi\/tuote\/loctite-641-keskiluja-kiinnike\/#primaryimage"},"thumbnailUrl":"https:\/\/ebikespareparts.fi\/wp-content\/uploads\/2025\/03\/vieznHQjD8u5VJESa33vlLregF7SaMov9f4HJNZ9ZKoHWdx7oa.jpg","datePublished":"2023-10-03T12:18:23+00:00","dateModified":"2026-03-10T13:27:42+00:00","breadcrumb":{"@id":"https:\/\/ebikespareparts.fi\/tuote\/loctite-641-keskiluja-kiinnike\/#breadcrumb"},"inLanguage":"sv-SE","potentialAction":[{"@type":"ReadAction","target":["https:\/\/ebikespareparts.fi\/tuote\/loctite-641-keskiluja-kiinnike\/"]}]},{"@type":"ImageObject","inLanguage":"sv-SE","@id":"https:\/\/ebikespareparts.fi\/tuote\/loctite-641-keskiluja-kiinnike\/#primaryimage","url":"https:\/\/ebikespareparts.fi\/wp-content\/uploads\/2025\/03\/vieznHQjD8u5VJESa33vlLregF7SaMov9f4HJNZ9ZKoHWdx7oa.jpg","contentUrl":"https:\/\/ebikespareparts.fi\/wp-content\/uploads\/2025\/03\/vieznHQjD8u5VJESa33vlLregF7SaMov9f4HJNZ9ZKoHWdx7oa.jpg","width":282,"height":700,"caption":"vieznHQjD8u5VJESa33vlLregF7SaMov9f4HJNZ9ZKoHWdx7oa"},{"@type":"BreadcrumbList","@id":"https:\/\/ebikespareparts.fi\/tuote\/loctite-641-keskiluja-kiinnike\/#breadcrumb","itemListElement":[{"@type":"ListItem","position":1,"name":"Etusivu","item":"https:\/\/ebikespareparts.fi\/"},{"@type":"ListItem","position":2,"name":"Kauppa","item":"https:\/\/ebikespareparts.fi\/kauppa\/"},{"@type":"ListItem","position":3,"name":"Loctite 641 Keskiluja kiinnike"}]},{"@type":"WebSite","@id":"https:\/\/ebikespareparts.fi\/#website","url":"https:\/\/ebikespareparts.fi\/","name":"Ebikespareparts.fi","description":"S\u00e4hk\u00f6py\u00f6r\u00e4n osat - E-bike osat - Huolto","publisher":{"@id":"https:\/\/ebikespareparts.fi\/#organization"},"potentialAction":[{"@type":"SearchAction","target":{"@type":"EntryPoint","urlTemplate":"https:\/\/ebikespareparts.fi\/?s={search_term_string}"},"query-input":{"@type":"PropertyValueSpecification","valueRequired":true,"valueName":"search_term_string"}}],"inLanguage":"sv-SE"},{"@type":"Organization","@id":"https:\/\/ebikespareparts.fi\/#organization","name":"Ebikespareparts.fi","url":"https:\/\/ebikespareparts.fi\/","logo":{"@type":"ImageObject","inLanguage":"sv-SE","@id":"https:\/\/ebikespareparts.fi\/#\/schema\/logo\/image\/","url":"https:\/\/ebikespareparts.fi\/wp-content\/uploads\/2024\/05\/logo-musta-tausta.jpg","contentUrl":"https:\/\/ebikespareparts.fi\/wp-content\/uploads\/2024\/05\/logo-musta-tausta.jpg","width":1013,"height":950,"caption":"Ebikespareparts.fi"},"image":{"@id":"https:\/\/ebikespareparts.fi\/#\/schema\/logo\/image\/"},"sameAs":["https:\/\/www.facebook.com\/smhj.fi"]}]}},"_links":{"self":[{"href":"https:\/\/ebikespareparts.fi\/sv\/wp-json\/wp\/v2\/product\/381","targetHints":{"allow":["GET"]}}],"collection":[{"href":"https:\/\/ebikespareparts.fi\/sv\/wp-json\/wp\/v2\/product"}],"about":[{"href":"https:\/\/ebikespareparts.fi\/sv\/wp-json\/wp\/v2\/types\/product"}],"replies":[{"embeddable":true,"href":"https:\/\/ebikespareparts.fi\/sv\/wp-json\/wp\/v2\/comments?post=381"}],"version-history":[{"count":0,"href":"https:\/\/ebikespareparts.fi\/sv\/wp-json\/wp\/v2\/product\/381\/revisions"}],"wp:featuredmedia":[{"embeddable":true,"href":"https:\/\/ebikespareparts.fi\/sv\/wp-json\/wp\/v2\/media\/47301"}],"wp:attachment":[{"href":"https:\/\/ebikespareparts.fi\/sv\/wp-json\/wp\/v2\/media?parent=381"}],"wp:term":[{"taxonomy":"product_brand","embeddable":true,"href":"https:\/\/ebikespareparts.fi\/sv\/wp-json\/wp\/v2\/product_brand?post=381"},{"taxonomy":"product_cat","embeddable":true,"href":"https:\/\/ebikespareparts.fi\/sv\/wp-json\/wp\/v2\/product_cat?post=381"},{"taxonomy":"product_tag","embeddable":true,"href":"https:\/\/ebikespareparts.fi\/sv\/wp-json\/wp\/v2\/product_tag?post=381"}],"curies":[{"name":"wp","href":"https:\/\/api.w.org\/{rel}","templated":true}]}}