{"id":45950,"date":"2023-11-11T15:59:49","date_gmt":"2023-11-11T13:59:49","guid":{"rendered":"https:\/\/ebikespareparts.fi\/?post_type=product&#038;p=45950"},"modified":"2026-04-17T03:00:11","modified_gmt":"2026-04-17T00:00:11","slug":"pls00625-shimano-e8000-kammen-akselin-sisempi-neularullalaakeri","status":"publish","type":"product","link":"https:\/\/ebikespareparts.fi\/sv\/produkt\/pls00625-shimano-e8000-kammen-akselin-sisempi-neularullalaakeri\/","title":{"rendered":"PLS00626 Shimano E8000 inre n\u00e5lrullager f\u00f6r f\u00e4lgaxel"},"content":{"rendered":"<p>PLS00625 F\u00f6r att ta bort det inre n\u00e5lrullagret p\u00e5 Shimano E8000-f\u00e4lgaxeln m\u00e5ste axeln tas bort, s\u00e5 var f\u00f6rsiktig s\u00e5 att du inte bryter den runda magnetdelen, men den kan ocks\u00e5 tas bort genom att flytta plastdelen upp\u00e5t och f\u00f6rsiktigt trycka plastdelarna in\u00e5t och ta bort magneten. Var f\u00f6rsiktig s\u00e5 att du inte sliter av de 2 tr\u00e5darna runt axelhylsan. <strong>Detta n\u00e5llager sitter inuti drivenheten och det \u00e4r l\u00e4ttare att ta bort det om du kan spraya reng\u00f6ringsv\u00e4tska f\u00f6r broms- och kopplingsdelar som l\u00f6ser upp petrolatum, vilket g\u00f6r det l\u00e4ttare att ta bort n\u00e5llagret genom att knacka l\u00e4tt p\u00e5 axeln mot tr\u00e4ytan.<\/strong><\/p>","protected":false},"excerpt":{"rendered":"<p>PLS00625 Shimano E8000 kammen akselin sisempi neularullalaakerin irrotus vaatii akselin poistamista joten ole varovainen ettet riko py\u00f6re\u00e4\u00e4 magneetti osaa mutta senkin voi poistaa liikuttamalla siin\u00e4 olevaa muovi osaa yl\u00f6sp\u00e4in ja painamalla varovasti muoviset haitat sis\u00e4\u00e4np\u00e4in ja poistamalla magneetin. Ole varovainen etteiv\u00e4t akseliholkin ymp\u00e4rill\u00e4 olevat 2 johtoa repeydy irti. T\u00e4m\u00e4 neulalaakeri sijaitsee vetoyksik\u00f6n sis\u00e4ll\u00e4 ja sen <a href=\"https:\/\/ebikespareparts.fi\/sv\/produkt\/pls00625-shimano-e8000-kammen-akselin-sisempi-neularullalaakeri\/\" class=\"more-link\">\u2026 <span class=\"screen-reader-text\">  PLS00626 Shimano E8000 inre n\u00e5lrullager f\u00f6r f\u00e4lgaxel<\/span><\/a><\/p>","protected":false},"featured_media":47327,"comment_status":"open","ping_status":"closed","template":"","meta":{"_acf_changed":false},"product_brand":[],"product_cat":[115,31],"product_tag":[],"class_list":{"0":"post-45950","1":"product","2":"type-product","3":"status-publish","4":"has-post-thumbnail","6":"product_cat-shimano-e-8000","7":"product_cat-shimano-laakerit","9":"first","10":"instock","11":"taxable","12":"shipping-taxable","13":"purchasable","14":"product-type-simple"},"acf":[],"yoast_head":"<!-- This site is optimized with the Yoast SEO plugin v27.4 - https:\/\/yoast.com\/product\/yoast-seo-wordpress\/ -->\n<title>PLS00626 Shimano E8000 kammen akselin sisempi neularullalaakeri - Ebikespareparts.fi<\/title>\n<meta name=\"robots\" content=\"index, follow, max-snippet:-1, max-image-preview:large, max-video-preview:-1\" \/>\n<link rel=\"canonical\" href=\"https:\/\/ebikespareparts.fi\/sv\/produkt\/pls00625-shimano-e8000-kammen-akselin-sisempi-neularullalaakeri\/\" \/>\n<meta property=\"og:locale\" content=\"sv_SE\" \/>\n<meta property=\"og:type\" content=\"article\" \/>\n<meta property=\"og:title\" content=\"PLS00626 Shimano E8000 kammen akselin sisempi neularullalaakeri - Ebikespareparts.fi\" \/>\n<meta property=\"og:description\" content=\"PLS00625 Shimano E8000 kammen akselin sisempi neularullalaakerin irrotus vaatii akselin poistamista joten ole varovainen ettet riko py\u00f6re\u00e4\u00e4 magneetti osaa mutta senkin voi poistaa liikuttamalla siin\u00e4 olevaa muovi osaa yl\u00f6sp\u00e4in ja painamalla varovasti muoviset haitat sis\u00e4\u00e4np\u00e4in ja poistamalla magneetin. Ole varovainen etteiv\u00e4t akseliholkin ymp\u00e4rill\u00e4 olevat 2 johtoa repeydy irti. T\u00e4m\u00e4 neulalaakeri sijaitsee vetoyksik\u00f6n sis\u00e4ll\u00e4 ja sen \u2026  PLS00626 Shimano E8000 kammen akselin sisempi neularullalaakeri\" \/>\n<meta property=\"og:url\" content=\"https:\/\/ebikespareparts.fi\/sv\/produkt\/pls00625-shimano-e8000-kammen-akselin-sisempi-neularullalaakeri\/\" \/>\n<meta property=\"og:site_name\" content=\"Ebikespareparts.fi\" \/>\n<meta property=\"article:publisher\" content=\"https:\/\/www.facebook.com\/smhj.fi\" \/>\n<meta property=\"article:modified_time\" content=\"2026-04-17T00:00:11+00:00\" \/>\n<meta property=\"og:image\" content=\"https:\/\/ebikespareparts.fi\/wp-content\/uploads\/2023\/11\/pls00625-scaled.jpg\" \/>\n\t<meta property=\"og:image:width\" content=\"2560\" \/>\n\t<meta property=\"og:image:height\" content=\"1878\" \/>\n\t<meta property=\"og:image:type\" content=\"image\/jpeg\" \/>\n<meta name=\"twitter:card\" content=\"summary_large_image\" \/>\n<meta name=\"twitter:label1\" content=\"Ber\u00e4knad l\u00e4stid\" \/>\n\t<meta name=\"twitter:data1\" content=\"1 minut\" \/>\n<script type=\"application\/ld+json\" class=\"yoast-schema-graph\">{\"@context\":\"https:\\\/\\\/schema.org\",\"@graph\":[{\"@type\":\"WebPage\",\"@id\":\"https:\\\/\\\/ebikespareparts.fi\\\/tuote\\\/pls00625-shimano-e8000-kammen-akselin-sisempi-neularullalaakeri\\\/\",\"url\":\"https:\\\/\\\/ebikespareparts.fi\\\/tuote\\\/pls00625-shimano-e8000-kammen-akselin-sisempi-neularullalaakeri\\\/\",\"name\":\"PLS00626 Shimano E8000 kammen akselin sisempi neularullalaakeri - Ebikespareparts.fi\",\"isPartOf\":{\"@id\":\"https:\\\/\\\/ebikespareparts.fi\\\/#website\"},\"primaryImageOfPage\":{\"@id\":\"https:\\\/\\\/ebikespareparts.fi\\\/tuote\\\/pls00625-shimano-e8000-kammen-akselin-sisempi-neularullalaakeri\\\/#primaryimage\"},\"image\":{\"@id\":\"https:\\\/\\\/ebikespareparts.fi\\\/tuote\\\/pls00625-shimano-e8000-kammen-akselin-sisempi-neularullalaakeri\\\/#primaryimage\"},\"thumbnailUrl\":\"https:\\\/\\\/ebikespareparts.fi\\\/wp-content\\\/uploads\\\/2025\\\/03\\\/3R5d6aKEKYYwWKKseEGxST8gv9rCyuZ1QdkMWwDiqH5gSNCjzN.jpg\",\"datePublished\":\"2023-11-11T13:59:49+00:00\",\"dateModified\":\"2026-04-17T00:00:11+00:00\",\"breadcrumb\":{\"@id\":\"https:\\\/\\\/ebikespareparts.fi\\\/tuote\\\/pls00625-shimano-e8000-kammen-akselin-sisempi-neularullalaakeri\\\/#breadcrumb\"},\"inLanguage\":\"sv-SE\",\"potentialAction\":[{\"@type\":\"ReadAction\",\"target\":[\"https:\\\/\\\/ebikespareparts.fi\\\/tuote\\\/pls00625-shimano-e8000-kammen-akselin-sisempi-neularullalaakeri\\\/\"]}]},{\"@type\":\"ImageObject\",\"inLanguage\":\"sv-SE\",\"@id\":\"https:\\\/\\\/ebikespareparts.fi\\\/tuote\\\/pls00625-shimano-e8000-kammen-akselin-sisempi-neularullalaakeri\\\/#primaryimage\",\"url\":\"https:\\\/\\\/ebikespareparts.fi\\\/wp-content\\\/uploads\\\/2025\\\/03\\\/3R5d6aKEKYYwWKKseEGxST8gv9rCyuZ1QdkMWwDiqH5gSNCjzN.jpg\",\"contentUrl\":\"https:\\\/\\\/ebikespareparts.fi\\\/wp-content\\\/uploads\\\/2025\\\/03\\\/3R5d6aKEKYYwWKKseEGxST8gv9rCyuZ1QdkMWwDiqH5gSNCjzN.jpg\",\"width\":1000,\"height\":733,\"caption\":\"3R5d6aKEKYYwWKKseEGxST8gv9rCyuZ1QdkMWwDiqH5gSNCjzN\"},{\"@type\":\"BreadcrumbList\",\"@id\":\"https:\\\/\\\/ebikespareparts.fi\\\/tuote\\\/pls00625-shimano-e8000-kammen-akselin-sisempi-neularullalaakeri\\\/#breadcrumb\",\"itemListElement\":[{\"@type\":\"ListItem\",\"position\":1,\"name\":\"Etusivu\",\"item\":\"https:\\\/\\\/ebikespareparts.fi\\\/\"},{\"@type\":\"ListItem\",\"position\":2,\"name\":\"Kauppa\",\"item\":\"https:\\\/\\\/ebikespareparts.fi\\\/kauppa\\\/\"},{\"@type\":\"ListItem\",\"position\":3,\"name\":\"PLS00626 Shimano E8000 kammen akselin sisempi neularullalaakeri\"}]},{\"@type\":\"WebSite\",\"@id\":\"https:\\\/\\\/ebikespareparts.fi\\\/#website\",\"url\":\"https:\\\/\\\/ebikespareparts.fi\\\/\",\"name\":\"Ebikespareparts.fi\",\"description\":\"S\u00e4hk\u00f6py\u00f6r\u00e4n osat - E-bike osat - Huolto\",\"publisher\":{\"@id\":\"https:\\\/\\\/ebikespareparts.fi\\\/#organization\"},\"potentialAction\":[{\"@type\":\"SearchAction\",\"target\":{\"@type\":\"EntryPoint\",\"urlTemplate\":\"https:\\\/\\\/ebikespareparts.fi\\\/?s={search_term_string}\"},\"query-input\":{\"@type\":\"PropertyValueSpecification\",\"valueRequired\":true,\"valueName\":\"search_term_string\"}}],\"inLanguage\":\"sv-SE\"},{\"@type\":\"Organization\",\"@id\":\"https:\\\/\\\/ebikespareparts.fi\\\/#organization\",\"name\":\"Ebikespareparts.fi\",\"url\":\"https:\\\/\\\/ebikespareparts.fi\\\/\",\"logo\":{\"@type\":\"ImageObject\",\"inLanguage\":\"sv-SE\",\"@id\":\"https:\\\/\\\/ebikespareparts.fi\\\/#\\\/schema\\\/logo\\\/image\\\/\",\"url\":\"https:\\\/\\\/ebikespareparts.fi\\\/wp-content\\\/uploads\\\/2024\\\/05\\\/logo-musta-tausta.jpg\",\"contentUrl\":\"https:\\\/\\\/ebikespareparts.fi\\\/wp-content\\\/uploads\\\/2024\\\/05\\\/logo-musta-tausta.jpg\",\"width\":1013,\"height\":950,\"caption\":\"Ebikespareparts.fi\"},\"image\":{\"@id\":\"https:\\\/\\\/ebikespareparts.fi\\\/#\\\/schema\\\/logo\\\/image\\\/\"},\"sameAs\":[\"https:\\\/\\\/www.facebook.com\\\/smhj.fi\"]}]}<\/script>\n<!-- \/ Yoast SEO plugin. -->","yoast_head_json":{"title":"PLS00626 Shimano E8000 kammen akselin sisempi neularullalaakeri - Ebikespareparts.fi","robots":{"index":"index","follow":"follow","max-snippet":"max-snippet:-1","max-image-preview":"max-image-preview:large","max-video-preview":"max-video-preview:-1"},"canonical":"https:\/\/ebikespareparts.fi\/sv\/produkt\/pls00625-shimano-e8000-kammen-akselin-sisempi-neularullalaakeri\/","og_locale":"sv_SE","og_type":"article","og_title":"PLS00626 Shimano E8000 kammen akselin sisempi neularullalaakeri - Ebikespareparts.fi","og_description":"PLS00625 Shimano E8000 kammen akselin sisempi neularullalaakerin irrotus vaatii akselin poistamista joten ole varovainen ettet riko py\u00f6re\u00e4\u00e4 magneetti osaa mutta senkin voi poistaa liikuttamalla siin\u00e4 olevaa muovi osaa yl\u00f6sp\u00e4in ja painamalla varovasti muoviset haitat sis\u00e4\u00e4np\u00e4in ja poistamalla magneetin. Ole varovainen etteiv\u00e4t akseliholkin ymp\u00e4rill\u00e4 olevat 2 johtoa repeydy irti. T\u00e4m\u00e4 neulalaakeri sijaitsee vetoyksik\u00f6n sis\u00e4ll\u00e4 ja sen \u2026  PLS00626 Shimano E8000 kammen akselin sisempi neularullalaakeri","og_url":"https:\/\/ebikespareparts.fi\/sv\/produkt\/pls00625-shimano-e8000-kammen-akselin-sisempi-neularullalaakeri\/","og_site_name":"Ebikespareparts.fi","article_publisher":"https:\/\/www.facebook.com\/smhj.fi","article_modified_time":"2026-04-17T00:00:11+00:00","og_image":[{"width":2560,"height":1878,"url":"https:\/\/ebikespareparts.fi\/wp-content\/uploads\/2023\/11\/pls00625-scaled.jpg","type":"image\/jpeg"}],"twitter_card":"summary_large_image","twitter_misc":{"Ber\u00e4knad l\u00e4stid":"1 minut"},"schema":{"@context":"https:\/\/schema.org","@graph":[{"@type":"WebPage","@id":"https:\/\/ebikespareparts.fi\/tuote\/pls00625-shimano-e8000-kammen-akselin-sisempi-neularullalaakeri\/","url":"https:\/\/ebikespareparts.fi\/tuote\/pls00625-shimano-e8000-kammen-akselin-sisempi-neularullalaakeri\/","name":"PLS00626 Shimano E8000 kammen akselin sisempi neularullalaakeri - Ebikespareparts.fi","isPartOf":{"@id":"https:\/\/ebikespareparts.fi\/#website"},"primaryImageOfPage":{"@id":"https:\/\/ebikespareparts.fi\/tuote\/pls00625-shimano-e8000-kammen-akselin-sisempi-neularullalaakeri\/#primaryimage"},"image":{"@id":"https:\/\/ebikespareparts.fi\/tuote\/pls00625-shimano-e8000-kammen-akselin-sisempi-neularullalaakeri\/#primaryimage"},"thumbnailUrl":"https:\/\/ebikespareparts.fi\/wp-content\/uploads\/2025\/03\/3R5d6aKEKYYwWKKseEGxST8gv9rCyuZ1QdkMWwDiqH5gSNCjzN.jpg","datePublished":"2023-11-11T13:59:49+00:00","dateModified":"2026-04-17T00:00:11+00:00","breadcrumb":{"@id":"https:\/\/ebikespareparts.fi\/tuote\/pls00625-shimano-e8000-kammen-akselin-sisempi-neularullalaakeri\/#breadcrumb"},"inLanguage":"sv-SE","potentialAction":[{"@type":"ReadAction","target":["https:\/\/ebikespareparts.fi\/tuote\/pls00625-shimano-e8000-kammen-akselin-sisempi-neularullalaakeri\/"]}]},{"@type":"ImageObject","inLanguage":"sv-SE","@id":"https:\/\/ebikespareparts.fi\/tuote\/pls00625-shimano-e8000-kammen-akselin-sisempi-neularullalaakeri\/#primaryimage","url":"https:\/\/ebikespareparts.fi\/wp-content\/uploads\/2025\/03\/3R5d6aKEKYYwWKKseEGxST8gv9rCyuZ1QdkMWwDiqH5gSNCjzN.jpg","contentUrl":"https:\/\/ebikespareparts.fi\/wp-content\/uploads\/2025\/03\/3R5d6aKEKYYwWKKseEGxST8gv9rCyuZ1QdkMWwDiqH5gSNCjzN.jpg","width":1000,"height":733,"caption":"3R5d6aKEKYYwWKKseEGxST8gv9rCyuZ1QdkMWwDiqH5gSNCjzN"},{"@type":"BreadcrumbList","@id":"https:\/\/ebikespareparts.fi\/tuote\/pls00625-shimano-e8000-kammen-akselin-sisempi-neularullalaakeri\/#breadcrumb","itemListElement":[{"@type":"ListItem","position":1,"name":"Etusivu","item":"https:\/\/ebikespareparts.fi\/"},{"@type":"ListItem","position":2,"name":"Kauppa","item":"https:\/\/ebikespareparts.fi\/kauppa\/"},{"@type":"ListItem","position":3,"name":"PLS00626 Shimano E8000 kammen akselin sisempi neularullalaakeri"}]},{"@type":"WebSite","@id":"https:\/\/ebikespareparts.fi\/#website","url":"https:\/\/ebikespareparts.fi\/","name":"Ebikespareparts.fi","description":"S\u00e4hk\u00f6py\u00f6r\u00e4n osat - E-bike osat - Huolto","publisher":{"@id":"https:\/\/ebikespareparts.fi\/#organization"},"potentialAction":[{"@type":"SearchAction","target":{"@type":"EntryPoint","urlTemplate":"https:\/\/ebikespareparts.fi\/?s={search_term_string}"},"query-input":{"@type":"PropertyValueSpecification","valueRequired":true,"valueName":"search_term_string"}}],"inLanguage":"sv-SE"},{"@type":"Organization","@id":"https:\/\/ebikespareparts.fi\/#organization","name":"Ebikespareparts.fi","url":"https:\/\/ebikespareparts.fi\/","logo":{"@type":"ImageObject","inLanguage":"sv-SE","@id":"https:\/\/ebikespareparts.fi\/#\/schema\/logo\/image\/","url":"https:\/\/ebikespareparts.fi\/wp-content\/uploads\/2024\/05\/logo-musta-tausta.jpg","contentUrl":"https:\/\/ebikespareparts.fi\/wp-content\/uploads\/2024\/05\/logo-musta-tausta.jpg","width":1013,"height":950,"caption":"Ebikespareparts.fi"},"image":{"@id":"https:\/\/ebikespareparts.fi\/#\/schema\/logo\/image\/"},"sameAs":["https:\/\/www.facebook.com\/smhj.fi"]}]}},"_links":{"self":[{"href":"https:\/\/ebikespareparts.fi\/sv\/wp-json\/wp\/v2\/product\/45950","targetHints":{"allow":["GET"]}}],"collection":[{"href":"https:\/\/ebikespareparts.fi\/sv\/wp-json\/wp\/v2\/product"}],"about":[{"href":"https:\/\/ebikespareparts.fi\/sv\/wp-json\/wp\/v2\/types\/product"}],"replies":[{"embeddable":true,"href":"https:\/\/ebikespareparts.fi\/sv\/wp-json\/wp\/v2\/comments?post=45950"}],"version-history":[{"count":0,"href":"https:\/\/ebikespareparts.fi\/sv\/wp-json\/wp\/v2\/product\/45950\/revisions"}],"wp:featuredmedia":[{"embeddable":true,"href":"https:\/\/ebikespareparts.fi\/sv\/wp-json\/wp\/v2\/media\/47327"}],"wp:attachment":[{"href":"https:\/\/ebikespareparts.fi\/sv\/wp-json\/wp\/v2\/media?parent=45950"}],"wp:term":[{"taxonomy":"product_brand","embeddable":true,"href":"https:\/\/ebikespareparts.fi\/sv\/wp-json\/wp\/v2\/product_brand?post=45950"},{"taxonomy":"product_cat","embeddable":true,"href":"https:\/\/ebikespareparts.fi\/sv\/wp-json\/wp\/v2\/product_cat?post=45950"},{"taxonomy":"product_tag","embeddable":true,"href":"https:\/\/ebikespareparts.fi\/sv\/wp-json\/wp\/v2\/product_tag?post=45950"}],"curies":[{"name":"wp","href":"https:\/\/api.w.org\/{rel}","templated":true}]}}