{"id":45963,"date":"2023-11-11T17:49:29","date_gmt":"2023-11-11T15:49:29","guid":{"rendered":"https:\/\/ebikespareparts.fi\/?post_type=product&#038;p=45963"},"modified":"2026-03-10T15:27:21","modified_gmt":"2026-03-10T13:27:21","slug":"hc50149-liukuvasarasarja-laakereille-9-osainen","status":"publish","type":"product","link":"https:\/\/ebikespareparts.fi\/sv\/produkt\/hc50149-liukuvasarasarja-laakereille-9-osainen\/","title":{"rendered":"ESP50149 SLIDHAMMARSET F\u00d6R LAGER 9 st"},"content":{"rendered":"<h5>ESP50149 SLIDHAMMARSET F\u00d6R LAGER 9 st<br \/> Utdragare f\u00f6r borttagning av inv\u00e4ndiga lager, lagerringar och bussningar<br \/> setet inneh\u00e5ller:<br \/> 1 st glidhammare 0,9 kg \/ totalvikt med handtag 1,3 kg<br \/> 1 st avdragare 8 mm (f\u00f6r 8~10 mm lager)<br \/> 1 st avdragare 10 mm (f\u00f6r 10~12 mm lager)<br \/> 1 st avdragare 12 mm (f\u00f6r 12~14 mm lager)<br \/> 1 st extraktor 15 mm (f\u00f6r 15~17 mm lager)<br \/> 1 st extraktor 17 mm (f\u00f6r 17~20 mm lager)<br \/> 1 st extraktor 20 mm (f\u00f6r 20~24 mm lager)<br \/> 1 st extraktor 25 mm (f\u00f6r 25~29 mm lager)<br \/> 1 st extraktor 30 mm (f\u00f6r 30~32 mm lager)<\/h5>","protected":false},"excerpt":{"rendered":"<p>ESP50149 LIUKUVASARASARJA LAAKEREILLE 9 osainen Ulosvet\u00e4j\u00e4t sis\u00e4puolisten laakerien, laakerikehien ja holkkien irrotukseen sarja sis\u00e4lt\u00e4\u00e4: 1 kpl liukuvasara 0.9 kg \/ kokonaispaino varren kanssa 1.3 kg 1 kpl ulosvedin 8 mm (8~10 mm laakerille) 1 kpl ulosvedin 10 mm (10~12 mm laakerille) 1 kpl ulosvedin 12 mm (12~14 mm laakerille) 1 kpl ulosvedin 15 mm (15~17 <a href=\"https:\/\/ebikespareparts.fi\/sv\/produkt\/hc50149-liukuvasarasarja-laakereille-9-osainen\/\" class=\"more-link\">\u2026 <span class=\"screen-reader-text\">  ESP50149 SLIDHAMMARSET F\u00d6R LAGER 9 st<\/span><\/a><\/p>","protected":false},"featured_media":47399,"comment_status":"open","ping_status":"closed","template":"","meta":{"_acf_changed":false},"product_brand":[],"product_cat":[39],"product_tag":[],"class_list":{"0":"post-45963","1":"product","2":"type-product","3":"status-publish","4":"has-post-thumbnail","6":"product_cat-tyokalut","8":"first","9":"outofstock","10":"taxable","11":"shipping-taxable","12":"purchasable","13":"product-type-simple"},"acf":[],"yoast_head":"<!-- This site is optimized with the Yoast SEO plugin v27.3 - https:\/\/yoast.com\/product\/yoast-seo-wordpress\/ -->\n<title>ESP50149 LIUKUVASARASARJA LAAKEREILLE 9 osainen - Ebikespareparts.fi<\/title>\n<meta name=\"robots\" content=\"index, follow, max-snippet:-1, max-image-preview:large, max-video-preview:-1\" \/>\n<link rel=\"canonical\" href=\"https:\/\/ebikespareparts.fi\/sv\/produkt\/hc50149-liukuvasarasarja-laakereille-9-osainen\/\" \/>\n<meta property=\"og:locale\" content=\"sv_SE\" \/>\n<meta property=\"og:type\" content=\"article\" \/>\n<meta property=\"og:title\" content=\"ESP50149 LIUKUVASARASARJA LAAKEREILLE 9 osainen - Ebikespareparts.fi\" \/>\n<meta property=\"og:description\" content=\"ESP50149 LIUKUVASARASARJA LAAKEREILLE 9 osainen Ulosvet\u00e4j\u00e4t sis\u00e4puolisten laakerien, laakerikehien ja holkkien irrotukseen sarja sis\u00e4lt\u00e4\u00e4: 1 kpl liukuvasara 0.9 kg \/ kokonaispaino varren kanssa 1.3 kg 1 kpl ulosvedin 8 mm (8~10 mm laakerille) 1 kpl ulosvedin 10 mm (10~12 mm laakerille) 1 kpl ulosvedin 12 mm (12~14 mm laakerille) 1 kpl ulosvedin 15 mm (15~17 \u2026  ESP50149 LIUKUVASARASARJA LAAKEREILLE 9 osainen\" \/>\n<meta property=\"og:url\" content=\"https:\/\/ebikespareparts.fi\/sv\/produkt\/hc50149-liukuvasarasarja-laakereille-9-osainen\/\" \/>\n<meta property=\"og:site_name\" content=\"Ebikespareparts.fi\" \/>\n<meta property=\"article:publisher\" content=\"https:\/\/www.facebook.com\/smhj.fi\" \/>\n<meta property=\"article:modified_time\" content=\"2026-03-10T13:27:21+00:00\" \/>\n<meta property=\"og:image\" content=\"https:\/\/ebikespareparts.fi\/wp-content\/uploads\/2023\/11\/HC50149-laakerin-ulosvedin.jpg\" \/>\n\t<meta property=\"og:image:width\" content=\"458\" \/>\n\t<meta property=\"og:image:height\" content=\"336\" \/>\n\t<meta property=\"og:image:type\" content=\"image\/jpeg\" \/>\n<meta name=\"twitter:card\" content=\"summary_large_image\" \/>\n<meta name=\"twitter:label1\" content=\"Ber\u00e4knad l\u00e4stid\" \/>\n\t<meta name=\"twitter:data1\" content=\"1 minut\" \/>\n<script type=\"application\/ld+json\" class=\"yoast-schema-graph\">{\"@context\":\"https:\\\/\\\/schema.org\",\"@graph\":[{\"@type\":\"WebPage\",\"@id\":\"https:\\\/\\\/ebikespareparts.fi\\\/tuote\\\/hc50149-liukuvasarasarja-laakereille-9-osainen\\\/\",\"url\":\"https:\\\/\\\/ebikespareparts.fi\\\/tuote\\\/hc50149-liukuvasarasarja-laakereille-9-osainen\\\/\",\"name\":\"ESP50149 LIUKUVASARASARJA LAAKEREILLE 9 osainen - Ebikespareparts.fi\",\"isPartOf\":{\"@id\":\"https:\\\/\\\/ebikespareparts.fi\\\/#website\"},\"primaryImageOfPage\":{\"@id\":\"https:\\\/\\\/ebikespareparts.fi\\\/tuote\\\/hc50149-liukuvasarasarja-laakereille-9-osainen\\\/#primaryimage\"},\"image\":{\"@id\":\"https:\\\/\\\/ebikespareparts.fi\\\/tuote\\\/hc50149-liukuvasarasarja-laakereille-9-osainen\\\/#primaryimage\"},\"thumbnailUrl\":\"https:\\\/\\\/ebikespareparts.fi\\\/wp-content\\\/uploads\\\/2025\\\/03\\\/Ld7Zop23mAPISmat4BjAB1tLOpUc4n6ySU8f2MBRYxtpRasEsm.jpg\",\"datePublished\":\"2023-11-11T15:49:29+00:00\",\"dateModified\":\"2026-03-10T13:27:21+00:00\",\"breadcrumb\":{\"@id\":\"https:\\\/\\\/ebikespareparts.fi\\\/tuote\\\/hc50149-liukuvasarasarja-laakereille-9-osainen\\\/#breadcrumb\"},\"inLanguage\":\"sv-SE\",\"potentialAction\":[{\"@type\":\"ReadAction\",\"target\":[\"https:\\\/\\\/ebikespareparts.fi\\\/tuote\\\/hc50149-liukuvasarasarja-laakereille-9-osainen\\\/\"]}]},{\"@type\":\"ImageObject\",\"inLanguage\":\"sv-SE\",\"@id\":\"https:\\\/\\\/ebikespareparts.fi\\\/tuote\\\/hc50149-liukuvasarasarja-laakereille-9-osainen\\\/#primaryimage\",\"url\":\"https:\\\/\\\/ebikespareparts.fi\\\/wp-content\\\/uploads\\\/2025\\\/03\\\/Ld7Zop23mAPISmat4BjAB1tLOpUc4n6ySU8f2MBRYxtpRasEsm.jpg\",\"contentUrl\":\"https:\\\/\\\/ebikespareparts.fi\\\/wp-content\\\/uploads\\\/2025\\\/03\\\/Ld7Zop23mAPISmat4BjAB1tLOpUc4n6ySU8f2MBRYxtpRasEsm.jpg\",\"width\":458,\"height\":336,\"caption\":\"Ld7Zop23mAPISmat4BjAB1tLOpUc4n6ySU8f2MBRYxtpRasEsm\"},{\"@type\":\"BreadcrumbList\",\"@id\":\"https:\\\/\\\/ebikespareparts.fi\\\/tuote\\\/hc50149-liukuvasarasarja-laakereille-9-osainen\\\/#breadcrumb\",\"itemListElement\":[{\"@type\":\"ListItem\",\"position\":1,\"name\":\"Etusivu\",\"item\":\"https:\\\/\\\/ebikespareparts.fi\\\/\"},{\"@type\":\"ListItem\",\"position\":2,\"name\":\"Kauppa\",\"item\":\"https:\\\/\\\/ebikespareparts.fi\\\/kauppa\\\/\"},{\"@type\":\"ListItem\",\"position\":3,\"name\":\"ESP50149 LIUKUVASARASARJA LAAKEREILLE 9 osainen\"}]},{\"@type\":\"WebSite\",\"@id\":\"https:\\\/\\\/ebikespareparts.fi\\\/#website\",\"url\":\"https:\\\/\\\/ebikespareparts.fi\\\/\",\"name\":\"Ebikespareparts.fi\",\"description\":\"S\u00e4hk\u00f6py\u00f6r\u00e4n osat - E-bike osat - Huolto\",\"publisher\":{\"@id\":\"https:\\\/\\\/ebikespareparts.fi\\\/#organization\"},\"potentialAction\":[{\"@type\":\"SearchAction\",\"target\":{\"@type\":\"EntryPoint\",\"urlTemplate\":\"https:\\\/\\\/ebikespareparts.fi\\\/?s={search_term_string}\"},\"query-input\":{\"@type\":\"PropertyValueSpecification\",\"valueRequired\":true,\"valueName\":\"search_term_string\"}}],\"inLanguage\":\"sv-SE\"},{\"@type\":\"Organization\",\"@id\":\"https:\\\/\\\/ebikespareparts.fi\\\/#organization\",\"name\":\"Ebikespareparts.fi\",\"url\":\"https:\\\/\\\/ebikespareparts.fi\\\/\",\"logo\":{\"@type\":\"ImageObject\",\"inLanguage\":\"sv-SE\",\"@id\":\"https:\\\/\\\/ebikespareparts.fi\\\/#\\\/schema\\\/logo\\\/image\\\/\",\"url\":\"https:\\\/\\\/ebikespareparts.fi\\\/wp-content\\\/uploads\\\/2024\\\/05\\\/logo-musta-tausta.jpg\",\"contentUrl\":\"https:\\\/\\\/ebikespareparts.fi\\\/wp-content\\\/uploads\\\/2024\\\/05\\\/logo-musta-tausta.jpg\",\"width\":1013,\"height\":950,\"caption\":\"Ebikespareparts.fi\"},\"image\":{\"@id\":\"https:\\\/\\\/ebikespareparts.fi\\\/#\\\/schema\\\/logo\\\/image\\\/\"},\"sameAs\":[\"https:\\\/\\\/www.facebook.com\\\/smhj.fi\"]}]}<\/script>\n<!-- \/ Yoast SEO plugin. -->","yoast_head_json":{"title":"ESP50149 LIUKUVASARASARJA LAAKEREILLE 9 osainen - Ebikespareparts.fi","robots":{"index":"index","follow":"follow","max-snippet":"max-snippet:-1","max-image-preview":"max-image-preview:large","max-video-preview":"max-video-preview:-1"},"canonical":"https:\/\/ebikespareparts.fi\/sv\/produkt\/hc50149-liukuvasarasarja-laakereille-9-osainen\/","og_locale":"sv_SE","og_type":"article","og_title":"ESP50149 LIUKUVASARASARJA LAAKEREILLE 9 osainen - Ebikespareparts.fi","og_description":"ESP50149 LIUKUVASARASARJA LAAKEREILLE 9 osainen Ulosvet\u00e4j\u00e4t sis\u00e4puolisten laakerien, laakerikehien ja holkkien irrotukseen sarja sis\u00e4lt\u00e4\u00e4: 1 kpl liukuvasara 0.9 kg \/ kokonaispaino varren kanssa 1.3 kg 1 kpl ulosvedin 8 mm (8~10 mm laakerille) 1 kpl ulosvedin 10 mm (10~12 mm laakerille) 1 kpl ulosvedin 12 mm (12~14 mm laakerille) 1 kpl ulosvedin 15 mm (15~17 \u2026  ESP50149 LIUKUVASARASARJA LAAKEREILLE 9 osainen","og_url":"https:\/\/ebikespareparts.fi\/sv\/produkt\/hc50149-liukuvasarasarja-laakereille-9-osainen\/","og_site_name":"Ebikespareparts.fi","article_publisher":"https:\/\/www.facebook.com\/smhj.fi","article_modified_time":"2026-03-10T13:27:21+00:00","og_image":[{"width":458,"height":336,"url":"https:\/\/ebikespareparts.fi\/wp-content\/uploads\/2023\/11\/HC50149-laakerin-ulosvedin.jpg","type":"image\/jpeg"}],"twitter_card":"summary_large_image","twitter_misc":{"Ber\u00e4knad l\u00e4stid":"1 minut"},"schema":{"@context":"https:\/\/schema.org","@graph":[{"@type":"WebPage","@id":"https:\/\/ebikespareparts.fi\/tuote\/hc50149-liukuvasarasarja-laakereille-9-osainen\/","url":"https:\/\/ebikespareparts.fi\/tuote\/hc50149-liukuvasarasarja-laakereille-9-osainen\/","name":"ESP50149 LIUKUVASARASARJA LAAKEREILLE 9 osainen - Ebikespareparts.fi","isPartOf":{"@id":"https:\/\/ebikespareparts.fi\/#website"},"primaryImageOfPage":{"@id":"https:\/\/ebikespareparts.fi\/tuote\/hc50149-liukuvasarasarja-laakereille-9-osainen\/#primaryimage"},"image":{"@id":"https:\/\/ebikespareparts.fi\/tuote\/hc50149-liukuvasarasarja-laakereille-9-osainen\/#primaryimage"},"thumbnailUrl":"https:\/\/ebikespareparts.fi\/wp-content\/uploads\/2025\/03\/Ld7Zop23mAPISmat4BjAB1tLOpUc4n6ySU8f2MBRYxtpRasEsm.jpg","datePublished":"2023-11-11T15:49:29+00:00","dateModified":"2026-03-10T13:27:21+00:00","breadcrumb":{"@id":"https:\/\/ebikespareparts.fi\/tuote\/hc50149-liukuvasarasarja-laakereille-9-osainen\/#breadcrumb"},"inLanguage":"sv-SE","potentialAction":[{"@type":"ReadAction","target":["https:\/\/ebikespareparts.fi\/tuote\/hc50149-liukuvasarasarja-laakereille-9-osainen\/"]}]},{"@type":"ImageObject","inLanguage":"sv-SE","@id":"https:\/\/ebikespareparts.fi\/tuote\/hc50149-liukuvasarasarja-laakereille-9-osainen\/#primaryimage","url":"https:\/\/ebikespareparts.fi\/wp-content\/uploads\/2025\/03\/Ld7Zop23mAPISmat4BjAB1tLOpUc4n6ySU8f2MBRYxtpRasEsm.jpg","contentUrl":"https:\/\/ebikespareparts.fi\/wp-content\/uploads\/2025\/03\/Ld7Zop23mAPISmat4BjAB1tLOpUc4n6ySU8f2MBRYxtpRasEsm.jpg","width":458,"height":336,"caption":"Ld7Zop23mAPISmat4BjAB1tLOpUc4n6ySU8f2MBRYxtpRasEsm"},{"@type":"BreadcrumbList","@id":"https:\/\/ebikespareparts.fi\/tuote\/hc50149-liukuvasarasarja-laakereille-9-osainen\/#breadcrumb","itemListElement":[{"@type":"ListItem","position":1,"name":"Etusivu","item":"https:\/\/ebikespareparts.fi\/"},{"@type":"ListItem","position":2,"name":"Kauppa","item":"https:\/\/ebikespareparts.fi\/kauppa\/"},{"@type":"ListItem","position":3,"name":"ESP50149 LIUKUVASARASARJA LAAKEREILLE 9 osainen"}]},{"@type":"WebSite","@id":"https:\/\/ebikespareparts.fi\/#website","url":"https:\/\/ebikespareparts.fi\/","name":"Ebikespareparts.fi","description":"S\u00e4hk\u00f6py\u00f6r\u00e4n osat - E-bike osat - Huolto","publisher":{"@id":"https:\/\/ebikespareparts.fi\/#organization"},"potentialAction":[{"@type":"SearchAction","target":{"@type":"EntryPoint","urlTemplate":"https:\/\/ebikespareparts.fi\/?s={search_term_string}"},"query-input":{"@type":"PropertyValueSpecification","valueRequired":true,"valueName":"search_term_string"}}],"inLanguage":"sv-SE"},{"@type":"Organization","@id":"https:\/\/ebikespareparts.fi\/#organization","name":"Ebikespareparts.fi","url":"https:\/\/ebikespareparts.fi\/","logo":{"@type":"ImageObject","inLanguage":"sv-SE","@id":"https:\/\/ebikespareparts.fi\/#\/schema\/logo\/image\/","url":"https:\/\/ebikespareparts.fi\/wp-content\/uploads\/2024\/05\/logo-musta-tausta.jpg","contentUrl":"https:\/\/ebikespareparts.fi\/wp-content\/uploads\/2024\/05\/logo-musta-tausta.jpg","width":1013,"height":950,"caption":"Ebikespareparts.fi"},"image":{"@id":"https:\/\/ebikespareparts.fi\/#\/schema\/logo\/image\/"},"sameAs":["https:\/\/www.facebook.com\/smhj.fi"]}]}},"_links":{"self":[{"href":"https:\/\/ebikespareparts.fi\/sv\/wp-json\/wp\/v2\/product\/45963","targetHints":{"allow":["GET"]}}],"collection":[{"href":"https:\/\/ebikespareparts.fi\/sv\/wp-json\/wp\/v2\/product"}],"about":[{"href":"https:\/\/ebikespareparts.fi\/sv\/wp-json\/wp\/v2\/types\/product"}],"replies":[{"embeddable":true,"href":"https:\/\/ebikespareparts.fi\/sv\/wp-json\/wp\/v2\/comments?post=45963"}],"version-history":[{"count":0,"href":"https:\/\/ebikespareparts.fi\/sv\/wp-json\/wp\/v2\/product\/45963\/revisions"}],"wp:featuredmedia":[{"embeddable":true,"href":"https:\/\/ebikespareparts.fi\/sv\/wp-json\/wp\/v2\/media\/47399"}],"wp:attachment":[{"href":"https:\/\/ebikespareparts.fi\/sv\/wp-json\/wp\/v2\/media?parent=45963"}],"wp:term":[{"taxonomy":"product_brand","embeddable":true,"href":"https:\/\/ebikespareparts.fi\/sv\/wp-json\/wp\/v2\/product_brand?post=45963"},{"taxonomy":"product_cat","embeddable":true,"href":"https:\/\/ebikespareparts.fi\/sv\/wp-json\/wp\/v2\/product_cat?post=45963"},{"taxonomy":"product_tag","embeddable":true,"href":"https:\/\/ebikespareparts.fi\/sv\/wp-json\/wp\/v2\/product_tag?post=45963"}],"curies":[{"name":"wp","href":"https:\/\/api.w.org\/{rel}","templated":true}]}}