{"id":45965,"date":"2023-11-11T18:00:49","date_gmt":"2023-11-11T16:00:49","guid":{"rendered":"https:\/\/ebikespareparts.fi\/?post_type=product&#038;p=45965"},"modified":"2026-03-10T15:27:26","modified_gmt":"2026-03-10T13:27:26","slug":"esp39905-momenttiavain-3-8","status":"publish","type":"product","link":"https:\/\/ebikespareparts.fi\/sv\/produkt\/esp39905-momenttiavain-3-8\/","title":{"rendered":"ESP39905 MOMENTNYCKEL 3\/8\u203319-110 Nm"},"content":{"rendered":"<h4>ESP39905 MOMENTNYCKEL 3\/8\u203319-110 Nm<\/h4>\n<h4>Momentnyckel 3\/8\u2033 110NM funktion i b\u00e5da riktningarna v\u00e4nster\/h\u00f6ger g\u00e4nga<\/h4>\n<h5>Anv\u00e4nds t.ex. vid \u00e5tdragning av kronmuttern p\u00e5 kedjehjulet, motorinf\u00e4stningar etc. etc.<\/h5>\n<h5>Sp\u00e4rr i krom-vanadiumst\u00e5l och handtag i v\u00e4rmebehandlat st\u00e5l<br \/> Vridmomentomr\u00e5de 19-110 Nm 1,9-11,0 kg<br \/> N\u00e4r r\u00e4tt vridmoment har uppn\u00e5tts klickar armen till en aning<br \/> L\u00e4ngd 365 mm Vikt 810 g<br \/> Uppfyller kraven i DIN-ISO 6789 och ANSI b107.14M med medf\u00f6ljande kalibreringscertifikat<br \/> I en plastl\u00e5da<br \/> Materialgaranti 1 \u00e5r, kalibreringsgaranti (kalibrering ska kontrolleras med j\u00e4mna mellanrum)<\/h5>\n<p>&nbsp;<\/p>","protected":false},"excerpt":{"rendered":"<p>ESP39905 MOMENTTIAVAIN 3\/8&#8243;19-110 Nm MOMENTTIAVAIN 3\/8&#8243; 110NM toiminto molempiin suuntiin vasen\/oikea kierre K\u00e4ytt\u00f6 esim kun kirist\u00e4t ketjurattaan kruunumutteria moottorin kiinnitykset ym ym R\u00e4ikk\u00e4v\u00e4\u00e4nnin kromi-vanadium -ter\u00e4st\u00e4 ja kahva l\u00e4mp\u00f6k\u00e4sitelty\u00e4 ter\u00e4st\u00e4 Momenttialue 19-110 Nm 1,9-11,0 kg Kun oikea momentti on saavutettu, varsi naksahtaa hieman Pituus 365 mm paino 810 g T\u00e4ytt\u00e4\u00e4 DIN-ISO 6789 ja ANSI b107.14M vaatimukset <a href=\"https:\/\/ebikespareparts.fi\/sv\/produkt\/esp39905-momenttiavain-3-8\/\" class=\"more-link\">\u2026 <span class=\"screen-reader-text\">  ESP39905 MOMENTNYCKEL 3\/8\u203319-110 Nm<\/span><\/a><\/p>","protected":false},"featured_media":47573,"comment_status":"open","ping_status":"closed","template":"","meta":{"_acf_changed":false},"product_brand":[],"product_cat":[39],"product_tag":[],"class_list":{"0":"post-45965","1":"product","2":"type-product","3":"status-publish","4":"has-post-thumbnail","6":"product_cat-tyokalut","8":"first","9":"outofstock","10":"taxable","11":"shipping-taxable","12":"purchasable","13":"product-type-simple"},"acf":[],"yoast_head":"<!-- This site is optimized with the Yoast SEO plugin v27.3 - https:\/\/yoast.com\/product\/yoast-seo-wordpress\/ -->\n<title>ESP39905 MOMENTTIAVAIN 3\/8&quot;19-110 Nm - Ebikespareparts.fi<\/title>\n<meta name=\"robots\" content=\"index, follow, max-snippet:-1, max-image-preview:large, max-video-preview:-1\" \/>\n<link rel=\"canonical\" href=\"https:\/\/ebikespareparts.fi\/sv\/produkt\/esp39905-momenttiavain-3-8\/\" \/>\n<meta property=\"og:locale\" content=\"sv_SE\" \/>\n<meta property=\"og:type\" content=\"article\" \/>\n<meta property=\"og:title\" content=\"ESP39905 MOMENTTIAVAIN 3\/8&quot;19-110 Nm - Ebikespareparts.fi\" \/>\n<meta property=\"og:description\" content=\"ESP39905 MOMENTTIAVAIN 3\/8&#8243;19-110 Nm MOMENTTIAVAIN 3\/8&#8243; 110NM toiminto molempiin suuntiin vasen\/oikea kierre K\u00e4ytt\u00f6 esim kun kirist\u00e4t ketjurattaan kruunumutteria moottorin kiinnitykset ym ym R\u00e4ikk\u00e4v\u00e4\u00e4nnin kromi-vanadium -ter\u00e4st\u00e4 ja kahva l\u00e4mp\u00f6k\u00e4sitelty\u00e4 ter\u00e4st\u00e4 Momenttialue 19-110 Nm 1,9-11,0 kg Kun oikea momentti on saavutettu, varsi naksahtaa hieman Pituus 365 mm paino 810 g T\u00e4ytt\u00e4\u00e4 DIN-ISO 6789 ja ANSI b107.14M vaatimukset \u2026  ESP39905 MOMENTTIAVAIN 3\/8&#8243;19-110 Nm\" \/>\n<meta property=\"og:url\" content=\"https:\/\/ebikespareparts.fi\/sv\/produkt\/esp39905-momenttiavain-3-8\/\" \/>\n<meta property=\"og:site_name\" content=\"Ebikespareparts.fi\" \/>\n<meta property=\"article:publisher\" content=\"https:\/\/www.facebook.com\/smhj.fi\" \/>\n<meta property=\"article:modified_time\" content=\"2026-03-10T13:27:26+00:00\" \/>\n<meta property=\"og:image\" content=\"https:\/\/ebikespareparts.fi\/wp-content\/uploads\/2025\/03\/8nnD4gLjqwxemEX9TRO7UCVgOu2cW55Cl2xU3JgWUsUXF4fUJ5.jpg\" \/>\n\t<meta property=\"og:image:width\" content=\"480\" \/>\n\t<meta property=\"og:image:height\" content=\"159\" \/>\n\t<meta property=\"og:image:type\" content=\"image\/jpeg\" \/>\n<meta name=\"twitter:card\" content=\"summary_large_image\" \/>\n<meta name=\"twitter:label1\" content=\"Ber\u00e4knad l\u00e4stid\" \/>\n\t<meta name=\"twitter:data1\" content=\"1 minut\" \/>\n<script type=\"application\/ld+json\" class=\"yoast-schema-graph\">{\"@context\":\"https:\\\/\\\/schema.org\",\"@graph\":[{\"@type\":\"WebPage\",\"@id\":\"https:\\\/\\\/ebikespareparts.fi\\\/tuote\\\/esp39905-momenttiavain-3-8\\\/\",\"url\":\"https:\\\/\\\/ebikespareparts.fi\\\/tuote\\\/esp39905-momenttiavain-3-8\\\/\",\"name\":\"ESP39905 MOMENTTIAVAIN 3\\\/8\\\"19-110 Nm - Ebikespareparts.fi\",\"isPartOf\":{\"@id\":\"https:\\\/\\\/ebikespareparts.fi\\\/#website\"},\"primaryImageOfPage\":{\"@id\":\"https:\\\/\\\/ebikespareparts.fi\\\/tuote\\\/esp39905-momenttiavain-3-8\\\/#primaryimage\"},\"image\":{\"@id\":\"https:\\\/\\\/ebikespareparts.fi\\\/tuote\\\/esp39905-momenttiavain-3-8\\\/#primaryimage\"},\"thumbnailUrl\":\"https:\\\/\\\/ebikespareparts.fi\\\/wp-content\\\/uploads\\\/2025\\\/03\\\/8nnD4gLjqwxemEX9TRO7UCVgOu2cW55Cl2xU3JgWUsUXF4fUJ5.jpg\",\"datePublished\":\"2023-11-11T16:00:49+00:00\",\"dateModified\":\"2026-03-10T13:27:26+00:00\",\"breadcrumb\":{\"@id\":\"https:\\\/\\\/ebikespareparts.fi\\\/tuote\\\/esp39905-momenttiavain-3-8\\\/#breadcrumb\"},\"inLanguage\":\"sv-SE\",\"potentialAction\":[{\"@type\":\"ReadAction\",\"target\":[\"https:\\\/\\\/ebikespareparts.fi\\\/tuote\\\/esp39905-momenttiavain-3-8\\\/\"]}]},{\"@type\":\"ImageObject\",\"inLanguage\":\"sv-SE\",\"@id\":\"https:\\\/\\\/ebikespareparts.fi\\\/tuote\\\/esp39905-momenttiavain-3-8\\\/#primaryimage\",\"url\":\"https:\\\/\\\/ebikespareparts.fi\\\/wp-content\\\/uploads\\\/2025\\\/03\\\/8nnD4gLjqwxemEX9TRO7UCVgOu2cW55Cl2xU3JgWUsUXF4fUJ5.jpg\",\"contentUrl\":\"https:\\\/\\\/ebikespareparts.fi\\\/wp-content\\\/uploads\\\/2025\\\/03\\\/8nnD4gLjqwxemEX9TRO7UCVgOu2cW55Cl2xU3JgWUsUXF4fUJ5.jpg\",\"width\":480,\"height\":159,\"caption\":\"8nnD4gLjqwxemEX9TRO7UCVgOu2cW55Cl2xU3JgWUsUXF4fUJ5\"},{\"@type\":\"BreadcrumbList\",\"@id\":\"https:\\\/\\\/ebikespareparts.fi\\\/tuote\\\/esp39905-momenttiavain-3-8\\\/#breadcrumb\",\"itemListElement\":[{\"@type\":\"ListItem\",\"position\":1,\"name\":\"Etusivu\",\"item\":\"https:\\\/\\\/ebikespareparts.fi\\\/\"},{\"@type\":\"ListItem\",\"position\":2,\"name\":\"Kauppa\",\"item\":\"https:\\\/\\\/ebikespareparts.fi\\\/kauppa\\\/\"},{\"@type\":\"ListItem\",\"position\":3,\"name\":\"ESP39905 MOMENTTIAVAIN 3\\\/8&#8243;19-110 Nm\"}]},{\"@type\":\"WebSite\",\"@id\":\"https:\\\/\\\/ebikespareparts.fi\\\/#website\",\"url\":\"https:\\\/\\\/ebikespareparts.fi\\\/\",\"name\":\"Ebikespareparts.fi\",\"description\":\"S\u00e4hk\u00f6py\u00f6r\u00e4n osat - E-bike osat - Huolto\",\"publisher\":{\"@id\":\"https:\\\/\\\/ebikespareparts.fi\\\/#organization\"},\"potentialAction\":[{\"@type\":\"SearchAction\",\"target\":{\"@type\":\"EntryPoint\",\"urlTemplate\":\"https:\\\/\\\/ebikespareparts.fi\\\/?s={search_term_string}\"},\"query-input\":{\"@type\":\"PropertyValueSpecification\",\"valueRequired\":true,\"valueName\":\"search_term_string\"}}],\"inLanguage\":\"sv-SE\"},{\"@type\":\"Organization\",\"@id\":\"https:\\\/\\\/ebikespareparts.fi\\\/#organization\",\"name\":\"Ebikespareparts.fi\",\"url\":\"https:\\\/\\\/ebikespareparts.fi\\\/\",\"logo\":{\"@type\":\"ImageObject\",\"inLanguage\":\"sv-SE\",\"@id\":\"https:\\\/\\\/ebikespareparts.fi\\\/#\\\/schema\\\/logo\\\/image\\\/\",\"url\":\"https:\\\/\\\/ebikespareparts.fi\\\/wp-content\\\/uploads\\\/2024\\\/05\\\/logo-musta-tausta.jpg\",\"contentUrl\":\"https:\\\/\\\/ebikespareparts.fi\\\/wp-content\\\/uploads\\\/2024\\\/05\\\/logo-musta-tausta.jpg\",\"width\":1013,\"height\":950,\"caption\":\"Ebikespareparts.fi\"},\"image\":{\"@id\":\"https:\\\/\\\/ebikespareparts.fi\\\/#\\\/schema\\\/logo\\\/image\\\/\"},\"sameAs\":[\"https:\\\/\\\/www.facebook.com\\\/smhj.fi\"]}]}<\/script>\n<!-- \/ Yoast SEO plugin. -->","yoast_head_json":{"title":"ESP39905 MOMENTTIAVAIN 3\/8\"19-110 Nm - Ebikespareparts.fi","robots":{"index":"index","follow":"follow","max-snippet":"max-snippet:-1","max-image-preview":"max-image-preview:large","max-video-preview":"max-video-preview:-1"},"canonical":"https:\/\/ebikespareparts.fi\/sv\/produkt\/esp39905-momenttiavain-3-8\/","og_locale":"sv_SE","og_type":"article","og_title":"ESP39905 MOMENTTIAVAIN 3\/8\"19-110 Nm - Ebikespareparts.fi","og_description":"ESP39905 MOMENTTIAVAIN 3\/8&#8243;19-110 Nm MOMENTTIAVAIN 3\/8&#8243; 110NM toiminto molempiin suuntiin vasen\/oikea kierre K\u00e4ytt\u00f6 esim kun kirist\u00e4t ketjurattaan kruunumutteria moottorin kiinnitykset ym ym R\u00e4ikk\u00e4v\u00e4\u00e4nnin kromi-vanadium -ter\u00e4st\u00e4 ja kahva l\u00e4mp\u00f6k\u00e4sitelty\u00e4 ter\u00e4st\u00e4 Momenttialue 19-110 Nm 1,9-11,0 kg Kun oikea momentti on saavutettu, varsi naksahtaa hieman Pituus 365 mm paino 810 g T\u00e4ytt\u00e4\u00e4 DIN-ISO 6789 ja ANSI b107.14M vaatimukset \u2026  ESP39905 MOMENTTIAVAIN 3\/8&#8243;19-110 Nm","og_url":"https:\/\/ebikespareparts.fi\/sv\/produkt\/esp39905-momenttiavain-3-8\/","og_site_name":"Ebikespareparts.fi","article_publisher":"https:\/\/www.facebook.com\/smhj.fi","article_modified_time":"2026-03-10T13:27:26+00:00","og_image":[{"width":480,"height":159,"url":"https:\/\/ebikespareparts.fi\/wp-content\/uploads\/2025\/03\/8nnD4gLjqwxemEX9TRO7UCVgOu2cW55Cl2xU3JgWUsUXF4fUJ5.jpg","type":"image\/jpeg"}],"twitter_card":"summary_large_image","twitter_misc":{"Ber\u00e4knad l\u00e4stid":"1 minut"},"schema":{"@context":"https:\/\/schema.org","@graph":[{"@type":"WebPage","@id":"https:\/\/ebikespareparts.fi\/tuote\/esp39905-momenttiavain-3-8\/","url":"https:\/\/ebikespareparts.fi\/tuote\/esp39905-momenttiavain-3-8\/","name":"ESP39905 MOMENTTIAVAIN 3\/8\"19-110 Nm - Ebikespareparts.fi","isPartOf":{"@id":"https:\/\/ebikespareparts.fi\/#website"},"primaryImageOfPage":{"@id":"https:\/\/ebikespareparts.fi\/tuote\/esp39905-momenttiavain-3-8\/#primaryimage"},"image":{"@id":"https:\/\/ebikespareparts.fi\/tuote\/esp39905-momenttiavain-3-8\/#primaryimage"},"thumbnailUrl":"https:\/\/ebikespareparts.fi\/wp-content\/uploads\/2025\/03\/8nnD4gLjqwxemEX9TRO7UCVgOu2cW55Cl2xU3JgWUsUXF4fUJ5.jpg","datePublished":"2023-11-11T16:00:49+00:00","dateModified":"2026-03-10T13:27:26+00:00","breadcrumb":{"@id":"https:\/\/ebikespareparts.fi\/tuote\/esp39905-momenttiavain-3-8\/#breadcrumb"},"inLanguage":"sv-SE","potentialAction":[{"@type":"ReadAction","target":["https:\/\/ebikespareparts.fi\/tuote\/esp39905-momenttiavain-3-8\/"]}]},{"@type":"ImageObject","inLanguage":"sv-SE","@id":"https:\/\/ebikespareparts.fi\/tuote\/esp39905-momenttiavain-3-8\/#primaryimage","url":"https:\/\/ebikespareparts.fi\/wp-content\/uploads\/2025\/03\/8nnD4gLjqwxemEX9TRO7UCVgOu2cW55Cl2xU3JgWUsUXF4fUJ5.jpg","contentUrl":"https:\/\/ebikespareparts.fi\/wp-content\/uploads\/2025\/03\/8nnD4gLjqwxemEX9TRO7UCVgOu2cW55Cl2xU3JgWUsUXF4fUJ5.jpg","width":480,"height":159,"caption":"8nnD4gLjqwxemEX9TRO7UCVgOu2cW55Cl2xU3JgWUsUXF4fUJ5"},{"@type":"BreadcrumbList","@id":"https:\/\/ebikespareparts.fi\/tuote\/esp39905-momenttiavain-3-8\/#breadcrumb","itemListElement":[{"@type":"ListItem","position":1,"name":"Etusivu","item":"https:\/\/ebikespareparts.fi\/"},{"@type":"ListItem","position":2,"name":"Kauppa","item":"https:\/\/ebikespareparts.fi\/kauppa\/"},{"@type":"ListItem","position":3,"name":"ESP39905 MOMENTTIAVAIN 3\/8&#8243;19-110 Nm"}]},{"@type":"WebSite","@id":"https:\/\/ebikespareparts.fi\/#website","url":"https:\/\/ebikespareparts.fi\/","name":"Ebikespareparts.fi","description":"S\u00e4hk\u00f6py\u00f6r\u00e4n osat - E-bike osat - Huolto","publisher":{"@id":"https:\/\/ebikespareparts.fi\/#organization"},"potentialAction":[{"@type":"SearchAction","target":{"@type":"EntryPoint","urlTemplate":"https:\/\/ebikespareparts.fi\/?s={search_term_string}"},"query-input":{"@type":"PropertyValueSpecification","valueRequired":true,"valueName":"search_term_string"}}],"inLanguage":"sv-SE"},{"@type":"Organization","@id":"https:\/\/ebikespareparts.fi\/#organization","name":"Ebikespareparts.fi","url":"https:\/\/ebikespareparts.fi\/","logo":{"@type":"ImageObject","inLanguage":"sv-SE","@id":"https:\/\/ebikespareparts.fi\/#\/schema\/logo\/image\/","url":"https:\/\/ebikespareparts.fi\/wp-content\/uploads\/2024\/05\/logo-musta-tausta.jpg","contentUrl":"https:\/\/ebikespareparts.fi\/wp-content\/uploads\/2024\/05\/logo-musta-tausta.jpg","width":1013,"height":950,"caption":"Ebikespareparts.fi"},"image":{"@id":"https:\/\/ebikespareparts.fi\/#\/schema\/logo\/image\/"},"sameAs":["https:\/\/www.facebook.com\/smhj.fi"]}]}},"_links":{"self":[{"href":"https:\/\/ebikespareparts.fi\/sv\/wp-json\/wp\/v2\/product\/45965","targetHints":{"allow":["GET"]}}],"collection":[{"href":"https:\/\/ebikespareparts.fi\/sv\/wp-json\/wp\/v2\/product"}],"about":[{"href":"https:\/\/ebikespareparts.fi\/sv\/wp-json\/wp\/v2\/types\/product"}],"replies":[{"embeddable":true,"href":"https:\/\/ebikespareparts.fi\/sv\/wp-json\/wp\/v2\/comments?post=45965"}],"version-history":[{"count":1,"href":"https:\/\/ebikespareparts.fi\/sv\/wp-json\/wp\/v2\/product\/45965\/revisions"}],"predecessor-version":[{"id":49167,"href":"https:\/\/ebikespareparts.fi\/sv\/wp-json\/wp\/v2\/product\/45965\/revisions\/49167"}],"wp:featuredmedia":[{"embeddable":true,"href":"https:\/\/ebikespareparts.fi\/sv\/wp-json\/wp\/v2\/media\/47573"}],"wp:attachment":[{"href":"https:\/\/ebikespareparts.fi\/sv\/wp-json\/wp\/v2\/media?parent=45965"}],"wp:term":[{"taxonomy":"product_brand","embeddable":true,"href":"https:\/\/ebikespareparts.fi\/sv\/wp-json\/wp\/v2\/product_brand?post=45965"},{"taxonomy":"product_cat","embeddable":true,"href":"https:\/\/ebikespareparts.fi\/sv\/wp-json\/wp\/v2\/product_cat?post=45965"},{"taxonomy":"product_tag","embeddable":true,"href":"https:\/\/ebikespareparts.fi\/sv\/wp-json\/wp\/v2\/product_tag?post=45965"}],"curies":[{"name":"wp","href":"https:\/\/api.w.org\/{rel}","templated":true}]}}