{"id":45967,"date":"2023-11-11T18:06:37","date_gmt":"2023-11-11T16:06:37","guid":{"rendered":"https:\/\/ebikespareparts.fi\/?post_type=product&#038;p=45967"},"modified":"2026-03-10T15:27:32","modified_gmt":"2026-03-10T13:27:32","slug":"espt39901-momenttiavain-1-4-2-24-nm","status":"publish","type":"product","link":"https:\/\/ebikespareparts.fi\/sv\/produkt\/espt39901-momenttiavain-1-4-2-24-nm\/","title":{"rendered":"ESPT39901 MOMENTNYCKEL 1\/4\u2033 2-24 Nm"},"content":{"rendered":"<h4>ESPT39901 MOMENTNYCKEL 1\/4\u2033 2-24 Nm<\/h4>\n<h5>Anv\u00e4ndningsomr\u00e5den t.ex. axelbultar p\u00e5 en l\u00e4nk och andra hjulbultar<\/h5>\n<h5>Sp\u00e4rr i krom-vanadiumst\u00e5l och handtag i v\u00e4rmebehandlat st\u00e5l<br \/> Vridmoment 2-24 Nm 0,2-2,4 kg<br \/> N\u00e4r r\u00e4tt vridmoment har uppn\u00e5tts klickar armen till en aning<br \/> Total l\u00e4ngd 280 mm Vikt 570 g<br \/> Uppfyller kraven i DIN-ISO 6789 och ANSI b107.14M<br \/> Sk\u00e5rat handtag<br \/> Inkluderar kalibreringscertifikat i plastfodral<br \/> Materialgaranti 1 \u00e5r, kalibreringsgaranti (kalibrering ska kontrolleras med j\u00e4mna mellanrum)<\/h5>","protected":false},"excerpt":{"rendered":"<p>ESPT39901 MOMENTTIAVAIN 1\/4&#8243; 2-24 Nm K\u00e4ytt\u00f6kohteet esim linkun kuusiokolo ruuvit ja muut py\u00f6r\u00e4n ruuvit R\u00e4ikk\u00e4v\u00e4\u00e4nnin kromi-vanadium -ter\u00e4st\u00e4 ja kahva l\u00e4mp\u00f6k\u00e4sitelty\u00e4 ter\u00e4st\u00e4 V\u00e4\u00e4nt\u00f6momentti 2-24 Nm 0,2-2,4 kg Kun oikea momentti on saavutettu, varsi naksahtaa hieman Kokonaispituus 280 mm paino 570 g T\u00e4ytt\u00e4\u00e4 DIN-ISO 6789 ja ANSI b107.14M vaatikukset Pyk\u00e4lletty kahva Mukana kalibrointitodistus muovikotelossa Materiaalitakuu 1 vuosi, <a href=\"https:\/\/ebikespareparts.fi\/sv\/produkt\/espt39901-momenttiavain-1-4-2-24-nm\/\" class=\"more-link\">\u2026 <span class=\"screen-reader-text\">  ESPT39901 MOMENTNYCKEL 1\/4\u2033 2-24 Nm<\/span><\/a><\/p>","protected":false},"featured_media":47530,"comment_status":"open","ping_status":"closed","template":"","meta":{"_acf_changed":false},"product_brand":[],"product_cat":[39],"product_tag":[],"class_list":{"0":"post-45967","1":"product","2":"type-product","3":"status-publish","4":"has-post-thumbnail","6":"product_cat-tyokalut","8":"first","9":"outofstock","10":"taxable","11":"shipping-taxable","12":"purchasable","13":"product-type-simple"},"acf":[],"yoast_head":"<!-- This site is optimized with the Yoast SEO plugin v27.3 - https:\/\/yoast.com\/product\/yoast-seo-wordpress\/ -->\n<title>ESPT39901 MOMENTTIAVAIN 1\/4&quot; 2-24 Nm - Ebikespareparts.fi<\/title>\n<meta name=\"robots\" content=\"index, follow, max-snippet:-1, max-image-preview:large, max-video-preview:-1\" \/>\n<link rel=\"canonical\" href=\"https:\/\/ebikespareparts.fi\/sv\/produkt\/espt39901-momenttiavain-1-4-2-24-nm\/\" \/>\n<meta property=\"og:locale\" content=\"sv_SE\" \/>\n<meta property=\"og:type\" content=\"article\" \/>\n<meta property=\"og:title\" content=\"ESPT39901 MOMENTTIAVAIN 1\/4&quot; 2-24 Nm - Ebikespareparts.fi\" \/>\n<meta property=\"og:description\" content=\"ESPT39901 MOMENTTIAVAIN 1\/4&#8243; 2-24 Nm K\u00e4ytt\u00f6kohteet esim linkun kuusiokolo ruuvit ja muut py\u00f6r\u00e4n ruuvit R\u00e4ikk\u00e4v\u00e4\u00e4nnin kromi-vanadium -ter\u00e4st\u00e4 ja kahva l\u00e4mp\u00f6k\u00e4sitelty\u00e4 ter\u00e4st\u00e4 V\u00e4\u00e4nt\u00f6momentti 2-24 Nm 0,2-2,4 kg Kun oikea momentti on saavutettu, varsi naksahtaa hieman Kokonaispituus 280 mm paino 570 g T\u00e4ytt\u00e4\u00e4 DIN-ISO 6789 ja ANSI b107.14M vaatikukset Pyk\u00e4lletty kahva Mukana kalibrointitodistus muovikotelossa Materiaalitakuu 1 vuosi, \u2026  ESPT39901 MOMENTTIAVAIN 1\/4&#8243; 2-24 Nm\" \/>\n<meta property=\"og:url\" content=\"https:\/\/ebikespareparts.fi\/sv\/produkt\/espt39901-momenttiavain-1-4-2-24-nm\/\" \/>\n<meta property=\"og:site_name\" content=\"Ebikespareparts.fi\" \/>\n<meta property=\"article:publisher\" content=\"https:\/\/www.facebook.com\/smhj.fi\" \/>\n<meta property=\"article:modified_time\" content=\"2026-03-10T13:27:32+00:00\" \/>\n<meta property=\"og:image\" content=\"https:\/\/ebikespareparts.fi\/wp-content\/uploads\/2025\/03\/FxEqcfr89xcLZRytC6gWSpPBp3O2FQ0ETSsxU3eotmbHIR6zgy.jpg\" \/>\n\t<meta property=\"og:image:width\" content=\"793\" \/>\n\t<meta property=\"og:image:height\" content=\"330\" \/>\n\t<meta property=\"og:image:type\" content=\"image\/jpeg\" \/>\n<meta name=\"twitter:card\" content=\"summary_large_image\" \/>\n<meta name=\"twitter:label1\" content=\"Ber\u00e4knad l\u00e4stid\" \/>\n\t<meta name=\"twitter:data1\" content=\"1 minut\" \/>\n<script type=\"application\/ld+json\" class=\"yoast-schema-graph\">{\"@context\":\"https:\\\/\\\/schema.org\",\"@graph\":[{\"@type\":\"WebPage\",\"@id\":\"https:\\\/\\\/ebikespareparts.fi\\\/tuote\\\/espt39901-momenttiavain-1-4-2-24-nm\\\/\",\"url\":\"https:\\\/\\\/ebikespareparts.fi\\\/tuote\\\/espt39901-momenttiavain-1-4-2-24-nm\\\/\",\"name\":\"ESPT39901 MOMENTTIAVAIN 1\\\/4\\\" 2-24 Nm - Ebikespareparts.fi\",\"isPartOf\":{\"@id\":\"https:\\\/\\\/ebikespareparts.fi\\\/#website\"},\"primaryImageOfPage\":{\"@id\":\"https:\\\/\\\/ebikespareparts.fi\\\/tuote\\\/espt39901-momenttiavain-1-4-2-24-nm\\\/#primaryimage\"},\"image\":{\"@id\":\"https:\\\/\\\/ebikespareparts.fi\\\/tuote\\\/espt39901-momenttiavain-1-4-2-24-nm\\\/#primaryimage\"},\"thumbnailUrl\":\"https:\\\/\\\/ebikespareparts.fi\\\/wp-content\\\/uploads\\\/2025\\\/03\\\/FxEqcfr89xcLZRytC6gWSpPBp3O2FQ0ETSsxU3eotmbHIR6zgy.jpg\",\"datePublished\":\"2023-11-11T16:06:37+00:00\",\"dateModified\":\"2026-03-10T13:27:32+00:00\",\"breadcrumb\":{\"@id\":\"https:\\\/\\\/ebikespareparts.fi\\\/tuote\\\/espt39901-momenttiavain-1-4-2-24-nm\\\/#breadcrumb\"},\"inLanguage\":\"sv-SE\",\"potentialAction\":[{\"@type\":\"ReadAction\",\"target\":[\"https:\\\/\\\/ebikespareparts.fi\\\/tuote\\\/espt39901-momenttiavain-1-4-2-24-nm\\\/\"]}]},{\"@type\":\"ImageObject\",\"inLanguage\":\"sv-SE\",\"@id\":\"https:\\\/\\\/ebikespareparts.fi\\\/tuote\\\/espt39901-momenttiavain-1-4-2-24-nm\\\/#primaryimage\",\"url\":\"https:\\\/\\\/ebikespareparts.fi\\\/wp-content\\\/uploads\\\/2025\\\/03\\\/FxEqcfr89xcLZRytC6gWSpPBp3O2FQ0ETSsxU3eotmbHIR6zgy.jpg\",\"contentUrl\":\"https:\\\/\\\/ebikespareparts.fi\\\/wp-content\\\/uploads\\\/2025\\\/03\\\/FxEqcfr89xcLZRytC6gWSpPBp3O2FQ0ETSsxU3eotmbHIR6zgy.jpg\",\"width\":793,\"height\":330,\"caption\":\"FxEqcfr89xcLZRytC6gWSpPBp3O2FQ0ETSsxU3eotmbHIR6zgy\"},{\"@type\":\"BreadcrumbList\",\"@id\":\"https:\\\/\\\/ebikespareparts.fi\\\/tuote\\\/espt39901-momenttiavain-1-4-2-24-nm\\\/#breadcrumb\",\"itemListElement\":[{\"@type\":\"ListItem\",\"position\":1,\"name\":\"Etusivu\",\"item\":\"https:\\\/\\\/ebikespareparts.fi\\\/\"},{\"@type\":\"ListItem\",\"position\":2,\"name\":\"Kauppa\",\"item\":\"https:\\\/\\\/ebikespareparts.fi\\\/kauppa\\\/\"},{\"@type\":\"ListItem\",\"position\":3,\"name\":\"ESPT39901 MOMENTTIAVAIN 1\\\/4&#8243; 2-24 Nm\"}]},{\"@type\":\"WebSite\",\"@id\":\"https:\\\/\\\/ebikespareparts.fi\\\/#website\",\"url\":\"https:\\\/\\\/ebikespareparts.fi\\\/\",\"name\":\"Ebikespareparts.fi\",\"description\":\"S\u00e4hk\u00f6py\u00f6r\u00e4n osat - E-bike osat - Huolto\",\"publisher\":{\"@id\":\"https:\\\/\\\/ebikespareparts.fi\\\/#organization\"},\"potentialAction\":[{\"@type\":\"SearchAction\",\"target\":{\"@type\":\"EntryPoint\",\"urlTemplate\":\"https:\\\/\\\/ebikespareparts.fi\\\/?s={search_term_string}\"},\"query-input\":{\"@type\":\"PropertyValueSpecification\",\"valueRequired\":true,\"valueName\":\"search_term_string\"}}],\"inLanguage\":\"sv-SE\"},{\"@type\":\"Organization\",\"@id\":\"https:\\\/\\\/ebikespareparts.fi\\\/#organization\",\"name\":\"Ebikespareparts.fi\",\"url\":\"https:\\\/\\\/ebikespareparts.fi\\\/\",\"logo\":{\"@type\":\"ImageObject\",\"inLanguage\":\"sv-SE\",\"@id\":\"https:\\\/\\\/ebikespareparts.fi\\\/#\\\/schema\\\/logo\\\/image\\\/\",\"url\":\"https:\\\/\\\/ebikespareparts.fi\\\/wp-content\\\/uploads\\\/2024\\\/05\\\/logo-musta-tausta.jpg\",\"contentUrl\":\"https:\\\/\\\/ebikespareparts.fi\\\/wp-content\\\/uploads\\\/2024\\\/05\\\/logo-musta-tausta.jpg\",\"width\":1013,\"height\":950,\"caption\":\"Ebikespareparts.fi\"},\"image\":{\"@id\":\"https:\\\/\\\/ebikespareparts.fi\\\/#\\\/schema\\\/logo\\\/image\\\/\"},\"sameAs\":[\"https:\\\/\\\/www.facebook.com\\\/smhj.fi\"]}]}<\/script>\n<!-- \/ Yoast SEO plugin. -->","yoast_head_json":{"title":"ESPT39901 MOMENTTIAVAIN 1\/4\" 2-24 Nm - Ebikespareparts.fi","robots":{"index":"index","follow":"follow","max-snippet":"max-snippet:-1","max-image-preview":"max-image-preview:large","max-video-preview":"max-video-preview:-1"},"canonical":"https:\/\/ebikespareparts.fi\/sv\/produkt\/espt39901-momenttiavain-1-4-2-24-nm\/","og_locale":"sv_SE","og_type":"article","og_title":"ESPT39901 MOMENTTIAVAIN 1\/4\" 2-24 Nm - Ebikespareparts.fi","og_description":"ESPT39901 MOMENTTIAVAIN 1\/4&#8243; 2-24 Nm K\u00e4ytt\u00f6kohteet esim linkun kuusiokolo ruuvit ja muut py\u00f6r\u00e4n ruuvit R\u00e4ikk\u00e4v\u00e4\u00e4nnin kromi-vanadium -ter\u00e4st\u00e4 ja kahva l\u00e4mp\u00f6k\u00e4sitelty\u00e4 ter\u00e4st\u00e4 V\u00e4\u00e4nt\u00f6momentti 2-24 Nm 0,2-2,4 kg Kun oikea momentti on saavutettu, varsi naksahtaa hieman Kokonaispituus 280 mm paino 570 g T\u00e4ytt\u00e4\u00e4 DIN-ISO 6789 ja ANSI b107.14M vaatikukset Pyk\u00e4lletty kahva Mukana kalibrointitodistus muovikotelossa Materiaalitakuu 1 vuosi, \u2026  ESPT39901 MOMENTTIAVAIN 1\/4&#8243; 2-24 Nm","og_url":"https:\/\/ebikespareparts.fi\/sv\/produkt\/espt39901-momenttiavain-1-4-2-24-nm\/","og_site_name":"Ebikespareparts.fi","article_publisher":"https:\/\/www.facebook.com\/smhj.fi","article_modified_time":"2026-03-10T13:27:32+00:00","og_image":[{"width":793,"height":330,"url":"https:\/\/ebikespareparts.fi\/wp-content\/uploads\/2025\/03\/FxEqcfr89xcLZRytC6gWSpPBp3O2FQ0ETSsxU3eotmbHIR6zgy.jpg","type":"image\/jpeg"}],"twitter_card":"summary_large_image","twitter_misc":{"Ber\u00e4knad l\u00e4stid":"1 minut"},"schema":{"@context":"https:\/\/schema.org","@graph":[{"@type":"WebPage","@id":"https:\/\/ebikespareparts.fi\/tuote\/espt39901-momenttiavain-1-4-2-24-nm\/","url":"https:\/\/ebikespareparts.fi\/tuote\/espt39901-momenttiavain-1-4-2-24-nm\/","name":"ESPT39901 MOMENTTIAVAIN 1\/4\" 2-24 Nm - Ebikespareparts.fi","isPartOf":{"@id":"https:\/\/ebikespareparts.fi\/#website"},"primaryImageOfPage":{"@id":"https:\/\/ebikespareparts.fi\/tuote\/espt39901-momenttiavain-1-4-2-24-nm\/#primaryimage"},"image":{"@id":"https:\/\/ebikespareparts.fi\/tuote\/espt39901-momenttiavain-1-4-2-24-nm\/#primaryimage"},"thumbnailUrl":"https:\/\/ebikespareparts.fi\/wp-content\/uploads\/2025\/03\/FxEqcfr89xcLZRytC6gWSpPBp3O2FQ0ETSsxU3eotmbHIR6zgy.jpg","datePublished":"2023-11-11T16:06:37+00:00","dateModified":"2026-03-10T13:27:32+00:00","breadcrumb":{"@id":"https:\/\/ebikespareparts.fi\/tuote\/espt39901-momenttiavain-1-4-2-24-nm\/#breadcrumb"},"inLanguage":"sv-SE","potentialAction":[{"@type":"ReadAction","target":["https:\/\/ebikespareparts.fi\/tuote\/espt39901-momenttiavain-1-4-2-24-nm\/"]}]},{"@type":"ImageObject","inLanguage":"sv-SE","@id":"https:\/\/ebikespareparts.fi\/tuote\/espt39901-momenttiavain-1-4-2-24-nm\/#primaryimage","url":"https:\/\/ebikespareparts.fi\/wp-content\/uploads\/2025\/03\/FxEqcfr89xcLZRytC6gWSpPBp3O2FQ0ETSsxU3eotmbHIR6zgy.jpg","contentUrl":"https:\/\/ebikespareparts.fi\/wp-content\/uploads\/2025\/03\/FxEqcfr89xcLZRytC6gWSpPBp3O2FQ0ETSsxU3eotmbHIR6zgy.jpg","width":793,"height":330,"caption":"FxEqcfr89xcLZRytC6gWSpPBp3O2FQ0ETSsxU3eotmbHIR6zgy"},{"@type":"BreadcrumbList","@id":"https:\/\/ebikespareparts.fi\/tuote\/espt39901-momenttiavain-1-4-2-24-nm\/#breadcrumb","itemListElement":[{"@type":"ListItem","position":1,"name":"Etusivu","item":"https:\/\/ebikespareparts.fi\/"},{"@type":"ListItem","position":2,"name":"Kauppa","item":"https:\/\/ebikespareparts.fi\/kauppa\/"},{"@type":"ListItem","position":3,"name":"ESPT39901 MOMENTTIAVAIN 1\/4&#8243; 2-24 Nm"}]},{"@type":"WebSite","@id":"https:\/\/ebikespareparts.fi\/#website","url":"https:\/\/ebikespareparts.fi\/","name":"Ebikespareparts.fi","description":"S\u00e4hk\u00f6py\u00f6r\u00e4n osat - E-bike osat - Huolto","publisher":{"@id":"https:\/\/ebikespareparts.fi\/#organization"},"potentialAction":[{"@type":"SearchAction","target":{"@type":"EntryPoint","urlTemplate":"https:\/\/ebikespareparts.fi\/?s={search_term_string}"},"query-input":{"@type":"PropertyValueSpecification","valueRequired":true,"valueName":"search_term_string"}}],"inLanguage":"sv-SE"},{"@type":"Organization","@id":"https:\/\/ebikespareparts.fi\/#organization","name":"Ebikespareparts.fi","url":"https:\/\/ebikespareparts.fi\/","logo":{"@type":"ImageObject","inLanguage":"sv-SE","@id":"https:\/\/ebikespareparts.fi\/#\/schema\/logo\/image\/","url":"https:\/\/ebikespareparts.fi\/wp-content\/uploads\/2024\/05\/logo-musta-tausta.jpg","contentUrl":"https:\/\/ebikespareparts.fi\/wp-content\/uploads\/2024\/05\/logo-musta-tausta.jpg","width":1013,"height":950,"caption":"Ebikespareparts.fi"},"image":{"@id":"https:\/\/ebikespareparts.fi\/#\/schema\/logo\/image\/"},"sameAs":["https:\/\/www.facebook.com\/smhj.fi"]}]}},"_links":{"self":[{"href":"https:\/\/ebikespareparts.fi\/sv\/wp-json\/wp\/v2\/product\/45967","targetHints":{"allow":["GET"]}}],"collection":[{"href":"https:\/\/ebikespareparts.fi\/sv\/wp-json\/wp\/v2\/product"}],"about":[{"href":"https:\/\/ebikespareparts.fi\/sv\/wp-json\/wp\/v2\/types\/product"}],"replies":[{"embeddable":true,"href":"https:\/\/ebikespareparts.fi\/sv\/wp-json\/wp\/v2\/comments?post=45967"}],"version-history":[{"count":1,"href":"https:\/\/ebikespareparts.fi\/sv\/wp-json\/wp\/v2\/product\/45967\/revisions"}],"predecessor-version":[{"id":49188,"href":"https:\/\/ebikespareparts.fi\/sv\/wp-json\/wp\/v2\/product\/45967\/revisions\/49188"}],"wp:featuredmedia":[{"embeddable":true,"href":"https:\/\/ebikespareparts.fi\/sv\/wp-json\/wp\/v2\/media\/47530"}],"wp:attachment":[{"href":"https:\/\/ebikespareparts.fi\/sv\/wp-json\/wp\/v2\/media?parent=45967"}],"wp:term":[{"taxonomy":"product_brand","embeddable":true,"href":"https:\/\/ebikespareparts.fi\/sv\/wp-json\/wp\/v2\/product_brand?post=45967"},{"taxonomy":"product_cat","embeddable":true,"href":"https:\/\/ebikespareparts.fi\/sv\/wp-json\/wp\/v2\/product_cat?post=45967"},{"taxonomy":"product_tag","embeddable":true,"href":"https:\/\/ebikespareparts.fi\/sv\/wp-json\/wp\/v2\/product_tag?post=45967"}],"curies":[{"name":"wp","href":"https:\/\/api.w.org\/{rel}","templated":true}]}}