{"id":45970,"date":"2023-11-11T18:19:37","date_gmt":"2023-11-11T16:19:37","guid":{"rendered":"https:\/\/ebikespareparts.fi\/?post_type=product&#038;p=45970"},"modified":"2026-03-10T15:27:15","modified_gmt":"2026-03-10T13:27:15","slug":"espc9008-yleismittari","status":"publish","type":"product","link":"https:\/\/ebikespareparts.fi\/sv\/produkt\/espc9008-yleismittari\/","title":{"rendered":"ESPC9008 Multimeter"},"content":{"rendered":"<h4>ESPC9008 Multimeter<\/h4>\n<h5>3\u00bd-siffrig LCD-display<br \/>\nVarningsindikator f\u00f6r svagt batteri \u00d6verbelastningsskydd<br \/>\nAutomatisk avst\u00e4ngning Batteri 9V x 1 ing\u00e5r i f\u00f6rpackningen<br \/>\nM\u00e5tt 164 x 85 x 34 mm utan skyddsh\u00f6lje CE _x0096_godk\u00e4nd<br \/>\nTekniska specifikationer:<br \/>\n\u00d6verbelastningsskydd<br \/>\n200mA \/ 300V med snabb s\u00e4kring<br \/>\n10A \/ 300V med snabb s\u00e4kring<br \/>\nM\u00e4tomr\u00e5den<br \/>\nDCV: 200m-2-20-200-300V<br \/>\nACV: 2-20-200-300V<br \/>\nDCA: 200\u00b5A-2mA-20mA-200mA-10A<br \/>\nACA: 2mA-20mA-200mA-10A<br \/>\nResistans Ohm: 200-2k-20k-200k-2M-20M<br \/>\nKontinuitetsm\u00e4tning med ljudsignal<br \/>\nBatterim\u00e5tt: 1,5 V, 9 V<br \/>\nIP-Repack<br \/>\nGaranti 1 \u00e5r<\/h5>","protected":false},"excerpt":{"rendered":"<p>ESPC9008 Yleismittari 3\u00bd numeroinen LCD-n\u00e4ytt\u00f6 Heikon pariston varoitusilmaisin ylikuormitussuojattu Automaattinen sammutus paristo 9V x 1 kpl sis\u00e4ltyy pakkaukseen Mitat 164 x 85 x 34mm ilman suojakoteloa CE _x0096_hyv\u00e4ksytty Tekniset tiedot: Ylikuormitussuojat 200mA \/ 300V Fast fuse -sulakkeella 10A \/ 300V Fast fuse -sulakkeella Mittausalueet DCV: 200m-2-20-200-300V ACV: 2-20-200-300V DCA: 200\u00b5A-2mA-20mA-200mA-10A ACA: 2mA-20mA-200mA-10A Vastus Ohm: 200-2k-20k-200k-2M-20M <a href=\"https:\/\/ebikespareparts.fi\/sv\/produkt\/espc9008-yleismittari\/\" class=\"more-link\">\u2026 <span class=\"screen-reader-text\">  ESPC9008 Multimeter<\/span><\/a><\/p>","protected":false},"featured_media":47569,"comment_status":"open","ping_status":"closed","template":"","meta":{"_acf_changed":false},"product_brand":[],"product_cat":[39],"product_tag":[],"class_list":{"0":"post-45970","1":"product","2":"type-product","3":"status-publish","4":"has-post-thumbnail","6":"product_cat-tyokalut","8":"first","9":"outofstock","10":"taxable","11":"shipping-taxable","12":"purchasable","13":"product-type-simple"},"acf":[],"yoast_head":"<!-- This site is optimized with the Yoast SEO plugin v27.3 - https:\/\/yoast.com\/product\/yoast-seo-wordpress\/ -->\n<title>ESPC9008 Yleismittari - Ebikespareparts.fi<\/title>\n<meta name=\"robots\" content=\"index, follow, max-snippet:-1, max-image-preview:large, max-video-preview:-1\" \/>\n<link rel=\"canonical\" href=\"https:\/\/ebikespareparts.fi\/sv\/produkt\/espc9008-yleismittari\/\" \/>\n<meta property=\"og:locale\" content=\"sv_SE\" \/>\n<meta property=\"og:type\" content=\"article\" \/>\n<meta property=\"og:title\" content=\"ESPC9008 Yleismittari - Ebikespareparts.fi\" \/>\n<meta property=\"og:description\" content=\"ESPC9008 Yleismittari 3\u00bd numeroinen LCD-n\u00e4ytt\u00f6 Heikon pariston varoitusilmaisin ylikuormitussuojattu Automaattinen sammutus paristo 9V x 1 kpl sis\u00e4ltyy pakkaukseen Mitat 164 x 85 x 34mm ilman suojakoteloa CE _x0096_hyv\u00e4ksytty Tekniset tiedot: Ylikuormitussuojat 200mA \/ 300V Fast fuse -sulakkeella 10A \/ 300V Fast fuse -sulakkeella Mittausalueet DCV: 200m-2-20-200-300V ACV: 2-20-200-300V DCA: 200\u00b5A-2mA-20mA-200mA-10A ACA: 2mA-20mA-200mA-10A Vastus Ohm: 200-2k-20k-200k-2M-20M \u2026  ESPC9008 Yleismittari\" \/>\n<meta property=\"og:url\" content=\"https:\/\/ebikespareparts.fi\/sv\/produkt\/espc9008-yleismittari\/\" \/>\n<meta property=\"og:site_name\" content=\"Ebikespareparts.fi\" \/>\n<meta property=\"article:publisher\" content=\"https:\/\/www.facebook.com\/smhj.fi\" \/>\n<meta property=\"article:modified_time\" content=\"2026-03-10T13:27:15+00:00\" \/>\n<meta property=\"og:image\" content=\"https:\/\/ebikespareparts.fi\/wp-content\/uploads\/2025\/03\/WkAQGZOjExmIRIg83GXAd4uASS2PsUx0rpTy61tZLcN0SzKUFn.jpg\" \/>\n\t<meta property=\"og:image:width\" content=\"213\" \/>\n\t<meta property=\"og:image:height\" content=\"243\" \/>\n\t<meta property=\"og:image:type\" content=\"image\/jpeg\" \/>\n<meta name=\"twitter:card\" content=\"summary_large_image\" \/>\n<meta name=\"twitter:label1\" content=\"Ber\u00e4knad l\u00e4stid\" \/>\n\t<meta name=\"twitter:data1\" content=\"1 minut\" \/>\n<script type=\"application\/ld+json\" class=\"yoast-schema-graph\">{\"@context\":\"https:\\\/\\\/schema.org\",\"@graph\":[{\"@type\":\"WebPage\",\"@id\":\"https:\\\/\\\/ebikespareparts.fi\\\/tuote\\\/espc9008-yleismittari\\\/\",\"url\":\"https:\\\/\\\/ebikespareparts.fi\\\/tuote\\\/espc9008-yleismittari\\\/\",\"name\":\"ESPC9008 Yleismittari - Ebikespareparts.fi\",\"isPartOf\":{\"@id\":\"https:\\\/\\\/ebikespareparts.fi\\\/#website\"},\"primaryImageOfPage\":{\"@id\":\"https:\\\/\\\/ebikespareparts.fi\\\/tuote\\\/espc9008-yleismittari\\\/#primaryimage\"},\"image\":{\"@id\":\"https:\\\/\\\/ebikespareparts.fi\\\/tuote\\\/espc9008-yleismittari\\\/#primaryimage\"},\"thumbnailUrl\":\"https:\\\/\\\/ebikespareparts.fi\\\/wp-content\\\/uploads\\\/2025\\\/03\\\/WkAQGZOjExmIRIg83GXAd4uASS2PsUx0rpTy61tZLcN0SzKUFn.jpg\",\"datePublished\":\"2023-11-11T16:19:37+00:00\",\"dateModified\":\"2026-03-10T13:27:15+00:00\",\"breadcrumb\":{\"@id\":\"https:\\\/\\\/ebikespareparts.fi\\\/tuote\\\/espc9008-yleismittari\\\/#breadcrumb\"},\"inLanguage\":\"sv-SE\",\"potentialAction\":[{\"@type\":\"ReadAction\",\"target\":[\"https:\\\/\\\/ebikespareparts.fi\\\/tuote\\\/espc9008-yleismittari\\\/\"]}]},{\"@type\":\"ImageObject\",\"inLanguage\":\"sv-SE\",\"@id\":\"https:\\\/\\\/ebikespareparts.fi\\\/tuote\\\/espc9008-yleismittari\\\/#primaryimage\",\"url\":\"https:\\\/\\\/ebikespareparts.fi\\\/wp-content\\\/uploads\\\/2025\\\/03\\\/WkAQGZOjExmIRIg83GXAd4uASS2PsUx0rpTy61tZLcN0SzKUFn.jpg\",\"contentUrl\":\"https:\\\/\\\/ebikespareparts.fi\\\/wp-content\\\/uploads\\\/2025\\\/03\\\/WkAQGZOjExmIRIg83GXAd4uASS2PsUx0rpTy61tZLcN0SzKUFn.jpg\",\"width\":213,\"height\":243,\"caption\":\"WkAQGZOjExmIRIg83GXAd4uASS2PsUx0rpTy61tZLcN0SzKUFn\"},{\"@type\":\"BreadcrumbList\",\"@id\":\"https:\\\/\\\/ebikespareparts.fi\\\/tuote\\\/espc9008-yleismittari\\\/#breadcrumb\",\"itemListElement\":[{\"@type\":\"ListItem\",\"position\":1,\"name\":\"Etusivu\",\"item\":\"https:\\\/\\\/ebikespareparts.fi\\\/\"},{\"@type\":\"ListItem\",\"position\":2,\"name\":\"Kauppa\",\"item\":\"https:\\\/\\\/ebikespareparts.fi\\\/kauppa\\\/\"},{\"@type\":\"ListItem\",\"position\":3,\"name\":\"ESPC9008 Yleismittari\"}]},{\"@type\":\"WebSite\",\"@id\":\"https:\\\/\\\/ebikespareparts.fi\\\/#website\",\"url\":\"https:\\\/\\\/ebikespareparts.fi\\\/\",\"name\":\"Ebikespareparts.fi\",\"description\":\"S\u00e4hk\u00f6py\u00f6r\u00e4n osat - E-bike osat - Huolto\",\"publisher\":{\"@id\":\"https:\\\/\\\/ebikespareparts.fi\\\/#organization\"},\"potentialAction\":[{\"@type\":\"SearchAction\",\"target\":{\"@type\":\"EntryPoint\",\"urlTemplate\":\"https:\\\/\\\/ebikespareparts.fi\\\/?s={search_term_string}\"},\"query-input\":{\"@type\":\"PropertyValueSpecification\",\"valueRequired\":true,\"valueName\":\"search_term_string\"}}],\"inLanguage\":\"sv-SE\"},{\"@type\":\"Organization\",\"@id\":\"https:\\\/\\\/ebikespareparts.fi\\\/#organization\",\"name\":\"Ebikespareparts.fi\",\"url\":\"https:\\\/\\\/ebikespareparts.fi\\\/\",\"logo\":{\"@type\":\"ImageObject\",\"inLanguage\":\"sv-SE\",\"@id\":\"https:\\\/\\\/ebikespareparts.fi\\\/#\\\/schema\\\/logo\\\/image\\\/\",\"url\":\"https:\\\/\\\/ebikespareparts.fi\\\/wp-content\\\/uploads\\\/2024\\\/05\\\/logo-musta-tausta.jpg\",\"contentUrl\":\"https:\\\/\\\/ebikespareparts.fi\\\/wp-content\\\/uploads\\\/2024\\\/05\\\/logo-musta-tausta.jpg\",\"width\":1013,\"height\":950,\"caption\":\"Ebikespareparts.fi\"},\"image\":{\"@id\":\"https:\\\/\\\/ebikespareparts.fi\\\/#\\\/schema\\\/logo\\\/image\\\/\"},\"sameAs\":[\"https:\\\/\\\/www.facebook.com\\\/smhj.fi\"]}]}<\/script>\n<!-- \/ Yoast SEO plugin. -->","yoast_head_json":{"title":"ESPC9008 Yleismittari - Ebikespareparts.fi","robots":{"index":"index","follow":"follow","max-snippet":"max-snippet:-1","max-image-preview":"max-image-preview:large","max-video-preview":"max-video-preview:-1"},"canonical":"https:\/\/ebikespareparts.fi\/sv\/produkt\/espc9008-yleismittari\/","og_locale":"sv_SE","og_type":"article","og_title":"ESPC9008 Yleismittari - Ebikespareparts.fi","og_description":"ESPC9008 Yleismittari 3\u00bd numeroinen LCD-n\u00e4ytt\u00f6 Heikon pariston varoitusilmaisin ylikuormitussuojattu Automaattinen sammutus paristo 9V x 1 kpl sis\u00e4ltyy pakkaukseen Mitat 164 x 85 x 34mm ilman suojakoteloa CE _x0096_hyv\u00e4ksytty Tekniset tiedot: Ylikuormitussuojat 200mA \/ 300V Fast fuse -sulakkeella 10A \/ 300V Fast fuse -sulakkeella Mittausalueet DCV: 200m-2-20-200-300V ACV: 2-20-200-300V DCA: 200\u00b5A-2mA-20mA-200mA-10A ACA: 2mA-20mA-200mA-10A Vastus Ohm: 200-2k-20k-200k-2M-20M \u2026  ESPC9008 Yleismittari","og_url":"https:\/\/ebikespareparts.fi\/sv\/produkt\/espc9008-yleismittari\/","og_site_name":"Ebikespareparts.fi","article_publisher":"https:\/\/www.facebook.com\/smhj.fi","article_modified_time":"2026-03-10T13:27:15+00:00","og_image":[{"width":213,"height":243,"url":"https:\/\/ebikespareparts.fi\/wp-content\/uploads\/2025\/03\/WkAQGZOjExmIRIg83GXAd4uASS2PsUx0rpTy61tZLcN0SzKUFn.jpg","type":"image\/jpeg"}],"twitter_card":"summary_large_image","twitter_misc":{"Ber\u00e4knad l\u00e4stid":"1 minut"},"schema":{"@context":"https:\/\/schema.org","@graph":[{"@type":"WebPage","@id":"https:\/\/ebikespareparts.fi\/tuote\/espc9008-yleismittari\/","url":"https:\/\/ebikespareparts.fi\/tuote\/espc9008-yleismittari\/","name":"ESPC9008 Yleismittari - Ebikespareparts.fi","isPartOf":{"@id":"https:\/\/ebikespareparts.fi\/#website"},"primaryImageOfPage":{"@id":"https:\/\/ebikespareparts.fi\/tuote\/espc9008-yleismittari\/#primaryimage"},"image":{"@id":"https:\/\/ebikespareparts.fi\/tuote\/espc9008-yleismittari\/#primaryimage"},"thumbnailUrl":"https:\/\/ebikespareparts.fi\/wp-content\/uploads\/2025\/03\/WkAQGZOjExmIRIg83GXAd4uASS2PsUx0rpTy61tZLcN0SzKUFn.jpg","datePublished":"2023-11-11T16:19:37+00:00","dateModified":"2026-03-10T13:27:15+00:00","breadcrumb":{"@id":"https:\/\/ebikespareparts.fi\/tuote\/espc9008-yleismittari\/#breadcrumb"},"inLanguage":"sv-SE","potentialAction":[{"@type":"ReadAction","target":["https:\/\/ebikespareparts.fi\/tuote\/espc9008-yleismittari\/"]}]},{"@type":"ImageObject","inLanguage":"sv-SE","@id":"https:\/\/ebikespareparts.fi\/tuote\/espc9008-yleismittari\/#primaryimage","url":"https:\/\/ebikespareparts.fi\/wp-content\/uploads\/2025\/03\/WkAQGZOjExmIRIg83GXAd4uASS2PsUx0rpTy61tZLcN0SzKUFn.jpg","contentUrl":"https:\/\/ebikespareparts.fi\/wp-content\/uploads\/2025\/03\/WkAQGZOjExmIRIg83GXAd4uASS2PsUx0rpTy61tZLcN0SzKUFn.jpg","width":213,"height":243,"caption":"WkAQGZOjExmIRIg83GXAd4uASS2PsUx0rpTy61tZLcN0SzKUFn"},{"@type":"BreadcrumbList","@id":"https:\/\/ebikespareparts.fi\/tuote\/espc9008-yleismittari\/#breadcrumb","itemListElement":[{"@type":"ListItem","position":1,"name":"Etusivu","item":"https:\/\/ebikespareparts.fi\/"},{"@type":"ListItem","position":2,"name":"Kauppa","item":"https:\/\/ebikespareparts.fi\/kauppa\/"},{"@type":"ListItem","position":3,"name":"ESPC9008 Yleismittari"}]},{"@type":"WebSite","@id":"https:\/\/ebikespareparts.fi\/#website","url":"https:\/\/ebikespareparts.fi\/","name":"Ebikespareparts.fi","description":"S\u00e4hk\u00f6py\u00f6r\u00e4n osat - E-bike osat - Huolto","publisher":{"@id":"https:\/\/ebikespareparts.fi\/#organization"},"potentialAction":[{"@type":"SearchAction","target":{"@type":"EntryPoint","urlTemplate":"https:\/\/ebikespareparts.fi\/?s={search_term_string}"},"query-input":{"@type":"PropertyValueSpecification","valueRequired":true,"valueName":"search_term_string"}}],"inLanguage":"sv-SE"},{"@type":"Organization","@id":"https:\/\/ebikespareparts.fi\/#organization","name":"Ebikespareparts.fi","url":"https:\/\/ebikespareparts.fi\/","logo":{"@type":"ImageObject","inLanguage":"sv-SE","@id":"https:\/\/ebikespareparts.fi\/#\/schema\/logo\/image\/","url":"https:\/\/ebikespareparts.fi\/wp-content\/uploads\/2024\/05\/logo-musta-tausta.jpg","contentUrl":"https:\/\/ebikespareparts.fi\/wp-content\/uploads\/2024\/05\/logo-musta-tausta.jpg","width":1013,"height":950,"caption":"Ebikespareparts.fi"},"image":{"@id":"https:\/\/ebikespareparts.fi\/#\/schema\/logo\/image\/"},"sameAs":["https:\/\/www.facebook.com\/smhj.fi"]}]}},"_links":{"self":[{"href":"https:\/\/ebikespareparts.fi\/sv\/wp-json\/wp\/v2\/product\/45970","targetHints":{"allow":["GET"]}}],"collection":[{"href":"https:\/\/ebikespareparts.fi\/sv\/wp-json\/wp\/v2\/product"}],"about":[{"href":"https:\/\/ebikespareparts.fi\/sv\/wp-json\/wp\/v2\/types\/product"}],"replies":[{"embeddable":true,"href":"https:\/\/ebikespareparts.fi\/sv\/wp-json\/wp\/v2\/comments?post=45970"}],"version-history":[{"count":0,"href":"https:\/\/ebikespareparts.fi\/sv\/wp-json\/wp\/v2\/product\/45970\/revisions"}],"wp:featuredmedia":[{"embeddable":true,"href":"https:\/\/ebikespareparts.fi\/sv\/wp-json\/wp\/v2\/media\/47569"}],"wp:attachment":[{"href":"https:\/\/ebikespareparts.fi\/sv\/wp-json\/wp\/v2\/media?parent=45970"}],"wp:term":[{"taxonomy":"product_brand","embeddable":true,"href":"https:\/\/ebikespareparts.fi\/sv\/wp-json\/wp\/v2\/product_brand?post=45970"},{"taxonomy":"product_cat","embeddable":true,"href":"https:\/\/ebikespareparts.fi\/sv\/wp-json\/wp\/v2\/product_cat?post=45970"},{"taxonomy":"product_tag","embeddable":true,"href":"https:\/\/ebikespareparts.fi\/sv\/wp-json\/wp\/v2\/product_tag?post=45970"}],"curies":[{"name":"wp","href":"https:\/\/api.w.org\/{rel}","templated":true}]}}