{"id":46018,"date":"2023-11-13T18:28:42","date_gmt":"2023-11-13T16:28:42","guid":{"rendered":"https:\/\/ebikespareparts.fi\/?post_type=product&#038;p=46018"},"modified":"2026-03-10T15:27:12","modified_gmt":"2026-03-10T13:27:12","slug":"brose-2-piikkinen-anturi","status":"publish","type":"product","link":"https:\/\/ebikespareparts.fi\/sv\/produkt\/brose-2-piikkinen-anturi\/","title":{"rendered":"Brose Momentsensor 2-stiftssensor"},"content":{"rendered":"<h4 class=\"tw-data-text tw-text-large tw-ta\" data-placeholder=\"K\u00e4\u00e4nn\u00f6s\" data-ved=\"2ahUKEwjp4KTQzcGCAxVTFRAIHWVgDuYQ3ewLegQIBRAQ\" dir=\"ltr\" id=\"tw-target-text\"><span class=\"Y2IQFc\" lang=\"fi\">Momentsensor 2-polig kontakt <\/span><\/h4>","protected":false},"excerpt":{"rendered":"<p>Momentsensor 2-polig kontakt<\/p>","protected":false},"featured_media":47555,"comment_status":"open","ping_status":"closed","template":"","meta":{"_acf_changed":false},"product_brand":[],"product_cat":[131],"product_tag":[],"class_list":{"0":"post-46018","1":"product","2":"type-product","3":"status-publish","4":"has-post-thumbnail","6":"product_cat-brose-moottorit-ja-varaosat","8":"first","9":"instock","10":"taxable","11":"shipping-taxable","12":"purchasable","13":"product-type-simple"},"acf":[],"yoast_head":"<!-- This site is optimized with the Yoast SEO plugin v27.4 - https:\/\/yoast.com\/product\/yoast-seo-wordpress\/ -->\n<title>Brose V\u00e4\u00e4nt\u00f6momentti tunnistimen 2 piikkinen anturi - Ebikespareparts.fi<\/title>\n<meta name=\"robots\" content=\"index, follow, max-snippet:-1, max-image-preview:large, max-video-preview:-1\" \/>\n<link rel=\"canonical\" href=\"https:\/\/ebikespareparts.fi\/sv\/produkt\/brose-2-piikkinen-anturi\/\" \/>\n<meta property=\"og:locale\" content=\"sv_SE\" \/>\n<meta property=\"og:type\" content=\"article\" \/>\n<meta property=\"og:title\" content=\"Brose V\u00e4\u00e4nt\u00f6momentti tunnistimen 2 piikkinen anturi - Ebikespareparts.fi\" \/>\n<meta property=\"og:description\" content=\"V\u00e4\u00e4nt\u00f6momenttianturin 2 napainen liitin\" \/>\n<meta property=\"og:url\" content=\"https:\/\/ebikespareparts.fi\/sv\/produkt\/brose-2-piikkinen-anturi\/\" \/>\n<meta property=\"og:site_name\" content=\"Ebikespareparts.fi\" \/>\n<meta property=\"article:publisher\" content=\"https:\/\/www.facebook.com\/smhj.fi\" \/>\n<meta property=\"article:modified_time\" content=\"2026-03-10T13:27:12+00:00\" \/>\n<meta property=\"og:image\" content=\"https:\/\/ebikespareparts.fi\/wp-content\/uploads\/2025\/03\/wCCS7XRxnL3s0B5E3IL1WmELLO7kNMDVarhtI5biOYTJc5orHC.jpg\" \/>\n\t<meta property=\"og:image:width\" content=\"1000\" \/>\n\t<meta property=\"og:image:height\" content=\"952\" \/>\n\t<meta property=\"og:image:type\" content=\"image\/jpeg\" \/>\n<meta name=\"twitter:card\" content=\"summary_large_image\" \/>\n<meta name=\"twitter:label1\" content=\"Ber\u00e4knad l\u00e4stid\" \/>\n\t<meta name=\"twitter:data1\" content=\"1 minut\" \/>\n<script type=\"application\/ld+json\" class=\"yoast-schema-graph\">{\"@context\":\"https:\\\/\\\/schema.org\",\"@graph\":[{\"@type\":\"WebPage\",\"@id\":\"https:\\\/\\\/ebikespareparts.fi\\\/tuote\\\/brose-2-piikkinen-anturi\\\/\",\"url\":\"https:\\\/\\\/ebikespareparts.fi\\\/tuote\\\/brose-2-piikkinen-anturi\\\/\",\"name\":\"Brose V\u00e4\u00e4nt\u00f6momentti tunnistimen 2 piikkinen anturi - Ebikespareparts.fi\",\"isPartOf\":{\"@id\":\"https:\\\/\\\/ebikespareparts.fi\\\/#website\"},\"primaryImageOfPage\":{\"@id\":\"https:\\\/\\\/ebikespareparts.fi\\\/tuote\\\/brose-2-piikkinen-anturi\\\/#primaryimage\"},\"image\":{\"@id\":\"https:\\\/\\\/ebikespareparts.fi\\\/tuote\\\/brose-2-piikkinen-anturi\\\/#primaryimage\"},\"thumbnailUrl\":\"https:\\\/\\\/ebikespareparts.fi\\\/wp-content\\\/uploads\\\/2025\\\/03\\\/wCCS7XRxnL3s0B5E3IL1WmELLO7kNMDVarhtI5biOYTJc5orHC.jpg\",\"datePublished\":\"2023-11-13T16:28:42+00:00\",\"dateModified\":\"2026-03-10T13:27:12+00:00\",\"breadcrumb\":{\"@id\":\"https:\\\/\\\/ebikespareparts.fi\\\/tuote\\\/brose-2-piikkinen-anturi\\\/#breadcrumb\"},\"inLanguage\":\"sv-SE\",\"potentialAction\":[{\"@type\":\"ReadAction\",\"target\":[\"https:\\\/\\\/ebikespareparts.fi\\\/tuote\\\/brose-2-piikkinen-anturi\\\/\"]}]},{\"@type\":\"ImageObject\",\"inLanguage\":\"sv-SE\",\"@id\":\"https:\\\/\\\/ebikespareparts.fi\\\/tuote\\\/brose-2-piikkinen-anturi\\\/#primaryimage\",\"url\":\"https:\\\/\\\/ebikespareparts.fi\\\/wp-content\\\/uploads\\\/2025\\\/03\\\/wCCS7XRxnL3s0B5E3IL1WmELLO7kNMDVarhtI5biOYTJc5orHC.jpg\",\"contentUrl\":\"https:\\\/\\\/ebikespareparts.fi\\\/wp-content\\\/uploads\\\/2025\\\/03\\\/wCCS7XRxnL3s0B5E3IL1WmELLO7kNMDVarhtI5biOYTJc5orHC.jpg\",\"width\":1000,\"height\":952,\"caption\":\"wCCS7XRxnL3s0B5E3IL1WmELLO7kNMDVarhtI5biOYTJc5orHC\"},{\"@type\":\"BreadcrumbList\",\"@id\":\"https:\\\/\\\/ebikespareparts.fi\\\/tuote\\\/brose-2-piikkinen-anturi\\\/#breadcrumb\",\"itemListElement\":[{\"@type\":\"ListItem\",\"position\":1,\"name\":\"Etusivu\",\"item\":\"https:\\\/\\\/ebikespareparts.fi\\\/\"},{\"@type\":\"ListItem\",\"position\":2,\"name\":\"Kauppa\",\"item\":\"https:\\\/\\\/ebikespareparts.fi\\\/kauppa\\\/\"},{\"@type\":\"ListItem\",\"position\":3,\"name\":\"Brose V\u00e4\u00e4nt\u00f6momentti tunnistimen 2 piikkinen anturi\"}]},{\"@type\":\"WebSite\",\"@id\":\"https:\\\/\\\/ebikespareparts.fi\\\/#website\",\"url\":\"https:\\\/\\\/ebikespareparts.fi\\\/\",\"name\":\"Ebikespareparts.fi\",\"description\":\"S\u00e4hk\u00f6py\u00f6r\u00e4n osat - E-bike osat - Huolto\",\"publisher\":{\"@id\":\"https:\\\/\\\/ebikespareparts.fi\\\/#organization\"},\"potentialAction\":[{\"@type\":\"SearchAction\",\"target\":{\"@type\":\"EntryPoint\",\"urlTemplate\":\"https:\\\/\\\/ebikespareparts.fi\\\/?s={search_term_string}\"},\"query-input\":{\"@type\":\"PropertyValueSpecification\",\"valueRequired\":true,\"valueName\":\"search_term_string\"}}],\"inLanguage\":\"sv-SE\"},{\"@type\":\"Organization\",\"@id\":\"https:\\\/\\\/ebikespareparts.fi\\\/#organization\",\"name\":\"Ebikespareparts.fi\",\"url\":\"https:\\\/\\\/ebikespareparts.fi\\\/\",\"logo\":{\"@type\":\"ImageObject\",\"inLanguage\":\"sv-SE\",\"@id\":\"https:\\\/\\\/ebikespareparts.fi\\\/#\\\/schema\\\/logo\\\/image\\\/\",\"url\":\"https:\\\/\\\/ebikespareparts.fi\\\/wp-content\\\/uploads\\\/2024\\\/05\\\/logo-musta-tausta.jpg\",\"contentUrl\":\"https:\\\/\\\/ebikespareparts.fi\\\/wp-content\\\/uploads\\\/2024\\\/05\\\/logo-musta-tausta.jpg\",\"width\":1013,\"height\":950,\"caption\":\"Ebikespareparts.fi\"},\"image\":{\"@id\":\"https:\\\/\\\/ebikespareparts.fi\\\/#\\\/schema\\\/logo\\\/image\\\/\"},\"sameAs\":[\"https:\\\/\\\/www.facebook.com\\\/smhj.fi\"]}]}<\/script>\n<!-- \/ Yoast SEO plugin. -->","yoast_head_json":{"title":"Brose V\u00e4\u00e4nt\u00f6momentti tunnistimen 2 piikkinen anturi - Ebikespareparts.fi","robots":{"index":"index","follow":"follow","max-snippet":"max-snippet:-1","max-image-preview":"max-image-preview:large","max-video-preview":"max-video-preview:-1"},"canonical":"https:\/\/ebikespareparts.fi\/sv\/produkt\/brose-2-piikkinen-anturi\/","og_locale":"sv_SE","og_type":"article","og_title":"Brose V\u00e4\u00e4nt\u00f6momentti tunnistimen 2 piikkinen anturi - Ebikespareparts.fi","og_description":"V\u00e4\u00e4nt\u00f6momenttianturin 2 napainen liitin","og_url":"https:\/\/ebikespareparts.fi\/sv\/produkt\/brose-2-piikkinen-anturi\/","og_site_name":"Ebikespareparts.fi","article_publisher":"https:\/\/www.facebook.com\/smhj.fi","article_modified_time":"2026-03-10T13:27:12+00:00","og_image":[{"width":1000,"height":952,"url":"https:\/\/ebikespareparts.fi\/wp-content\/uploads\/2025\/03\/wCCS7XRxnL3s0B5E3IL1WmELLO7kNMDVarhtI5biOYTJc5orHC.jpg","type":"image\/jpeg"}],"twitter_card":"summary_large_image","twitter_misc":{"Ber\u00e4knad l\u00e4stid":"1 minut"},"schema":{"@context":"https:\/\/schema.org","@graph":[{"@type":"WebPage","@id":"https:\/\/ebikespareparts.fi\/tuote\/brose-2-piikkinen-anturi\/","url":"https:\/\/ebikespareparts.fi\/tuote\/brose-2-piikkinen-anturi\/","name":"Brose V\u00e4\u00e4nt\u00f6momentti tunnistimen 2 piikkinen anturi - Ebikespareparts.fi","isPartOf":{"@id":"https:\/\/ebikespareparts.fi\/#website"},"primaryImageOfPage":{"@id":"https:\/\/ebikespareparts.fi\/tuote\/brose-2-piikkinen-anturi\/#primaryimage"},"image":{"@id":"https:\/\/ebikespareparts.fi\/tuote\/brose-2-piikkinen-anturi\/#primaryimage"},"thumbnailUrl":"https:\/\/ebikespareparts.fi\/wp-content\/uploads\/2025\/03\/wCCS7XRxnL3s0B5E3IL1WmELLO7kNMDVarhtI5biOYTJc5orHC.jpg","datePublished":"2023-11-13T16:28:42+00:00","dateModified":"2026-03-10T13:27:12+00:00","breadcrumb":{"@id":"https:\/\/ebikespareparts.fi\/tuote\/brose-2-piikkinen-anturi\/#breadcrumb"},"inLanguage":"sv-SE","potentialAction":[{"@type":"ReadAction","target":["https:\/\/ebikespareparts.fi\/tuote\/brose-2-piikkinen-anturi\/"]}]},{"@type":"ImageObject","inLanguage":"sv-SE","@id":"https:\/\/ebikespareparts.fi\/tuote\/brose-2-piikkinen-anturi\/#primaryimage","url":"https:\/\/ebikespareparts.fi\/wp-content\/uploads\/2025\/03\/wCCS7XRxnL3s0B5E3IL1WmELLO7kNMDVarhtI5biOYTJc5orHC.jpg","contentUrl":"https:\/\/ebikespareparts.fi\/wp-content\/uploads\/2025\/03\/wCCS7XRxnL3s0B5E3IL1WmELLO7kNMDVarhtI5biOYTJc5orHC.jpg","width":1000,"height":952,"caption":"wCCS7XRxnL3s0B5E3IL1WmELLO7kNMDVarhtI5biOYTJc5orHC"},{"@type":"BreadcrumbList","@id":"https:\/\/ebikespareparts.fi\/tuote\/brose-2-piikkinen-anturi\/#breadcrumb","itemListElement":[{"@type":"ListItem","position":1,"name":"Etusivu","item":"https:\/\/ebikespareparts.fi\/"},{"@type":"ListItem","position":2,"name":"Kauppa","item":"https:\/\/ebikespareparts.fi\/kauppa\/"},{"@type":"ListItem","position":3,"name":"Brose V\u00e4\u00e4nt\u00f6momentti tunnistimen 2 piikkinen anturi"}]},{"@type":"WebSite","@id":"https:\/\/ebikespareparts.fi\/#website","url":"https:\/\/ebikespareparts.fi\/","name":"Ebikespareparts.fi","description":"S\u00e4hk\u00f6py\u00f6r\u00e4n osat - E-bike osat - Huolto","publisher":{"@id":"https:\/\/ebikespareparts.fi\/#organization"},"potentialAction":[{"@type":"SearchAction","target":{"@type":"EntryPoint","urlTemplate":"https:\/\/ebikespareparts.fi\/?s={search_term_string}"},"query-input":{"@type":"PropertyValueSpecification","valueRequired":true,"valueName":"search_term_string"}}],"inLanguage":"sv-SE"},{"@type":"Organization","@id":"https:\/\/ebikespareparts.fi\/#organization","name":"Ebikespareparts.fi","url":"https:\/\/ebikespareparts.fi\/","logo":{"@type":"ImageObject","inLanguage":"sv-SE","@id":"https:\/\/ebikespareparts.fi\/#\/schema\/logo\/image\/","url":"https:\/\/ebikespareparts.fi\/wp-content\/uploads\/2024\/05\/logo-musta-tausta.jpg","contentUrl":"https:\/\/ebikespareparts.fi\/wp-content\/uploads\/2024\/05\/logo-musta-tausta.jpg","width":1013,"height":950,"caption":"Ebikespareparts.fi"},"image":{"@id":"https:\/\/ebikespareparts.fi\/#\/schema\/logo\/image\/"},"sameAs":["https:\/\/www.facebook.com\/smhj.fi"]}]}},"_links":{"self":[{"href":"https:\/\/ebikespareparts.fi\/sv\/wp-json\/wp\/v2\/product\/46018","targetHints":{"allow":["GET"]}}],"collection":[{"href":"https:\/\/ebikespareparts.fi\/sv\/wp-json\/wp\/v2\/product"}],"about":[{"href":"https:\/\/ebikespareparts.fi\/sv\/wp-json\/wp\/v2\/types\/product"}],"replies":[{"embeddable":true,"href":"https:\/\/ebikespareparts.fi\/sv\/wp-json\/wp\/v2\/comments?post=46018"}],"version-history":[{"count":1,"href":"https:\/\/ebikespareparts.fi\/sv\/wp-json\/wp\/v2\/product\/46018\/revisions"}],"predecessor-version":[{"id":49122,"href":"https:\/\/ebikespareparts.fi\/sv\/wp-json\/wp\/v2\/product\/46018\/revisions\/49122"}],"wp:featuredmedia":[{"embeddable":true,"href":"https:\/\/ebikespareparts.fi\/sv\/wp-json\/wp\/v2\/media\/47555"}],"wp:attachment":[{"href":"https:\/\/ebikespareparts.fi\/sv\/wp-json\/wp\/v2\/media?parent=46018"}],"wp:term":[{"taxonomy":"product_brand","embeddable":true,"href":"https:\/\/ebikespareparts.fi\/sv\/wp-json\/wp\/v2\/product_brand?post=46018"},{"taxonomy":"product_cat","embeddable":true,"href":"https:\/\/ebikespareparts.fi\/sv\/wp-json\/wp\/v2\/product_cat?post=46018"},{"taxonomy":"product_tag","embeddable":true,"href":"https:\/\/ebikespareparts.fi\/sv\/wp-json\/wp\/v2\/product_tag?post=46018"}],"curies":[{"name":"wp","href":"https:\/\/api.w.org\/{rel}","templated":true}]}}