{"id":46863,"date":"2024-03-06T09:53:40","date_gmt":"2024-03-06T07:53:40","guid":{"rendered":"https:\/\/ebikespareparts.fi\/?post_type=product&#038;p=46863"},"modified":"2026-03-10T15:27:28","modified_gmt":"2026-03-10T13:27:28","slug":"1270016204-bosch-kayttohammaspyora-15-hampainen-bdu2xx","status":"publish","type":"product","link":"https:\/\/ebikespareparts.fi\/sv\/produkt\/1270016204-bosch-kayttohammaspyora-15-hampainen-bdu2xx\/","title":{"rendered":"1270016204 Bosch drivv\u00e4xel 15 t\u00e4nder (BDU2XX)"},"content":{"rendered":"<div>\n<p><strong>Kompatibel: <\/strong><span style=\"font-size: var(--wp--preset--font-size--small);font-family: var(--wp--preset--font-family--inter)\">BDU2XX MV2014 Active Line (BDU2XX), Performance Line (BDU2XX), Performance Line CX (BDU2XX)<\/span><\/p>\n<\/div>","protected":false},"excerpt":{"rendered":"<p>Yhteensopiva: BDU2XX MV2014 Active Line (BDU2XX), Performance Line (BDU2XX), Performance Line CX (BDU2XX)<\/p>","protected":false},"featured_media":47482,"comment_status":"open","ping_status":"closed","template":"","meta":{"_acf_changed":false},"product_brand":[],"product_cat":[18,123],"product_tag":[],"class_list":{"0":"post-46863","1":"product","2":"type-product","3":"status-publish","4":"has-post-thumbnail","6":"product_cat-bosch-gen-2","7":"product_cat-varaosa","9":"first","10":"instock","11":"taxable","12":"shipping-taxable","13":"purchasable","14":"product-type-simple"},"acf":[],"yoast_head":"<!-- This site is optimized with the Yoast SEO plugin v27.4 - https:\/\/yoast.com\/product\/yoast-seo-wordpress\/ -->\n<title>1270016204 Bosch k\u00e4ytt\u00f6hammaspy\u00f6r\u00e4 15-hampainen (BDU2XX) - Ebikespareparts.fi<\/title>\n<meta name=\"robots\" content=\"index, follow, max-snippet:-1, max-image-preview:large, max-video-preview:-1\" \/>\n<link rel=\"canonical\" href=\"https:\/\/ebikespareparts.fi\/sv\/produkt\/1270016204-bosch-kayttohammaspyora-15-hampainen-bdu2xx\/\" \/>\n<meta property=\"og:locale\" content=\"sv_SE\" \/>\n<meta property=\"og:type\" content=\"article\" \/>\n<meta property=\"og:title\" content=\"1270016204 Bosch k\u00e4ytt\u00f6hammaspy\u00f6r\u00e4 15-hampainen (BDU2XX) - Ebikespareparts.fi\" \/>\n<meta property=\"og:description\" content=\"Yhteensopiva: BDU2XX MV2014 Active Line (BDU2XX), Performance Line (BDU2XX), Performance Line CX (BDU2XX)\" \/>\n<meta property=\"og:url\" content=\"https:\/\/ebikespareparts.fi\/sv\/produkt\/1270016204-bosch-kayttohammaspyora-15-hampainen-bdu2xx\/\" \/>\n<meta property=\"og:site_name\" content=\"Ebikespareparts.fi\" \/>\n<meta property=\"article:publisher\" content=\"https:\/\/www.facebook.com\/smhj.fi\" \/>\n<meta property=\"article:modified_time\" content=\"2026-03-10T13:27:28+00:00\" \/>\n<meta property=\"og:image\" content=\"https:\/\/ebikespareparts.fi\/wp-content\/uploads\/2025\/03\/g74RRYa0J9vho2nbbdKg7AbMFNriFC1YUzcKalrIp6reuiMElW.png\" \/>\n\t<meta property=\"og:image:width\" content=\"1000\" \/>\n\t<meta property=\"og:image:height\" content=\"1000\" \/>\n\t<meta property=\"og:image:type\" content=\"image\/png\" \/>\n<meta name=\"twitter:card\" content=\"summary_large_image\" \/>\n<meta name=\"twitter:label1\" content=\"Ber\u00e4knad l\u00e4stid\" \/>\n\t<meta name=\"twitter:data1\" content=\"1 minut\" \/>\n<script type=\"application\/ld+json\" class=\"yoast-schema-graph\">{\"@context\":\"https:\\\/\\\/schema.org\",\"@graph\":[{\"@type\":\"WebPage\",\"@id\":\"https:\\\/\\\/ebikespareparts.fi\\\/tuote\\\/1270016204-bosch-kayttohammaspyora-15-hampainen-bdu2xx\\\/\",\"url\":\"https:\\\/\\\/ebikespareparts.fi\\\/tuote\\\/1270016204-bosch-kayttohammaspyora-15-hampainen-bdu2xx\\\/\",\"name\":\"1270016204 Bosch k\u00e4ytt\u00f6hammaspy\u00f6r\u00e4 15-hampainen (BDU2XX) - Ebikespareparts.fi\",\"isPartOf\":{\"@id\":\"https:\\\/\\\/ebikespareparts.fi\\\/#website\"},\"primaryImageOfPage\":{\"@id\":\"https:\\\/\\\/ebikespareparts.fi\\\/tuote\\\/1270016204-bosch-kayttohammaspyora-15-hampainen-bdu2xx\\\/#primaryimage\"},\"image\":{\"@id\":\"https:\\\/\\\/ebikespareparts.fi\\\/tuote\\\/1270016204-bosch-kayttohammaspyora-15-hampainen-bdu2xx\\\/#primaryimage\"},\"thumbnailUrl\":\"https:\\\/\\\/ebikespareparts.fi\\\/wp-content\\\/uploads\\\/2025\\\/03\\\/g74RRYa0J9vho2nbbdKg7AbMFNriFC1YUzcKalrIp6reuiMElW.png\",\"datePublished\":\"2024-03-06T07:53:40+00:00\",\"dateModified\":\"2026-03-10T13:27:28+00:00\",\"breadcrumb\":{\"@id\":\"https:\\\/\\\/ebikespareparts.fi\\\/tuote\\\/1270016204-bosch-kayttohammaspyora-15-hampainen-bdu2xx\\\/#breadcrumb\"},\"inLanguage\":\"sv-SE\",\"potentialAction\":[{\"@type\":\"ReadAction\",\"target\":[\"https:\\\/\\\/ebikespareparts.fi\\\/tuote\\\/1270016204-bosch-kayttohammaspyora-15-hampainen-bdu2xx\\\/\"]}]},{\"@type\":\"ImageObject\",\"inLanguage\":\"sv-SE\",\"@id\":\"https:\\\/\\\/ebikespareparts.fi\\\/tuote\\\/1270016204-bosch-kayttohammaspyora-15-hampainen-bdu2xx\\\/#primaryimage\",\"url\":\"https:\\\/\\\/ebikespareparts.fi\\\/wp-content\\\/uploads\\\/2025\\\/03\\\/g74RRYa0J9vho2nbbdKg7AbMFNriFC1YUzcKalrIp6reuiMElW.png\",\"contentUrl\":\"https:\\\/\\\/ebikespareparts.fi\\\/wp-content\\\/uploads\\\/2025\\\/03\\\/g74RRYa0J9vho2nbbdKg7AbMFNriFC1YUzcKalrIp6reuiMElW.png\",\"width\":1000,\"height\":1000,\"caption\":\"g74RRYa0J9vho2nbbdKg7AbMFNriFC1YUzcKalrIp6reuiMElW\"},{\"@type\":\"BreadcrumbList\",\"@id\":\"https:\\\/\\\/ebikespareparts.fi\\\/tuote\\\/1270016204-bosch-kayttohammaspyora-15-hampainen-bdu2xx\\\/#breadcrumb\",\"itemListElement\":[{\"@type\":\"ListItem\",\"position\":1,\"name\":\"Etusivu\",\"item\":\"https:\\\/\\\/ebikespareparts.fi\\\/\"},{\"@type\":\"ListItem\",\"position\":2,\"name\":\"Kauppa\",\"item\":\"https:\\\/\\\/ebikespareparts.fi\\\/kauppa\\\/\"},{\"@type\":\"ListItem\",\"position\":3,\"name\":\"1270016204 Bosch k\u00e4ytt\u00f6hammaspy\u00f6r\u00e4 15-hampainen (BDU2XX)\"}]},{\"@type\":\"WebSite\",\"@id\":\"https:\\\/\\\/ebikespareparts.fi\\\/#website\",\"url\":\"https:\\\/\\\/ebikespareparts.fi\\\/\",\"name\":\"Ebikespareparts.fi\",\"description\":\"S\u00e4hk\u00f6py\u00f6r\u00e4n osat - E-bike osat - Huolto\",\"publisher\":{\"@id\":\"https:\\\/\\\/ebikespareparts.fi\\\/#organization\"},\"potentialAction\":[{\"@type\":\"SearchAction\",\"target\":{\"@type\":\"EntryPoint\",\"urlTemplate\":\"https:\\\/\\\/ebikespareparts.fi\\\/?s={search_term_string}\"},\"query-input\":{\"@type\":\"PropertyValueSpecification\",\"valueRequired\":true,\"valueName\":\"search_term_string\"}}],\"inLanguage\":\"sv-SE\"},{\"@type\":\"Organization\",\"@id\":\"https:\\\/\\\/ebikespareparts.fi\\\/#organization\",\"name\":\"Ebikespareparts.fi\",\"url\":\"https:\\\/\\\/ebikespareparts.fi\\\/\",\"logo\":{\"@type\":\"ImageObject\",\"inLanguage\":\"sv-SE\",\"@id\":\"https:\\\/\\\/ebikespareparts.fi\\\/#\\\/schema\\\/logo\\\/image\\\/\",\"url\":\"https:\\\/\\\/ebikespareparts.fi\\\/wp-content\\\/uploads\\\/2024\\\/05\\\/logo-musta-tausta.jpg\",\"contentUrl\":\"https:\\\/\\\/ebikespareparts.fi\\\/wp-content\\\/uploads\\\/2024\\\/05\\\/logo-musta-tausta.jpg\",\"width\":1013,\"height\":950,\"caption\":\"Ebikespareparts.fi\"},\"image\":{\"@id\":\"https:\\\/\\\/ebikespareparts.fi\\\/#\\\/schema\\\/logo\\\/image\\\/\"},\"sameAs\":[\"https:\\\/\\\/www.facebook.com\\\/smhj.fi\"]}]}<\/script>\n<!-- \/ Yoast SEO plugin. -->","yoast_head_json":{"title":"1270016204 Bosch k\u00e4ytt\u00f6hammaspy\u00f6r\u00e4 15-hampainen (BDU2XX) - Ebikespareparts.fi","robots":{"index":"index","follow":"follow","max-snippet":"max-snippet:-1","max-image-preview":"max-image-preview:large","max-video-preview":"max-video-preview:-1"},"canonical":"https:\/\/ebikespareparts.fi\/sv\/produkt\/1270016204-bosch-kayttohammaspyora-15-hampainen-bdu2xx\/","og_locale":"sv_SE","og_type":"article","og_title":"1270016204 Bosch k\u00e4ytt\u00f6hammaspy\u00f6r\u00e4 15-hampainen (BDU2XX) - Ebikespareparts.fi","og_description":"Yhteensopiva: BDU2XX MV2014 Active Line (BDU2XX), Performance Line (BDU2XX), Performance Line CX (BDU2XX)","og_url":"https:\/\/ebikespareparts.fi\/sv\/produkt\/1270016204-bosch-kayttohammaspyora-15-hampainen-bdu2xx\/","og_site_name":"Ebikespareparts.fi","article_publisher":"https:\/\/www.facebook.com\/smhj.fi","article_modified_time":"2026-03-10T13:27:28+00:00","og_image":[{"width":1000,"height":1000,"url":"https:\/\/ebikespareparts.fi\/wp-content\/uploads\/2025\/03\/g74RRYa0J9vho2nbbdKg7AbMFNriFC1YUzcKalrIp6reuiMElW.png","type":"image\/png"}],"twitter_card":"summary_large_image","twitter_misc":{"Ber\u00e4knad l\u00e4stid":"1 minut"},"schema":{"@context":"https:\/\/schema.org","@graph":[{"@type":"WebPage","@id":"https:\/\/ebikespareparts.fi\/tuote\/1270016204-bosch-kayttohammaspyora-15-hampainen-bdu2xx\/","url":"https:\/\/ebikespareparts.fi\/tuote\/1270016204-bosch-kayttohammaspyora-15-hampainen-bdu2xx\/","name":"1270016204 Bosch k\u00e4ytt\u00f6hammaspy\u00f6r\u00e4 15-hampainen (BDU2XX) - Ebikespareparts.fi","isPartOf":{"@id":"https:\/\/ebikespareparts.fi\/#website"},"primaryImageOfPage":{"@id":"https:\/\/ebikespareparts.fi\/tuote\/1270016204-bosch-kayttohammaspyora-15-hampainen-bdu2xx\/#primaryimage"},"image":{"@id":"https:\/\/ebikespareparts.fi\/tuote\/1270016204-bosch-kayttohammaspyora-15-hampainen-bdu2xx\/#primaryimage"},"thumbnailUrl":"https:\/\/ebikespareparts.fi\/wp-content\/uploads\/2025\/03\/g74RRYa0J9vho2nbbdKg7AbMFNriFC1YUzcKalrIp6reuiMElW.png","datePublished":"2024-03-06T07:53:40+00:00","dateModified":"2026-03-10T13:27:28+00:00","breadcrumb":{"@id":"https:\/\/ebikespareparts.fi\/tuote\/1270016204-bosch-kayttohammaspyora-15-hampainen-bdu2xx\/#breadcrumb"},"inLanguage":"sv-SE","potentialAction":[{"@type":"ReadAction","target":["https:\/\/ebikespareparts.fi\/tuote\/1270016204-bosch-kayttohammaspyora-15-hampainen-bdu2xx\/"]}]},{"@type":"ImageObject","inLanguage":"sv-SE","@id":"https:\/\/ebikespareparts.fi\/tuote\/1270016204-bosch-kayttohammaspyora-15-hampainen-bdu2xx\/#primaryimage","url":"https:\/\/ebikespareparts.fi\/wp-content\/uploads\/2025\/03\/g74RRYa0J9vho2nbbdKg7AbMFNriFC1YUzcKalrIp6reuiMElW.png","contentUrl":"https:\/\/ebikespareparts.fi\/wp-content\/uploads\/2025\/03\/g74RRYa0J9vho2nbbdKg7AbMFNriFC1YUzcKalrIp6reuiMElW.png","width":1000,"height":1000,"caption":"g74RRYa0J9vho2nbbdKg7AbMFNriFC1YUzcKalrIp6reuiMElW"},{"@type":"BreadcrumbList","@id":"https:\/\/ebikespareparts.fi\/tuote\/1270016204-bosch-kayttohammaspyora-15-hampainen-bdu2xx\/#breadcrumb","itemListElement":[{"@type":"ListItem","position":1,"name":"Etusivu","item":"https:\/\/ebikespareparts.fi\/"},{"@type":"ListItem","position":2,"name":"Kauppa","item":"https:\/\/ebikespareparts.fi\/kauppa\/"},{"@type":"ListItem","position":3,"name":"1270016204 Bosch k\u00e4ytt\u00f6hammaspy\u00f6r\u00e4 15-hampainen (BDU2XX)"}]},{"@type":"WebSite","@id":"https:\/\/ebikespareparts.fi\/#website","url":"https:\/\/ebikespareparts.fi\/","name":"Ebikespareparts.fi","description":"S\u00e4hk\u00f6py\u00f6r\u00e4n osat - E-bike osat - Huolto","publisher":{"@id":"https:\/\/ebikespareparts.fi\/#organization"},"potentialAction":[{"@type":"SearchAction","target":{"@type":"EntryPoint","urlTemplate":"https:\/\/ebikespareparts.fi\/?s={search_term_string}"},"query-input":{"@type":"PropertyValueSpecification","valueRequired":true,"valueName":"search_term_string"}}],"inLanguage":"sv-SE"},{"@type":"Organization","@id":"https:\/\/ebikespareparts.fi\/#organization","name":"Ebikespareparts.fi","url":"https:\/\/ebikespareparts.fi\/","logo":{"@type":"ImageObject","inLanguage":"sv-SE","@id":"https:\/\/ebikespareparts.fi\/#\/schema\/logo\/image\/","url":"https:\/\/ebikespareparts.fi\/wp-content\/uploads\/2024\/05\/logo-musta-tausta.jpg","contentUrl":"https:\/\/ebikespareparts.fi\/wp-content\/uploads\/2024\/05\/logo-musta-tausta.jpg","width":1013,"height":950,"caption":"Ebikespareparts.fi"},"image":{"@id":"https:\/\/ebikespareparts.fi\/#\/schema\/logo\/image\/"},"sameAs":["https:\/\/www.facebook.com\/smhj.fi"]}]}},"_links":{"self":[{"href":"https:\/\/ebikespareparts.fi\/sv\/wp-json\/wp\/v2\/product\/46863","targetHints":{"allow":["GET"]}}],"collection":[{"href":"https:\/\/ebikespareparts.fi\/sv\/wp-json\/wp\/v2\/product"}],"about":[{"href":"https:\/\/ebikespareparts.fi\/sv\/wp-json\/wp\/v2\/types\/product"}],"replies":[{"embeddable":true,"href":"https:\/\/ebikespareparts.fi\/sv\/wp-json\/wp\/v2\/comments?post=46863"}],"version-history":[{"count":1,"href":"https:\/\/ebikespareparts.fi\/sv\/wp-json\/wp\/v2\/product\/46863\/revisions"}],"predecessor-version":[{"id":49177,"href":"https:\/\/ebikespareparts.fi\/sv\/wp-json\/wp\/v2\/product\/46863\/revisions\/49177"}],"wp:featuredmedia":[{"embeddable":true,"href":"https:\/\/ebikespareparts.fi\/sv\/wp-json\/wp\/v2\/media\/47482"}],"wp:attachment":[{"href":"https:\/\/ebikespareparts.fi\/sv\/wp-json\/wp\/v2\/media?parent=46863"}],"wp:term":[{"taxonomy":"product_brand","embeddable":true,"href":"https:\/\/ebikespareparts.fi\/sv\/wp-json\/wp\/v2\/product_brand?post=46863"},{"taxonomy":"product_cat","embeddable":true,"href":"https:\/\/ebikespareparts.fi\/sv\/wp-json\/wp\/v2\/product_cat?post=46863"},{"taxonomy":"product_tag","embeddable":true,"href":"https:\/\/ebikespareparts.fi\/sv\/wp-json\/wp\/v2\/product_tag?post=46863"}],"curies":[{"name":"wp","href":"https:\/\/api.w.org\/{rel}","templated":true}]}}