{"id":46869,"date":"2024-03-06T10:15:05","date_gmt":"2024-03-06T08:15:05","guid":{"rendered":"https:\/\/ebikespareparts.fi\/?post_type=product&#038;p=46869"},"modified":"2026-03-10T15:27:43","modified_gmt":"2026-03-10T13:27:43","slug":"bw2029-puhdistusliina-hd-40kpl","status":"publish","type":"product","link":"https:\/\/ebikespareparts.fi\/sv\/produkt\/bw2029-puhdistusliina-hd-40kpl\/","title":{"rendered":"BW2029 RENG\u00d6RINGSDUK HD 40ST"},"content":{"rendered":"<p>40 servetter i f\u00f6rpackningen\n- dubbelsidig trasa f\u00f6r h\u00e5rd anv\u00e4ndning och reng\u00f6ring av envis smuts reng\u00f6r f\u00e4rg, lim, PU-skum, silikon, t\u00e4tningsmedel, olja och smuts\n-antibakteriell produkt d\u00f6dar mer \u00e4n 99,9 % av bakterierna, inneh\u00e5ller aloe vera och vitamin e som handv\u00e5rdsingredienser\n-fryst\u00e5lig h\u00e5llbarhet o\u00f6ppnad 36 m\u00e5nader och \u00f6ppnad 12 m\u00e5nader<br \/>\n-tv\u00e5sidig trasa f\u00f6r kraftig och envis reng\u00f6ring reng\u00f6r f\u00e4rg, lim, PU-skum, silikon, t\u00e4tningsmedel, olja och smuts<br \/>\n-antibakteriell produkt d\u00f6dar \u00f6ver 99,9% av bakterier inneh\u00e5ller aloe vera och vitamin E som handv\u00e5rdsingredienser<br \/>\n-Frysskyddad h\u00e5llbarhet 36 m\u00e5nader i o\u00f6ppnat skick och 12 m\u00e5nader i \u00f6ppnat skick<\/p>","protected":false},"excerpt":{"rendered":"<p>pakkauksessa 40 liinaa -kaksipuolinen liina kovaan k\u00e4ytt\u00f6\u00f6n ja pinttyneen lian puhdistamiseen puhdistaa maalin, liiman, PU-vaahdon, silikonin, tiivisteaineen, \u00f6ljyn ja lian -antibakteerinen tuote tappaa yli 99,9% bakteereista sis\u00e4lt\u00e4\u00e4 k\u00e4sienhoitoaineina aloe veraa ja e-vitamiinia -pakkasenkest\u00e4v\u00e4 k\u00e4ytett\u00e4vyys avaamattomana 36kk ja avattuna 12kk<\/p>","protected":false},"featured_media":47559,"comment_status":"open","ping_status":"closed","template":"","meta":{"_acf_changed":false},"product_brand":[],"product_cat":[39,126,127,128,124,125],"product_tag":[],"class_list":{"0":"post-46869","1":"product","2":"type-product","3":"status-publish","4":"has-post-thumbnail","6":"product_cat-tyokalut","7":"product_cat-varaosa-panasonic","8":"product_cat-varaosa-yamaha","9":"product_cat-varaosa-shimano","10":"product_cat-varaosa-impulse","11":"product_cat-varaosa-mahle","13":"first","14":"outofstock","15":"taxable","16":"shipping-taxable","17":"purchasable","18":"product-type-simple"},"acf":[],"yoast_head":"<!-- This site is optimized with the Yoast SEO plugin v27.3 - https:\/\/yoast.com\/product\/yoast-seo-wordpress\/ -->\n<title>BW2029 PUHDISTUSLIINA HD 40KPL - Ebikespareparts.fi<\/title>\n<meta name=\"robots\" content=\"index, follow, max-snippet:-1, max-image-preview:large, max-video-preview:-1\" \/>\n<link rel=\"canonical\" href=\"https:\/\/ebikespareparts.fi\/sv\/produkt\/bw2029-puhdistusliina-hd-40kpl\/\" \/>\n<meta property=\"og:locale\" content=\"sv_SE\" \/>\n<meta property=\"og:type\" content=\"article\" \/>\n<meta property=\"og:title\" content=\"BW2029 PUHDISTUSLIINA HD 40KPL - Ebikespareparts.fi\" \/>\n<meta property=\"og:description\" content=\"pakkauksessa 40 liinaa -kaksipuolinen liina kovaan k\u00e4ytt\u00f6\u00f6n ja pinttyneen lian puhdistamiseen puhdistaa maalin, liiman, PU-vaahdon, silikonin, tiivisteaineen, \u00f6ljyn ja lian -antibakteerinen tuote tappaa yli 99,9% bakteereista sis\u00e4lt\u00e4\u00e4 k\u00e4sienhoitoaineina aloe veraa ja e-vitamiinia -pakkasenkest\u00e4v\u00e4 k\u00e4ytett\u00e4vyys avaamattomana 36kk ja avattuna 12kk\" \/>\n<meta property=\"og:url\" content=\"https:\/\/ebikespareparts.fi\/sv\/produkt\/bw2029-puhdistusliina-hd-40kpl\/\" \/>\n<meta property=\"og:site_name\" content=\"Ebikespareparts.fi\" \/>\n<meta property=\"article:publisher\" content=\"https:\/\/www.facebook.com\/smhj.fi\" \/>\n<meta property=\"article:modified_time\" content=\"2026-03-10T13:27:43+00:00\" \/>\n<meta property=\"og:image\" content=\"https:\/\/ebikespareparts.fi\/wp-content\/uploads\/2025\/03\/yaIYWlMTb2R5muhoOMQEpy84fw1eLLcL0DSG9SFh5bsYFoFlEl.jpg\" \/>\n\t<meta property=\"og:image:width\" content=\"100\" \/>\n\t<meta property=\"og:image:height\" content=\"250\" \/>\n\t<meta property=\"og:image:type\" content=\"image\/jpeg\" \/>\n<meta name=\"twitter:card\" content=\"summary_large_image\" \/>\n<meta name=\"twitter:label1\" content=\"Ber\u00e4knad l\u00e4stid\" \/>\n\t<meta name=\"twitter:data1\" content=\"1 minut\" \/>\n<script type=\"application\/ld+json\" class=\"yoast-schema-graph\">{\"@context\":\"https:\\\/\\\/schema.org\",\"@graph\":[{\"@type\":\"WebPage\",\"@id\":\"https:\\\/\\\/ebikespareparts.fi\\\/tuote\\\/bw2029-puhdistusliina-hd-40kpl\\\/\",\"url\":\"https:\\\/\\\/ebikespareparts.fi\\\/tuote\\\/bw2029-puhdistusliina-hd-40kpl\\\/\",\"name\":\"BW2029 PUHDISTUSLIINA HD 40KPL - Ebikespareparts.fi\",\"isPartOf\":{\"@id\":\"https:\\\/\\\/ebikespareparts.fi\\\/#website\"},\"primaryImageOfPage\":{\"@id\":\"https:\\\/\\\/ebikespareparts.fi\\\/tuote\\\/bw2029-puhdistusliina-hd-40kpl\\\/#primaryimage\"},\"image\":{\"@id\":\"https:\\\/\\\/ebikespareparts.fi\\\/tuote\\\/bw2029-puhdistusliina-hd-40kpl\\\/#primaryimage\"},\"thumbnailUrl\":\"https:\\\/\\\/ebikespareparts.fi\\\/wp-content\\\/uploads\\\/2025\\\/03\\\/yaIYWlMTb2R5muhoOMQEpy84fw1eLLcL0DSG9SFh5bsYFoFlEl.jpg\",\"datePublished\":\"2024-03-06T08:15:05+00:00\",\"dateModified\":\"2026-03-10T13:27:43+00:00\",\"breadcrumb\":{\"@id\":\"https:\\\/\\\/ebikespareparts.fi\\\/tuote\\\/bw2029-puhdistusliina-hd-40kpl\\\/#breadcrumb\"},\"inLanguage\":\"sv-SE\",\"potentialAction\":[{\"@type\":\"ReadAction\",\"target\":[\"https:\\\/\\\/ebikespareparts.fi\\\/tuote\\\/bw2029-puhdistusliina-hd-40kpl\\\/\"]}]},{\"@type\":\"ImageObject\",\"inLanguage\":\"sv-SE\",\"@id\":\"https:\\\/\\\/ebikespareparts.fi\\\/tuote\\\/bw2029-puhdistusliina-hd-40kpl\\\/#primaryimage\",\"url\":\"https:\\\/\\\/ebikespareparts.fi\\\/wp-content\\\/uploads\\\/2025\\\/03\\\/yaIYWlMTb2R5muhoOMQEpy84fw1eLLcL0DSG9SFh5bsYFoFlEl.jpg\",\"contentUrl\":\"https:\\\/\\\/ebikespareparts.fi\\\/wp-content\\\/uploads\\\/2025\\\/03\\\/yaIYWlMTb2R5muhoOMQEpy84fw1eLLcL0DSG9SFh5bsYFoFlEl.jpg\",\"width\":100,\"height\":250,\"caption\":\"yaIYWlMTb2R5muhoOMQEpy84fw1eLLcL0DSG9SFh5bsYFoFlEl\"},{\"@type\":\"BreadcrumbList\",\"@id\":\"https:\\\/\\\/ebikespareparts.fi\\\/tuote\\\/bw2029-puhdistusliina-hd-40kpl\\\/#breadcrumb\",\"itemListElement\":[{\"@type\":\"ListItem\",\"position\":1,\"name\":\"Etusivu\",\"item\":\"https:\\\/\\\/ebikespareparts.fi\\\/\"},{\"@type\":\"ListItem\",\"position\":2,\"name\":\"Kauppa\",\"item\":\"https:\\\/\\\/ebikespareparts.fi\\\/kauppa\\\/\"},{\"@type\":\"ListItem\",\"position\":3,\"name\":\"BW2029 PUHDISTUSLIINA HD 40KPL\"}]},{\"@type\":\"WebSite\",\"@id\":\"https:\\\/\\\/ebikespareparts.fi\\\/#website\",\"url\":\"https:\\\/\\\/ebikespareparts.fi\\\/\",\"name\":\"Ebikespareparts.fi\",\"description\":\"S\u00e4hk\u00f6py\u00f6r\u00e4n osat - E-bike osat - Huolto\",\"publisher\":{\"@id\":\"https:\\\/\\\/ebikespareparts.fi\\\/#organization\"},\"potentialAction\":[{\"@type\":\"SearchAction\",\"target\":{\"@type\":\"EntryPoint\",\"urlTemplate\":\"https:\\\/\\\/ebikespareparts.fi\\\/?s={search_term_string}\"},\"query-input\":{\"@type\":\"PropertyValueSpecification\",\"valueRequired\":true,\"valueName\":\"search_term_string\"}}],\"inLanguage\":\"sv-SE\"},{\"@type\":\"Organization\",\"@id\":\"https:\\\/\\\/ebikespareparts.fi\\\/#organization\",\"name\":\"Ebikespareparts.fi\",\"url\":\"https:\\\/\\\/ebikespareparts.fi\\\/\",\"logo\":{\"@type\":\"ImageObject\",\"inLanguage\":\"sv-SE\",\"@id\":\"https:\\\/\\\/ebikespareparts.fi\\\/#\\\/schema\\\/logo\\\/image\\\/\",\"url\":\"https:\\\/\\\/ebikespareparts.fi\\\/wp-content\\\/uploads\\\/2024\\\/05\\\/logo-musta-tausta.jpg\",\"contentUrl\":\"https:\\\/\\\/ebikespareparts.fi\\\/wp-content\\\/uploads\\\/2024\\\/05\\\/logo-musta-tausta.jpg\",\"width\":1013,\"height\":950,\"caption\":\"Ebikespareparts.fi\"},\"image\":{\"@id\":\"https:\\\/\\\/ebikespareparts.fi\\\/#\\\/schema\\\/logo\\\/image\\\/\"},\"sameAs\":[\"https:\\\/\\\/www.facebook.com\\\/smhj.fi\"]}]}<\/script>\n<!-- \/ Yoast SEO plugin. -->","yoast_head_json":{"title":"BW2029 PUHDISTUSLIINA HD 40KPL - Ebikespareparts.fi","robots":{"index":"index","follow":"follow","max-snippet":"max-snippet:-1","max-image-preview":"max-image-preview:large","max-video-preview":"max-video-preview:-1"},"canonical":"https:\/\/ebikespareparts.fi\/sv\/produkt\/bw2029-puhdistusliina-hd-40kpl\/","og_locale":"sv_SE","og_type":"article","og_title":"BW2029 PUHDISTUSLIINA HD 40KPL - Ebikespareparts.fi","og_description":"pakkauksessa 40 liinaa -kaksipuolinen liina kovaan k\u00e4ytt\u00f6\u00f6n ja pinttyneen lian puhdistamiseen puhdistaa maalin, liiman, PU-vaahdon, silikonin, tiivisteaineen, \u00f6ljyn ja lian -antibakteerinen tuote tappaa yli 99,9% bakteereista sis\u00e4lt\u00e4\u00e4 k\u00e4sienhoitoaineina aloe veraa ja e-vitamiinia -pakkasenkest\u00e4v\u00e4 k\u00e4ytett\u00e4vyys avaamattomana 36kk ja avattuna 12kk","og_url":"https:\/\/ebikespareparts.fi\/sv\/produkt\/bw2029-puhdistusliina-hd-40kpl\/","og_site_name":"Ebikespareparts.fi","article_publisher":"https:\/\/www.facebook.com\/smhj.fi","article_modified_time":"2026-03-10T13:27:43+00:00","og_image":[{"width":100,"height":250,"url":"https:\/\/ebikespareparts.fi\/wp-content\/uploads\/2025\/03\/yaIYWlMTb2R5muhoOMQEpy84fw1eLLcL0DSG9SFh5bsYFoFlEl.jpg","type":"image\/jpeg"}],"twitter_card":"summary_large_image","twitter_misc":{"Ber\u00e4knad l\u00e4stid":"1 minut"},"schema":{"@context":"https:\/\/schema.org","@graph":[{"@type":"WebPage","@id":"https:\/\/ebikespareparts.fi\/tuote\/bw2029-puhdistusliina-hd-40kpl\/","url":"https:\/\/ebikespareparts.fi\/tuote\/bw2029-puhdistusliina-hd-40kpl\/","name":"BW2029 PUHDISTUSLIINA HD 40KPL - Ebikespareparts.fi","isPartOf":{"@id":"https:\/\/ebikespareparts.fi\/#website"},"primaryImageOfPage":{"@id":"https:\/\/ebikespareparts.fi\/tuote\/bw2029-puhdistusliina-hd-40kpl\/#primaryimage"},"image":{"@id":"https:\/\/ebikespareparts.fi\/tuote\/bw2029-puhdistusliina-hd-40kpl\/#primaryimage"},"thumbnailUrl":"https:\/\/ebikespareparts.fi\/wp-content\/uploads\/2025\/03\/yaIYWlMTb2R5muhoOMQEpy84fw1eLLcL0DSG9SFh5bsYFoFlEl.jpg","datePublished":"2024-03-06T08:15:05+00:00","dateModified":"2026-03-10T13:27:43+00:00","breadcrumb":{"@id":"https:\/\/ebikespareparts.fi\/tuote\/bw2029-puhdistusliina-hd-40kpl\/#breadcrumb"},"inLanguage":"sv-SE","potentialAction":[{"@type":"ReadAction","target":["https:\/\/ebikespareparts.fi\/tuote\/bw2029-puhdistusliina-hd-40kpl\/"]}]},{"@type":"ImageObject","inLanguage":"sv-SE","@id":"https:\/\/ebikespareparts.fi\/tuote\/bw2029-puhdistusliina-hd-40kpl\/#primaryimage","url":"https:\/\/ebikespareparts.fi\/wp-content\/uploads\/2025\/03\/yaIYWlMTb2R5muhoOMQEpy84fw1eLLcL0DSG9SFh5bsYFoFlEl.jpg","contentUrl":"https:\/\/ebikespareparts.fi\/wp-content\/uploads\/2025\/03\/yaIYWlMTb2R5muhoOMQEpy84fw1eLLcL0DSG9SFh5bsYFoFlEl.jpg","width":100,"height":250,"caption":"yaIYWlMTb2R5muhoOMQEpy84fw1eLLcL0DSG9SFh5bsYFoFlEl"},{"@type":"BreadcrumbList","@id":"https:\/\/ebikespareparts.fi\/tuote\/bw2029-puhdistusliina-hd-40kpl\/#breadcrumb","itemListElement":[{"@type":"ListItem","position":1,"name":"Etusivu","item":"https:\/\/ebikespareparts.fi\/"},{"@type":"ListItem","position":2,"name":"Kauppa","item":"https:\/\/ebikespareparts.fi\/kauppa\/"},{"@type":"ListItem","position":3,"name":"BW2029 PUHDISTUSLIINA HD 40KPL"}]},{"@type":"WebSite","@id":"https:\/\/ebikespareparts.fi\/#website","url":"https:\/\/ebikespareparts.fi\/","name":"Ebikespareparts.fi","description":"S\u00e4hk\u00f6py\u00f6r\u00e4n osat - E-bike osat - Huolto","publisher":{"@id":"https:\/\/ebikespareparts.fi\/#organization"},"potentialAction":[{"@type":"SearchAction","target":{"@type":"EntryPoint","urlTemplate":"https:\/\/ebikespareparts.fi\/?s={search_term_string}"},"query-input":{"@type":"PropertyValueSpecification","valueRequired":true,"valueName":"search_term_string"}}],"inLanguage":"sv-SE"},{"@type":"Organization","@id":"https:\/\/ebikespareparts.fi\/#organization","name":"Ebikespareparts.fi","url":"https:\/\/ebikespareparts.fi\/","logo":{"@type":"ImageObject","inLanguage":"sv-SE","@id":"https:\/\/ebikespareparts.fi\/#\/schema\/logo\/image\/","url":"https:\/\/ebikespareparts.fi\/wp-content\/uploads\/2024\/05\/logo-musta-tausta.jpg","contentUrl":"https:\/\/ebikespareparts.fi\/wp-content\/uploads\/2024\/05\/logo-musta-tausta.jpg","width":1013,"height":950,"caption":"Ebikespareparts.fi"},"image":{"@id":"https:\/\/ebikespareparts.fi\/#\/schema\/logo\/image\/"},"sameAs":["https:\/\/www.facebook.com\/smhj.fi"]}]}},"_links":{"self":[{"href":"https:\/\/ebikespareparts.fi\/sv\/wp-json\/wp\/v2\/product\/46869","targetHints":{"allow":["GET"]}}],"collection":[{"href":"https:\/\/ebikespareparts.fi\/sv\/wp-json\/wp\/v2\/product"}],"about":[{"href":"https:\/\/ebikespareparts.fi\/sv\/wp-json\/wp\/v2\/types\/product"}],"replies":[{"embeddable":true,"href":"https:\/\/ebikespareparts.fi\/sv\/wp-json\/wp\/v2\/comments?post=46869"}],"version-history":[{"count":0,"href":"https:\/\/ebikespareparts.fi\/sv\/wp-json\/wp\/v2\/product\/46869\/revisions"}],"wp:featuredmedia":[{"embeddable":true,"href":"https:\/\/ebikespareparts.fi\/sv\/wp-json\/wp\/v2\/media\/47559"}],"wp:attachment":[{"href":"https:\/\/ebikespareparts.fi\/sv\/wp-json\/wp\/v2\/media?parent=46869"}],"wp:term":[{"taxonomy":"product_brand","embeddable":true,"href":"https:\/\/ebikespareparts.fi\/sv\/wp-json\/wp\/v2\/product_brand?post=46869"},{"taxonomy":"product_cat","embeddable":true,"href":"https:\/\/ebikespareparts.fi\/sv\/wp-json\/wp\/v2\/product_cat?post=46869"},{"taxonomy":"product_tag","embeddable":true,"href":"https:\/\/ebikespareparts.fi\/sv\/wp-json\/wp\/v2\/product_tag?post=46869"}],"curies":[{"name":"wp","href":"https:\/\/api.w.org\/{rel}","templated":true}]}}