{"id":46871,"date":"2024-03-06T10:22:24","date_gmt":"2024-03-06T08:22:24","guid":{"rendered":"https:\/\/ebikespareparts.fi\/?post_type=product&#038;p=46871"},"modified":"2026-03-10T15:27:37","modified_gmt":"2026-03-10T13:27:37","slug":"t71565-iskumeisselisarja-1-2-kiinnitys","status":"publish","type":"product","link":"https:\/\/ebikespareparts.fi\/sv\/produkt\/t71565-iskumeisselisarja-1-2-kiinnitys\/","title":{"rendered":"T71565 SLAG MEJSEL SATS 1\/2\u2033 TILLBEH\u00d6R"},"content":{"rendered":"<p>Ett utm\u00e4rkt verktyg f\u00f6r att ta bort och f\u00e4sta \u00e5tsittande skruvar\n- setet inneh\u00e5ller 1 st skruvmejsel 1\/2\" 1 st spetsh\u00e5llare 1\/2\" x 5\/16\"\n-2 st 5\/16\" stj\u00e4rnspetsar: PH2, PH3 2 st 5\/16\" slitsade skruvspetsar: 8 mm (5\/16\"), 10 mm (3\/8\")\n\nBest\u00e4ll \u00e4ven separat Torx25 med \u00bd vrid (TX25\/\u00bd) riktigt bra n\u00e4r man \u00f6ppnar Shimanos senaste motorer med en aluminium 6mm skruv med 0,75 mm stigning och som f\u00e4sts med lim.<br \/> -satsen inneh\u00e5ller 1 skruvmejsel 1\/2\u2033 1 skruvmejsel spetsh\u00e5llare 1\/2\u2033 x 5\/16\u2033<br \/> -2 st. 5\/16\u2033 phillips-spetsar: PH2, PH3 2 st. 5\/16\u2033 sp\u00e5rskruvmejslar: 8mm (5\/16\u2033), 10mm (3\/8\u2033)<\/p>\n<p>Finns \u00e4ven separat med Torx25 \u00bd skruvmejsel (TX25\/\u00bd) som \u00e4r riktigt bra n\u00e4r man \u00f6ppnar Shimanos senaste motorer med aluminiumskruv 6mm med 0,75 mm stigning och limmonterad.<\/p>\n<p>&nbsp;<\/p>","protected":false},"excerpt":{"rendered":"<p>Erinomainen ty\u00f6v\u00e4line tiukkojen ruuvien irrottamiseen ja kiinnitt\u00e4miseen -sarja sis\u00e4lt\u00e4\u00e4 1 kpl ruuviv\u00e4\u00e4nnin 1\/2&#8243; 1 kpl k\u00e4rkipidin 1\/2&#8243; x 5\/16&#8243; -2 kpl 5\/16&#8243; phillips-k\u00e4rki\u00e4: PH2, PH3 2 kpl 5\/16&#8243; uraruuvik\u00e4rki\u00e4: 8mm (5\/16&#8243;), 10mm (3\/8&#8243;) Tilaa my\u00f6s erikseen Torx25 \u00bd v\u00e4\u00e4nti\u00f6ll\u00e4 (TX25\/\u00bd) todella hyv\u00e4 kun avaat Shimanon uusimpia moottoreita joissa on alumiini 6mm ruuvi 0,75 mm nousulla <a href=\"https:\/\/ebikespareparts.fi\/sv\/produkt\/t71565-iskumeisselisarja-1-2-kiinnitys\/\" class=\"more-link\">\u2026 <span class=\"screen-reader-text\">  T71565 SLAG MEJSEL SATS 1\/2\u2033 TILLBEH\u00d6R<\/span><\/a><\/p>","protected":false},"featured_media":47318,"comment_status":"open","ping_status":"closed","template":"","meta":{"_acf_changed":false},"product_brand":[],"product_cat":[115,30,39],"product_tag":[],"class_list":{"0":"post-46871","1":"product","2":"type-product","3":"status-publish","4":"has-post-thumbnail","6":"product_cat-shimano-e-8000","7":"product_cat-shimano-ep8","8":"product_cat-tyokalut","10":"first","11":"outofstock","12":"taxable","13":"shipping-taxable","14":"purchasable","15":"product-type-simple"},"acf":[],"yoast_head":"<!-- This site is optimized with the Yoast SEO plugin v27.3 - https:\/\/yoast.com\/product\/yoast-seo-wordpress\/ -->\n<title>T71565 ISKUMEISSELISARJA 1\/2&quot; KIINNITYS - Ebikespareparts.fi<\/title>\n<meta name=\"robots\" content=\"index, follow, max-snippet:-1, max-image-preview:large, max-video-preview:-1\" \/>\n<link rel=\"canonical\" href=\"https:\/\/ebikespareparts.fi\/sv\/produkt\/t71565-iskumeisselisarja-1-2-kiinnitys\/\" \/>\n<meta property=\"og:locale\" content=\"sv_SE\" \/>\n<meta property=\"og:type\" content=\"article\" \/>\n<meta property=\"og:title\" content=\"T71565 ISKUMEISSELISARJA 1\/2&quot; KIINNITYS - Ebikespareparts.fi\" \/>\n<meta property=\"og:description\" content=\"Erinomainen ty\u00f6v\u00e4line tiukkojen ruuvien irrottamiseen ja kiinnitt\u00e4miseen -sarja sis\u00e4lt\u00e4\u00e4 1 kpl ruuviv\u00e4\u00e4nnin 1\/2&#8243; 1 kpl k\u00e4rkipidin 1\/2&#8243; x 5\/16&#8243; -2 kpl 5\/16&#8243; phillips-k\u00e4rki\u00e4: PH2, PH3 2 kpl 5\/16&#8243; uraruuvik\u00e4rki\u00e4: 8mm (5\/16&#8243;), 10mm (3\/8&#8243;) Tilaa my\u00f6s erikseen Torx25 \u00bd v\u00e4\u00e4nti\u00f6ll\u00e4 (TX25\/\u00bd) todella hyv\u00e4 kun avaat Shimanon uusimpia moottoreita joissa on alumiini 6mm ruuvi 0,75 mm nousulla \u2026  T71565 ISKUMEISSELISARJA 1\/2&#8243; KIINNITYS\" \/>\n<meta property=\"og:url\" content=\"https:\/\/ebikespareparts.fi\/sv\/produkt\/t71565-iskumeisselisarja-1-2-kiinnitys\/\" \/>\n<meta property=\"og:site_name\" content=\"Ebikespareparts.fi\" \/>\n<meta property=\"article:publisher\" content=\"https:\/\/www.facebook.com\/smhj.fi\" \/>\n<meta property=\"article:modified_time\" content=\"2026-03-10T13:27:37+00:00\" \/>\n<meta property=\"og:image\" content=\"https:\/\/ebikespareparts.fi\/wp-content\/uploads\/2025\/03\/3GAeMPRJ2Jfg1KEXlFlcg1LWR1e7iNrzA7EkP3PaCOK8o52GjC.jpg\" \/>\n\t<meta property=\"og:image:width\" content=\"250\" \/>\n\t<meta property=\"og:image:height\" content=\"177\" \/>\n\t<meta property=\"og:image:type\" content=\"image\/jpeg\" \/>\n<meta name=\"twitter:card\" content=\"summary_large_image\" \/>\n<meta name=\"twitter:label1\" content=\"Ber\u00e4knad l\u00e4stid\" \/>\n\t<meta name=\"twitter:data1\" content=\"1 minut\" \/>\n<script type=\"application\/ld+json\" class=\"yoast-schema-graph\">{\"@context\":\"https:\\\/\\\/schema.org\",\"@graph\":[{\"@type\":\"WebPage\",\"@id\":\"https:\\\/\\\/ebikespareparts.fi\\\/tuote\\\/t71565-iskumeisselisarja-1-2-kiinnitys\\\/\",\"url\":\"https:\\\/\\\/ebikespareparts.fi\\\/tuote\\\/t71565-iskumeisselisarja-1-2-kiinnitys\\\/\",\"name\":\"T71565 ISKUMEISSELISARJA 1\\\/2\\\" KIINNITYS - Ebikespareparts.fi\",\"isPartOf\":{\"@id\":\"https:\\\/\\\/ebikespareparts.fi\\\/#website\"},\"primaryImageOfPage\":{\"@id\":\"https:\\\/\\\/ebikespareparts.fi\\\/tuote\\\/t71565-iskumeisselisarja-1-2-kiinnitys\\\/#primaryimage\"},\"image\":{\"@id\":\"https:\\\/\\\/ebikespareparts.fi\\\/tuote\\\/t71565-iskumeisselisarja-1-2-kiinnitys\\\/#primaryimage\"},\"thumbnailUrl\":\"https:\\\/\\\/ebikespareparts.fi\\\/wp-content\\\/uploads\\\/2025\\\/03\\\/3GAeMPRJ2Jfg1KEXlFlcg1LWR1e7iNrzA7EkP3PaCOK8o52GjC.jpg\",\"datePublished\":\"2024-03-06T08:22:24+00:00\",\"dateModified\":\"2026-03-10T13:27:37+00:00\",\"breadcrumb\":{\"@id\":\"https:\\\/\\\/ebikespareparts.fi\\\/tuote\\\/t71565-iskumeisselisarja-1-2-kiinnitys\\\/#breadcrumb\"},\"inLanguage\":\"sv-SE\",\"potentialAction\":[{\"@type\":\"ReadAction\",\"target\":[\"https:\\\/\\\/ebikespareparts.fi\\\/tuote\\\/t71565-iskumeisselisarja-1-2-kiinnitys\\\/\"]}]},{\"@type\":\"ImageObject\",\"inLanguage\":\"sv-SE\",\"@id\":\"https:\\\/\\\/ebikespareparts.fi\\\/tuote\\\/t71565-iskumeisselisarja-1-2-kiinnitys\\\/#primaryimage\",\"url\":\"https:\\\/\\\/ebikespareparts.fi\\\/wp-content\\\/uploads\\\/2025\\\/03\\\/3GAeMPRJ2Jfg1KEXlFlcg1LWR1e7iNrzA7EkP3PaCOK8o52GjC.jpg\",\"contentUrl\":\"https:\\\/\\\/ebikespareparts.fi\\\/wp-content\\\/uploads\\\/2025\\\/03\\\/3GAeMPRJ2Jfg1KEXlFlcg1LWR1e7iNrzA7EkP3PaCOK8o52GjC.jpg\",\"width\":250,\"height\":177,\"caption\":\"3GAeMPRJ2Jfg1KEXlFlcg1LWR1e7iNrzA7EkP3PaCOK8o52GjC\"},{\"@type\":\"BreadcrumbList\",\"@id\":\"https:\\\/\\\/ebikespareparts.fi\\\/tuote\\\/t71565-iskumeisselisarja-1-2-kiinnitys\\\/#breadcrumb\",\"itemListElement\":[{\"@type\":\"ListItem\",\"position\":1,\"name\":\"Etusivu\",\"item\":\"https:\\\/\\\/ebikespareparts.fi\\\/\"},{\"@type\":\"ListItem\",\"position\":2,\"name\":\"Kauppa\",\"item\":\"https:\\\/\\\/ebikespareparts.fi\\\/kauppa\\\/\"},{\"@type\":\"ListItem\",\"position\":3,\"name\":\"T71565 ISKUMEISSELISARJA 1\\\/2&#8243; KIINNITYS\"}]},{\"@type\":\"WebSite\",\"@id\":\"https:\\\/\\\/ebikespareparts.fi\\\/#website\",\"url\":\"https:\\\/\\\/ebikespareparts.fi\\\/\",\"name\":\"Ebikespareparts.fi\",\"description\":\"S\u00e4hk\u00f6py\u00f6r\u00e4n osat - E-bike osat - Huolto\",\"publisher\":{\"@id\":\"https:\\\/\\\/ebikespareparts.fi\\\/#organization\"},\"potentialAction\":[{\"@type\":\"SearchAction\",\"target\":{\"@type\":\"EntryPoint\",\"urlTemplate\":\"https:\\\/\\\/ebikespareparts.fi\\\/?s={search_term_string}\"},\"query-input\":{\"@type\":\"PropertyValueSpecification\",\"valueRequired\":true,\"valueName\":\"search_term_string\"}}],\"inLanguage\":\"sv-SE\"},{\"@type\":\"Organization\",\"@id\":\"https:\\\/\\\/ebikespareparts.fi\\\/#organization\",\"name\":\"Ebikespareparts.fi\",\"url\":\"https:\\\/\\\/ebikespareparts.fi\\\/\",\"logo\":{\"@type\":\"ImageObject\",\"inLanguage\":\"sv-SE\",\"@id\":\"https:\\\/\\\/ebikespareparts.fi\\\/#\\\/schema\\\/logo\\\/image\\\/\",\"url\":\"https:\\\/\\\/ebikespareparts.fi\\\/wp-content\\\/uploads\\\/2024\\\/05\\\/logo-musta-tausta.jpg\",\"contentUrl\":\"https:\\\/\\\/ebikespareparts.fi\\\/wp-content\\\/uploads\\\/2024\\\/05\\\/logo-musta-tausta.jpg\",\"width\":1013,\"height\":950,\"caption\":\"Ebikespareparts.fi\"},\"image\":{\"@id\":\"https:\\\/\\\/ebikespareparts.fi\\\/#\\\/schema\\\/logo\\\/image\\\/\"},\"sameAs\":[\"https:\\\/\\\/www.facebook.com\\\/smhj.fi\"]}]}<\/script>\n<!-- \/ Yoast SEO plugin. -->","yoast_head_json":{"title":"T71565 ISKUMEISSELISARJA 1\/2\" KIINNITYS - Ebikespareparts.fi","robots":{"index":"index","follow":"follow","max-snippet":"max-snippet:-1","max-image-preview":"max-image-preview:large","max-video-preview":"max-video-preview:-1"},"canonical":"https:\/\/ebikespareparts.fi\/sv\/produkt\/t71565-iskumeisselisarja-1-2-kiinnitys\/","og_locale":"sv_SE","og_type":"article","og_title":"T71565 ISKUMEISSELISARJA 1\/2\" KIINNITYS - Ebikespareparts.fi","og_description":"Erinomainen ty\u00f6v\u00e4line tiukkojen ruuvien irrottamiseen ja kiinnitt\u00e4miseen -sarja sis\u00e4lt\u00e4\u00e4 1 kpl ruuviv\u00e4\u00e4nnin 1\/2&#8243; 1 kpl k\u00e4rkipidin 1\/2&#8243; x 5\/16&#8243; -2 kpl 5\/16&#8243; phillips-k\u00e4rki\u00e4: PH2, PH3 2 kpl 5\/16&#8243; uraruuvik\u00e4rki\u00e4: 8mm (5\/16&#8243;), 10mm (3\/8&#8243;) Tilaa my\u00f6s erikseen Torx25 \u00bd v\u00e4\u00e4nti\u00f6ll\u00e4 (TX25\/\u00bd) todella hyv\u00e4 kun avaat Shimanon uusimpia moottoreita joissa on alumiini 6mm ruuvi 0,75 mm nousulla \u2026  T71565 ISKUMEISSELISARJA 1\/2&#8243; KIINNITYS","og_url":"https:\/\/ebikespareparts.fi\/sv\/produkt\/t71565-iskumeisselisarja-1-2-kiinnitys\/","og_site_name":"Ebikespareparts.fi","article_publisher":"https:\/\/www.facebook.com\/smhj.fi","article_modified_time":"2026-03-10T13:27:37+00:00","og_image":[{"width":250,"height":177,"url":"https:\/\/ebikespareparts.fi\/wp-content\/uploads\/2025\/03\/3GAeMPRJ2Jfg1KEXlFlcg1LWR1e7iNrzA7EkP3PaCOK8o52GjC.jpg","type":"image\/jpeg"}],"twitter_card":"summary_large_image","twitter_misc":{"Ber\u00e4knad l\u00e4stid":"1 minut"},"schema":{"@context":"https:\/\/schema.org","@graph":[{"@type":"WebPage","@id":"https:\/\/ebikespareparts.fi\/tuote\/t71565-iskumeisselisarja-1-2-kiinnitys\/","url":"https:\/\/ebikespareparts.fi\/tuote\/t71565-iskumeisselisarja-1-2-kiinnitys\/","name":"T71565 ISKUMEISSELISARJA 1\/2\" KIINNITYS - Ebikespareparts.fi","isPartOf":{"@id":"https:\/\/ebikespareparts.fi\/#website"},"primaryImageOfPage":{"@id":"https:\/\/ebikespareparts.fi\/tuote\/t71565-iskumeisselisarja-1-2-kiinnitys\/#primaryimage"},"image":{"@id":"https:\/\/ebikespareparts.fi\/tuote\/t71565-iskumeisselisarja-1-2-kiinnitys\/#primaryimage"},"thumbnailUrl":"https:\/\/ebikespareparts.fi\/wp-content\/uploads\/2025\/03\/3GAeMPRJ2Jfg1KEXlFlcg1LWR1e7iNrzA7EkP3PaCOK8o52GjC.jpg","datePublished":"2024-03-06T08:22:24+00:00","dateModified":"2026-03-10T13:27:37+00:00","breadcrumb":{"@id":"https:\/\/ebikespareparts.fi\/tuote\/t71565-iskumeisselisarja-1-2-kiinnitys\/#breadcrumb"},"inLanguage":"sv-SE","potentialAction":[{"@type":"ReadAction","target":["https:\/\/ebikespareparts.fi\/tuote\/t71565-iskumeisselisarja-1-2-kiinnitys\/"]}]},{"@type":"ImageObject","inLanguage":"sv-SE","@id":"https:\/\/ebikespareparts.fi\/tuote\/t71565-iskumeisselisarja-1-2-kiinnitys\/#primaryimage","url":"https:\/\/ebikespareparts.fi\/wp-content\/uploads\/2025\/03\/3GAeMPRJ2Jfg1KEXlFlcg1LWR1e7iNrzA7EkP3PaCOK8o52GjC.jpg","contentUrl":"https:\/\/ebikespareparts.fi\/wp-content\/uploads\/2025\/03\/3GAeMPRJ2Jfg1KEXlFlcg1LWR1e7iNrzA7EkP3PaCOK8o52GjC.jpg","width":250,"height":177,"caption":"3GAeMPRJ2Jfg1KEXlFlcg1LWR1e7iNrzA7EkP3PaCOK8o52GjC"},{"@type":"BreadcrumbList","@id":"https:\/\/ebikespareparts.fi\/tuote\/t71565-iskumeisselisarja-1-2-kiinnitys\/#breadcrumb","itemListElement":[{"@type":"ListItem","position":1,"name":"Etusivu","item":"https:\/\/ebikespareparts.fi\/"},{"@type":"ListItem","position":2,"name":"Kauppa","item":"https:\/\/ebikespareparts.fi\/kauppa\/"},{"@type":"ListItem","position":3,"name":"T71565 ISKUMEISSELISARJA 1\/2&#8243; KIINNITYS"}]},{"@type":"WebSite","@id":"https:\/\/ebikespareparts.fi\/#website","url":"https:\/\/ebikespareparts.fi\/","name":"Ebikespareparts.fi","description":"S\u00e4hk\u00f6py\u00f6r\u00e4n osat - E-bike osat - Huolto","publisher":{"@id":"https:\/\/ebikespareparts.fi\/#organization"},"potentialAction":[{"@type":"SearchAction","target":{"@type":"EntryPoint","urlTemplate":"https:\/\/ebikespareparts.fi\/?s={search_term_string}"},"query-input":{"@type":"PropertyValueSpecification","valueRequired":true,"valueName":"search_term_string"}}],"inLanguage":"sv-SE"},{"@type":"Organization","@id":"https:\/\/ebikespareparts.fi\/#organization","name":"Ebikespareparts.fi","url":"https:\/\/ebikespareparts.fi\/","logo":{"@type":"ImageObject","inLanguage":"sv-SE","@id":"https:\/\/ebikespareparts.fi\/#\/schema\/logo\/image\/","url":"https:\/\/ebikespareparts.fi\/wp-content\/uploads\/2024\/05\/logo-musta-tausta.jpg","contentUrl":"https:\/\/ebikespareparts.fi\/wp-content\/uploads\/2024\/05\/logo-musta-tausta.jpg","width":1013,"height":950,"caption":"Ebikespareparts.fi"},"image":{"@id":"https:\/\/ebikespareparts.fi\/#\/schema\/logo\/image\/"},"sameAs":["https:\/\/www.facebook.com\/smhj.fi"]}]}},"_links":{"self":[{"href":"https:\/\/ebikespareparts.fi\/sv\/wp-json\/wp\/v2\/product\/46871","targetHints":{"allow":["GET"]}}],"collection":[{"href":"https:\/\/ebikespareparts.fi\/sv\/wp-json\/wp\/v2\/product"}],"about":[{"href":"https:\/\/ebikespareparts.fi\/sv\/wp-json\/wp\/v2\/types\/product"}],"replies":[{"embeddable":true,"href":"https:\/\/ebikespareparts.fi\/sv\/wp-json\/wp\/v2\/comments?post=46871"}],"version-history":[{"count":1,"href":"https:\/\/ebikespareparts.fi\/sv\/wp-json\/wp\/v2\/product\/46871\/revisions"}],"predecessor-version":[{"id":49203,"href":"https:\/\/ebikespareparts.fi\/sv\/wp-json\/wp\/v2\/product\/46871\/revisions\/49203"}],"wp:featuredmedia":[{"embeddable":true,"href":"https:\/\/ebikespareparts.fi\/sv\/wp-json\/wp\/v2\/media\/47318"}],"wp:attachment":[{"href":"https:\/\/ebikespareparts.fi\/sv\/wp-json\/wp\/v2\/media?parent=46871"}],"wp:term":[{"taxonomy":"product_brand","embeddable":true,"href":"https:\/\/ebikespareparts.fi\/sv\/wp-json\/wp\/v2\/product_brand?post=46871"},{"taxonomy":"product_cat","embeddable":true,"href":"https:\/\/ebikespareparts.fi\/sv\/wp-json\/wp\/v2\/product_cat?post=46871"},{"taxonomy":"product_tag","embeddable":true,"href":"https:\/\/ebikespareparts.fi\/sv\/wp-json\/wp\/v2\/product_tag?post=46871"}],"curies":[{"name":"wp","href":"https:\/\/api.w.org\/{rel}","templated":true}]}}