{"id":46918,"date":"2024-04-08T18:43:08","date_gmt":"2024-04-08T15:43:08","guid":{"rendered":"https:\/\/ebikespareparts.fi\/?post_type=product&#038;p=46918"},"modified":"2026-03-10T15:27:48","modified_gmt":"2026-03-10T13:27:48","slug":"brose-hihnapyora","status":"publish","type":"product","link":"https:\/\/ebikespareparts.fi\/sv\/produkt\/brose-hihnapyora\/","title":{"rendered":"Brose remskiva"},"content":{"rendered":"<h4>Remskiva f\u00f6r alu- och magmotorer<\/h4>","protected":false},"excerpt":{"rendered":"<p>Remskiva f\u00f6r alu- och magmotorer<\/p>","protected":false},"featured_media":47580,"comment_status":"open","ping_status":"closed","template":"","meta":{"_acf_changed":false},"product_brand":[],"product_cat":[131],"product_tag":[],"class_list":{"0":"post-46918","1":"product","2":"type-product","3":"status-publish","4":"has-post-thumbnail","6":"product_cat-brose-moottorit-ja-varaosat","8":"first","9":"instock","10":"taxable","11":"shipping-taxable","12":"purchasable","13":"product-type-simple"},"acf":[],"yoast_head":"<!-- This site is optimized with the Yoast SEO plugin v27.4 - https:\/\/yoast.com\/product\/yoast-seo-wordpress\/ -->\n<title>Brose hihnapy\u00f6r\u00e4 - Ebikespareparts.fi<\/title>\n<meta name=\"robots\" content=\"index, follow, max-snippet:-1, max-image-preview:large, max-video-preview:-1\" \/>\n<link rel=\"canonical\" href=\"https:\/\/ebikespareparts.fi\/sv\/produkt\/brose-hihnapyora\/\" \/>\n<meta property=\"og:locale\" content=\"sv_SE\" \/>\n<meta property=\"og:type\" content=\"article\" \/>\n<meta property=\"og:title\" content=\"Brose hihnapy\u00f6r\u00e4 - Ebikespareparts.fi\" \/>\n<meta property=\"og:description\" content=\"Hihnapy\u00f6r\u00e4 alu ja mag moottoreihin\" \/>\n<meta property=\"og:url\" content=\"https:\/\/ebikespareparts.fi\/sv\/produkt\/brose-hihnapyora\/\" \/>\n<meta property=\"og:site_name\" content=\"Ebikespareparts.fi\" \/>\n<meta property=\"article:publisher\" content=\"https:\/\/www.facebook.com\/smhj.fi\" \/>\n<meta property=\"article:modified_time\" content=\"2026-03-10T13:27:48+00:00\" \/>\n<meta property=\"og:image\" content=\"https:\/\/ebikespareparts.fi\/wp-content\/uploads\/2025\/03\/md0ztsOm5EoTta7ll2ueCcLQNLfPz7i17tT1bPG3mkjsVNAbw5.jpg\" \/>\n\t<meta property=\"og:image:width\" content=\"1000\" \/>\n\t<meta property=\"og:image:height\" content=\"759\" \/>\n\t<meta property=\"og:image:type\" content=\"image\/jpeg\" \/>\n<meta name=\"twitter:card\" content=\"summary_large_image\" \/>\n<meta name=\"twitter:label1\" content=\"Ber\u00e4knad l\u00e4stid\" \/>\n\t<meta name=\"twitter:data1\" content=\"1 minut\" \/>\n<script type=\"application\/ld+json\" class=\"yoast-schema-graph\">{\"@context\":\"https:\\\/\\\/schema.org\",\"@graph\":[{\"@type\":\"WebPage\",\"@id\":\"https:\\\/\\\/ebikespareparts.fi\\\/tuote\\\/brose-hihnapyora\\\/\",\"url\":\"https:\\\/\\\/ebikespareparts.fi\\\/tuote\\\/brose-hihnapyora\\\/\",\"name\":\"Brose hihnapy\u00f6r\u00e4 - Ebikespareparts.fi\",\"isPartOf\":{\"@id\":\"https:\\\/\\\/ebikespareparts.fi\\\/#website\"},\"primaryImageOfPage\":{\"@id\":\"https:\\\/\\\/ebikespareparts.fi\\\/tuote\\\/brose-hihnapyora\\\/#primaryimage\"},\"image\":{\"@id\":\"https:\\\/\\\/ebikespareparts.fi\\\/tuote\\\/brose-hihnapyora\\\/#primaryimage\"},\"thumbnailUrl\":\"https:\\\/\\\/ebikespareparts.fi\\\/wp-content\\\/uploads\\\/2025\\\/03\\\/md0ztsOm5EoTta7ll2ueCcLQNLfPz7i17tT1bPG3mkjsVNAbw5.jpg\",\"datePublished\":\"2024-04-08T15:43:08+00:00\",\"dateModified\":\"2026-03-10T13:27:48+00:00\",\"breadcrumb\":{\"@id\":\"https:\\\/\\\/ebikespareparts.fi\\\/tuote\\\/brose-hihnapyora\\\/#breadcrumb\"},\"inLanguage\":\"sv-SE\",\"potentialAction\":[{\"@type\":\"ReadAction\",\"target\":[\"https:\\\/\\\/ebikespareparts.fi\\\/tuote\\\/brose-hihnapyora\\\/\"]}]},{\"@type\":\"ImageObject\",\"inLanguage\":\"sv-SE\",\"@id\":\"https:\\\/\\\/ebikespareparts.fi\\\/tuote\\\/brose-hihnapyora\\\/#primaryimage\",\"url\":\"https:\\\/\\\/ebikespareparts.fi\\\/wp-content\\\/uploads\\\/2025\\\/03\\\/md0ztsOm5EoTta7ll2ueCcLQNLfPz7i17tT1bPG3mkjsVNAbw5.jpg\",\"contentUrl\":\"https:\\\/\\\/ebikespareparts.fi\\\/wp-content\\\/uploads\\\/2025\\\/03\\\/md0ztsOm5EoTta7ll2ueCcLQNLfPz7i17tT1bPG3mkjsVNAbw5.jpg\",\"width\":1000,\"height\":759,\"caption\":\"md0ztsOm5EoTta7ll2ueCcLQNLfPz7i17tT1bPG3mkjsVNAbw5\"},{\"@type\":\"BreadcrumbList\",\"@id\":\"https:\\\/\\\/ebikespareparts.fi\\\/tuote\\\/brose-hihnapyora\\\/#breadcrumb\",\"itemListElement\":[{\"@type\":\"ListItem\",\"position\":1,\"name\":\"Etusivu\",\"item\":\"https:\\\/\\\/ebikespareparts.fi\\\/\"},{\"@type\":\"ListItem\",\"position\":2,\"name\":\"Kauppa\",\"item\":\"https:\\\/\\\/ebikespareparts.fi\\\/kauppa\\\/\"},{\"@type\":\"ListItem\",\"position\":3,\"name\":\"Brose hihnapy\u00f6r\u00e4\"}]},{\"@type\":\"WebSite\",\"@id\":\"https:\\\/\\\/ebikespareparts.fi\\\/#website\",\"url\":\"https:\\\/\\\/ebikespareparts.fi\\\/\",\"name\":\"Ebikespareparts.fi\",\"description\":\"S\u00e4hk\u00f6py\u00f6r\u00e4n osat - E-bike osat - Huolto\",\"publisher\":{\"@id\":\"https:\\\/\\\/ebikespareparts.fi\\\/#organization\"},\"potentialAction\":[{\"@type\":\"SearchAction\",\"target\":{\"@type\":\"EntryPoint\",\"urlTemplate\":\"https:\\\/\\\/ebikespareparts.fi\\\/?s={search_term_string}\"},\"query-input\":{\"@type\":\"PropertyValueSpecification\",\"valueRequired\":true,\"valueName\":\"search_term_string\"}}],\"inLanguage\":\"sv-SE\"},{\"@type\":\"Organization\",\"@id\":\"https:\\\/\\\/ebikespareparts.fi\\\/#organization\",\"name\":\"Ebikespareparts.fi\",\"url\":\"https:\\\/\\\/ebikespareparts.fi\\\/\",\"logo\":{\"@type\":\"ImageObject\",\"inLanguage\":\"sv-SE\",\"@id\":\"https:\\\/\\\/ebikespareparts.fi\\\/#\\\/schema\\\/logo\\\/image\\\/\",\"url\":\"https:\\\/\\\/ebikespareparts.fi\\\/wp-content\\\/uploads\\\/2024\\\/05\\\/logo-musta-tausta.jpg\",\"contentUrl\":\"https:\\\/\\\/ebikespareparts.fi\\\/wp-content\\\/uploads\\\/2024\\\/05\\\/logo-musta-tausta.jpg\",\"width\":1013,\"height\":950,\"caption\":\"Ebikespareparts.fi\"},\"image\":{\"@id\":\"https:\\\/\\\/ebikespareparts.fi\\\/#\\\/schema\\\/logo\\\/image\\\/\"},\"sameAs\":[\"https:\\\/\\\/www.facebook.com\\\/smhj.fi\"]}]}<\/script>\n<!-- \/ Yoast SEO plugin. -->","yoast_head_json":{"title":"Brose hihnapy\u00f6r\u00e4 - Ebikespareparts.fi","robots":{"index":"index","follow":"follow","max-snippet":"max-snippet:-1","max-image-preview":"max-image-preview:large","max-video-preview":"max-video-preview:-1"},"canonical":"https:\/\/ebikespareparts.fi\/sv\/produkt\/brose-hihnapyora\/","og_locale":"sv_SE","og_type":"article","og_title":"Brose hihnapy\u00f6r\u00e4 - Ebikespareparts.fi","og_description":"Hihnapy\u00f6r\u00e4 alu ja mag moottoreihin","og_url":"https:\/\/ebikespareparts.fi\/sv\/produkt\/brose-hihnapyora\/","og_site_name":"Ebikespareparts.fi","article_publisher":"https:\/\/www.facebook.com\/smhj.fi","article_modified_time":"2026-03-10T13:27:48+00:00","og_image":[{"width":1000,"height":759,"url":"https:\/\/ebikespareparts.fi\/wp-content\/uploads\/2025\/03\/md0ztsOm5EoTta7ll2ueCcLQNLfPz7i17tT1bPG3mkjsVNAbw5.jpg","type":"image\/jpeg"}],"twitter_card":"summary_large_image","twitter_misc":{"Ber\u00e4knad l\u00e4stid":"1 minut"},"schema":{"@context":"https:\/\/schema.org","@graph":[{"@type":"WebPage","@id":"https:\/\/ebikespareparts.fi\/tuote\/brose-hihnapyora\/","url":"https:\/\/ebikespareparts.fi\/tuote\/brose-hihnapyora\/","name":"Brose hihnapy\u00f6r\u00e4 - Ebikespareparts.fi","isPartOf":{"@id":"https:\/\/ebikespareparts.fi\/#website"},"primaryImageOfPage":{"@id":"https:\/\/ebikespareparts.fi\/tuote\/brose-hihnapyora\/#primaryimage"},"image":{"@id":"https:\/\/ebikespareparts.fi\/tuote\/brose-hihnapyora\/#primaryimage"},"thumbnailUrl":"https:\/\/ebikespareparts.fi\/wp-content\/uploads\/2025\/03\/md0ztsOm5EoTta7ll2ueCcLQNLfPz7i17tT1bPG3mkjsVNAbw5.jpg","datePublished":"2024-04-08T15:43:08+00:00","dateModified":"2026-03-10T13:27:48+00:00","breadcrumb":{"@id":"https:\/\/ebikespareparts.fi\/tuote\/brose-hihnapyora\/#breadcrumb"},"inLanguage":"sv-SE","potentialAction":[{"@type":"ReadAction","target":["https:\/\/ebikespareparts.fi\/tuote\/brose-hihnapyora\/"]}]},{"@type":"ImageObject","inLanguage":"sv-SE","@id":"https:\/\/ebikespareparts.fi\/tuote\/brose-hihnapyora\/#primaryimage","url":"https:\/\/ebikespareparts.fi\/wp-content\/uploads\/2025\/03\/md0ztsOm5EoTta7ll2ueCcLQNLfPz7i17tT1bPG3mkjsVNAbw5.jpg","contentUrl":"https:\/\/ebikespareparts.fi\/wp-content\/uploads\/2025\/03\/md0ztsOm5EoTta7ll2ueCcLQNLfPz7i17tT1bPG3mkjsVNAbw5.jpg","width":1000,"height":759,"caption":"md0ztsOm5EoTta7ll2ueCcLQNLfPz7i17tT1bPG3mkjsVNAbw5"},{"@type":"BreadcrumbList","@id":"https:\/\/ebikespareparts.fi\/tuote\/brose-hihnapyora\/#breadcrumb","itemListElement":[{"@type":"ListItem","position":1,"name":"Etusivu","item":"https:\/\/ebikespareparts.fi\/"},{"@type":"ListItem","position":2,"name":"Kauppa","item":"https:\/\/ebikespareparts.fi\/kauppa\/"},{"@type":"ListItem","position":3,"name":"Brose hihnapy\u00f6r\u00e4"}]},{"@type":"WebSite","@id":"https:\/\/ebikespareparts.fi\/#website","url":"https:\/\/ebikespareparts.fi\/","name":"Ebikespareparts.fi","description":"S\u00e4hk\u00f6py\u00f6r\u00e4n osat - E-bike osat - Huolto","publisher":{"@id":"https:\/\/ebikespareparts.fi\/#organization"},"potentialAction":[{"@type":"SearchAction","target":{"@type":"EntryPoint","urlTemplate":"https:\/\/ebikespareparts.fi\/?s={search_term_string}"},"query-input":{"@type":"PropertyValueSpecification","valueRequired":true,"valueName":"search_term_string"}}],"inLanguage":"sv-SE"},{"@type":"Organization","@id":"https:\/\/ebikespareparts.fi\/#organization","name":"Ebikespareparts.fi","url":"https:\/\/ebikespareparts.fi\/","logo":{"@type":"ImageObject","inLanguage":"sv-SE","@id":"https:\/\/ebikespareparts.fi\/#\/schema\/logo\/image\/","url":"https:\/\/ebikespareparts.fi\/wp-content\/uploads\/2024\/05\/logo-musta-tausta.jpg","contentUrl":"https:\/\/ebikespareparts.fi\/wp-content\/uploads\/2024\/05\/logo-musta-tausta.jpg","width":1013,"height":950,"caption":"Ebikespareparts.fi"},"image":{"@id":"https:\/\/ebikespareparts.fi\/#\/schema\/logo\/image\/"},"sameAs":["https:\/\/www.facebook.com\/smhj.fi"]}]}},"_links":{"self":[{"href":"https:\/\/ebikespareparts.fi\/sv\/wp-json\/wp\/v2\/product\/46918","targetHints":{"allow":["GET"]}}],"collection":[{"href":"https:\/\/ebikespareparts.fi\/sv\/wp-json\/wp\/v2\/product"}],"about":[{"href":"https:\/\/ebikespareparts.fi\/sv\/wp-json\/wp\/v2\/types\/product"}],"replies":[{"embeddable":true,"href":"https:\/\/ebikespareparts.fi\/sv\/wp-json\/wp\/v2\/comments?post=46918"}],"version-history":[{"count":0,"href":"https:\/\/ebikespareparts.fi\/sv\/wp-json\/wp\/v2\/product\/46918\/revisions"}],"wp:featuredmedia":[{"embeddable":true,"href":"https:\/\/ebikespareparts.fi\/sv\/wp-json\/wp\/v2\/media\/47580"}],"wp:attachment":[{"href":"https:\/\/ebikespareparts.fi\/sv\/wp-json\/wp\/v2\/media?parent=46918"}],"wp:term":[{"taxonomy":"product_brand","embeddable":true,"href":"https:\/\/ebikespareparts.fi\/sv\/wp-json\/wp\/v2\/product_brand?post=46918"},{"taxonomy":"product_cat","embeddable":true,"href":"https:\/\/ebikespareparts.fi\/sv\/wp-json\/wp\/v2\/product_cat?post=46918"},{"taxonomy":"product_tag","embeddable":true,"href":"https:\/\/ebikespareparts.fi\/sv\/wp-json\/wp\/v2\/product_tag?post=46918"}],"curies":[{"name":"wp","href":"https:\/\/api.w.org\/{rel}","templated":true}]}}