{"id":46953,"date":"2024-04-14T10:20:31","date_gmt":"2024-04-14T07:20:31","guid":{"rendered":"https:\/\/ebikespareparts.fi\/?post_type=product&#038;p=46953"},"modified":"2026-03-10T15:27:12","modified_gmt":"2026-03-10T13:27:12","slug":"4047026050387-bosch-speed-sensor-415mm","status":"publish","type":"product","link":"https:\/\/ebikespareparts.fi\/sv\/produkt\/4047026050387-bosch-speed-sensor-415mm\/","title":{"rendered":"1270020800 4047024973480 Bosch Hastighetssensor 415mm"},"content":{"rendered":"<h4>Bosch hastighetssensor i original f\u00f6r elcyklar (Gen1, Gen2, Gen3, Gen4)<\/h4>\n<h4>F\u00f6r alla Bosch-motorer fr\u00e5n 2010 och fram\u00e5t OBS ej f\u00f6r Smart System.<\/h4>\n<h4>Olika l\u00e4ngder 415 mm - 1610 mm<\/h4>\n<h4>Original reservdel<\/h4>\n<h4>100% exakt passform<\/h4>","protected":false},"excerpt":{"rendered":"<p>Alkuper\u00e4inen Boschin nopeusanturi s\u00e4hk\u00f6py\u00f6riin (Gen1, Gen2, Gen3, Gen4) Kaikille Bosch-moottoreillevuodesta 2010 alkaen HUOM ei Smart Systemille. Eri pituuksilla 415mm &#8211; 1610mm Alkuper\u00e4inen varaosa 100% tarkka istuvuus<\/p>","protected":false},"featured_media":47397,"comment_status":"open","ping_status":"closed","template":"","meta":{"_acf_changed":false},"product_brand":[],"product_cat":[123],"product_tag":[],"class_list":{"0":"post-46953","1":"product","2":"type-product","3":"status-publish","4":"has-post-thumbnail","6":"product_cat-varaosa","8":"first","9":"outofstock","10":"taxable","11":"shipping-taxable","12":"purchasable","13":"product-type-simple"},"acf":[],"yoast_head":"<!-- This site is optimized with the Yoast SEO plugin v27.4 - https:\/\/yoast.com\/product\/yoast-seo-wordpress\/ -->\n<title>1270020802 4047026050387 Nopeusanturi 415mm - Ebikespareparts.fi<\/title>\n<meta name=\"description\" content=\"Bosch Speed Sensor 415mm\" \/>\n<meta name=\"robots\" content=\"index, follow, max-snippet:-1, max-image-preview:large, max-video-preview:-1\" \/>\n<link rel=\"canonical\" href=\"https:\/\/ebikespareparts.fi\/sv\/produkt\/4047026050387-bosch-speed-sensor-415mm\/\" \/>\n<meta property=\"og:locale\" content=\"sv_SE\" \/>\n<meta property=\"og:type\" content=\"article\" \/>\n<meta property=\"og:title\" content=\"1270020802 4047026050387 Nopeusanturi 415mm - Ebikespareparts.fi\" \/>\n<meta property=\"og:description\" content=\"Bosch Speed Sensor 415mm\" \/>\n<meta property=\"og:url\" content=\"https:\/\/ebikespareparts.fi\/sv\/produkt\/4047026050387-bosch-speed-sensor-415mm\/\" \/>\n<meta property=\"og:site_name\" content=\"Ebikespareparts.fi\" \/>\n<meta property=\"article:publisher\" content=\"https:\/\/www.facebook.com\/smhj.fi\" \/>\n<meta property=\"article:modified_time\" content=\"2026-03-10T13:27:12+00:00\" \/>\n<meta property=\"og:image\" content=\"https:\/\/ebikespareparts.fi\/wp-content\/uploads\/2024\/04\/2014-bosch-e-bike-speed-sensor.jpg\" \/>\n\t<meta property=\"og:image:width\" content=\"2322\" \/>\n\t<meta property=\"og:image:height\" content=\"2160\" \/>\n\t<meta property=\"og:image:type\" content=\"image\/jpeg\" \/>\n<meta name=\"twitter:card\" content=\"summary_large_image\" \/>\n<meta name=\"twitter:label1\" content=\"Ber\u00e4knad l\u00e4stid\" \/>\n\t<meta name=\"twitter:data1\" content=\"1 minut\" \/>\n<script type=\"application\/ld+json\" class=\"yoast-schema-graph\">{\"@context\":\"https:\\\/\\\/schema.org\",\"@graph\":[{\"@type\":\"WebPage\",\"@id\":\"https:\\\/\\\/ebikespareparts.fi\\\/tuote\\\/4047026050387-bosch-speed-sensor-415mm\\\/\",\"url\":\"https:\\\/\\\/ebikespareparts.fi\\\/tuote\\\/4047026050387-bosch-speed-sensor-415mm\\\/\",\"name\":\"1270020802 4047026050387 Nopeusanturi 415mm - Ebikespareparts.fi\",\"isPartOf\":{\"@id\":\"https:\\\/\\\/ebikespareparts.fi\\\/#website\"},\"primaryImageOfPage\":{\"@id\":\"https:\\\/\\\/ebikespareparts.fi\\\/tuote\\\/4047026050387-bosch-speed-sensor-415mm\\\/#primaryimage\"},\"image\":{\"@id\":\"https:\\\/\\\/ebikespareparts.fi\\\/tuote\\\/4047026050387-bosch-speed-sensor-415mm\\\/#primaryimage\"},\"thumbnailUrl\":\"https:\\\/\\\/ebikespareparts.fi\\\/wp-content\\\/uploads\\\/2025\\\/03\\\/3w83LxkZk83aEIIZ6RDfhRVbHs9h95SYhXRzWurPwZQNINR4PV.jpg\",\"datePublished\":\"2024-04-14T07:20:31+00:00\",\"dateModified\":\"2026-03-10T13:27:12+00:00\",\"description\":\"Bosch Speed Sensor 415mm\",\"breadcrumb\":{\"@id\":\"https:\\\/\\\/ebikespareparts.fi\\\/tuote\\\/4047026050387-bosch-speed-sensor-415mm\\\/#breadcrumb\"},\"inLanguage\":\"sv-SE\",\"potentialAction\":[{\"@type\":\"ReadAction\",\"target\":[\"https:\\\/\\\/ebikespareparts.fi\\\/tuote\\\/4047026050387-bosch-speed-sensor-415mm\\\/\"]}]},{\"@type\":\"ImageObject\",\"inLanguage\":\"sv-SE\",\"@id\":\"https:\\\/\\\/ebikespareparts.fi\\\/tuote\\\/4047026050387-bosch-speed-sensor-415mm\\\/#primaryimage\",\"url\":\"https:\\\/\\\/ebikespareparts.fi\\\/wp-content\\\/uploads\\\/2025\\\/03\\\/3w83LxkZk83aEIIZ6RDfhRVbHs9h95SYhXRzWurPwZQNINR4PV.jpg\",\"contentUrl\":\"https:\\\/\\\/ebikespareparts.fi\\\/wp-content\\\/uploads\\\/2025\\\/03\\\/3w83LxkZk83aEIIZ6RDfhRVbHs9h95SYhXRzWurPwZQNINR4PV.jpg\",\"width\":1000,\"height\":930,\"caption\":\"3w83LxkZk83aEIIZ6RDfhRVbHs9h95SYhXRzWurPwZQNINR4PV\"},{\"@type\":\"BreadcrumbList\",\"@id\":\"https:\\\/\\\/ebikespareparts.fi\\\/tuote\\\/4047026050387-bosch-speed-sensor-415mm\\\/#breadcrumb\",\"itemListElement\":[{\"@type\":\"ListItem\",\"position\":1,\"name\":\"Etusivu\",\"item\":\"https:\\\/\\\/ebikespareparts.fi\\\/\"},{\"@type\":\"ListItem\",\"position\":2,\"name\":\"Kauppa\",\"item\":\"https:\\\/\\\/ebikespareparts.fi\\\/kauppa\\\/\"},{\"@type\":\"ListItem\",\"position\":3,\"name\":\"1270020802 4047026050387 Nopeusanturi 415mm\"}]},{\"@type\":\"WebSite\",\"@id\":\"https:\\\/\\\/ebikespareparts.fi\\\/#website\",\"url\":\"https:\\\/\\\/ebikespareparts.fi\\\/\",\"name\":\"Ebikespareparts.fi\",\"description\":\"S\u00e4hk\u00f6py\u00f6r\u00e4n osat - E-bike osat - Huolto\",\"publisher\":{\"@id\":\"https:\\\/\\\/ebikespareparts.fi\\\/#organization\"},\"potentialAction\":[{\"@type\":\"SearchAction\",\"target\":{\"@type\":\"EntryPoint\",\"urlTemplate\":\"https:\\\/\\\/ebikespareparts.fi\\\/?s={search_term_string}\"},\"query-input\":{\"@type\":\"PropertyValueSpecification\",\"valueRequired\":true,\"valueName\":\"search_term_string\"}}],\"inLanguage\":\"sv-SE\"},{\"@type\":\"Organization\",\"@id\":\"https:\\\/\\\/ebikespareparts.fi\\\/#organization\",\"name\":\"Ebikespareparts.fi\",\"url\":\"https:\\\/\\\/ebikespareparts.fi\\\/\",\"logo\":{\"@type\":\"ImageObject\",\"inLanguage\":\"sv-SE\",\"@id\":\"https:\\\/\\\/ebikespareparts.fi\\\/#\\\/schema\\\/logo\\\/image\\\/\",\"url\":\"https:\\\/\\\/ebikespareparts.fi\\\/wp-content\\\/uploads\\\/2024\\\/05\\\/logo-musta-tausta.jpg\",\"contentUrl\":\"https:\\\/\\\/ebikespareparts.fi\\\/wp-content\\\/uploads\\\/2024\\\/05\\\/logo-musta-tausta.jpg\",\"width\":1013,\"height\":950,\"caption\":\"Ebikespareparts.fi\"},\"image\":{\"@id\":\"https:\\\/\\\/ebikespareparts.fi\\\/#\\\/schema\\\/logo\\\/image\\\/\"},\"sameAs\":[\"https:\\\/\\\/www.facebook.com\\\/smhj.fi\"]}]}<\/script>\n<!-- \/ Yoast SEO plugin. -->","yoast_head_json":{"title":"1270020802 4047026050387 Nopeusanturi 415mm - Ebikespareparts.fi","description":"Bosch Speed Sensor 415mm","robots":{"index":"index","follow":"follow","max-snippet":"max-snippet:-1","max-image-preview":"max-image-preview:large","max-video-preview":"max-video-preview:-1"},"canonical":"https:\/\/ebikespareparts.fi\/sv\/produkt\/4047026050387-bosch-speed-sensor-415mm\/","og_locale":"sv_SE","og_type":"article","og_title":"1270020802 4047026050387 Nopeusanturi 415mm - Ebikespareparts.fi","og_description":"Bosch Speed Sensor 415mm","og_url":"https:\/\/ebikespareparts.fi\/sv\/produkt\/4047026050387-bosch-speed-sensor-415mm\/","og_site_name":"Ebikespareparts.fi","article_publisher":"https:\/\/www.facebook.com\/smhj.fi","article_modified_time":"2026-03-10T13:27:12+00:00","og_image":[{"width":2322,"height":2160,"url":"https:\/\/ebikespareparts.fi\/wp-content\/uploads\/2024\/04\/2014-bosch-e-bike-speed-sensor.jpg","type":"image\/jpeg"}],"twitter_card":"summary_large_image","twitter_misc":{"Ber\u00e4knad l\u00e4stid":"1 minut"},"schema":{"@context":"https:\/\/schema.org","@graph":[{"@type":"WebPage","@id":"https:\/\/ebikespareparts.fi\/tuote\/4047026050387-bosch-speed-sensor-415mm\/","url":"https:\/\/ebikespareparts.fi\/tuote\/4047026050387-bosch-speed-sensor-415mm\/","name":"1270020802 4047026050387 Nopeusanturi 415mm - Ebikespareparts.fi","isPartOf":{"@id":"https:\/\/ebikespareparts.fi\/#website"},"primaryImageOfPage":{"@id":"https:\/\/ebikespareparts.fi\/tuote\/4047026050387-bosch-speed-sensor-415mm\/#primaryimage"},"image":{"@id":"https:\/\/ebikespareparts.fi\/tuote\/4047026050387-bosch-speed-sensor-415mm\/#primaryimage"},"thumbnailUrl":"https:\/\/ebikespareparts.fi\/wp-content\/uploads\/2025\/03\/3w83LxkZk83aEIIZ6RDfhRVbHs9h95SYhXRzWurPwZQNINR4PV.jpg","datePublished":"2024-04-14T07:20:31+00:00","dateModified":"2026-03-10T13:27:12+00:00","description":"Bosch Speed Sensor 415mm","breadcrumb":{"@id":"https:\/\/ebikespareparts.fi\/tuote\/4047026050387-bosch-speed-sensor-415mm\/#breadcrumb"},"inLanguage":"sv-SE","potentialAction":[{"@type":"ReadAction","target":["https:\/\/ebikespareparts.fi\/tuote\/4047026050387-bosch-speed-sensor-415mm\/"]}]},{"@type":"ImageObject","inLanguage":"sv-SE","@id":"https:\/\/ebikespareparts.fi\/tuote\/4047026050387-bosch-speed-sensor-415mm\/#primaryimage","url":"https:\/\/ebikespareparts.fi\/wp-content\/uploads\/2025\/03\/3w83LxkZk83aEIIZ6RDfhRVbHs9h95SYhXRzWurPwZQNINR4PV.jpg","contentUrl":"https:\/\/ebikespareparts.fi\/wp-content\/uploads\/2025\/03\/3w83LxkZk83aEIIZ6RDfhRVbHs9h95SYhXRzWurPwZQNINR4PV.jpg","width":1000,"height":930,"caption":"3w83LxkZk83aEIIZ6RDfhRVbHs9h95SYhXRzWurPwZQNINR4PV"},{"@type":"BreadcrumbList","@id":"https:\/\/ebikespareparts.fi\/tuote\/4047026050387-bosch-speed-sensor-415mm\/#breadcrumb","itemListElement":[{"@type":"ListItem","position":1,"name":"Etusivu","item":"https:\/\/ebikespareparts.fi\/"},{"@type":"ListItem","position":2,"name":"Kauppa","item":"https:\/\/ebikespareparts.fi\/kauppa\/"},{"@type":"ListItem","position":3,"name":"1270020802 4047026050387 Nopeusanturi 415mm"}]},{"@type":"WebSite","@id":"https:\/\/ebikespareparts.fi\/#website","url":"https:\/\/ebikespareparts.fi\/","name":"Ebikespareparts.fi","description":"S\u00e4hk\u00f6py\u00f6r\u00e4n osat - E-bike osat - Huolto","publisher":{"@id":"https:\/\/ebikespareparts.fi\/#organization"},"potentialAction":[{"@type":"SearchAction","target":{"@type":"EntryPoint","urlTemplate":"https:\/\/ebikespareparts.fi\/?s={search_term_string}"},"query-input":{"@type":"PropertyValueSpecification","valueRequired":true,"valueName":"search_term_string"}}],"inLanguage":"sv-SE"},{"@type":"Organization","@id":"https:\/\/ebikespareparts.fi\/#organization","name":"Ebikespareparts.fi","url":"https:\/\/ebikespareparts.fi\/","logo":{"@type":"ImageObject","inLanguage":"sv-SE","@id":"https:\/\/ebikespareparts.fi\/#\/schema\/logo\/image\/","url":"https:\/\/ebikespareparts.fi\/wp-content\/uploads\/2024\/05\/logo-musta-tausta.jpg","contentUrl":"https:\/\/ebikespareparts.fi\/wp-content\/uploads\/2024\/05\/logo-musta-tausta.jpg","width":1013,"height":950,"caption":"Ebikespareparts.fi"},"image":{"@id":"https:\/\/ebikespareparts.fi\/#\/schema\/logo\/image\/"},"sameAs":["https:\/\/www.facebook.com\/smhj.fi"]}]}},"_links":{"self":[{"href":"https:\/\/ebikespareparts.fi\/sv\/wp-json\/wp\/v2\/product\/46953","targetHints":{"allow":["GET"]}}],"collection":[{"href":"https:\/\/ebikespareparts.fi\/sv\/wp-json\/wp\/v2\/product"}],"about":[{"href":"https:\/\/ebikespareparts.fi\/sv\/wp-json\/wp\/v2\/types\/product"}],"replies":[{"embeddable":true,"href":"https:\/\/ebikespareparts.fi\/sv\/wp-json\/wp\/v2\/comments?post=46953"}],"version-history":[{"count":0,"href":"https:\/\/ebikespareparts.fi\/sv\/wp-json\/wp\/v2\/product\/46953\/revisions"}],"wp:featuredmedia":[{"embeddable":true,"href":"https:\/\/ebikespareparts.fi\/sv\/wp-json\/wp\/v2\/media\/47397"}],"wp:attachment":[{"href":"https:\/\/ebikespareparts.fi\/sv\/wp-json\/wp\/v2\/media?parent=46953"}],"wp:term":[{"taxonomy":"product_brand","embeddable":true,"href":"https:\/\/ebikespareparts.fi\/sv\/wp-json\/wp\/v2\/product_brand?post=46953"},{"taxonomy":"product_cat","embeddable":true,"href":"https:\/\/ebikespareparts.fi\/sv\/wp-json\/wp\/v2\/product_cat?post=46953"},{"taxonomy":"product_tag","embeddable":true,"href":"https:\/\/ebikespareparts.fi\/sv\/wp-json\/wp\/v2\/product_tag?post=46953"}],"curies":[{"name":"wp","href":"https:\/\/api.w.org\/{rel}","templated":true}]}}