{"id":46957,"date":"2024-04-14T10:39:55","date_gmt":"2024-04-14T07:39:55","guid":{"rendered":"https:\/\/ebikespareparts.fi\/?post_type=product&#038;p=46957"},"modified":"2026-03-10T15:27:07","modified_gmt":"2026-03-10T13:27:07","slug":"4054289003685-bosch-nopeusanturi-slim-415mm","status":"publish","type":"product","link":"https:\/\/ebikespareparts.fi\/sv\/produkt\/4054289003685-bosch-nopeusanturi-slim-415mm\/","title":{"rendered":"EB11200010 4054289003685 BOSCH hastighetssensor SLIM 415mm"},"content":{"rendered":"<h5>BOSCH NOPEUSANTURI SLIM 415 mm (BCH3319-415)<\/h5>\n<h5>Endast kompatibel med Bosch Smart System BES3<\/h5>\n<h5>Finns i l\u00e4ngderna 415, 615, 815, 1230 och 1610 mm<\/h5>\n<h5>Obs: Korrekt funktion garanteras endast i kombination med den ursprungliga ytmagneten.<\/h5>","protected":false},"excerpt":{"rendered":"<p>BOSCH NOPEUSANTURI SLIM 415mm (BCH3319-415) Yhteensopiva vain Bosch Smart System BES3:n kanssa Saatavana pituudet 415, 615, 815, 1230 ja 1610 mm Huomautus: Oikea toiminta taataan vain yhdess\u00e4 alkuper\u00e4isen pinnamagneetin kanssa.<\/p>","protected":false},"featured_media":47481,"comment_status":"open","ping_status":"closed","template":"","meta":{"_acf_changed":false},"product_brand":[],"product_cat":[123],"product_tag":[],"class_list":{"0":"post-46957","1":"product","2":"type-product","3":"status-publish","4":"has-post-thumbnail","6":"product_cat-varaosa","8":"first","9":"instock","10":"taxable","11":"shipping-taxable","12":"purchasable","13":"product-type-simple"},"acf":[],"yoast_head":"<!-- This site is optimized with the Yoast SEO plugin v27.4 - https:\/\/yoast.com\/product\/yoast-seo-wordpress\/ -->\n<title>EB11200010 4054289003685 BOSCH nopeusanturi SLIM 415mm - Ebikespareparts.fi<\/title>\n<meta name=\"robots\" content=\"index, follow, max-snippet:-1, max-image-preview:large, max-video-preview:-1\" \/>\n<link rel=\"canonical\" href=\"https:\/\/ebikespareparts.fi\/sv\/produkt\/4054289003685-bosch-nopeusanturi-slim-415mm\/\" \/>\n<meta property=\"og:locale\" content=\"sv_SE\" \/>\n<meta property=\"og:type\" content=\"article\" \/>\n<meta property=\"og:title\" content=\"EB11200010 4054289003685 BOSCH nopeusanturi SLIM 415mm - Ebikespareparts.fi\" \/>\n<meta property=\"og:description\" content=\"BOSCH NOPEUSANTURI SLIM 415mm (BCH3319-415) Yhteensopiva vain Bosch Smart System BES3:n kanssa Saatavana pituudet 415, 615, 815, 1230 ja 1610 mm Huomautus: Oikea toiminta taataan vain yhdess\u00e4 alkuper\u00e4isen pinnamagneetin kanssa.\" \/>\n<meta property=\"og:url\" content=\"https:\/\/ebikespareparts.fi\/sv\/produkt\/4054289003685-bosch-nopeusanturi-slim-415mm\/\" \/>\n<meta property=\"og:site_name\" content=\"Ebikespareparts.fi\" \/>\n<meta property=\"article:publisher\" content=\"https:\/\/www.facebook.com\/smhj.fi\" \/>\n<meta property=\"article:modified_time\" content=\"2026-03-10T13:27:07+00:00\" \/>\n<meta property=\"og:image\" content=\"https:\/\/ebikespareparts.fi\/wp-content\/uploads\/2024\/04\/bosch-speed-sensor-slim.jpg\" \/>\n\t<meta property=\"og:image:width\" content=\"2523\" \/>\n\t<meta property=\"og:image:height\" content=\"2160\" \/>\n\t<meta property=\"og:image:type\" content=\"image\/jpeg\" \/>\n<meta name=\"twitter:card\" content=\"summary_large_image\" \/>\n<meta name=\"twitter:label1\" content=\"Ber\u00e4knad l\u00e4stid\" \/>\n\t<meta name=\"twitter:data1\" content=\"1 minut\" \/>\n<script type=\"application\/ld+json\" class=\"yoast-schema-graph\">{\"@context\":\"https:\\\/\\\/schema.org\",\"@graph\":[{\"@type\":\"WebPage\",\"@id\":\"https:\\\/\\\/ebikespareparts.fi\\\/tuote\\\/4054289003685-bosch-nopeusanturi-slim-415mm\\\/\",\"url\":\"https:\\\/\\\/ebikespareparts.fi\\\/tuote\\\/4054289003685-bosch-nopeusanturi-slim-415mm\\\/\",\"name\":\"EB11200010 4054289003685 BOSCH nopeusanturi SLIM 415mm - Ebikespareparts.fi\",\"isPartOf\":{\"@id\":\"https:\\\/\\\/ebikespareparts.fi\\\/#website\"},\"primaryImageOfPage\":{\"@id\":\"https:\\\/\\\/ebikespareparts.fi\\\/tuote\\\/4054289003685-bosch-nopeusanturi-slim-415mm\\\/#primaryimage\"},\"image\":{\"@id\":\"https:\\\/\\\/ebikespareparts.fi\\\/tuote\\\/4054289003685-bosch-nopeusanturi-slim-415mm\\\/#primaryimage\"},\"thumbnailUrl\":\"https:\\\/\\\/ebikespareparts.fi\\\/wp-content\\\/uploads\\\/2025\\\/03\\\/pdxdURirI6zWYMMwCMjkKQIaI6ZzGKYbUxyz963D3X6iVoGOR0.jpg\",\"datePublished\":\"2024-04-14T07:39:55+00:00\",\"dateModified\":\"2026-03-10T13:27:07+00:00\",\"breadcrumb\":{\"@id\":\"https:\\\/\\\/ebikespareparts.fi\\\/tuote\\\/4054289003685-bosch-nopeusanturi-slim-415mm\\\/#breadcrumb\"},\"inLanguage\":\"sv-SE\",\"potentialAction\":[{\"@type\":\"ReadAction\",\"target\":[\"https:\\\/\\\/ebikespareparts.fi\\\/tuote\\\/4054289003685-bosch-nopeusanturi-slim-415mm\\\/\"]}]},{\"@type\":\"ImageObject\",\"inLanguage\":\"sv-SE\",\"@id\":\"https:\\\/\\\/ebikespareparts.fi\\\/tuote\\\/4054289003685-bosch-nopeusanturi-slim-415mm\\\/#primaryimage\",\"url\":\"https:\\\/\\\/ebikespareparts.fi\\\/wp-content\\\/uploads\\\/2025\\\/03\\\/pdxdURirI6zWYMMwCMjkKQIaI6ZzGKYbUxyz963D3X6iVoGOR0.jpg\",\"contentUrl\":\"https:\\\/\\\/ebikespareparts.fi\\\/wp-content\\\/uploads\\\/2025\\\/03\\\/pdxdURirI6zWYMMwCMjkKQIaI6ZzGKYbUxyz963D3X6iVoGOR0.jpg\",\"width\":1000,\"height\":856,\"caption\":\"pdxdURirI6zWYMMwCMjkKQIaI6ZzGKYbUxyz963D3X6iVoGOR0\"},{\"@type\":\"BreadcrumbList\",\"@id\":\"https:\\\/\\\/ebikespareparts.fi\\\/tuote\\\/4054289003685-bosch-nopeusanturi-slim-415mm\\\/#breadcrumb\",\"itemListElement\":[{\"@type\":\"ListItem\",\"position\":1,\"name\":\"Etusivu\",\"item\":\"https:\\\/\\\/ebikespareparts.fi\\\/\"},{\"@type\":\"ListItem\",\"position\":2,\"name\":\"Kauppa\",\"item\":\"https:\\\/\\\/ebikespareparts.fi\\\/kauppa\\\/\"},{\"@type\":\"ListItem\",\"position\":3,\"name\":\"EB11200010 4054289003685 BOSCH nopeusanturi SLIM 415mm\"}]},{\"@type\":\"WebSite\",\"@id\":\"https:\\\/\\\/ebikespareparts.fi\\\/#website\",\"url\":\"https:\\\/\\\/ebikespareparts.fi\\\/\",\"name\":\"Ebikespareparts.fi\",\"description\":\"S\u00e4hk\u00f6py\u00f6r\u00e4n osat - E-bike osat - Huolto\",\"publisher\":{\"@id\":\"https:\\\/\\\/ebikespareparts.fi\\\/#organization\"},\"potentialAction\":[{\"@type\":\"SearchAction\",\"target\":{\"@type\":\"EntryPoint\",\"urlTemplate\":\"https:\\\/\\\/ebikespareparts.fi\\\/?s={search_term_string}\"},\"query-input\":{\"@type\":\"PropertyValueSpecification\",\"valueRequired\":true,\"valueName\":\"search_term_string\"}}],\"inLanguage\":\"sv-SE\"},{\"@type\":\"Organization\",\"@id\":\"https:\\\/\\\/ebikespareparts.fi\\\/#organization\",\"name\":\"Ebikespareparts.fi\",\"url\":\"https:\\\/\\\/ebikespareparts.fi\\\/\",\"logo\":{\"@type\":\"ImageObject\",\"inLanguage\":\"sv-SE\",\"@id\":\"https:\\\/\\\/ebikespareparts.fi\\\/#\\\/schema\\\/logo\\\/image\\\/\",\"url\":\"https:\\\/\\\/ebikespareparts.fi\\\/wp-content\\\/uploads\\\/2024\\\/05\\\/logo-musta-tausta.jpg\",\"contentUrl\":\"https:\\\/\\\/ebikespareparts.fi\\\/wp-content\\\/uploads\\\/2024\\\/05\\\/logo-musta-tausta.jpg\",\"width\":1013,\"height\":950,\"caption\":\"Ebikespareparts.fi\"},\"image\":{\"@id\":\"https:\\\/\\\/ebikespareparts.fi\\\/#\\\/schema\\\/logo\\\/image\\\/\"},\"sameAs\":[\"https:\\\/\\\/www.facebook.com\\\/smhj.fi\"]}]}<\/script>\n<!-- \/ Yoast SEO plugin. -->","yoast_head_json":{"title":"EB11200010 4054289003685 BOSCH nopeusanturi SLIM 415mm - Ebikespareparts.fi","robots":{"index":"index","follow":"follow","max-snippet":"max-snippet:-1","max-image-preview":"max-image-preview:large","max-video-preview":"max-video-preview:-1"},"canonical":"https:\/\/ebikespareparts.fi\/sv\/produkt\/4054289003685-bosch-nopeusanturi-slim-415mm\/","og_locale":"sv_SE","og_type":"article","og_title":"EB11200010 4054289003685 BOSCH nopeusanturi SLIM 415mm - Ebikespareparts.fi","og_description":"BOSCH NOPEUSANTURI SLIM 415mm (BCH3319-415) Yhteensopiva vain Bosch Smart System BES3:n kanssa Saatavana pituudet 415, 615, 815, 1230 ja 1610 mm Huomautus: Oikea toiminta taataan vain yhdess\u00e4 alkuper\u00e4isen pinnamagneetin kanssa.","og_url":"https:\/\/ebikespareparts.fi\/sv\/produkt\/4054289003685-bosch-nopeusanturi-slim-415mm\/","og_site_name":"Ebikespareparts.fi","article_publisher":"https:\/\/www.facebook.com\/smhj.fi","article_modified_time":"2026-03-10T13:27:07+00:00","og_image":[{"width":2523,"height":2160,"url":"https:\/\/ebikespareparts.fi\/wp-content\/uploads\/2024\/04\/bosch-speed-sensor-slim.jpg","type":"image\/jpeg"}],"twitter_card":"summary_large_image","twitter_misc":{"Ber\u00e4knad l\u00e4stid":"1 minut"},"schema":{"@context":"https:\/\/schema.org","@graph":[{"@type":"WebPage","@id":"https:\/\/ebikespareparts.fi\/tuote\/4054289003685-bosch-nopeusanturi-slim-415mm\/","url":"https:\/\/ebikespareparts.fi\/tuote\/4054289003685-bosch-nopeusanturi-slim-415mm\/","name":"EB11200010 4054289003685 BOSCH nopeusanturi SLIM 415mm - Ebikespareparts.fi","isPartOf":{"@id":"https:\/\/ebikespareparts.fi\/#website"},"primaryImageOfPage":{"@id":"https:\/\/ebikespareparts.fi\/tuote\/4054289003685-bosch-nopeusanturi-slim-415mm\/#primaryimage"},"image":{"@id":"https:\/\/ebikespareparts.fi\/tuote\/4054289003685-bosch-nopeusanturi-slim-415mm\/#primaryimage"},"thumbnailUrl":"https:\/\/ebikespareparts.fi\/wp-content\/uploads\/2025\/03\/pdxdURirI6zWYMMwCMjkKQIaI6ZzGKYbUxyz963D3X6iVoGOR0.jpg","datePublished":"2024-04-14T07:39:55+00:00","dateModified":"2026-03-10T13:27:07+00:00","breadcrumb":{"@id":"https:\/\/ebikespareparts.fi\/tuote\/4054289003685-bosch-nopeusanturi-slim-415mm\/#breadcrumb"},"inLanguage":"sv-SE","potentialAction":[{"@type":"ReadAction","target":["https:\/\/ebikespareparts.fi\/tuote\/4054289003685-bosch-nopeusanturi-slim-415mm\/"]}]},{"@type":"ImageObject","inLanguage":"sv-SE","@id":"https:\/\/ebikespareparts.fi\/tuote\/4054289003685-bosch-nopeusanturi-slim-415mm\/#primaryimage","url":"https:\/\/ebikespareparts.fi\/wp-content\/uploads\/2025\/03\/pdxdURirI6zWYMMwCMjkKQIaI6ZzGKYbUxyz963D3X6iVoGOR0.jpg","contentUrl":"https:\/\/ebikespareparts.fi\/wp-content\/uploads\/2025\/03\/pdxdURirI6zWYMMwCMjkKQIaI6ZzGKYbUxyz963D3X6iVoGOR0.jpg","width":1000,"height":856,"caption":"pdxdURirI6zWYMMwCMjkKQIaI6ZzGKYbUxyz963D3X6iVoGOR0"},{"@type":"BreadcrumbList","@id":"https:\/\/ebikespareparts.fi\/tuote\/4054289003685-bosch-nopeusanturi-slim-415mm\/#breadcrumb","itemListElement":[{"@type":"ListItem","position":1,"name":"Etusivu","item":"https:\/\/ebikespareparts.fi\/"},{"@type":"ListItem","position":2,"name":"Kauppa","item":"https:\/\/ebikespareparts.fi\/kauppa\/"},{"@type":"ListItem","position":3,"name":"EB11200010 4054289003685 BOSCH nopeusanturi SLIM 415mm"}]},{"@type":"WebSite","@id":"https:\/\/ebikespareparts.fi\/#website","url":"https:\/\/ebikespareparts.fi\/","name":"Ebikespareparts.fi","description":"S\u00e4hk\u00f6py\u00f6r\u00e4n osat - E-bike osat - Huolto","publisher":{"@id":"https:\/\/ebikespareparts.fi\/#organization"},"potentialAction":[{"@type":"SearchAction","target":{"@type":"EntryPoint","urlTemplate":"https:\/\/ebikespareparts.fi\/?s={search_term_string}"},"query-input":{"@type":"PropertyValueSpecification","valueRequired":true,"valueName":"search_term_string"}}],"inLanguage":"sv-SE"},{"@type":"Organization","@id":"https:\/\/ebikespareparts.fi\/#organization","name":"Ebikespareparts.fi","url":"https:\/\/ebikespareparts.fi\/","logo":{"@type":"ImageObject","inLanguage":"sv-SE","@id":"https:\/\/ebikespareparts.fi\/#\/schema\/logo\/image\/","url":"https:\/\/ebikespareparts.fi\/wp-content\/uploads\/2024\/05\/logo-musta-tausta.jpg","contentUrl":"https:\/\/ebikespareparts.fi\/wp-content\/uploads\/2024\/05\/logo-musta-tausta.jpg","width":1013,"height":950,"caption":"Ebikespareparts.fi"},"image":{"@id":"https:\/\/ebikespareparts.fi\/#\/schema\/logo\/image\/"},"sameAs":["https:\/\/www.facebook.com\/smhj.fi"]}]}},"_links":{"self":[{"href":"https:\/\/ebikespareparts.fi\/sv\/wp-json\/wp\/v2\/product\/46957","targetHints":{"allow":["GET"]}}],"collection":[{"href":"https:\/\/ebikespareparts.fi\/sv\/wp-json\/wp\/v2\/product"}],"about":[{"href":"https:\/\/ebikespareparts.fi\/sv\/wp-json\/wp\/v2\/types\/product"}],"replies":[{"embeddable":true,"href":"https:\/\/ebikespareparts.fi\/sv\/wp-json\/wp\/v2\/comments?post=46957"}],"version-history":[{"count":0,"href":"https:\/\/ebikespareparts.fi\/sv\/wp-json\/wp\/v2\/product\/46957\/revisions"}],"wp:featuredmedia":[{"embeddable":true,"href":"https:\/\/ebikespareparts.fi\/sv\/wp-json\/wp\/v2\/media\/47481"}],"wp:attachment":[{"href":"https:\/\/ebikespareparts.fi\/sv\/wp-json\/wp\/v2\/media?parent=46957"}],"wp:term":[{"taxonomy":"product_brand","embeddable":true,"href":"https:\/\/ebikespareparts.fi\/sv\/wp-json\/wp\/v2\/product_brand?post=46957"},{"taxonomy":"product_cat","embeddable":true,"href":"https:\/\/ebikespareparts.fi\/sv\/wp-json\/wp\/v2\/product_cat?post=46957"},{"taxonomy":"product_tag","embeddable":true,"href":"https:\/\/ebikespareparts.fi\/sv\/wp-json\/wp\/v2\/product_tag?post=46957"}],"curies":[{"name":"wp","href":"https:\/\/api.w.org\/{rel}","templated":true}]}}