{"id":47076,"date":"2024-05-31T18:26:59","date_gmt":"2024-05-31T15:26:59","guid":{"rendered":"https:\/\/ebikespareparts.fi\/?post_type=product&#038;p=47076"},"modified":"2026-03-10T15:27:44","modified_gmt":"2026-03-10T13:27:44","slug":"2123766-kammen-ulosvedin-classic-bdu2xx-bdu4xx-bdu37yy","status":"publish","type":"product","link":"https:\/\/ebikespareparts.fi\/sv\/produkt\/2123766-kammen-ulosvedin-classic-bdu2xx-bdu4xx-bdu37yy\/","title":{"rendered":"2123766 Kamf\u00f6rl\u00e4ngning Shimano Octalink-modeller"},"content":{"rendered":"<p>Kamutdragare (Bosch Brose Shimano Yamaha m.fl. motorer), nyckelstorlek: 22 mm, h\u00f6gerg\u00e4nga. Passar \u00e4ven till andra s\u00e5 kallade isis-modeller<\/p>","protected":false},"excerpt":{"rendered":"<p>Kamutdragare (Bosch Brose Shimano Yamaha m.fl. motorer), nyckelstorlek: 22 mm, h\u00f6gerg\u00e4nga. Passar \u00e4ven till andra s\u00e5 kallade isis-modeller<\/p>","protected":false},"featured_media":47564,"comment_status":"open","ping_status":"closed","template":"","meta":{"_acf_changed":false},"product_brand":[],"product_cat":[18,53,47,49,40,39,48],"product_tag":[],"class_list":{"0":"post-47076","1":"product","2":"type-product","3":"status-publish","4":"has-post-thumbnail","6":"product_cat-bosch-gen-2","7":"product_cat-bosch-gen-4","8":"product_cat-brose-tyokalut","9":"product_cat-impulse-tyokalut","10":"product_cat-mudstop-tyokalut","11":"product_cat-tyokalut","12":"product_cat-yamaha-tyokalut","14":"first","15":"instock","16":"taxable","17":"shipping-taxable","18":"purchasable","19":"product-type-simple"},"acf":[],"yoast_head":"<!-- This site is optimized with the Yoast SEO plugin v27.3 - https:\/\/yoast.com\/product\/yoast-seo-wordpress\/ -->\n<title>2123766 Kammen ulosvedin Shimano Octalink mallit - Ebikespareparts.fi<\/title>\n<meta name=\"description\" content=\"Kammen ulosvedin (Classic+, BDU2XX, BDU4XX, BDU37YY), Avainkoko: 22 mm, Oikeanpuoleinen kierre. Soveltuu my\u00f6s muihin ns isis malleihin\" \/>\n<meta name=\"robots\" content=\"index, follow, max-snippet:-1, max-image-preview:large, max-video-preview:-1\" \/>\n<link rel=\"canonical\" href=\"https:\/\/ebikespareparts.fi\/sv\/produkt\/2123766-kammen-ulosvedin-classic-bdu2xx-bdu4xx-bdu37yy\/\" \/>\n<meta property=\"og:locale\" content=\"sv_SE\" \/>\n<meta property=\"og:type\" content=\"article\" \/>\n<meta property=\"og:title\" content=\"2123766 Kammen ulosvedin Shimano Octalink mallit - Ebikespareparts.fi\" \/>\n<meta property=\"og:description\" content=\"Kammen ulosvedin (Classic+, BDU2XX, BDU4XX, BDU37YY), Avainkoko: 22 mm, Oikeanpuoleinen kierre. Soveltuu my\u00f6s muihin ns isis malleihin\" \/>\n<meta property=\"og:url\" content=\"https:\/\/ebikespareparts.fi\/sv\/produkt\/2123766-kammen-ulosvedin-classic-bdu2xx-bdu4xx-bdu37yy\/\" \/>\n<meta property=\"og:site_name\" content=\"Ebikespareparts.fi\" \/>\n<meta property=\"article:publisher\" content=\"https:\/\/www.facebook.com\/smhj.fi\" \/>\n<meta property=\"article:modified_time\" content=\"2026-03-10T13:27:44+00:00\" \/>\n<meta property=\"og:image\" content=\"https:\/\/ebikespareparts.fi\/wp-content\/uploads\/2025\/03\/mo9t7gYruQkHhujLSpRZHX6uZvvuOIeHH8cuNbEEACUilFxa9W.png\" \/>\n\t<meta property=\"og:image:width\" content=\"1000\" \/>\n\t<meta property=\"og:image:height\" content=\"1000\" \/>\n\t<meta property=\"og:image:type\" content=\"image\/png\" \/>\n<meta name=\"twitter:card\" content=\"summary_large_image\" \/>\n<meta name=\"twitter:label1\" content=\"Ber\u00e4knad l\u00e4stid\" \/>\n\t<meta name=\"twitter:data1\" content=\"1 minut\" \/>\n<script type=\"application\/ld+json\" class=\"yoast-schema-graph\">{\"@context\":\"https:\\\/\\\/schema.org\",\"@graph\":[{\"@type\":\"WebPage\",\"@id\":\"https:\\\/\\\/ebikespareparts.fi\\\/tuote\\\/2123766-kammen-ulosvedin-classic-bdu2xx-bdu4xx-bdu37yy\\\/\",\"url\":\"https:\\\/\\\/ebikespareparts.fi\\\/tuote\\\/2123766-kammen-ulosvedin-classic-bdu2xx-bdu4xx-bdu37yy\\\/\",\"name\":\"2123766 Kammen ulosvedin Shimano Octalink mallit - Ebikespareparts.fi\",\"isPartOf\":{\"@id\":\"https:\\\/\\\/ebikespareparts.fi\\\/#website\"},\"primaryImageOfPage\":{\"@id\":\"https:\\\/\\\/ebikespareparts.fi\\\/tuote\\\/2123766-kammen-ulosvedin-classic-bdu2xx-bdu4xx-bdu37yy\\\/#primaryimage\"},\"image\":{\"@id\":\"https:\\\/\\\/ebikespareparts.fi\\\/tuote\\\/2123766-kammen-ulosvedin-classic-bdu2xx-bdu4xx-bdu37yy\\\/#primaryimage\"},\"thumbnailUrl\":\"https:\\\/\\\/ebikespareparts.fi\\\/wp-content\\\/uploads\\\/2025\\\/03\\\/mo9t7gYruQkHhujLSpRZHX6uZvvuOIeHH8cuNbEEACUilFxa9W.png\",\"datePublished\":\"2024-05-31T15:26:59+00:00\",\"dateModified\":\"2026-03-10T13:27:44+00:00\",\"description\":\"Kammen ulosvedin (Classic+, BDU2XX, BDU4XX, BDU37YY), Avainkoko: 22 mm, Oikeanpuoleinen kierre. Soveltuu my\u00f6s muihin ns isis malleihin\",\"breadcrumb\":{\"@id\":\"https:\\\/\\\/ebikespareparts.fi\\\/tuote\\\/2123766-kammen-ulosvedin-classic-bdu2xx-bdu4xx-bdu37yy\\\/#breadcrumb\"},\"inLanguage\":\"sv-SE\",\"potentialAction\":[{\"@type\":\"ReadAction\",\"target\":[\"https:\\\/\\\/ebikespareparts.fi\\\/tuote\\\/2123766-kammen-ulosvedin-classic-bdu2xx-bdu4xx-bdu37yy\\\/\"]}]},{\"@type\":\"ImageObject\",\"inLanguage\":\"sv-SE\",\"@id\":\"https:\\\/\\\/ebikespareparts.fi\\\/tuote\\\/2123766-kammen-ulosvedin-classic-bdu2xx-bdu4xx-bdu37yy\\\/#primaryimage\",\"url\":\"https:\\\/\\\/ebikespareparts.fi\\\/wp-content\\\/uploads\\\/2025\\\/03\\\/mo9t7gYruQkHhujLSpRZHX6uZvvuOIeHH8cuNbEEACUilFxa9W.png\",\"contentUrl\":\"https:\\\/\\\/ebikespareparts.fi\\\/wp-content\\\/uploads\\\/2025\\\/03\\\/mo9t7gYruQkHhujLSpRZHX6uZvvuOIeHH8cuNbEEACUilFxa9W.png\",\"width\":1000,\"height\":1000,\"caption\":\"mo9t7gYruQkHhujLSpRZHX6uZvvuOIeHH8cuNbEEACUilFxa9W\"},{\"@type\":\"BreadcrumbList\",\"@id\":\"https:\\\/\\\/ebikespareparts.fi\\\/tuote\\\/2123766-kammen-ulosvedin-classic-bdu2xx-bdu4xx-bdu37yy\\\/#breadcrumb\",\"itemListElement\":[{\"@type\":\"ListItem\",\"position\":1,\"name\":\"Etusivu\",\"item\":\"https:\\\/\\\/ebikespareparts.fi\\\/\"},{\"@type\":\"ListItem\",\"position\":2,\"name\":\"Kauppa\",\"item\":\"https:\\\/\\\/ebikespareparts.fi\\\/kauppa\\\/\"},{\"@type\":\"ListItem\",\"position\":3,\"name\":\"2123766 Kammen ulosvedin Shimano Octalink mallit\"}]},{\"@type\":\"WebSite\",\"@id\":\"https:\\\/\\\/ebikespareparts.fi\\\/#website\",\"url\":\"https:\\\/\\\/ebikespareparts.fi\\\/\",\"name\":\"Ebikespareparts.fi\",\"description\":\"S\u00e4hk\u00f6py\u00f6r\u00e4n osat - E-bike osat - Huolto\",\"publisher\":{\"@id\":\"https:\\\/\\\/ebikespareparts.fi\\\/#organization\"},\"potentialAction\":[{\"@type\":\"SearchAction\",\"target\":{\"@type\":\"EntryPoint\",\"urlTemplate\":\"https:\\\/\\\/ebikespareparts.fi\\\/?s={search_term_string}\"},\"query-input\":{\"@type\":\"PropertyValueSpecification\",\"valueRequired\":true,\"valueName\":\"search_term_string\"}}],\"inLanguage\":\"sv-SE\"},{\"@type\":\"Organization\",\"@id\":\"https:\\\/\\\/ebikespareparts.fi\\\/#organization\",\"name\":\"Ebikespareparts.fi\",\"url\":\"https:\\\/\\\/ebikespareparts.fi\\\/\",\"logo\":{\"@type\":\"ImageObject\",\"inLanguage\":\"sv-SE\",\"@id\":\"https:\\\/\\\/ebikespareparts.fi\\\/#\\\/schema\\\/logo\\\/image\\\/\",\"url\":\"https:\\\/\\\/ebikespareparts.fi\\\/wp-content\\\/uploads\\\/2024\\\/05\\\/logo-musta-tausta.jpg\",\"contentUrl\":\"https:\\\/\\\/ebikespareparts.fi\\\/wp-content\\\/uploads\\\/2024\\\/05\\\/logo-musta-tausta.jpg\",\"width\":1013,\"height\":950,\"caption\":\"Ebikespareparts.fi\"},\"image\":{\"@id\":\"https:\\\/\\\/ebikespareparts.fi\\\/#\\\/schema\\\/logo\\\/image\\\/\"},\"sameAs\":[\"https:\\\/\\\/www.facebook.com\\\/smhj.fi\"]}]}<\/script>\n<!-- \/ Yoast SEO plugin. -->","yoast_head_json":{"title":"2123766 Kammen ulosvedin Shimano Octalink mallit - Ebikespareparts.fi","description":"Vevavdragare (Classic+, BDU2XX, BDU4XX, BDU37YY), Nyckelstorlek: 22 mm, H\u00f6gerg\u00e4nga. Passar \u00e4ven till andra s\u00e5 kallade ISIS-modeller","robots":{"index":"index","follow":"follow","max-snippet":"max-snippet:-1","max-image-preview":"max-image-preview:large","max-video-preview":"max-video-preview:-1"},"canonical":"https:\/\/ebikespareparts.fi\/sv\/produkt\/2123766-kammen-ulosvedin-classic-bdu2xx-bdu4xx-bdu37yy\/","og_locale":"sv_SE","og_type":"article","og_title":"2123766 Kammen ulosvedin Shimano Octalink mallit - Ebikespareparts.fi","og_description":"Kammen ulosvedin (Classic+, BDU2XX, BDU4XX, BDU37YY), Avainkoko: 22 mm, Oikeanpuoleinen kierre. Soveltuu my\u00f6s muihin ns isis malleihin","og_url":"https:\/\/ebikespareparts.fi\/sv\/produkt\/2123766-kammen-ulosvedin-classic-bdu2xx-bdu4xx-bdu37yy\/","og_site_name":"Ebikespareparts.fi","article_publisher":"https:\/\/www.facebook.com\/smhj.fi","article_modified_time":"2026-03-10T13:27:44+00:00","og_image":[{"width":1000,"height":1000,"url":"https:\/\/ebikespareparts.fi\/wp-content\/uploads\/2025\/03\/mo9t7gYruQkHhujLSpRZHX6uZvvuOIeHH8cuNbEEACUilFxa9W.png","type":"image\/png"}],"twitter_card":"summary_large_image","twitter_misc":{"Ber\u00e4knad l\u00e4stid":"1 minut"},"schema":{"@context":"https:\/\/schema.org","@graph":[{"@type":"WebPage","@id":"https:\/\/ebikespareparts.fi\/tuote\/2123766-kammen-ulosvedin-classic-bdu2xx-bdu4xx-bdu37yy\/","url":"https:\/\/ebikespareparts.fi\/tuote\/2123766-kammen-ulosvedin-classic-bdu2xx-bdu4xx-bdu37yy\/","name":"2123766 Kammen ulosvedin Shimano Octalink mallit - Ebikespareparts.fi","isPartOf":{"@id":"https:\/\/ebikespareparts.fi\/#website"},"primaryImageOfPage":{"@id":"https:\/\/ebikespareparts.fi\/tuote\/2123766-kammen-ulosvedin-classic-bdu2xx-bdu4xx-bdu37yy\/#primaryimage"},"image":{"@id":"https:\/\/ebikespareparts.fi\/tuote\/2123766-kammen-ulosvedin-classic-bdu2xx-bdu4xx-bdu37yy\/#primaryimage"},"thumbnailUrl":"https:\/\/ebikespareparts.fi\/wp-content\/uploads\/2025\/03\/mo9t7gYruQkHhujLSpRZHX6uZvvuOIeHH8cuNbEEACUilFxa9W.png","datePublished":"2024-05-31T15:26:59+00:00","dateModified":"2026-03-10T13:27:44+00:00","description":"Vevavdragare (Classic+, BDU2XX, BDU4XX, BDU37YY), Nyckelstorlek: 22 mm, H\u00f6gerg\u00e4nga. Passar \u00e4ven till andra s\u00e5 kallade ISIS-modeller","breadcrumb":{"@id":"https:\/\/ebikespareparts.fi\/tuote\/2123766-kammen-ulosvedin-classic-bdu2xx-bdu4xx-bdu37yy\/#breadcrumb"},"inLanguage":"sv-SE","potentialAction":[{"@type":"ReadAction","target":["https:\/\/ebikespareparts.fi\/tuote\/2123766-kammen-ulosvedin-classic-bdu2xx-bdu4xx-bdu37yy\/"]}]},{"@type":"ImageObject","inLanguage":"sv-SE","@id":"https:\/\/ebikespareparts.fi\/tuote\/2123766-kammen-ulosvedin-classic-bdu2xx-bdu4xx-bdu37yy\/#primaryimage","url":"https:\/\/ebikespareparts.fi\/wp-content\/uploads\/2025\/03\/mo9t7gYruQkHhujLSpRZHX6uZvvuOIeHH8cuNbEEACUilFxa9W.png","contentUrl":"https:\/\/ebikespareparts.fi\/wp-content\/uploads\/2025\/03\/mo9t7gYruQkHhujLSpRZHX6uZvvuOIeHH8cuNbEEACUilFxa9W.png","width":1000,"height":1000,"caption":"mo9t7gYruQkHhujLSpRZHX6uZvvuOIeHH8cuNbEEACUilFxa9W"},{"@type":"BreadcrumbList","@id":"https:\/\/ebikespareparts.fi\/tuote\/2123766-kammen-ulosvedin-classic-bdu2xx-bdu4xx-bdu37yy\/#breadcrumb","itemListElement":[{"@type":"ListItem","position":1,"name":"Etusivu","item":"https:\/\/ebikespareparts.fi\/"},{"@type":"ListItem","position":2,"name":"Kauppa","item":"https:\/\/ebikespareparts.fi\/kauppa\/"},{"@type":"ListItem","position":3,"name":"2123766 Kammen ulosvedin Shimano Octalink mallit"}]},{"@type":"WebSite","@id":"https:\/\/ebikespareparts.fi\/#website","url":"https:\/\/ebikespareparts.fi\/","name":"Ebikespareparts.fi","description":"S\u00e4hk\u00f6py\u00f6r\u00e4n osat - E-bike osat - Huolto","publisher":{"@id":"https:\/\/ebikespareparts.fi\/#organization"},"potentialAction":[{"@type":"SearchAction","target":{"@type":"EntryPoint","urlTemplate":"https:\/\/ebikespareparts.fi\/?s={search_term_string}"},"query-input":{"@type":"PropertyValueSpecification","valueRequired":true,"valueName":"search_term_string"}}],"inLanguage":"sv-SE"},{"@type":"Organization","@id":"https:\/\/ebikespareparts.fi\/#organization","name":"Ebikespareparts.fi","url":"https:\/\/ebikespareparts.fi\/","logo":{"@type":"ImageObject","inLanguage":"sv-SE","@id":"https:\/\/ebikespareparts.fi\/#\/schema\/logo\/image\/","url":"https:\/\/ebikespareparts.fi\/wp-content\/uploads\/2024\/05\/logo-musta-tausta.jpg","contentUrl":"https:\/\/ebikespareparts.fi\/wp-content\/uploads\/2024\/05\/logo-musta-tausta.jpg","width":1013,"height":950,"caption":"Ebikespareparts.fi"},"image":{"@id":"https:\/\/ebikespareparts.fi\/#\/schema\/logo\/image\/"},"sameAs":["https:\/\/www.facebook.com\/smhj.fi"]}]}},"_links":{"self":[{"href":"https:\/\/ebikespareparts.fi\/sv\/wp-json\/wp\/v2\/product\/47076","targetHints":{"allow":["GET"]}}],"collection":[{"href":"https:\/\/ebikespareparts.fi\/sv\/wp-json\/wp\/v2\/product"}],"about":[{"href":"https:\/\/ebikespareparts.fi\/sv\/wp-json\/wp\/v2\/types\/product"}],"replies":[{"embeddable":true,"href":"https:\/\/ebikespareparts.fi\/sv\/wp-json\/wp\/v2\/comments?post=47076"}],"version-history":[{"count":0,"href":"https:\/\/ebikespareparts.fi\/sv\/wp-json\/wp\/v2\/product\/47076\/revisions"}],"wp:featuredmedia":[{"embeddable":true,"href":"https:\/\/ebikespareparts.fi\/sv\/wp-json\/wp\/v2\/media\/47564"}],"wp:attachment":[{"href":"https:\/\/ebikespareparts.fi\/sv\/wp-json\/wp\/v2\/media?parent=47076"}],"wp:term":[{"taxonomy":"product_brand","embeddable":true,"href":"https:\/\/ebikespareparts.fi\/sv\/wp-json\/wp\/v2\/product_brand?post=47076"},{"taxonomy":"product_cat","embeddable":true,"href":"https:\/\/ebikespareparts.fi\/sv\/wp-json\/wp\/v2\/product_cat?post=47076"},{"taxonomy":"product_tag","embeddable":true,"href":"https:\/\/ebikespareparts.fi\/sv\/wp-json\/wp\/v2\/product_tag?post=47076"}],"curies":[{"name":"wp","href":"https:\/\/api.w.org\/{rel}","templated":true}]}}