{"id":47078,"date":"2024-05-31T18:34:06","date_gmt":"2024-05-31T15:34:06","guid":{"rendered":"https:\/\/ebikespareparts.fi\/?post_type=product&#038;p=47078"},"modified":"2026-03-10T15:27:11","modified_gmt":"2026-03-10T13:27:11","slug":"2123267-kammen-ulosvedin-yleismalli-4-kulmaiset-versiot","status":"publish","type":"product","link":"https:\/\/ebikespareparts.fi\/sv\/produkt\/2123267-kammen-ulosvedin-yleismalli-4-kulmaiset-versiot\/","title":{"rendered":"2123267 Skorstensutdrag 4-kantat"},"content":{"rendered":"<h4>2123267 Vevavdragare allm\u00e4n modell 4- kant versioner, Nyckelstorlek: 22 mm, H\u00f6gerg\u00e4nga, M22x1, L\u00e4mplig f\u00f6r 4-h\u00f6rnsaxel<\/h4>","protected":false},"excerpt":{"rendered":"<p>2123267 Vevavdragare allm\u00e4n modell 4- kant versioner, Nyckelstorlek: 22 mm, H\u00f6gerg\u00e4nga, M22x1, L\u00e4mplig f\u00f6r 4-h\u00f6rnsaxel<\/p>","protected":false},"featured_media":47553,"comment_status":"open","ping_status":"closed","template":"","meta":{"_acf_changed":false},"product_brand":[],"product_cat":[52,35,39,33],"product_tag":[],"class_list":{"0":"post-47078","1":"product","2":"type-product","3":"status-publish","4":"has-post-thumbnail","6":"product_cat-bosch-gen-3","7":"product_cat-impulse-2-0","8":"product_cat-tyokalut","9":"product_cat-yamaha-pw-pw-se","11":"first","12":"outofstock","13":"taxable","14":"shipping-taxable","15":"purchasable","16":"product-type-simple"},"acf":[],"yoast_head":"<!-- This site is optimized with the Yoast SEO plugin v27.3 - https:\/\/yoast.com\/product\/yoast-seo-wordpress\/ -->\n<title>2123267 Kammen ulosvet\u00e4j\u00e4 4-kantti - Ebikespareparts.fi<\/title>\n<meta name=\"description\" content=\"2123267 Kammen ulosvedin yleismalli 4 kulmaiset versiot, Avainkoko: 22 mm, Oikeanpuoleinen kierre, M22x1, Soveltuu 4-kulmaiseen akseliin\" \/>\n<meta name=\"robots\" content=\"index, follow, max-snippet:-1, max-image-preview:large, max-video-preview:-1\" \/>\n<link rel=\"canonical\" href=\"https:\/\/ebikespareparts.fi\/sv\/produkt\/2123267-kammen-ulosvedin-yleismalli-4-kulmaiset-versiot\/\" \/>\n<meta property=\"og:locale\" content=\"sv_SE\" \/>\n<meta property=\"og:type\" content=\"article\" \/>\n<meta property=\"og:title\" content=\"2123267 Kammen ulosvet\u00e4j\u00e4 4-kantti - Ebikespareparts.fi\" \/>\n<meta property=\"og:description\" content=\"2123267 Kammen ulosvedin yleismalli 4 kulmaiset versiot, Avainkoko: 22 mm, Oikeanpuoleinen kierre, M22x1, Soveltuu 4-kulmaiseen akseliin\" \/>\n<meta property=\"og:url\" content=\"https:\/\/ebikespareparts.fi\/sv\/produkt\/2123267-kammen-ulosvedin-yleismalli-4-kulmaiset-versiot\/\" \/>\n<meta property=\"og:site_name\" content=\"Ebikespareparts.fi\" \/>\n<meta property=\"article:publisher\" content=\"https:\/\/www.facebook.com\/smhj.fi\" \/>\n<meta property=\"article:modified_time\" content=\"2026-03-10T13:27:11+00:00\" \/>\n<meta property=\"og:image\" content=\"https:\/\/ebikespareparts.fi\/wp-content\/uploads\/2025\/03\/gbwFxxDeTcgt9GIVYBZkkM2GjxWRm9NstumdPCLQ5qaQmYA4mZ.jpg\" \/>\n\t<meta property=\"og:image:width\" content=\"1000\" \/>\n\t<meta property=\"og:image:height\" content=\"1000\" \/>\n\t<meta property=\"og:image:type\" content=\"image\/jpeg\" \/>\n<meta name=\"twitter:card\" content=\"summary_large_image\" \/>\n<meta name=\"twitter:label1\" content=\"Ber\u00e4knad l\u00e4stid\" \/>\n\t<meta name=\"twitter:data1\" content=\"1 minut\" \/>\n<script type=\"application\/ld+json\" class=\"yoast-schema-graph\">{\"@context\":\"https:\\\/\\\/schema.org\",\"@graph\":[{\"@type\":\"WebPage\",\"@id\":\"https:\\\/\\\/ebikespareparts.fi\\\/tuote\\\/2123267-kammen-ulosvedin-yleismalli-4-kulmaiset-versiot\\\/\",\"url\":\"https:\\\/\\\/ebikespareparts.fi\\\/tuote\\\/2123267-kammen-ulosvedin-yleismalli-4-kulmaiset-versiot\\\/\",\"name\":\"2123267 Kammen ulosvet\u00e4j\u00e4 4-kantti - Ebikespareparts.fi\",\"isPartOf\":{\"@id\":\"https:\\\/\\\/ebikespareparts.fi\\\/#website\"},\"primaryImageOfPage\":{\"@id\":\"https:\\\/\\\/ebikespareparts.fi\\\/tuote\\\/2123267-kammen-ulosvedin-yleismalli-4-kulmaiset-versiot\\\/#primaryimage\"},\"image\":{\"@id\":\"https:\\\/\\\/ebikespareparts.fi\\\/tuote\\\/2123267-kammen-ulosvedin-yleismalli-4-kulmaiset-versiot\\\/#primaryimage\"},\"thumbnailUrl\":\"https:\\\/\\\/ebikespareparts.fi\\\/wp-content\\\/uploads\\\/2025\\\/03\\\/gbwFxxDeTcgt9GIVYBZkkM2GjxWRm9NstumdPCLQ5qaQmYA4mZ.jpg\",\"datePublished\":\"2024-05-31T15:34:06+00:00\",\"dateModified\":\"2026-03-10T13:27:11+00:00\",\"description\":\"2123267 Kammen ulosvedin yleismalli 4 kulmaiset versiot, Avainkoko: 22 mm, Oikeanpuoleinen kierre, M22x1, Soveltuu 4-kulmaiseen akseliin\",\"breadcrumb\":{\"@id\":\"https:\\\/\\\/ebikespareparts.fi\\\/tuote\\\/2123267-kammen-ulosvedin-yleismalli-4-kulmaiset-versiot\\\/#breadcrumb\"},\"inLanguage\":\"sv-SE\",\"potentialAction\":[{\"@type\":\"ReadAction\",\"target\":[\"https:\\\/\\\/ebikespareparts.fi\\\/tuote\\\/2123267-kammen-ulosvedin-yleismalli-4-kulmaiset-versiot\\\/\"]}]},{\"@type\":\"ImageObject\",\"inLanguage\":\"sv-SE\",\"@id\":\"https:\\\/\\\/ebikespareparts.fi\\\/tuote\\\/2123267-kammen-ulosvedin-yleismalli-4-kulmaiset-versiot\\\/#primaryimage\",\"url\":\"https:\\\/\\\/ebikespareparts.fi\\\/wp-content\\\/uploads\\\/2025\\\/03\\\/gbwFxxDeTcgt9GIVYBZkkM2GjxWRm9NstumdPCLQ5qaQmYA4mZ.jpg\",\"contentUrl\":\"https:\\\/\\\/ebikespareparts.fi\\\/wp-content\\\/uploads\\\/2025\\\/03\\\/gbwFxxDeTcgt9GIVYBZkkM2GjxWRm9NstumdPCLQ5qaQmYA4mZ.jpg\",\"width\":1000,\"height\":1000,\"caption\":\"gbwFxxDeTcgt9GIVYBZkkM2GjxWRm9NstumdPCLQ5qaQmYA4mZ\"},{\"@type\":\"BreadcrumbList\",\"@id\":\"https:\\\/\\\/ebikespareparts.fi\\\/tuote\\\/2123267-kammen-ulosvedin-yleismalli-4-kulmaiset-versiot\\\/#breadcrumb\",\"itemListElement\":[{\"@type\":\"ListItem\",\"position\":1,\"name\":\"Etusivu\",\"item\":\"https:\\\/\\\/ebikespareparts.fi\\\/\"},{\"@type\":\"ListItem\",\"position\":2,\"name\":\"Kauppa\",\"item\":\"https:\\\/\\\/ebikespareparts.fi\\\/kauppa\\\/\"},{\"@type\":\"ListItem\",\"position\":3,\"name\":\"2123267 Kammen ulosvet\u00e4j\u00e4 4-kantti\"}]},{\"@type\":\"WebSite\",\"@id\":\"https:\\\/\\\/ebikespareparts.fi\\\/#website\",\"url\":\"https:\\\/\\\/ebikespareparts.fi\\\/\",\"name\":\"Ebikespareparts.fi\",\"description\":\"S\u00e4hk\u00f6py\u00f6r\u00e4n osat - E-bike osat - Huolto\",\"publisher\":{\"@id\":\"https:\\\/\\\/ebikespareparts.fi\\\/#organization\"},\"potentialAction\":[{\"@type\":\"SearchAction\",\"target\":{\"@type\":\"EntryPoint\",\"urlTemplate\":\"https:\\\/\\\/ebikespareparts.fi\\\/?s={search_term_string}\"},\"query-input\":{\"@type\":\"PropertyValueSpecification\",\"valueRequired\":true,\"valueName\":\"search_term_string\"}}],\"inLanguage\":\"sv-SE\"},{\"@type\":\"Organization\",\"@id\":\"https:\\\/\\\/ebikespareparts.fi\\\/#organization\",\"name\":\"Ebikespareparts.fi\",\"url\":\"https:\\\/\\\/ebikespareparts.fi\\\/\",\"logo\":{\"@type\":\"ImageObject\",\"inLanguage\":\"sv-SE\",\"@id\":\"https:\\\/\\\/ebikespareparts.fi\\\/#\\\/schema\\\/logo\\\/image\\\/\",\"url\":\"https:\\\/\\\/ebikespareparts.fi\\\/wp-content\\\/uploads\\\/2024\\\/05\\\/logo-musta-tausta.jpg\",\"contentUrl\":\"https:\\\/\\\/ebikespareparts.fi\\\/wp-content\\\/uploads\\\/2024\\\/05\\\/logo-musta-tausta.jpg\",\"width\":1013,\"height\":950,\"caption\":\"Ebikespareparts.fi\"},\"image\":{\"@id\":\"https:\\\/\\\/ebikespareparts.fi\\\/#\\\/schema\\\/logo\\\/image\\\/\"},\"sameAs\":[\"https:\\\/\\\/www.facebook.com\\\/smhj.fi\"]}]}<\/script>\n<!-- \/ Yoast SEO plugin. -->","yoast_head_json":{"title":"2123267 Kammen ulosvet\u00e4j\u00e4 4-kantti - Ebikespareparts.fi","description":"2123267 Vevavdragare allm\u00e4n modell 4- kant versioner, Nyckelstorlek: 22 mm, H\u00f6gerg\u00e4nga, M22x1, L\u00e4mplig f\u00f6r 4-h\u00f6rnsaxel","robots":{"index":"index","follow":"follow","max-snippet":"max-snippet:-1","max-image-preview":"max-image-preview:large","max-video-preview":"max-video-preview:-1"},"canonical":"https:\/\/ebikespareparts.fi\/sv\/produkt\/2123267-kammen-ulosvedin-yleismalli-4-kulmaiset-versiot\/","og_locale":"sv_SE","og_type":"article","og_title":"2123267 Kammen ulosvet\u00e4j\u00e4 4-kantti - Ebikespareparts.fi","og_description":"2123267 Kammen ulosvedin yleismalli 4 kulmaiset versiot, Avainkoko: 22 mm, Oikeanpuoleinen kierre, M22x1, Soveltuu 4-kulmaiseen akseliin","og_url":"https:\/\/ebikespareparts.fi\/sv\/produkt\/2123267-kammen-ulosvedin-yleismalli-4-kulmaiset-versiot\/","og_site_name":"Ebikespareparts.fi","article_publisher":"https:\/\/www.facebook.com\/smhj.fi","article_modified_time":"2026-03-10T13:27:11+00:00","og_image":[{"width":1000,"height":1000,"url":"https:\/\/ebikespareparts.fi\/wp-content\/uploads\/2025\/03\/gbwFxxDeTcgt9GIVYBZkkM2GjxWRm9NstumdPCLQ5qaQmYA4mZ.jpg","type":"image\/jpeg"}],"twitter_card":"summary_large_image","twitter_misc":{"Ber\u00e4knad l\u00e4stid":"1 minut"},"schema":{"@context":"https:\/\/schema.org","@graph":[{"@type":"WebPage","@id":"https:\/\/ebikespareparts.fi\/tuote\/2123267-kammen-ulosvedin-yleismalli-4-kulmaiset-versiot\/","url":"https:\/\/ebikespareparts.fi\/tuote\/2123267-kammen-ulosvedin-yleismalli-4-kulmaiset-versiot\/","name":"2123267 Kammen ulosvet\u00e4j\u00e4 4-kantti - Ebikespareparts.fi","isPartOf":{"@id":"https:\/\/ebikespareparts.fi\/#website"},"primaryImageOfPage":{"@id":"https:\/\/ebikespareparts.fi\/tuote\/2123267-kammen-ulosvedin-yleismalli-4-kulmaiset-versiot\/#primaryimage"},"image":{"@id":"https:\/\/ebikespareparts.fi\/tuote\/2123267-kammen-ulosvedin-yleismalli-4-kulmaiset-versiot\/#primaryimage"},"thumbnailUrl":"https:\/\/ebikespareparts.fi\/wp-content\/uploads\/2025\/03\/gbwFxxDeTcgt9GIVYBZkkM2GjxWRm9NstumdPCLQ5qaQmYA4mZ.jpg","datePublished":"2024-05-31T15:34:06+00:00","dateModified":"2026-03-10T13:27:11+00:00","description":"2123267 Vevavdragare allm\u00e4n modell 4- kant versioner, Nyckelstorlek: 22 mm, H\u00f6gerg\u00e4nga, M22x1, L\u00e4mplig f\u00f6r 4-h\u00f6rnsaxel","breadcrumb":{"@id":"https:\/\/ebikespareparts.fi\/tuote\/2123267-kammen-ulosvedin-yleismalli-4-kulmaiset-versiot\/#breadcrumb"},"inLanguage":"sv-SE","potentialAction":[{"@type":"ReadAction","target":["https:\/\/ebikespareparts.fi\/tuote\/2123267-kammen-ulosvedin-yleismalli-4-kulmaiset-versiot\/"]}]},{"@type":"ImageObject","inLanguage":"sv-SE","@id":"https:\/\/ebikespareparts.fi\/tuote\/2123267-kammen-ulosvedin-yleismalli-4-kulmaiset-versiot\/#primaryimage","url":"https:\/\/ebikespareparts.fi\/wp-content\/uploads\/2025\/03\/gbwFxxDeTcgt9GIVYBZkkM2GjxWRm9NstumdPCLQ5qaQmYA4mZ.jpg","contentUrl":"https:\/\/ebikespareparts.fi\/wp-content\/uploads\/2025\/03\/gbwFxxDeTcgt9GIVYBZkkM2GjxWRm9NstumdPCLQ5qaQmYA4mZ.jpg","width":1000,"height":1000,"caption":"gbwFxxDeTcgt9GIVYBZkkM2GjxWRm9NstumdPCLQ5qaQmYA4mZ"},{"@type":"BreadcrumbList","@id":"https:\/\/ebikespareparts.fi\/tuote\/2123267-kammen-ulosvedin-yleismalli-4-kulmaiset-versiot\/#breadcrumb","itemListElement":[{"@type":"ListItem","position":1,"name":"Etusivu","item":"https:\/\/ebikespareparts.fi\/"},{"@type":"ListItem","position":2,"name":"Kauppa","item":"https:\/\/ebikespareparts.fi\/kauppa\/"},{"@type":"ListItem","position":3,"name":"2123267 Kammen ulosvet\u00e4j\u00e4 4-kantti"}]},{"@type":"WebSite","@id":"https:\/\/ebikespareparts.fi\/#website","url":"https:\/\/ebikespareparts.fi\/","name":"Ebikespareparts.fi","description":"S\u00e4hk\u00f6py\u00f6r\u00e4n osat - E-bike osat - Huolto","publisher":{"@id":"https:\/\/ebikespareparts.fi\/#organization"},"potentialAction":[{"@type":"SearchAction","target":{"@type":"EntryPoint","urlTemplate":"https:\/\/ebikespareparts.fi\/?s={search_term_string}"},"query-input":{"@type":"PropertyValueSpecification","valueRequired":true,"valueName":"search_term_string"}}],"inLanguage":"sv-SE"},{"@type":"Organization","@id":"https:\/\/ebikespareparts.fi\/#organization","name":"Ebikespareparts.fi","url":"https:\/\/ebikespareparts.fi\/","logo":{"@type":"ImageObject","inLanguage":"sv-SE","@id":"https:\/\/ebikespareparts.fi\/#\/schema\/logo\/image\/","url":"https:\/\/ebikespareparts.fi\/wp-content\/uploads\/2024\/05\/logo-musta-tausta.jpg","contentUrl":"https:\/\/ebikespareparts.fi\/wp-content\/uploads\/2024\/05\/logo-musta-tausta.jpg","width":1013,"height":950,"caption":"Ebikespareparts.fi"},"image":{"@id":"https:\/\/ebikespareparts.fi\/#\/schema\/logo\/image\/"},"sameAs":["https:\/\/www.facebook.com\/smhj.fi"]}]}},"_links":{"self":[{"href":"https:\/\/ebikespareparts.fi\/sv\/wp-json\/wp\/v2\/product\/47078","targetHints":{"allow":["GET"]}}],"collection":[{"href":"https:\/\/ebikespareparts.fi\/sv\/wp-json\/wp\/v2\/product"}],"about":[{"href":"https:\/\/ebikespareparts.fi\/sv\/wp-json\/wp\/v2\/types\/product"}],"replies":[{"embeddable":true,"href":"https:\/\/ebikespareparts.fi\/sv\/wp-json\/wp\/v2\/comments?post=47078"}],"version-history":[{"count":0,"href":"https:\/\/ebikespareparts.fi\/sv\/wp-json\/wp\/v2\/product\/47078\/revisions"}],"wp:featuredmedia":[{"embeddable":true,"href":"https:\/\/ebikespareparts.fi\/sv\/wp-json\/wp\/v2\/media\/47553"}],"wp:attachment":[{"href":"https:\/\/ebikespareparts.fi\/sv\/wp-json\/wp\/v2\/media?parent=47078"}],"wp:term":[{"taxonomy":"product_brand","embeddable":true,"href":"https:\/\/ebikespareparts.fi\/sv\/wp-json\/wp\/v2\/product_brand?post=47078"},{"taxonomy":"product_cat","embeddable":true,"href":"https:\/\/ebikespareparts.fi\/sv\/wp-json\/wp\/v2\/product_cat?post=47078"},{"taxonomy":"product_tag","embeddable":true,"href":"https:\/\/ebikespareparts.fi\/sv\/wp-json\/wp\/v2\/product_tag?post=47078"}],"curies":[{"name":"wp","href":"https:\/\/api.w.org\/{rel}","templated":true}]}}