{"id":47080,"date":"2024-05-31T19:06:42","date_gmt":"2024-05-31T16:06:42","guid":{"rendered":"https:\/\/ebikespareparts.fi\/?post_type=product&#038;p=47080"},"modified":"2026-03-23T02:00:08","modified_gmt":"2026-03-23T00:00:08","slug":"pla00920-molykote-pg-75-korkealaatuinen-saksalainen-vaihteistorasva-ebike-moottoreille","status":"publish","type":"product","link":"https:\/\/ebikespareparts.fi\/sv\/produkt\/pla00920-molykote-pg-75-korkealaatuinen-saksalainen-vaihteistorasva-ebike-moottoreille\/","title":{"rendered":"PLA00920 MOLYKOTE PG-75 H\u00f6gkvalitativt tyskt v\u00e4xell\u00e5dsfett f\u00f6r EBike-motorer"},"content":{"rendered":"<p aria-label=\"\u00d6versatt text\" class=\"tw-data-text tw-text-large tw-ta\" data-placeholder=\"K\u00e4\u00e4nn\u00f6s\" data-ved=\"2ahUKEwiX04nZobiGAxXtHRAIHTmgAQQQ3ewLegQIBRAU\" dir=\"ltr\" id=\"tw-target-text\"><span class=\"Y2IQFc\" lang=\"fi\">MOLYKOTE PG-75 Tyskt fett av h\u00f6g kvalitet. Speciellt designad f\u00f6r plast- och metallv\u00e4xlar, som fins i m\u00e5nga elcykelmotorer. L\u00e4mplig f\u00f6r l\u00e5ngtidssm\u00f6rjning, L\u00e5g friktionskoefficient, Bra sm\u00f6rjf\u00f6rm\u00e5ga vid l\u00e5ga temperaturer, Kompatibel med plaster och elastomerer MOLYKOTE PG-75 finns normalt endast i 1000 ml burkar (tillr\u00e4ckligt f\u00f6r mer \u00e4n 60 motorer!) Vi levererar nu bekv\u00e4ma 30 ml burkar. Dessa b\u00f6r vara tillr\u00e4ckligt med fett f\u00f6r 2-3 motorer.<\/span><\/p>","protected":false},"excerpt":{"rendered":"<p>MOLYKOTE PG-75 Tyskt fett av h\u00f6g kvalitet. Speciellt designad f\u00f6r plast- och metallv\u00e4xlar, som fins i m\u00e5nga elcykelmotorer. L\u00e4mplig f\u00f6r l\u00e5ngtidssm\u00f6rjning, L\u00e5g friktionskoefficient, Bra sm\u00f6rjf\u00f6rm\u00e5ga vid l\u00e5ga temperaturer, Kompatibel med plaster och elastomerer MOLYKOTE PG-75 finns normalt endast i 1000 ml burkar (tillr\u00e4ckligt f\u00f6r mer \u00e4n 60 motorer!) Vi levererar nu bekv\u00e4ma 30 ml burkar. Dessa b\u00f6r vara tillr\u00e4ckligt med fett f\u00f6r 2-3 motorer.<\/p>","protected":false},"featured_media":47378,"comment_status":"open","ping_status":"closed","template":"","meta":{"_acf_changed":false},"product_brand":[],"product_cat":[53,35,50,55,34,115,30,31,123,124,125,126,128],"product_tag":[],"class_list":{"0":"post-47080","1":"product","2":"type-product","3":"status-publish","4":"has-post-thumbnail","6":"product_cat-bosch-gen-4","7":"product_cat-impulse-2-0","8":"product_cat-impulse-evo-evo-rs","9":"product_cat-mahle-1-1-laakerit","10":"product_cat-panasonic-bearings","11":"product_cat-shimano-e-8000","12":"product_cat-shimano-ep8","13":"product_cat-shimano-laakerit","14":"product_cat-varaosa","15":"product_cat-varaosa-impulse","16":"product_cat-varaosa-mahle","17":"product_cat-varaosa-panasonic","18":"product_cat-varaosa-shimano","20":"first","21":"instock","22":"taxable","23":"shipping-taxable","24":"purchasable","25":"product-type-simple"},"acf":[],"yoast_head":"<!-- This site is optimized with the Yoast SEO plugin v27.4 - https:\/\/yoast.com\/product\/yoast-seo-wordpress\/ -->\n<title>PLA00920 MOLYKOTE PG-75 Korkealaatuinen, saksalainen vaihteistorasva EBike moottoreille - Ebikespareparts.fi<\/title>\n<meta name=\"description\" content=\"MOLYKOTE PG-75 Korkealaatuinen, saksalainen vaihteistorasva EBike moottoreille Yhteensopiva muovien ja elastomeerien kanssa MOLYKOTE PG-75\" \/>\n<meta name=\"robots\" content=\"index, follow, max-snippet:-1, max-image-preview:large, max-video-preview:-1\" \/>\n<link rel=\"canonical\" href=\"https:\/\/ebikespareparts.fi\/sv\/produkt\/pla00920-molykote-pg-75-korkealaatuinen-saksalainen-vaihteistorasva-ebike-moottoreille\/\" \/>\n<meta property=\"og:locale\" content=\"sv_SE\" \/>\n<meta property=\"og:type\" content=\"article\" \/>\n<meta property=\"og:title\" content=\"PLA00920 MOLYKOTE PG-75 Korkealaatuinen, saksalainen vaihteistorasva EBike moottoreille - Ebikespareparts.fi\" \/>\n<meta property=\"og:description\" content=\"MOLYKOTE PG-75 Korkealaatuinen, saksalainen vaihteistorasva EBike moottoreille Yhteensopiva muovien ja elastomeerien kanssa MOLYKOTE PG-75\" \/>\n<meta property=\"og:url\" content=\"https:\/\/ebikespareparts.fi\/sv\/produkt\/pla00920-molykote-pg-75-korkealaatuinen-saksalainen-vaihteistorasva-ebike-moottoreille\/\" \/>\n<meta property=\"og:site_name\" content=\"Ebikespareparts.fi\" \/>\n<meta property=\"article:publisher\" content=\"https:\/\/www.facebook.com\/smhj.fi\" \/>\n<meta property=\"article:modified_time\" content=\"2026-03-23T00:00:08+00:00\" \/>\n<meta property=\"og:image\" content=\"https:\/\/ebikespareparts.fi\/wp-content\/uploads\/2025\/03\/ECTBiKphphiHnWXsTdNJ6matPw2Bv9eonPodIXig67fqsb50bE.jpg\" \/>\n\t<meta property=\"og:image:width\" content=\"1000\" \/>\n\t<meta property=\"og:image:height\" content=\"744\" \/>\n\t<meta property=\"og:image:type\" content=\"image\/jpeg\" \/>\n<meta name=\"twitter:card\" content=\"summary_large_image\" \/>\n<meta name=\"twitter:label1\" content=\"Ber\u00e4knad l\u00e4stid\" \/>\n\t<meta name=\"twitter:data1\" content=\"1 minut\" \/>\n<script type=\"application\/ld+json\" class=\"yoast-schema-graph\">{\"@context\":\"https:\\\/\\\/schema.org\",\"@graph\":[{\"@type\":\"WebPage\",\"@id\":\"https:\\\/\\\/ebikespareparts.fi\\\/tuote\\\/pla00920-molykote-pg-75-korkealaatuinen-saksalainen-vaihteistorasva-ebike-moottoreille\\\/\",\"url\":\"https:\\\/\\\/ebikespareparts.fi\\\/tuote\\\/pla00920-molykote-pg-75-korkealaatuinen-saksalainen-vaihteistorasva-ebike-moottoreille\\\/\",\"name\":\"PLA00920 MOLYKOTE PG-75 Korkealaatuinen, saksalainen vaihteistorasva EBike moottoreille - Ebikespareparts.fi\",\"isPartOf\":{\"@id\":\"https:\\\/\\\/ebikespareparts.fi\\\/#website\"},\"primaryImageOfPage\":{\"@id\":\"https:\\\/\\\/ebikespareparts.fi\\\/tuote\\\/pla00920-molykote-pg-75-korkealaatuinen-saksalainen-vaihteistorasva-ebike-moottoreille\\\/#primaryimage\"},\"image\":{\"@id\":\"https:\\\/\\\/ebikespareparts.fi\\\/tuote\\\/pla00920-molykote-pg-75-korkealaatuinen-saksalainen-vaihteistorasva-ebike-moottoreille\\\/#primaryimage\"},\"thumbnailUrl\":\"https:\\\/\\\/ebikespareparts.fi\\\/wp-content\\\/uploads\\\/2025\\\/03\\\/ECTBiKphphiHnWXsTdNJ6matPw2Bv9eonPodIXig67fqsb50bE.jpg\",\"datePublished\":\"2024-05-31T16:06:42+00:00\",\"dateModified\":\"2026-03-23T00:00:08+00:00\",\"description\":\"MOLYKOTE PG-75 Korkealaatuinen, saksalainen vaihteistorasva EBike moottoreille Yhteensopiva muovien ja elastomeerien kanssa MOLYKOTE PG-75\",\"breadcrumb\":{\"@id\":\"https:\\\/\\\/ebikespareparts.fi\\\/tuote\\\/pla00920-molykote-pg-75-korkealaatuinen-saksalainen-vaihteistorasva-ebike-moottoreille\\\/#breadcrumb\"},\"inLanguage\":\"sv-SE\",\"potentialAction\":[{\"@type\":\"ReadAction\",\"target\":[\"https:\\\/\\\/ebikespareparts.fi\\\/tuote\\\/pla00920-molykote-pg-75-korkealaatuinen-saksalainen-vaihteistorasva-ebike-moottoreille\\\/\"]}]},{\"@type\":\"ImageObject\",\"inLanguage\":\"sv-SE\",\"@id\":\"https:\\\/\\\/ebikespareparts.fi\\\/tuote\\\/pla00920-molykote-pg-75-korkealaatuinen-saksalainen-vaihteistorasva-ebike-moottoreille\\\/#primaryimage\",\"url\":\"https:\\\/\\\/ebikespareparts.fi\\\/wp-content\\\/uploads\\\/2025\\\/03\\\/ECTBiKphphiHnWXsTdNJ6matPw2Bv9eonPodIXig67fqsb50bE.jpg\",\"contentUrl\":\"https:\\\/\\\/ebikespareparts.fi\\\/wp-content\\\/uploads\\\/2025\\\/03\\\/ECTBiKphphiHnWXsTdNJ6matPw2Bv9eonPodIXig67fqsb50bE.jpg\",\"width\":1000,\"height\":744,\"caption\":\"ECTBiKphphiHnWXsTdNJ6matPw2Bv9eonPodIXig67fqsb50bE\"},{\"@type\":\"BreadcrumbList\",\"@id\":\"https:\\\/\\\/ebikespareparts.fi\\\/tuote\\\/pla00920-molykote-pg-75-korkealaatuinen-saksalainen-vaihteistorasva-ebike-moottoreille\\\/#breadcrumb\",\"itemListElement\":[{\"@type\":\"ListItem\",\"position\":1,\"name\":\"Etusivu\",\"item\":\"https:\\\/\\\/ebikespareparts.fi\\\/\"},{\"@type\":\"ListItem\",\"position\":2,\"name\":\"Kauppa\",\"item\":\"https:\\\/\\\/ebikespareparts.fi\\\/kauppa\\\/\"},{\"@type\":\"ListItem\",\"position\":3,\"name\":\"PLA00920 MOLYKOTE PG-75 Korkealaatuinen, saksalainen vaihteistorasva EBike moottoreille\"}]},{\"@type\":\"WebSite\",\"@id\":\"https:\\\/\\\/ebikespareparts.fi\\\/#website\",\"url\":\"https:\\\/\\\/ebikespareparts.fi\\\/\",\"name\":\"Ebikespareparts.fi\",\"description\":\"S\u00e4hk\u00f6py\u00f6r\u00e4n osat - E-bike osat - Huolto\",\"publisher\":{\"@id\":\"https:\\\/\\\/ebikespareparts.fi\\\/#organization\"},\"potentialAction\":[{\"@type\":\"SearchAction\",\"target\":{\"@type\":\"EntryPoint\",\"urlTemplate\":\"https:\\\/\\\/ebikespareparts.fi\\\/?s={search_term_string}\"},\"query-input\":{\"@type\":\"PropertyValueSpecification\",\"valueRequired\":true,\"valueName\":\"search_term_string\"}}],\"inLanguage\":\"sv-SE\"},{\"@type\":\"Organization\",\"@id\":\"https:\\\/\\\/ebikespareparts.fi\\\/#organization\",\"name\":\"Ebikespareparts.fi\",\"url\":\"https:\\\/\\\/ebikespareparts.fi\\\/\",\"logo\":{\"@type\":\"ImageObject\",\"inLanguage\":\"sv-SE\",\"@id\":\"https:\\\/\\\/ebikespareparts.fi\\\/#\\\/schema\\\/logo\\\/image\\\/\",\"url\":\"https:\\\/\\\/ebikespareparts.fi\\\/wp-content\\\/uploads\\\/2024\\\/05\\\/logo-musta-tausta.jpg\",\"contentUrl\":\"https:\\\/\\\/ebikespareparts.fi\\\/wp-content\\\/uploads\\\/2024\\\/05\\\/logo-musta-tausta.jpg\",\"width\":1013,\"height\":950,\"caption\":\"Ebikespareparts.fi\"},\"image\":{\"@id\":\"https:\\\/\\\/ebikespareparts.fi\\\/#\\\/schema\\\/logo\\\/image\\\/\"},\"sameAs\":[\"https:\\\/\\\/www.facebook.com\\\/smhj.fi\"]}]}<\/script>\n<!-- \/ Yoast SEO plugin. -->","yoast_head_json":{"title":"PLA00920 MOLYKOTE PG-75 Korkealaatuinen, saksalainen vaihteistorasva EBike moottoreille - Ebikespareparts.fi","description":"MOLYKOTE PG-75 Korkealaatuinen, saksalainen vaihteistorasva EBike moottoreille Yhteensopiva muovien ja elastomeerien kanssa MOLYKOTE PG-75","robots":{"index":"index","follow":"follow","max-snippet":"max-snippet:-1","max-image-preview":"max-image-preview:large","max-video-preview":"max-video-preview:-1"},"canonical":"https:\/\/ebikespareparts.fi\/sv\/produkt\/pla00920-molykote-pg-75-korkealaatuinen-saksalainen-vaihteistorasva-ebike-moottoreille\/","og_locale":"sv_SE","og_type":"article","og_title":"PLA00920 MOLYKOTE PG-75 Korkealaatuinen, saksalainen vaihteistorasva EBike moottoreille - Ebikespareparts.fi","og_description":"MOLYKOTE PG-75 Korkealaatuinen, saksalainen vaihteistorasva EBike moottoreille Yhteensopiva muovien ja elastomeerien kanssa MOLYKOTE PG-75","og_url":"https:\/\/ebikespareparts.fi\/sv\/produkt\/pla00920-molykote-pg-75-korkealaatuinen-saksalainen-vaihteistorasva-ebike-moottoreille\/","og_site_name":"Ebikespareparts.fi","article_publisher":"https:\/\/www.facebook.com\/smhj.fi","article_modified_time":"2026-03-23T00:00:08+00:00","og_image":[{"width":1000,"height":744,"url":"https:\/\/ebikespareparts.fi\/wp-content\/uploads\/2025\/03\/ECTBiKphphiHnWXsTdNJ6matPw2Bv9eonPodIXig67fqsb50bE.jpg","type":"image\/jpeg"}],"twitter_card":"summary_large_image","twitter_misc":{"Ber\u00e4knad l\u00e4stid":"1 minut"},"schema":{"@context":"https:\/\/schema.org","@graph":[{"@type":"WebPage","@id":"https:\/\/ebikespareparts.fi\/tuote\/pla00920-molykote-pg-75-korkealaatuinen-saksalainen-vaihteistorasva-ebike-moottoreille\/","url":"https:\/\/ebikespareparts.fi\/tuote\/pla00920-molykote-pg-75-korkealaatuinen-saksalainen-vaihteistorasva-ebike-moottoreille\/","name":"PLA00920 MOLYKOTE PG-75 Korkealaatuinen, saksalainen vaihteistorasva EBike moottoreille - Ebikespareparts.fi","isPartOf":{"@id":"https:\/\/ebikespareparts.fi\/#website"},"primaryImageOfPage":{"@id":"https:\/\/ebikespareparts.fi\/tuote\/pla00920-molykote-pg-75-korkealaatuinen-saksalainen-vaihteistorasva-ebike-moottoreille\/#primaryimage"},"image":{"@id":"https:\/\/ebikespareparts.fi\/tuote\/pla00920-molykote-pg-75-korkealaatuinen-saksalainen-vaihteistorasva-ebike-moottoreille\/#primaryimage"},"thumbnailUrl":"https:\/\/ebikespareparts.fi\/wp-content\/uploads\/2025\/03\/ECTBiKphphiHnWXsTdNJ6matPw2Bv9eonPodIXig67fqsb50bE.jpg","datePublished":"2024-05-31T16:06:42+00:00","dateModified":"2026-03-23T00:00:08+00:00","description":"MOLYKOTE PG-75 Korkealaatuinen, saksalainen vaihteistorasva EBike moottoreille Yhteensopiva muovien ja elastomeerien kanssa MOLYKOTE PG-75","breadcrumb":{"@id":"https:\/\/ebikespareparts.fi\/tuote\/pla00920-molykote-pg-75-korkealaatuinen-saksalainen-vaihteistorasva-ebike-moottoreille\/#breadcrumb"},"inLanguage":"sv-SE","potentialAction":[{"@type":"ReadAction","target":["https:\/\/ebikespareparts.fi\/tuote\/pla00920-molykote-pg-75-korkealaatuinen-saksalainen-vaihteistorasva-ebike-moottoreille\/"]}]},{"@type":"ImageObject","inLanguage":"sv-SE","@id":"https:\/\/ebikespareparts.fi\/tuote\/pla00920-molykote-pg-75-korkealaatuinen-saksalainen-vaihteistorasva-ebike-moottoreille\/#primaryimage","url":"https:\/\/ebikespareparts.fi\/wp-content\/uploads\/2025\/03\/ECTBiKphphiHnWXsTdNJ6matPw2Bv9eonPodIXig67fqsb50bE.jpg","contentUrl":"https:\/\/ebikespareparts.fi\/wp-content\/uploads\/2025\/03\/ECTBiKphphiHnWXsTdNJ6matPw2Bv9eonPodIXig67fqsb50bE.jpg","width":1000,"height":744,"caption":"ECTBiKphphiHnWXsTdNJ6matPw2Bv9eonPodIXig67fqsb50bE"},{"@type":"BreadcrumbList","@id":"https:\/\/ebikespareparts.fi\/tuote\/pla00920-molykote-pg-75-korkealaatuinen-saksalainen-vaihteistorasva-ebike-moottoreille\/#breadcrumb","itemListElement":[{"@type":"ListItem","position":1,"name":"Etusivu","item":"https:\/\/ebikespareparts.fi\/"},{"@type":"ListItem","position":2,"name":"Kauppa","item":"https:\/\/ebikespareparts.fi\/kauppa\/"},{"@type":"ListItem","position":3,"name":"PLA00920 MOLYKOTE PG-75 Korkealaatuinen, saksalainen vaihteistorasva EBike moottoreille"}]},{"@type":"WebSite","@id":"https:\/\/ebikespareparts.fi\/#website","url":"https:\/\/ebikespareparts.fi\/","name":"Ebikespareparts.fi","description":"S\u00e4hk\u00f6py\u00f6r\u00e4n osat - E-bike osat - Huolto","publisher":{"@id":"https:\/\/ebikespareparts.fi\/#organization"},"potentialAction":[{"@type":"SearchAction","target":{"@type":"EntryPoint","urlTemplate":"https:\/\/ebikespareparts.fi\/?s={search_term_string}"},"query-input":{"@type":"PropertyValueSpecification","valueRequired":true,"valueName":"search_term_string"}}],"inLanguage":"sv-SE"},{"@type":"Organization","@id":"https:\/\/ebikespareparts.fi\/#organization","name":"Ebikespareparts.fi","url":"https:\/\/ebikespareparts.fi\/","logo":{"@type":"ImageObject","inLanguage":"sv-SE","@id":"https:\/\/ebikespareparts.fi\/#\/schema\/logo\/image\/","url":"https:\/\/ebikespareparts.fi\/wp-content\/uploads\/2024\/05\/logo-musta-tausta.jpg","contentUrl":"https:\/\/ebikespareparts.fi\/wp-content\/uploads\/2024\/05\/logo-musta-tausta.jpg","width":1013,"height":950,"caption":"Ebikespareparts.fi"},"image":{"@id":"https:\/\/ebikespareparts.fi\/#\/schema\/logo\/image\/"},"sameAs":["https:\/\/www.facebook.com\/smhj.fi"]}]}},"_links":{"self":[{"href":"https:\/\/ebikespareparts.fi\/sv\/wp-json\/wp\/v2\/product\/47080","targetHints":{"allow":["GET"]}}],"collection":[{"href":"https:\/\/ebikespareparts.fi\/sv\/wp-json\/wp\/v2\/product"}],"about":[{"href":"https:\/\/ebikespareparts.fi\/sv\/wp-json\/wp\/v2\/types\/product"}],"replies":[{"embeddable":true,"href":"https:\/\/ebikespareparts.fi\/sv\/wp-json\/wp\/v2\/comments?post=47080"}],"version-history":[{"count":2,"href":"https:\/\/ebikespareparts.fi\/sv\/wp-json\/wp\/v2\/product\/47080\/revisions"}],"predecessor-version":[{"id":49261,"href":"https:\/\/ebikespareparts.fi\/sv\/wp-json\/wp\/v2\/product\/47080\/revisions\/49261"}],"wp:featuredmedia":[{"embeddable":true,"href":"https:\/\/ebikespareparts.fi\/sv\/wp-json\/wp\/v2\/media\/47378"}],"wp:attachment":[{"href":"https:\/\/ebikespareparts.fi\/sv\/wp-json\/wp\/v2\/media?parent=47080"}],"wp:term":[{"taxonomy":"product_brand","embeddable":true,"href":"https:\/\/ebikespareparts.fi\/sv\/wp-json\/wp\/v2\/product_brand?post=47080"},{"taxonomy":"product_cat","embeddable":true,"href":"https:\/\/ebikespareparts.fi\/sv\/wp-json\/wp\/v2\/product_cat?post=47080"},{"taxonomy":"product_tag","embeddable":true,"href":"https:\/\/ebikespareparts.fi\/sv\/wp-json\/wp\/v2\/product_tag?post=47080"}],"curies":[{"name":"wp","href":"https:\/\/api.w.org\/{rel}","templated":true}]}}