{"id":47111,"date":"2024-06-04T17:31:59","date_gmt":"2024-06-04T14:31:59","guid":{"rendered":"https:\/\/ebikespareparts.fi\/?post_type=product&#038;p=47111"},"modified":"2026-03-10T15:27:05","modified_gmt":"2026-03-10T13:27:05","slug":"608-2rs-max-8-x-22-x-7-608-qg-2rs-8-x-22-x-7-secialized-linkun-laakeri","status":"publish","type":"product","link":"https:\/\/ebikespareparts.fi\/sv\/produkt\/608-2rs-max-8-x-22-x-7-608-qg-2rs-8-x-22-x-7-secialized-linkun-laakeri\/","title":{"rendered":"608 2RS MAX 8 X 22 X 7 608 QG 2RS 8 X 22 X 7 Secialiserat l\u00e4nklager"},"content":{"rendered":"<p>608 2RS MAX 8 X 22 X 7 608 QG 2RS 8 X 22 X 7 Secialiserat spinnlager, <span class=\"Y2IQFc\" lang=\"fi\">ringar av kromst\u00e5l, kulor av kromst\u00e5l, helt sf\u00e4risk konstruktion, utan bur gummit\u00e4tade lock vattent\u00e4t sm\u00f6rjning.<\/span><\/p>","protected":false},"excerpt":{"rendered":"<p>608 2RS MAX 8 X 22 X 7 608 QG 2RS 8 X 22 X 7 Secialized linkun laakeri, kromiter\u00e4srenkaat, kromiter\u00e4spallot, t\u00e4ysi kuularakenne, ilman h\u00e4kki\u00e4 kumitiivistetyt kannet vedenkest\u00e4v\u00e4 voitelu.<\/p>","protected":false},"featured_media":47424,"comment_status":"open","ping_status":"closed","template":"","meta":{"_acf_changed":false},"product_brand":[],"product_cat":[58,135],"product_tag":[],"class_list":{"0":"post-47111","1":"product","2":"type-product","3":"status-publish","4":"has-post-thumbnail","6":"product_cat-pyoran-laakerit","7":"product_cat-specialized-laakerit","9":"first","10":"outofstock","11":"taxable","12":"shipping-taxable","13":"purchasable","14":"product-type-simple"},"acf":[],"yoast_head":"<!-- This site is optimized with the Yoast SEO plugin v27.3 - https:\/\/yoast.com\/product\/yoast-seo-wordpress\/ -->\n<title>608 2RS MAX 8 X 22 X 7 608 QG 2RS 8 X 22 X 7 Secialized linkun laakeri - Ebikespareparts.fi<\/title>\n<meta name=\"description\" content=\"608 2RS MAX 8 X 22 X 7 608 QG 2RS 8 X 22 X 7 Secialized linkun laakeri, kromiter\u00e4srenkaat, kromiter\u00e4spallot, t\u00e4ysi kuularakenne, ilman h\u00e4kki\u00e4 kumitiivistetyt kannet vedenkest\u00e4v\u00e4 voitelu\" \/>\n<meta name=\"robots\" content=\"index, follow, max-snippet:-1, max-image-preview:large, max-video-preview:-1\" \/>\n<link rel=\"canonical\" href=\"https:\/\/ebikespareparts.fi\/sv\/produkt\/608-2rs-max-8-x-22-x-7-608-qg-2rs-8-x-22-x-7-secialized-linkun-laakeri\/\" \/>\n<meta property=\"og:locale\" content=\"sv_SE\" \/>\n<meta property=\"og:type\" content=\"article\" \/>\n<meta property=\"og:title\" content=\"608 2RS MAX 8 X 22 X 7 608 QG 2RS 8 X 22 X 7 Secialized linkun laakeri - Ebikespareparts.fi\" \/>\n<meta property=\"og:description\" content=\"608 2RS MAX 8 X 22 X 7 608 QG 2RS 8 X 22 X 7 Secialized linkun laakeri, kromiter\u00e4srenkaat, kromiter\u00e4spallot, t\u00e4ysi kuularakenne, ilman h\u00e4kki\u00e4 kumitiivistetyt kannet vedenkest\u00e4v\u00e4 voitelu\" \/>\n<meta property=\"og:url\" content=\"https:\/\/ebikespareparts.fi\/sv\/produkt\/608-2rs-max-8-x-22-x-7-608-qg-2rs-8-x-22-x-7-secialized-linkun-laakeri\/\" \/>\n<meta property=\"og:site_name\" content=\"Ebikespareparts.fi\" \/>\n<meta property=\"article:publisher\" content=\"https:\/\/www.facebook.com\/smhj.fi\" \/>\n<meta property=\"article:modified_time\" content=\"2026-03-10T13:27:05+00:00\" \/>\n<meta property=\"og:image\" content=\"https:\/\/ebikespareparts.fi\/wp-content\/uploads\/2025\/03\/UsukRzLWhO2BmowT5Z98SSyFrrQE0TCkUcILQ0N1FQSkHa7eBL.jpg\" \/>\n\t<meta property=\"og:image:width\" content=\"800\" \/>\n\t<meta property=\"og:image:height\" content=\"573\" \/>\n\t<meta property=\"og:image:type\" content=\"image\/jpeg\" \/>\n<meta name=\"twitter:card\" content=\"summary_large_image\" \/>\n<meta name=\"twitter:label1\" content=\"Ber\u00e4knad l\u00e4stid\" \/>\n\t<meta name=\"twitter:data1\" content=\"1 minut\" \/>\n<script type=\"application\/ld+json\" class=\"yoast-schema-graph\">{\"@context\":\"https:\\\/\\\/schema.org\",\"@graph\":[{\"@type\":\"WebPage\",\"@id\":\"https:\\\/\\\/ebikespareparts.fi\\\/tuote\\\/608-2rs-max-8-x-22-x-7-608-qg-2rs-8-x-22-x-7-secialized-linkun-laakeri\\\/\",\"url\":\"https:\\\/\\\/ebikespareparts.fi\\\/tuote\\\/608-2rs-max-8-x-22-x-7-608-qg-2rs-8-x-22-x-7-secialized-linkun-laakeri\\\/\",\"name\":\"608 2RS MAX 8 X 22 X 7 608 QG 2RS 8 X 22 X 7 Secialized linkun laakeri - Ebikespareparts.fi\",\"isPartOf\":{\"@id\":\"https:\\\/\\\/ebikespareparts.fi\\\/#website\"},\"primaryImageOfPage\":{\"@id\":\"https:\\\/\\\/ebikespareparts.fi\\\/tuote\\\/608-2rs-max-8-x-22-x-7-608-qg-2rs-8-x-22-x-7-secialized-linkun-laakeri\\\/#primaryimage\"},\"image\":{\"@id\":\"https:\\\/\\\/ebikespareparts.fi\\\/tuote\\\/608-2rs-max-8-x-22-x-7-608-qg-2rs-8-x-22-x-7-secialized-linkun-laakeri\\\/#primaryimage\"},\"thumbnailUrl\":\"https:\\\/\\\/ebikespareparts.fi\\\/wp-content\\\/uploads\\\/2025\\\/03\\\/UsukRzLWhO2BmowT5Z98SSyFrrQE0TCkUcILQ0N1FQSkHa7eBL.jpg\",\"datePublished\":\"2024-06-04T14:31:59+00:00\",\"dateModified\":\"2026-03-10T13:27:05+00:00\",\"description\":\"608 2RS MAX 8 X 22 X 7 608 QG 2RS 8 X 22 X 7 Secialized linkun laakeri, kromiter\u00e4srenkaat, kromiter\u00e4spallot, t\u00e4ysi kuularakenne, ilman h\u00e4kki\u00e4 kumitiivistetyt kannet vedenkest\u00e4v\u00e4 voitelu\",\"breadcrumb\":{\"@id\":\"https:\\\/\\\/ebikespareparts.fi\\\/tuote\\\/608-2rs-max-8-x-22-x-7-608-qg-2rs-8-x-22-x-7-secialized-linkun-laakeri\\\/#breadcrumb\"},\"inLanguage\":\"sv-SE\",\"potentialAction\":[{\"@type\":\"ReadAction\",\"target\":[\"https:\\\/\\\/ebikespareparts.fi\\\/tuote\\\/608-2rs-max-8-x-22-x-7-608-qg-2rs-8-x-22-x-7-secialized-linkun-laakeri\\\/\"]}]},{\"@type\":\"ImageObject\",\"inLanguage\":\"sv-SE\",\"@id\":\"https:\\\/\\\/ebikespareparts.fi\\\/tuote\\\/608-2rs-max-8-x-22-x-7-608-qg-2rs-8-x-22-x-7-secialized-linkun-laakeri\\\/#primaryimage\",\"url\":\"https:\\\/\\\/ebikespareparts.fi\\\/wp-content\\\/uploads\\\/2025\\\/03\\\/UsukRzLWhO2BmowT5Z98SSyFrrQE0TCkUcILQ0N1FQSkHa7eBL.jpg\",\"contentUrl\":\"https:\\\/\\\/ebikespareparts.fi\\\/wp-content\\\/uploads\\\/2025\\\/03\\\/UsukRzLWhO2BmowT5Z98SSyFrrQE0TCkUcILQ0N1FQSkHa7eBL.jpg\",\"width\":800,\"height\":573,\"caption\":\"UsukRzLWhO2BmowT5Z98SSyFrrQE0TCkUcILQ0N1FQSkHa7eBL\"},{\"@type\":\"BreadcrumbList\",\"@id\":\"https:\\\/\\\/ebikespareparts.fi\\\/tuote\\\/608-2rs-max-8-x-22-x-7-608-qg-2rs-8-x-22-x-7-secialized-linkun-laakeri\\\/#breadcrumb\",\"itemListElement\":[{\"@type\":\"ListItem\",\"position\":1,\"name\":\"Etusivu\",\"item\":\"https:\\\/\\\/ebikespareparts.fi\\\/\"},{\"@type\":\"ListItem\",\"position\":2,\"name\":\"Kauppa\",\"item\":\"https:\\\/\\\/ebikespareparts.fi\\\/kauppa\\\/\"},{\"@type\":\"ListItem\",\"position\":3,\"name\":\"608 2RS MAX 8 X 22 X 7 608 QG 2RS 8 X 22 X 7 Secialized linkun laakeri\"}]},{\"@type\":\"WebSite\",\"@id\":\"https:\\\/\\\/ebikespareparts.fi\\\/#website\",\"url\":\"https:\\\/\\\/ebikespareparts.fi\\\/\",\"name\":\"Ebikespareparts.fi\",\"description\":\"S\u00e4hk\u00f6py\u00f6r\u00e4n osat - E-bike osat - Huolto\",\"publisher\":{\"@id\":\"https:\\\/\\\/ebikespareparts.fi\\\/#organization\"},\"potentialAction\":[{\"@type\":\"SearchAction\",\"target\":{\"@type\":\"EntryPoint\",\"urlTemplate\":\"https:\\\/\\\/ebikespareparts.fi\\\/?s={search_term_string}\"},\"query-input\":{\"@type\":\"PropertyValueSpecification\",\"valueRequired\":true,\"valueName\":\"search_term_string\"}}],\"inLanguage\":\"sv-SE\"},{\"@type\":\"Organization\",\"@id\":\"https:\\\/\\\/ebikespareparts.fi\\\/#organization\",\"name\":\"Ebikespareparts.fi\",\"url\":\"https:\\\/\\\/ebikespareparts.fi\\\/\",\"logo\":{\"@type\":\"ImageObject\",\"inLanguage\":\"sv-SE\",\"@id\":\"https:\\\/\\\/ebikespareparts.fi\\\/#\\\/schema\\\/logo\\\/image\\\/\",\"url\":\"https:\\\/\\\/ebikespareparts.fi\\\/wp-content\\\/uploads\\\/2024\\\/05\\\/logo-musta-tausta.jpg\",\"contentUrl\":\"https:\\\/\\\/ebikespareparts.fi\\\/wp-content\\\/uploads\\\/2024\\\/05\\\/logo-musta-tausta.jpg\",\"width\":1013,\"height\":950,\"caption\":\"Ebikespareparts.fi\"},\"image\":{\"@id\":\"https:\\\/\\\/ebikespareparts.fi\\\/#\\\/schema\\\/logo\\\/image\\\/\"},\"sameAs\":[\"https:\\\/\\\/www.facebook.com\\\/smhj.fi\"]}]}<\/script>\n<!-- \/ Yoast SEO plugin. -->","yoast_head_json":{"title":"608 2RS MAX 8 X 22 X 7 608 QG 2RS 8 X 22 X 7 Secialized linkun laakeri - Ebikespareparts.fi","description":"608 2RS MAX 8 X 22 X 7 608 QG 2RS 8 X 22 X 7 Secialized linkun laakeri, kromiter\u00e4srenkaat, kromiter\u00e4spallot, t\u00e4ysi kuularakenne, ilman h\u00e4kki\u00e4 kumitiivistetyt kannet vedenkest\u00e4v\u00e4 voitelu","robots":{"index":"index","follow":"follow","max-snippet":"max-snippet:-1","max-image-preview":"max-image-preview:large","max-video-preview":"max-video-preview:-1"},"canonical":"https:\/\/ebikespareparts.fi\/sv\/produkt\/608-2rs-max-8-x-22-x-7-608-qg-2rs-8-x-22-x-7-secialized-linkun-laakeri\/","og_locale":"sv_SE","og_type":"article","og_title":"608 2RS MAX 8 X 22 X 7 608 QG 2RS 8 X 22 X 7 Secialized linkun laakeri - Ebikespareparts.fi","og_description":"608 2RS MAX 8 X 22 X 7 608 QG 2RS 8 X 22 X 7 Secialized linkun laakeri, kromiter\u00e4srenkaat, kromiter\u00e4spallot, t\u00e4ysi kuularakenne, ilman h\u00e4kki\u00e4 kumitiivistetyt kannet vedenkest\u00e4v\u00e4 voitelu","og_url":"https:\/\/ebikespareparts.fi\/sv\/produkt\/608-2rs-max-8-x-22-x-7-608-qg-2rs-8-x-22-x-7-secialized-linkun-laakeri\/","og_site_name":"Ebikespareparts.fi","article_publisher":"https:\/\/www.facebook.com\/smhj.fi","article_modified_time":"2026-03-10T13:27:05+00:00","og_image":[{"width":800,"height":573,"url":"https:\/\/ebikespareparts.fi\/wp-content\/uploads\/2025\/03\/UsukRzLWhO2BmowT5Z98SSyFrrQE0TCkUcILQ0N1FQSkHa7eBL.jpg","type":"image\/jpeg"}],"twitter_card":"summary_large_image","twitter_misc":{"Ber\u00e4knad l\u00e4stid":"1 minut"},"schema":{"@context":"https:\/\/schema.org","@graph":[{"@type":"WebPage","@id":"https:\/\/ebikespareparts.fi\/tuote\/608-2rs-max-8-x-22-x-7-608-qg-2rs-8-x-22-x-7-secialized-linkun-laakeri\/","url":"https:\/\/ebikespareparts.fi\/tuote\/608-2rs-max-8-x-22-x-7-608-qg-2rs-8-x-22-x-7-secialized-linkun-laakeri\/","name":"608 2RS MAX 8 X 22 X 7 608 QG 2RS 8 X 22 X 7 Secialized linkun laakeri - Ebikespareparts.fi","isPartOf":{"@id":"https:\/\/ebikespareparts.fi\/#website"},"primaryImageOfPage":{"@id":"https:\/\/ebikespareparts.fi\/tuote\/608-2rs-max-8-x-22-x-7-608-qg-2rs-8-x-22-x-7-secialized-linkun-laakeri\/#primaryimage"},"image":{"@id":"https:\/\/ebikespareparts.fi\/tuote\/608-2rs-max-8-x-22-x-7-608-qg-2rs-8-x-22-x-7-secialized-linkun-laakeri\/#primaryimage"},"thumbnailUrl":"https:\/\/ebikespareparts.fi\/wp-content\/uploads\/2025\/03\/UsukRzLWhO2BmowT5Z98SSyFrrQE0TCkUcILQ0N1FQSkHa7eBL.jpg","datePublished":"2024-06-04T14:31:59+00:00","dateModified":"2026-03-10T13:27:05+00:00","description":"608 2RS MAX 8 X 22 X 7 608 QG 2RS 8 X 22 X 7 Secialized linkun laakeri, kromiter\u00e4srenkaat, kromiter\u00e4spallot, t\u00e4ysi kuularakenne, ilman h\u00e4kki\u00e4 kumitiivistetyt kannet vedenkest\u00e4v\u00e4 voitelu","breadcrumb":{"@id":"https:\/\/ebikespareparts.fi\/tuote\/608-2rs-max-8-x-22-x-7-608-qg-2rs-8-x-22-x-7-secialized-linkun-laakeri\/#breadcrumb"},"inLanguage":"sv-SE","potentialAction":[{"@type":"ReadAction","target":["https:\/\/ebikespareparts.fi\/tuote\/608-2rs-max-8-x-22-x-7-608-qg-2rs-8-x-22-x-7-secialized-linkun-laakeri\/"]}]},{"@type":"ImageObject","inLanguage":"sv-SE","@id":"https:\/\/ebikespareparts.fi\/tuote\/608-2rs-max-8-x-22-x-7-608-qg-2rs-8-x-22-x-7-secialized-linkun-laakeri\/#primaryimage","url":"https:\/\/ebikespareparts.fi\/wp-content\/uploads\/2025\/03\/UsukRzLWhO2BmowT5Z98SSyFrrQE0TCkUcILQ0N1FQSkHa7eBL.jpg","contentUrl":"https:\/\/ebikespareparts.fi\/wp-content\/uploads\/2025\/03\/UsukRzLWhO2BmowT5Z98SSyFrrQE0TCkUcILQ0N1FQSkHa7eBL.jpg","width":800,"height":573,"caption":"UsukRzLWhO2BmowT5Z98SSyFrrQE0TCkUcILQ0N1FQSkHa7eBL"},{"@type":"BreadcrumbList","@id":"https:\/\/ebikespareparts.fi\/tuote\/608-2rs-max-8-x-22-x-7-608-qg-2rs-8-x-22-x-7-secialized-linkun-laakeri\/#breadcrumb","itemListElement":[{"@type":"ListItem","position":1,"name":"Etusivu","item":"https:\/\/ebikespareparts.fi\/"},{"@type":"ListItem","position":2,"name":"Kauppa","item":"https:\/\/ebikespareparts.fi\/kauppa\/"},{"@type":"ListItem","position":3,"name":"608 2RS MAX 8 X 22 X 7 608 QG 2RS 8 X 22 X 7 Secialized linkun laakeri"}]},{"@type":"WebSite","@id":"https:\/\/ebikespareparts.fi\/#website","url":"https:\/\/ebikespareparts.fi\/","name":"Ebikespareparts.fi","description":"S\u00e4hk\u00f6py\u00f6r\u00e4n osat - E-bike osat - Huolto","publisher":{"@id":"https:\/\/ebikespareparts.fi\/#organization"},"potentialAction":[{"@type":"SearchAction","target":{"@type":"EntryPoint","urlTemplate":"https:\/\/ebikespareparts.fi\/?s={search_term_string}"},"query-input":{"@type":"PropertyValueSpecification","valueRequired":true,"valueName":"search_term_string"}}],"inLanguage":"sv-SE"},{"@type":"Organization","@id":"https:\/\/ebikespareparts.fi\/#organization","name":"Ebikespareparts.fi","url":"https:\/\/ebikespareparts.fi\/","logo":{"@type":"ImageObject","inLanguage":"sv-SE","@id":"https:\/\/ebikespareparts.fi\/#\/schema\/logo\/image\/","url":"https:\/\/ebikespareparts.fi\/wp-content\/uploads\/2024\/05\/logo-musta-tausta.jpg","contentUrl":"https:\/\/ebikespareparts.fi\/wp-content\/uploads\/2024\/05\/logo-musta-tausta.jpg","width":1013,"height":950,"caption":"Ebikespareparts.fi"},"image":{"@id":"https:\/\/ebikespareparts.fi\/#\/schema\/logo\/image\/"},"sameAs":["https:\/\/www.facebook.com\/smhj.fi"]}]}},"_links":{"self":[{"href":"https:\/\/ebikespareparts.fi\/sv\/wp-json\/wp\/v2\/product\/47111","targetHints":{"allow":["GET"]}}],"collection":[{"href":"https:\/\/ebikespareparts.fi\/sv\/wp-json\/wp\/v2\/product"}],"about":[{"href":"https:\/\/ebikespareparts.fi\/sv\/wp-json\/wp\/v2\/types\/product"}],"replies":[{"embeddable":true,"href":"https:\/\/ebikespareparts.fi\/sv\/wp-json\/wp\/v2\/comments?post=47111"}],"version-history":[{"count":1,"href":"https:\/\/ebikespareparts.fi\/sv\/wp-json\/wp\/v2\/product\/47111\/revisions"}],"predecessor-version":[{"id":49106,"href":"https:\/\/ebikespareparts.fi\/sv\/wp-json\/wp\/v2\/product\/47111\/revisions\/49106"}],"wp:featuredmedia":[{"embeddable":true,"href":"https:\/\/ebikespareparts.fi\/sv\/wp-json\/wp\/v2\/media\/47424"}],"wp:attachment":[{"href":"https:\/\/ebikespareparts.fi\/sv\/wp-json\/wp\/v2\/media?parent=47111"}],"wp:term":[{"taxonomy":"product_brand","embeddable":true,"href":"https:\/\/ebikespareparts.fi\/sv\/wp-json\/wp\/v2\/product_brand?post=47111"},{"taxonomy":"product_cat","embeddable":true,"href":"https:\/\/ebikespareparts.fi\/sv\/wp-json\/wp\/v2\/product_cat?post=47111"},{"taxonomy":"product_tag","embeddable":true,"href":"https:\/\/ebikespareparts.fi\/sv\/wp-json\/wp\/v2\/product_tag?post=47111"}],"curies":[{"name":"wp","href":"https:\/\/api.w.org\/{rel}","templated":true}]}}