{"id":99,"date":"2023-10-03T15:16:41","date_gmt":"2023-10-03T12:16:41","guid":{"rendered":"https:\/\/ebikespareparts.fi\/?post_type=product&#038;p=99"},"modified":"2026-04-29T12:01:22","modified_gmt":"2026-04-29T09:01:22","slug":"brose-s-t-and-s-mag-kammen-akselin-pieni-neularullalaakeri-sisaltaa-lisatiivisteosan-no-plb20125","status":"publish","type":"product","link":"https:\/\/ebikespareparts.fi\/sv\/produkt\/brose-s-t-and-s-mag-kammen-akselin-pieni-neularullalaakeri-sisaltaa-lisatiivisteosan-no-plb20125\/","title":{"rendered":"PLB20125 Brose S, T och S-Mag vevaxel litet n\u00e5lrullager inkluderar ytterligare axelt\u00e4tning"},"content":{"rendered":"<p class=\"tw-data-text tw-text-large tw-ta\" data-placeholder=\"K\u00e4\u00e4nn\u00f6s\" dir=\"ltr\" id=\"tw-target-text\"><span class=\"Y2IQFc\" lang=\"fi\">Brose motorer 'S', 'T' och S-Mag. Vi levererar en extra t\u00e4tning till originallagret som hj\u00e4lper till att skydda din motor fr\u00e5n vattenintr\u00e4ngning.<\/span><\/p>\n<p class=\"tw-data-text tw-text-large tw-ta\" data-placeholder=\"K\u00e4\u00e4nn\u00f6s\" dir=\"ltr\" id=\"tw-target-text\"><span class=\"Y2IQFc\" lang=\"fi\">T\u00e4tningen monteras f\u00f6re lagret med l\u00e4ppen v\u00e4nd ut\u00e5t. \nNOTERA! SATS INNEH\u00c5LLER T\u00c4TNING PLB20144 <strong>OBS! SATSEN INNEH\u00c5LLER PACKNING PLB20144<\/strong><\/span><\/p>\n<p data-placeholder=\"K\u00e4\u00e4nn\u00f6s\" dir=\"ltr\">&nbsp;<\/p>","protected":false},"excerpt":{"rendered":"<p>Brose-moottorit &#8217;S&#8217;, &#8217;T&#8217; ja S-Mag. Toimitamme alkuper\u00e4iseen laakeriin lis\u00e4tiivisteen joka auttaa suojaamaan moottoriasi veden sis\u00e4\u00e4np\u00e4\u00e4sylt\u00e4. Tiiviste asennetaan ennen laakeria huuli ulosp\u00e4in. HUOM! SARJA SIS\u00c4LT\u00c4\u00c4 TIIVISTEEN PLB20144 &nbsp;<\/p>","protected":false},"featured_media":47538,"comment_status":"closed","ping_status":"closed","template":"","meta":{"_acf_changed":false},"product_brand":[],"product_cat":[37],"product_tag":[],"class_list":{"0":"post-99","1":"product","2":"type-product","3":"status-publish","4":"has-post-thumbnail","6":"product_cat-brose-laakerit","7":"product_shipping_class-small","9":"first","10":"instock","11":"taxable","12":"shipping-taxable","13":"purchasable","14":"product-type-simple"},"acf":[],"yoast_head":"<!-- This site is optimized with the Yoast SEO plugin v27.5 - https:\/\/yoast.com\/product\/yoast-seo-wordpress\/ -->\n<title>PLB20125 Brose S, T and S-Mag Kammen akselin pieni neularullalaakeri sis\u00e4lt\u00e4\u00e4 lis\u00e4tiivisteosan - Ebikespareparts.fi<\/title>\n<meta name=\"robots\" content=\"index, follow, max-snippet:-1, max-image-preview:large, max-video-preview:-1\" \/>\n<link rel=\"canonical\" href=\"https:\/\/ebikespareparts.fi\/sv\/produkt\/brose-s-t-and-s-mag-kammen-akselin-pieni-neularullalaakeri-sisaltaa-lisatiivisteosan-no-plb20125\/\" \/>\n<meta property=\"og:locale\" content=\"sv_SE\" \/>\n<meta property=\"og:type\" content=\"article\" \/>\n<meta property=\"og:title\" content=\"PLB20125 Brose S, T and S-Mag Kammen akselin pieni neularullalaakeri sis\u00e4lt\u00e4\u00e4 lis\u00e4tiivisteosan - Ebikespareparts.fi\" \/>\n<meta property=\"og:description\" content=\"Brose-moottorit &#8217;S&#8217;, &#8217;T&#8217; ja S-Mag. Toimitamme alkuper\u00e4iseen laakeriin lis\u00e4tiivisteen joka auttaa suojaamaan moottoriasi veden sis\u00e4\u00e4np\u00e4\u00e4sylt\u00e4. Tiiviste asennetaan ennen laakeria huuli ulosp\u00e4in. HUOM! SARJA SIS\u00c4LT\u00c4\u00c4 TIIVISTEEN PLB20144 &nbsp;\" \/>\n<meta property=\"og:url\" content=\"https:\/\/ebikespareparts.fi\/sv\/produkt\/brose-s-t-and-s-mag-kammen-akselin-pieni-neularullalaakeri-sisaltaa-lisatiivisteosan-no-plb20125\/\" \/>\n<meta property=\"og:site_name\" content=\"Ebikespareparts.fi\" \/>\n<meta property=\"article:publisher\" content=\"https:\/\/www.facebook.com\/smhj.fi\" \/>\n<meta property=\"article:modified_time\" content=\"2026-04-29T09:01:22+00:00\" \/>\n<meta property=\"og:image\" content=\"https:\/\/ebikespareparts.fi\/wp-content\/uploads\/2025\/03\/nQ1LM4po3kKxTRJD9CxkSqfT6m4HhhEubPh7nEECLXsbFuJw7K.jpg\" \/>\n\t<meta property=\"og:image:width\" content=\"793\" \/>\n\t<meta property=\"og:image:height\" content=\"618\" \/>\n\t<meta property=\"og:image:type\" content=\"image\/jpeg\" \/>\n<meta name=\"twitter:card\" content=\"summary_large_image\" \/>\n<meta name=\"twitter:label1\" content=\"Ber\u00e4knad l\u00e4stid\" \/>\n\t<meta name=\"twitter:data1\" content=\"1 minut\" \/>\n<script type=\"application\/ld+json\" class=\"yoast-schema-graph\">{\"@context\":\"https:\\\/\\\/schema.org\",\"@graph\":[{\"@type\":\"WebPage\",\"@id\":\"https:\\\/\\\/ebikespareparts.fi\\\/tuote\\\/brose-s-t-and-s-mag-kammen-akselin-pieni-neularullalaakeri-sisaltaa-lisatiivisteosan-no-plb20125\\\/\",\"url\":\"https:\\\/\\\/ebikespareparts.fi\\\/tuote\\\/brose-s-t-and-s-mag-kammen-akselin-pieni-neularullalaakeri-sisaltaa-lisatiivisteosan-no-plb20125\\\/\",\"name\":\"PLB20125 Brose S, T and S-Mag Kammen akselin pieni neularullalaakeri sis\u00e4lt\u00e4\u00e4 lis\u00e4tiivisteosan - Ebikespareparts.fi\",\"isPartOf\":{\"@id\":\"https:\\\/\\\/ebikespareparts.fi\\\/#website\"},\"primaryImageOfPage\":{\"@id\":\"https:\\\/\\\/ebikespareparts.fi\\\/tuote\\\/brose-s-t-and-s-mag-kammen-akselin-pieni-neularullalaakeri-sisaltaa-lisatiivisteosan-no-plb20125\\\/#primaryimage\"},\"image\":{\"@id\":\"https:\\\/\\\/ebikespareparts.fi\\\/tuote\\\/brose-s-t-and-s-mag-kammen-akselin-pieni-neularullalaakeri-sisaltaa-lisatiivisteosan-no-plb20125\\\/#primaryimage\"},\"thumbnailUrl\":\"https:\\\/\\\/ebikespareparts.fi\\\/wp-content\\\/uploads\\\/2025\\\/03\\\/nQ1LM4po3kKxTRJD9CxkSqfT6m4HhhEubPh7nEECLXsbFuJw7K.jpg\",\"datePublished\":\"2023-10-03T12:16:41+00:00\",\"dateModified\":\"2026-04-29T09:01:22+00:00\",\"breadcrumb\":{\"@id\":\"https:\\\/\\\/ebikespareparts.fi\\\/tuote\\\/brose-s-t-and-s-mag-kammen-akselin-pieni-neularullalaakeri-sisaltaa-lisatiivisteosan-no-plb20125\\\/#breadcrumb\"},\"inLanguage\":\"sv-SE\",\"potentialAction\":[{\"@type\":\"ReadAction\",\"target\":[\"https:\\\/\\\/ebikespareparts.fi\\\/tuote\\\/brose-s-t-and-s-mag-kammen-akselin-pieni-neularullalaakeri-sisaltaa-lisatiivisteosan-no-plb20125\\\/\"]}]},{\"@type\":\"ImageObject\",\"inLanguage\":\"sv-SE\",\"@id\":\"https:\\\/\\\/ebikespareparts.fi\\\/tuote\\\/brose-s-t-and-s-mag-kammen-akselin-pieni-neularullalaakeri-sisaltaa-lisatiivisteosan-no-plb20125\\\/#primaryimage\",\"url\":\"https:\\\/\\\/ebikespareparts.fi\\\/wp-content\\\/uploads\\\/2025\\\/03\\\/nQ1LM4po3kKxTRJD9CxkSqfT6m4HhhEubPh7nEECLXsbFuJw7K.jpg\",\"contentUrl\":\"https:\\\/\\\/ebikespareparts.fi\\\/wp-content\\\/uploads\\\/2025\\\/03\\\/nQ1LM4po3kKxTRJD9CxkSqfT6m4HhhEubPh7nEECLXsbFuJw7K.jpg\",\"width\":793,\"height\":618,\"caption\":\"nQ1LM4po3kKxTRJD9CxkSqfT6m4HhhEubPh7nEECLXsbFuJw7K\"},{\"@type\":\"BreadcrumbList\",\"@id\":\"https:\\\/\\\/ebikespareparts.fi\\\/tuote\\\/brose-s-t-and-s-mag-kammen-akselin-pieni-neularullalaakeri-sisaltaa-lisatiivisteosan-no-plb20125\\\/#breadcrumb\",\"itemListElement\":[{\"@type\":\"ListItem\",\"position\":1,\"name\":\"Etusivu\",\"item\":\"https:\\\/\\\/ebikespareparts.fi\\\/\"},{\"@type\":\"ListItem\",\"position\":2,\"name\":\"Kauppa\",\"item\":\"https:\\\/\\\/ebikespareparts.fi\\\/kauppa\\\/\"},{\"@type\":\"ListItem\",\"position\":3,\"name\":\"PLB20125 Brose S, T and S-Mag Kammen akselin pieni neularullalaakeri sis\u00e4lt\u00e4\u00e4 lis\u00e4tiivisteosan\"}]},{\"@type\":\"WebSite\",\"@id\":\"https:\\\/\\\/ebikespareparts.fi\\\/#website\",\"url\":\"https:\\\/\\\/ebikespareparts.fi\\\/\",\"name\":\"Ebikespareparts.fi\",\"description\":\"S\u00e4hk\u00f6py\u00f6r\u00e4n osat - E-bike osat - Huolto\",\"publisher\":{\"@id\":\"https:\\\/\\\/ebikespareparts.fi\\\/#organization\"},\"potentialAction\":[{\"@type\":\"SearchAction\",\"target\":{\"@type\":\"EntryPoint\",\"urlTemplate\":\"https:\\\/\\\/ebikespareparts.fi\\\/?s={search_term_string}\"},\"query-input\":{\"@type\":\"PropertyValueSpecification\",\"valueRequired\":true,\"valueName\":\"search_term_string\"}}],\"inLanguage\":\"sv-SE\"},{\"@type\":\"Organization\",\"@id\":\"https:\\\/\\\/ebikespareparts.fi\\\/#organization\",\"name\":\"Ebikespareparts.fi\",\"url\":\"https:\\\/\\\/ebikespareparts.fi\\\/\",\"logo\":{\"@type\":\"ImageObject\",\"inLanguage\":\"sv-SE\",\"@id\":\"https:\\\/\\\/ebikespareparts.fi\\\/#\\\/schema\\\/logo\\\/image\\\/\",\"url\":\"https:\\\/\\\/ebikespareparts.fi\\\/wp-content\\\/uploads\\\/2024\\\/05\\\/logo-musta-tausta.jpg\",\"contentUrl\":\"https:\\\/\\\/ebikespareparts.fi\\\/wp-content\\\/uploads\\\/2024\\\/05\\\/logo-musta-tausta.jpg\",\"width\":1013,\"height\":950,\"caption\":\"Ebikespareparts.fi\"},\"image\":{\"@id\":\"https:\\\/\\\/ebikespareparts.fi\\\/#\\\/schema\\\/logo\\\/image\\\/\"},\"sameAs\":[\"https:\\\/\\\/www.facebook.com\\\/smhj.fi\"]}]}<\/script>\n<!-- \/ Yoast SEO plugin. -->","yoast_head_json":{"title":"PLB20125 Brose S, T and S-Mag Kammen akselin pieni neularullalaakeri sis\u00e4lt\u00e4\u00e4 lis\u00e4tiivisteosan - Ebikespareparts.fi","robots":{"index":"index","follow":"follow","max-snippet":"max-snippet:-1","max-image-preview":"max-image-preview:large","max-video-preview":"max-video-preview:-1"},"canonical":"https:\/\/ebikespareparts.fi\/sv\/produkt\/brose-s-t-and-s-mag-kammen-akselin-pieni-neularullalaakeri-sisaltaa-lisatiivisteosan-no-plb20125\/","og_locale":"sv_SE","og_type":"article","og_title":"PLB20125 Brose S, T and S-Mag Kammen akselin pieni neularullalaakeri sis\u00e4lt\u00e4\u00e4 lis\u00e4tiivisteosan - Ebikespareparts.fi","og_description":"Brose-moottorit &#8217;S&#8217;, &#8217;T&#8217; ja S-Mag. Toimitamme alkuper\u00e4iseen laakeriin lis\u00e4tiivisteen joka auttaa suojaamaan moottoriasi veden sis\u00e4\u00e4np\u00e4\u00e4sylt\u00e4. Tiiviste asennetaan ennen laakeria huuli ulosp\u00e4in. HUOM! SARJA SIS\u00c4LT\u00c4\u00c4 TIIVISTEEN PLB20144 &nbsp;","og_url":"https:\/\/ebikespareparts.fi\/sv\/produkt\/brose-s-t-and-s-mag-kammen-akselin-pieni-neularullalaakeri-sisaltaa-lisatiivisteosan-no-plb20125\/","og_site_name":"Ebikespareparts.fi","article_publisher":"https:\/\/www.facebook.com\/smhj.fi","article_modified_time":"2026-04-29T09:01:22+00:00","og_image":[{"width":793,"height":618,"url":"https:\/\/ebikespareparts.fi\/wp-content\/uploads\/2025\/03\/nQ1LM4po3kKxTRJD9CxkSqfT6m4HhhEubPh7nEECLXsbFuJw7K.jpg","type":"image\/jpeg"}],"twitter_card":"summary_large_image","twitter_misc":{"Ber\u00e4knad l\u00e4stid":"1 minut"},"schema":{"@context":"https:\/\/schema.org","@graph":[{"@type":"WebPage","@id":"https:\/\/ebikespareparts.fi\/tuote\/brose-s-t-and-s-mag-kammen-akselin-pieni-neularullalaakeri-sisaltaa-lisatiivisteosan-no-plb20125\/","url":"https:\/\/ebikespareparts.fi\/tuote\/brose-s-t-and-s-mag-kammen-akselin-pieni-neularullalaakeri-sisaltaa-lisatiivisteosan-no-plb20125\/","name":"PLB20125 Brose S, T and S-Mag Kammen akselin pieni neularullalaakeri sis\u00e4lt\u00e4\u00e4 lis\u00e4tiivisteosan - Ebikespareparts.fi","isPartOf":{"@id":"https:\/\/ebikespareparts.fi\/#website"},"primaryImageOfPage":{"@id":"https:\/\/ebikespareparts.fi\/tuote\/brose-s-t-and-s-mag-kammen-akselin-pieni-neularullalaakeri-sisaltaa-lisatiivisteosan-no-plb20125\/#primaryimage"},"image":{"@id":"https:\/\/ebikespareparts.fi\/tuote\/brose-s-t-and-s-mag-kammen-akselin-pieni-neularullalaakeri-sisaltaa-lisatiivisteosan-no-plb20125\/#primaryimage"},"thumbnailUrl":"https:\/\/ebikespareparts.fi\/wp-content\/uploads\/2025\/03\/nQ1LM4po3kKxTRJD9CxkSqfT6m4HhhEubPh7nEECLXsbFuJw7K.jpg","datePublished":"2023-10-03T12:16:41+00:00","dateModified":"2026-04-29T09:01:22+00:00","breadcrumb":{"@id":"https:\/\/ebikespareparts.fi\/tuote\/brose-s-t-and-s-mag-kammen-akselin-pieni-neularullalaakeri-sisaltaa-lisatiivisteosan-no-plb20125\/#breadcrumb"},"inLanguage":"sv-SE","potentialAction":[{"@type":"ReadAction","target":["https:\/\/ebikespareparts.fi\/tuote\/brose-s-t-and-s-mag-kammen-akselin-pieni-neularullalaakeri-sisaltaa-lisatiivisteosan-no-plb20125\/"]}]},{"@type":"ImageObject","inLanguage":"sv-SE","@id":"https:\/\/ebikespareparts.fi\/tuote\/brose-s-t-and-s-mag-kammen-akselin-pieni-neularullalaakeri-sisaltaa-lisatiivisteosan-no-plb20125\/#primaryimage","url":"https:\/\/ebikespareparts.fi\/wp-content\/uploads\/2025\/03\/nQ1LM4po3kKxTRJD9CxkSqfT6m4HhhEubPh7nEECLXsbFuJw7K.jpg","contentUrl":"https:\/\/ebikespareparts.fi\/wp-content\/uploads\/2025\/03\/nQ1LM4po3kKxTRJD9CxkSqfT6m4HhhEubPh7nEECLXsbFuJw7K.jpg","width":793,"height":618,"caption":"nQ1LM4po3kKxTRJD9CxkSqfT6m4HhhEubPh7nEECLXsbFuJw7K"},{"@type":"BreadcrumbList","@id":"https:\/\/ebikespareparts.fi\/tuote\/brose-s-t-and-s-mag-kammen-akselin-pieni-neularullalaakeri-sisaltaa-lisatiivisteosan-no-plb20125\/#breadcrumb","itemListElement":[{"@type":"ListItem","position":1,"name":"Etusivu","item":"https:\/\/ebikespareparts.fi\/"},{"@type":"ListItem","position":2,"name":"Kauppa","item":"https:\/\/ebikespareparts.fi\/kauppa\/"},{"@type":"ListItem","position":3,"name":"PLB20125 Brose S, T and S-Mag Kammen akselin pieni neularullalaakeri sis\u00e4lt\u00e4\u00e4 lis\u00e4tiivisteosan"}]},{"@type":"WebSite","@id":"https:\/\/ebikespareparts.fi\/#website","url":"https:\/\/ebikespareparts.fi\/","name":"Ebikespareparts.fi","description":"S\u00e4hk\u00f6py\u00f6r\u00e4n osat - E-bike osat - Huolto","publisher":{"@id":"https:\/\/ebikespareparts.fi\/#organization"},"potentialAction":[{"@type":"SearchAction","target":{"@type":"EntryPoint","urlTemplate":"https:\/\/ebikespareparts.fi\/?s={search_term_string}"},"query-input":{"@type":"PropertyValueSpecification","valueRequired":true,"valueName":"search_term_string"}}],"inLanguage":"sv-SE"},{"@type":"Organization","@id":"https:\/\/ebikespareparts.fi\/#organization","name":"Ebikespareparts.fi","url":"https:\/\/ebikespareparts.fi\/","logo":{"@type":"ImageObject","inLanguage":"sv-SE","@id":"https:\/\/ebikespareparts.fi\/#\/schema\/logo\/image\/","url":"https:\/\/ebikespareparts.fi\/wp-content\/uploads\/2024\/05\/logo-musta-tausta.jpg","contentUrl":"https:\/\/ebikespareparts.fi\/wp-content\/uploads\/2024\/05\/logo-musta-tausta.jpg","width":1013,"height":950,"caption":"Ebikespareparts.fi"},"image":{"@id":"https:\/\/ebikespareparts.fi\/#\/schema\/logo\/image\/"},"sameAs":["https:\/\/www.facebook.com\/smhj.fi"]}]}},"_links":{"self":[{"href":"https:\/\/ebikespareparts.fi\/sv\/wp-json\/wp\/v2\/product\/99","targetHints":{"allow":["GET"]}}],"collection":[{"href":"https:\/\/ebikespareparts.fi\/sv\/wp-json\/wp\/v2\/product"}],"about":[{"href":"https:\/\/ebikespareparts.fi\/sv\/wp-json\/wp\/v2\/types\/product"}],"replies":[{"embeddable":true,"href":"https:\/\/ebikespareparts.fi\/sv\/wp-json\/wp\/v2\/comments?post=99"}],"version-history":[{"count":1,"href":"https:\/\/ebikespareparts.fi\/sv\/wp-json\/wp\/v2\/product\/99\/revisions"}],"predecessor-version":[{"id":49233,"href":"https:\/\/ebikespareparts.fi\/sv\/wp-json\/wp\/v2\/product\/99\/revisions\/49233"}],"wp:featuredmedia":[{"embeddable":true,"href":"https:\/\/ebikespareparts.fi\/sv\/wp-json\/wp\/v2\/media\/47538"}],"wp:attachment":[{"href":"https:\/\/ebikespareparts.fi\/sv\/wp-json\/wp\/v2\/media?parent=99"}],"wp:term":[{"taxonomy":"product_brand","embeddable":true,"href":"https:\/\/ebikespareparts.fi\/sv\/wp-json\/wp\/v2\/product_brand?post=99"},{"taxonomy":"product_cat","embeddable":true,"href":"https:\/\/ebikespareparts.fi\/sv\/wp-json\/wp\/v2\/product_cat?post=99"},{"taxonomy":"product_tag","embeddable":true,"href":"https:\/\/ebikespareparts.fi\/sv\/wp-json\/wp\/v2\/product_tag?post=99"}],"curies":[{"name":"wp","href":"https:\/\/api.w.org\/{rel}","templated":true}]}}